{"id":24550,"date":"2022-07-18T09:45:13","date_gmt":"2022-07-18T09:45:13","guid":{"rendered":"https:\/\/colegioaleman.com\/datenschutzrichtlinie\/"},"modified":"2022-11-22T08:30:11","modified_gmt":"2022-11-22T08:30:11","slug":"datenschutzrichtlinie","status":"publish","type":"page","link":"https:\/\/colegioaleman.com\/de\/datenschutzrichtlinie\/","title":{"rendered":"Datenschutzrichtlinie"},"content":{"rendered":"\n<div style=\"height:80px\" aria-hidden=\"true\" class=\"wp-block-spacer\"><\/div>\n\n<div class=\"wp-block-columns is-layout-flex wp-container-core-columns-is-layout-9d6595d7 wp-block-columns-is-layout-flex\">\n<div class=\"wp-block-column is-layout-flow wp-block-column-is-layout-flow\" style=\"flex-basis:4.33%\"><\/div>\n\n\n\n<div class=\"wp-block-column is-layout-flow wp-block-column-is-layout-flow\">\n<h3 class=\"wp-block-heading\"><strong>Gegenstand<\/strong><\/h3>\n\n\n\n<p><em>Artikel 13 der im Mai 2016 in Kraft getretenen und ab 25. Mai 2018 anwendbare Datenschutz-Grundverordnung legt fest, welche Informationen bereitgestellt werden m\u00fcssen, wenn personenbezogene Daten von der betroffenen Person erhoben werden.<\/em><\/p>\n\n\n\n<p><em>Auf dieser Grundlage werden im Folgenden die Informationen aufgef\u00fchrt, die Sie ben\u00f6tigen, um Aspekte wie die Identit\u00e4t des f\u00fcr die Verarbeitung Ihrer personenbezogenen Daten Verantwortlichen, den Zweck der Verarbeitung, die m\u00f6glichen Empf\u00e4nger Ihrer personenbezogenen Daten oder die Ihnen zustehenden Rechte zu erfahren.<\/em><\/p>\n\n\n\n<p><strong><em>Wer ist der Verantwortliche f\u00fcr die Verarbeitung Ihrer Daten?<\/em><\/strong><\/p>\n\n\n\n<p><em>Identit\u00e4t: ASOCIACION CULTURAL DEL COLEGIO ALEMAN<\/em><\/p>\n\n\n\n<p><em>Anschrift: Urb. Torres de San Lamberto, 58<\/em><\/p>\n\n\n\n<p><em>Telefon: 976 340 321<\/em><\/p>\n\n\n\n<p><em>E-mail: <a href=\"mailto:secretaria@colegioaleman.com\">secretaria@colegioaleman.com<\/a><\/em><\/p>\n\n\n\n<p><em>Kontakt Datenschutzbeauftragter: <a href=\"mailto:dpo@colegioaleman.com\">secretaria@colegioaleman.com<\/a><\/em><\/p>\n\n\n\n<p><strong><em>Zu welchem Zweck verarbeiten wir Ihre personenbezogenen Daten?<\/em><\/strong><\/p>\n\n\n\n<p><em>Der Hauptzweck der Verarbeitung personenbezogener Daten durch den Kulturverein ASOCIACION CULTURAL DEL COLEGIO ALEMAN ist die Verwaltung der Sch\u00fclerdaten zur Umsetzung des Bildungsangebots.<\/em><\/p>\n\n\n\n<p><em>Der Zweck der Verarbeitung der von Ihnen \u00fcber die Kontaktformulare bereitgestellten Daten besteht darin, Ihnen die angeforderten Informationen mit den geeigneten Mitteln zukommen zu lassen.<\/em><\/p>\n\n\n\n<p><em>Unter keinen Umst\u00e4nden werden personenbezogenen Daten f\u00fcr Profiling oder automatisierte Entscheidungen verwendet.<\/em><\/p>\n\n\n\n<p><strong><em>Wie lange bewahren wir Ihre personenbezogenen Daten auf?<\/em><\/strong><\/p>\n\n\n\n<p><em>Die personenbezogenen Daten, die f\u00fcr die Umsetzung des Bildungsangebots verarbeitet werden, werden f\u00fcr den in den Rechtsvorschriften im Bildungswesen festgelegten Zeitraum aufbewahrt.<\/em><\/p>\n\n\n\n<p><em>Die f\u00fcr die \u00dcbermittlung von Informationen bereitgestellten personenbezogenen Daten werden ein Jahr lang aufbewahrt.<\/em><\/p>\n\n\n\n<p><strong><em>Welche Rechtsgrundlage legitimiert die Verarbeitung Ihrer personenbezogenen Daten?<\/em><\/strong><\/p>\n\n\n\n<p><em>Die Rechtsgrundlage f\u00fcr die Verarbeitung der Daten zur Umsetzung des Bildungsangebots der Einrichtung ist die Erf\u00fcllung eines Vertrags.<\/em><\/p>\n\n\n\n<p><em>Rechtsgrundlage f\u00fcr die \u00dcbermittlung von Informationen ist die Zustimmung der betroffenen Person zu den angegebenen Zwecken.<\/em><\/p>\n\n\n\n<p><strong><em>An welche Empf\u00e4nger werden Ihre personenbezogenen Daten weitergegeben?<\/em><\/strong><\/p>\n\n\n\n<p><em>Die von Ihnen bereitgestellten personenbezogenen Daten werden unter keinen Umst\u00e4nden an Dritte weitergegeben.<\/em><\/p>\n\n\n\n<p><strong><em>Welche Ma\u00dfnahmen haben wir ergriffen, um die Sicherheit Ihrer personenbezogenen Daten zu gew\u00e4hrleisten?<\/em><\/strong><\/p>\n\n\n\n<p><em>Wir haben angemessene Sicherheitsgrunds\u00e4tze festgelegt<\/em><\/p>\n\n\n\n<p><em>Wir haben die zur Einhaltung der Datenschutzverordnung erforderlichen Anforderungen \u00fcberpr\u00fcft.<\/em><\/p>\n\n\n\n<p><em>Wir haben eine Datenschutz-Risikoanalyse durchgef\u00fchrt, um die Risiken zu kennen, die die Verarbeitung Ihrer personenbezogenen Daten mit sich bringen kann<\/em><\/p>\n\n\n\n<p><em>Wir haben die Datenschutzrichtlinien und die durchgef\u00fchrten Risikoanalysen dokumentiert, die als Nachweis der Einhaltung der Richtlinien dienen<\/em><\/p>\n\n\n\n<p><strong><em>Welche Rechte haben Sie in Bezug auf die Verarbeitung Ihrer personenbezogenen Daten?<\/em><\/strong><\/p>\n\n\n\n<p><em>Sie haben das Recht, eine Best\u00e4tigung dar\u00fcber zu verlangen, ob der Kulturverein ASOCIACION CULTURAL DEL COLEGIO ALEMAN Sie betreffende personenbezogene Daten verarbeitet oder nicht.<\/em><\/p>\n\n\n\n<p>\uf0b7 <em>Sie haben das Recht auf Zugang zu ihren personenbezogenen Daten sowie auf Berichtigung unrichtiger Daten oder gegebenenfalls auf deren L\u00f6schung, wenn die Daten unter anderem f\u00fcr die Zwecke, f\u00fcr die sie erhoben wurden, nicht mehr erforderlich sind.<\/em><\/p>\n\n\n\n<ul class=\"wp-block-list\"><li><em>Unter bestimmten Umst\u00e4nden k\u00f6nnen Sie die Einschr\u00e4nkung der Verarbeitung Ihrer personenbezogenen Daten verlangen. In diesem Fall werden die Daten nur zur Geltendmachung oder Verteidigung von Rechtsanspr\u00fcchen aufbewahrt.<\/em><\/li><\/ul>\n\n\n\n<p>\uf0b7 <em>Unter bestimmten Umst\u00e4nden und aus Gr\u00fcnden, die sich aus Ihrer besonderen Situation ergeben, k\u00f6nnen Sie der Verarbeitung ihrer Daten widersprechen. Der Kulturverein ASOCIACION CULTURAL DEL COLEGIO ALEMAN wird die Verarbeitung der Daten einstellen, es sei denn, es liegen berechtigte Gr\u00fcnde vor oder die Verarbeitung der Daten ist zur Geltendmachung oder Verteidigung etwaiger Rechtsanspr\u00fcche erforderlich.<\/em><\/p>\n\n\n\n<p>\uf0b7 <em>Sie haben das Recht auf Daten\u00fcbertragbarkeit, das eine erweiterte Form des Auskunftsrechts darstellt und es ihnen erm\u00f6glicht, eine Kopie Ihrer personenbezogenen Daten, die Gegenstand einer elektronischen Verarbeitung sind, zu erhalten. Die Kopie wird Ihnen im Excel-Format zur Verf\u00fcgung gestellt.<\/em><\/p>\n\n\n\n<p><em>Weitere Informationen \u00fcber Ihre Rechte finden Sie auf der Webseite der spanischen Datenschutzbeh\u00f6rde. <a href=\"http:\/\/www.agpd.es\/\" target=\"_blank\" rel=\"noopener\">www.agpd.es<\/a><\/em><\/p>\n\n\n\n<p><strong><em>Wie kann ich meine Rechte aus\u00fcben?<\/em><\/strong><\/p>\n\n\n\n<p><em>Zum Aus\u00fcben Ihrer Rechte m\u00fcssen Sie das Antragsformular ausf\u00fcllen, dass Sie unter folgendem Link finden <a href=\"https:\/\/www.aepd.es\/reglamento\/derechos\/index.html\" target=\"_blank\" rel=\"noopener\">https:\/\/www.aepd.es\/reglamento\/derechos\/index.html<\/a><\/em><\/p>\n\n\n\n<p><em>F\u00fcgen Sie eine Kopie Ihres Personalausweises oder eines anderen Dokumentes bei, aus dem hervorgeht, dass Sie wirklich die Person sind, f\u00fcr die Sie sich ausgeben, und senden Sie diese an den Kulturverein ASOCIACION CULTURAL DEL COLEGIO ALEMAN.<\/em><\/p>\n\n\n\n<p><em>Sie k\u00f6nnen die Unterlagen auf zwei verschiedene Wege senden.<\/em><\/p>\n\n\n\n<p><em>Per E-Mail an <a href=\"mailto:secretaria@colegioaleman.com\">secretaria@colegioaleman.com<\/a><\/em><\/p>\n\n\n\n<p>\uf0b7 <em>Per Post an die Anschrift Urb. Torres de San Lamberto, 58<\/em><\/p>\n\n\n\n<p><em>Wenn Sie sich f\u00fcr den Versand per E-Mail entscheiden, erhalten Sie von uns eine Antwortmail, die Ihnen als Nachweis des Datums und des Inhalts der Anfrage dient. Wenn Sie sich f\u00fcr den Versand per Postweg entscheiden, senden wir Ihnen ein Schreiben an die von Ihnen unter Absender angegebene Adresse.<\/em><\/p>\n\n\n\n<p><strong><em>An wen kann ich mich wenden, wenn ich nicht zufrieden bin?<\/em><\/strong><\/p>\n\n\n\n<p><em>Sie k\u00f6nnen eine Beschwerde bei der spanischen Datenschutzbeh\u00f6rde einreichen, insbesondere wenn Sie mit der Aus\u00fcbung Ihrer Rechte nicht zufrieden sind.<\/em><\/p>\n\n\n\n<p><em>Wenn Sie eine Beschwerde bei der Datenschutzbeh\u00f6rde einreichen m\u00f6chten, damit diese Ihre Rechte gegen\u00fcber dem f\u00fcr die Verarbeitung Verantwortlichen wahrnehmen kann, stehen Ihnen diesbez\u00fcglich auf der Webseite der Beh\u00f6rde mehrere M\u00f6glichkeiten zur Auswahl.<\/em><\/p>\n<\/div>\n<\/div>\n\n<h2 class=\"wp-block-heading\"><\/h2>\n","protected":false},"excerpt":{"rendered":"<p>Gegenstand Artikel 13 der im Mai 2016 in Kraft getretenen und ab 25. Mai 2018 anwendbare Datenschutz-Grundverordnung legt fest, welche Informationen bereitgestellt werden m\u00fcssen, wenn personenbezogene Daten von der betroffenen Person erhoben werden. Auf dieser Grundlage werden im Folgenden die Informationen aufgef\u00fchrt, die Sie ben\u00f6tigen, um Aspekte wie die Identit\u00e4t des f\u00fcr die Verarbeitung Ihrer [&hellip;]<\/p>\n","protected":false},"author":1,"featured_media":0,"parent":0,"menu_order":0,"comment_status":"closed","ping_status":"open","template":"","meta":{"_acf_changed":false,"inline_featured_image":false,"footnotes":""},"class_list":["post-24550","page","type-page","status-publish","hentry"],"acf":[],"_links":{"self":[{"href":"https:\/\/colegioaleman.com\/de\/wp-json\/wp\/v2\/pages\/24550","targetHints":{"allow":["GET"]}}],"collection":[{"href":"https:\/\/colegioaleman.com\/de\/wp-json\/wp\/v2\/pages"}],"about":[{"href":"https:\/\/colegioaleman.com\/de\/wp-json\/wp\/v2\/types\/page"}],"author":[{"embeddable":true,"href":"https:\/\/colegioaleman.com\/de\/wp-json\/wp\/v2\/users\/1"}],"replies":[{"embeddable":true,"href":"https:\/\/colegioaleman.com\/de\/wp-json\/wp\/v2\/comments?post=24550"}],"version-history":[{"count":3,"href":"https:\/\/colegioaleman.com\/de\/wp-json\/wp\/v2\/pages\/24550\/revisions"}],"predecessor-version":[{"id":24553,"href":"https:\/\/colegioaleman.com\/de\/wp-json\/wp\/v2\/pages\/24550\/revisions\/24553"}],"wp:attachment":[{"href":"https:\/\/colegioaleman.com\/de\/wp-json\/wp\/v2\/media?parent=24550"}],"curies":[{"name":"wp","href":"https:\/\/api.w.org\/{rel}","templated":true}]}}