{"id":24554,"date":"2022-08-09T16:38:25","date_gmt":"2022-08-09T16:38:25","guid":{"rendered":"https:\/\/colegioaleman.com\/dreisprachigkeit\/"},"modified":"2024-03-27T11:04:52","modified_gmt":"2024-03-27T11:04:52","slug":"dreisprachigkeit","status":"publish","type":"page","link":"https:\/\/colegioaleman.com\/de\/zweisprachige-schule\/dreisprachigkeit\/","title":{"rendered":"Dreisprachigkeit"},"content":{"rendered":"\n<div style=\"height:80px\" aria-hidden=\"true\" class=\"wp-block-spacer\"><\/div>\n\n\n\n<div class=\"wp-block-columns alignfull is-layout-flex wp-container-core-columns-is-layout-9d6595d7 wp-block-columns-is-layout-flex\">\n<div class=\"wp-block-column dnone-tablet is-layout-flow wp-block-column-is-layout-flow\" style=\"flex-basis:8.33%\"><\/div>\n\n\n\n<div class=\"wp-block-column pr-3 pl-3 is-layout-flow wp-block-column-is-layout-flow\">\n<p><strong>Dreisprachigkeit<\/strong><\/p>\n\n\n\n<h2 class=\"wp-block-heading\">Deutsch, Englisch und Spanisch<\/h2>\n\n\n\n<p>An der Deutschen Schule wird Wert darauf gelegt, dass alle Sch\u00fcler <strong>ab dem 2. Lebensjahr die deutsche Sprache erlernen<\/strong>. Wir k\u00f6nnen beweisen, <strong>dass man schneller Englisch lernt, wenn man die deutsche Sprache beherrscht.<\/strong><\/p>\n\n\n\n<p>Wir setzen auf einen anspruchsvollen Unterricht, der sich durch <strong>Engagement, Methodik und Effizienz<\/strong> auszeichnet und die Sch\u00fcler in ihrer mehrsprachigen Entwicklung auf nat\u00fcrliche Art und Weise begleitet und motiviert. Werte, die mit folgendem Wunsch der Eltern vereinbar sind: <strong>Dass diese Jungen und M\u00e4dchen, die einst als Kinder die Schule betreten haben, diese als Jugendliche verlassen, die akademisch diszipliniert und hoch qualifiziert sowie darauf vorbereitet sind, sich in jedem sprachlichen und kulturellen Kontext frei und ohne Schwierigkeiten zu bewegen.<\/strong><\/p>\n\n\n\n<p><\/p>\n\n\n\n<ul class=\"is-style-separator-list wp-block-list\">\n<li><a href=\"#crecer-aleman\">Aufwachsen mit der deutschen Sprache<\/a><\/li>\n\n\n\n<li><a href=\"#metodologia\">Eigene Methodologie<\/a><\/li>\n<\/ul>\n<\/div>\n\n\n\n<div class=\"wp-block-column is-layout-flow wp-block-column-is-layout-flow\" style=\"flex-basis:44.6%\"><div class=\"wp-block-image\">\n<figure class=\"alignright size-full\"><img fetchpriority=\"high\" decoding=\"async\" width=\"800\" height=\"582\" src=\"https:\/\/colegioaleman.com\/wp-content\/uploads\/2024\/03\/Goethe_Certificacion_Aleman_Zaragoza.png\" alt=\"\" class=\"wp-image-31819\" srcset=\"https:\/\/colegioaleman.com\/wp-content\/uploads\/2024\/03\/Goethe_Certificacion_Aleman_Zaragoza.png 800w, https:\/\/colegioaleman.com\/wp-content\/uploads\/2024\/03\/Goethe_Certificacion_Aleman_Zaragoza-300x218.png 300w, https:\/\/colegioaleman.com\/wp-content\/uploads\/2024\/03\/Goethe_Certificacion_Aleman_Zaragoza-768x559.png 768w\" sizes=\"(max-width: 800px) 100vw, 800px\" \/><\/figure>\n<\/div><\/div>\n<\/div>\n\n\n\n<div style=\"height:40px\" aria-hidden=\"true\" class=\"wp-block-spacer\"><\/div>\n\n\n\n<div class=\"wp-block-group alignfull has-body-white-color has-gradient-cold-gradient-background has-text-color has-background\"><div class=\"wp-block-group__inner-container is-layout-flow wp-block-group-is-layout-flow\">\n<div class=\"wp-block-columns is-layout-flex wp-container-core-columns-is-layout-9d6595d7 wp-block-columns-is-layout-flex\">\n<div class=\"wp-block-column is-layout-flow wp-block-column-is-layout-flow\" style=\"flex-basis:4.33%\"><\/div>\n\n\n\n<div class=\"wp-block-column is-layout-flow wp-block-column-is-layout-flow\">\n<blockquote class=\"wp-block-quote is-layout-flow wp-block-quote-is-layout-flow\" id=\"tercer-idioma\">\n<p><em>\u201eEin Gro\u00dfteil der Informationen, mit denen sie konfrontiert werden, finden sie in einer Sprache, die nicht ihre Muttersprache ist\u201c.<\/em><\/p>\n<\/blockquote>\n<\/div>\n<\/div>\n<\/div><\/div>\n\n\n\n<div style=\"height:80px\" aria-hidden=\"true\" class=\"wp-block-spacer dnone-mobile\"><\/div>\n\n\n\n<div class=\"wp-block-columns are-vertically-aligned-center is-layout-flex wp-container-core-columns-is-layout-9d6595d7 wp-block-columns-is-layout-flex\">\n<div class=\"wp-block-column is-vertically-aligned-center dnone-tablet is-layout-flow wp-block-column-is-layout-flow\" style=\"flex-basis:4.33%\"><\/div>\n\n\n\n<div class=\"wp-block-column is-vertically-aligned-center is-layout-flow wp-block-column-is-layout-flow\" style=\"flex-basis:41.66%\">\n<h2 class=\"wp-block-heading\" id=\"crecer-aleman\">Das Aufwachsen mit der deutschen Sprache \u00f6ffnet T\u00fcren<\/h2>\n\n\n\n<p style=\"font-size:15px\">\u201eZweisprachigkeit ist unser Aush\u00e4ngeschild, unser Markenzeichen, zu dem wir die englische Sprache hinzugef\u00fcgt haben. Und zwar unter einer bedeutenden und differenzierenden Pr\u00e4misse: Dem Streben nach Exzellenz, d. h. alle drei Sprachen werden so unterrichtet, dass unsere Sch\u00fcler hohe Sprachkompetenzen erlangen. Das ist unsere Herausforderung und unsere Strategie zugleich, die sich bereits in unseren Klassenzimmern und au\u00dferhalb unserer Klassenzimmer bew\u00e4hrt hat&#8220;<\/p>\n\n\n\n<p style=\"font-size:10px\"><strong>Schulleitung der Deutschen Schule<\/strong><\/p>\n<\/div>\n\n\n\n<div class=\"wp-block-column is-vertically-aligned-center is-layout-flow wp-block-column-is-layout-flow\">\n<figure class=\"wp-block-image size-full\"><img decoding=\"async\" width=\"568\" height=\"368\" src=\"https:\/\/colegioaleman.com\/wp-content\/uploads\/2022\/09\/formacion-integral-primaria.jpg\" alt=\"Integrale Grundschulbildung\" class=\"wp-image-21610\" srcset=\"https:\/\/colegioaleman.com\/wp-content\/uploads\/2022\/09\/formacion-integral-primaria.jpg 568w, https:\/\/colegioaleman.com\/wp-content\/uploads\/2022\/09\/formacion-integral-primaria-300x194.jpg 300w\" sizes=\"(max-width: 568px) 100vw, 568px\" \/><\/figure>\n<\/div>\n<\/div>\n\n\n\n<div style=\"height:80px\" aria-hidden=\"true\" class=\"wp-block-spacer\"><\/div>\n\n\n\n<div class=\"wp-block-columns are-vertically-aligned-center is-layout-flex wp-container-core-columns-is-layout-9d6595d7 wp-block-columns-is-layout-flex\">\n<div class=\"wp-block-column is-vertically-aligned-center dnone-tablet is-layout-flow wp-block-column-is-layout-flow\" style=\"flex-basis:4.33%\"><\/div>\n\n\n\n<div class=\"wp-block-column is-vertically-aligned-center is-layout-flow wp-block-column-is-layout-flow\" style=\"flex-basis:48.6%\">\n<h2 class=\"wp-block-heading\" id=\"metodologia\">Eigene Methodologie<\/h2>\n\n\n\n<p>Unser Bildungsangebot zielt darauf ab, <strong>dass <u>unsere Sch\u00fcler<\/u><\/strong> ab dem Alter von zwei Jahren gleichzeitig <strong>Deutsch und Spanisch<\/strong> lernen, und <strong>zwar mittels unserer eigenen, erfolgreich erprobten Lehrmethode.<\/strong><\/p>\n\n\n\n<p><strong>Dank dieser Lehrmethode sind unsere Sch\u00fcler mit 8 Jahren zu 100 % f\u00e4hig, eine dritte Sprache zu erlernen,<\/strong> und dank der nat\u00fcrlichen Zweisprachigkeit, mit der sie aufgewachsen sind, auch in dieser dritten Sprache eine hohe Sprachkompetenz zu erlangen.<\/p>\n<\/div>\n\n\n\n<div class=\"wp-block-column is-vertically-aligned-center is-layout-flow wp-block-column-is-layout-flow\">\n<p class=\"has-text-align-center has-accent-yellow-color has-text-color\" style=\"font-size:56px\"><strong>3 Sprachen<\/strong><\/p>\n\n\n\n<p class=\"has-text-align-center\">Die progressive Einf\u00fchrung der Sprachen, zuerst Deutsch, dann Englisch, wirken sich positiv auf die F\u00e4higkeiten und Fertigkeiten unserer Sch\u00fcler aus.<\/p>\n<\/div>\n<\/div>\n\n\n\n<div style=\"height:80px\" aria-hidden=\"true\" class=\"wp-block-spacer\"><\/div>\n\n\n\n<div class=\"wp-block-columns is-layout-flex wp-container-core-columns-is-layout-9d6595d7 wp-block-columns-is-layout-flex\">\n<div class=\"wp-block-column dnone-mobile is-layout-flow wp-block-column-is-layout-flow\" style=\"flex-basis:4.3%\"><\/div>\n\n\n\n<div class=\"wp-block-column is-layout-flow wp-block-column-is-layout-flow\">\n<ul class=\"is-style-separator-list wp-block-list\">\n<li><a href=\"https:\/\/colegioaleman.com\/de\/zweisprachige-schule\/goethe-institut\/\" data-type=\"page\" data-id=\"586\">Goethe-Institut<\/a><\/li>\n\n\n\n<li><a href=\"https:\/\/colegioaleman.com\/de\/zweisprachige-schule\/englische-cambridge-zertifizierung\/\" data-type=\"page\" data-id=\"578\">Cambridge-Zertifikat<\/a><\/li>\n<\/ul>\n<\/div>\n\n\n\n<div class=\"wp-block-column is-layout-flow wp-block-column-is-layout-flow\">\n<ul class=\"is-style-separator-list wp-block-list\">\n<li><a href=\"https:\/\/colegioaleman.com\/de\/zweisprachige-schule\/\" data-type=\"page\" data-id=\"81\">Zweisprachige Schule<\/a><\/li>\n\n\n\n<li><a href=\"https:\/\/colegioaleman.com\/de\/erasmus-2\/\" data-type=\"page\" data-id=\"83\">Erasmus<\/a><\/li>\n<\/ul>\n<\/div>\n<\/div>\n\n\n\n<div style=\"height:80px\" aria-hidden=\"true\" class=\"wp-block-spacer\"><\/div>\n\n\n\n<div class=\"wp-block-group alignfull animate has-body-white-color has-primary-100-background-color has-text-color has-background\" id=\"cta-form\"><div class=\"wp-block-group__inner-container is-layout-flow wp-block-group-is-layout-flow\">\n<div class=\"wp-block-columns has-white-color has-text-color is-layout-flex wp-container-core-columns-is-layout-9d6595d7 wp-block-columns-is-layout-flex\">\n<div class=\"wp-block-column dnone-tablet is-layout-flow wp-block-column-is-layout-flow\" style=\"flex-basis:4.33%\"><\/div>\n\n\n\n<div class=\"wp-block-column is-layout-flow wp-block-column-is-layout-flow\">\n<p><strong>Anmeldung und neue Sch\u00fcler<\/strong><\/p>\n\n\n\n<h2 class=\"wp-block-heading has-body-white-color has-text-color\">M\u00f6chten Sie Teil unserer gro\u00dfen Familie werden?<\/h2>\n\n\n\n<p>Erkundigen Sie sich f\u00fcr das n\u00e4chste Schuljahr und sichern Sie sich einen Platz an unserer Schule. Vereinbaren Sie einen Besuch an unserer Schule, bei dem Sie die Einrichtungen sehen und ein Gespr\u00e4ch mit den Lehrkr\u00e4ften f\u00fchren k\u00f6nnen.<\/p>\n<\/div>\n\n\n\n<div class=\"wp-block-column is-vertically-aligned-center is-layout-flow wp-block-column-is-layout-flow\" style=\"flex-basis:48.6%\"><div class=\"wp-block-image\">\n<figure class=\"aligncenter size-full\"><img decoding=\"async\" width=\"108\" height=\"78\" src=\"https:\/\/colegioaleman.com\/wp-content\/uploads\/2022\/07\/Isotipo.png\" alt=\"Deutsche Schule\" class=\"wp-image-19\"\/><\/figure>\n<\/div>\n\n\n<div class=\"wp-block-buttons is-content-justification-center is-layout-flex wp-container-core-buttons-is-layout-16018d1d wp-block-buttons-is-layout-flex\">\n<div class=\"wp-block-button is-style-outline is-style-outline--1\"><a class=\"wp-block-button__link wp-element-button\" href=\"https:\/\/colegioaleman.com\/de\/anmeldung\/informationsformular\/\" style=\"border-radius:100px\" target=\"_blank\" rel=\"noreferrer noopener\">Gehen Sie zum Informationsformular<\/a><\/div>\n<\/div>\n<\/div>\n<\/div>\n<\/div><\/div>\n\n\n\n<div style=\"height:80px\" aria-hidden=\"true\" class=\"wp-block-spacer\"><\/div>\n\n\n\n<div class=\"wp-block-columns is-layout-flex wp-container-core-columns-is-layout-9d6595d7 wp-block-columns-is-layout-flex\">\n<div class=\"wp-block-column is-vertically-aligned-top dnone-tablet is-layout-flow wp-block-column-is-layout-flow\" style=\"flex-basis:4.3%\"><\/div>\n\n\n\n<div class=\"wp-block-column is-layout-flow wp-block-column-is-layout-flow\">\n<h2 class=\"has-text-align-center wp-block-heading\">Noticias relacionadas<\/h2>\n\n\n\n<div class=\"wp-block-query is-layout-flow wp-block-query-is-layout-flow\">\n\n<div class=\"wp-block-query-no-results\">\n\n<p><\/p>\n\n<\/div><\/div>\n<\/div>\n<\/div>\n","protected":false},"excerpt":{"rendered":"<p>Dreisprachigkeit Deutsch, Englisch und Spanisch An der Deutschen Schule wird Wert darauf gelegt, dass alle Sch\u00fcler ab dem 2. Lebensjahr die deutsche Sprache erlernen. Wir k\u00f6nnen beweisen, dass man schneller Englisch lernt, wenn man die deutsche Sprache beherrscht. Wir setzen auf einen anspruchsvollen Unterricht, der sich durch Engagement, Methodik und Effizienz auszeichnet und die Sch\u00fcler [&hellip;]<\/p>\n","protected":false},"author":1,"featured_media":0,"parent":24577,"menu_order":0,"comment_status":"closed","ping_status":"closed","template":"","meta":{"_acf_changed":false,"inline_featured_image":false,"footnotes":""},"class_list":["post-24554","page","type-page","status-publish","hentry"],"acf":[],"_links":{"self":[{"href":"https:\/\/colegioaleman.com\/de\/wp-json\/wp\/v2\/pages\/24554","targetHints":{"allow":["GET"]}}],"collection":[{"href":"https:\/\/colegioaleman.com\/de\/wp-json\/wp\/v2\/pages"}],"about":[{"href":"https:\/\/colegioaleman.com\/de\/wp-json\/wp\/v2\/types\/page"}],"author":[{"embeddable":true,"href":"https:\/\/colegioaleman.com\/de\/wp-json\/wp\/v2\/users\/1"}],"replies":[{"embeddable":true,"href":"https:\/\/colegioaleman.com\/de\/wp-json\/wp\/v2\/comments?post=24554"}],"version-history":[{"count":9,"href":"https:\/\/colegioaleman.com\/de\/wp-json\/wp\/v2\/pages\/24554\/revisions"}],"predecessor-version":[{"id":31826,"href":"https:\/\/colegioaleman.com\/de\/wp-json\/wp\/v2\/pages\/24554\/revisions\/31826"}],"up":[{"embeddable":true,"href":"https:\/\/colegioaleman.com\/de\/wp-json\/wp\/v2\/pages\/24577"}],"wp:attachment":[{"href":"https:\/\/colegioaleman.com\/de\/wp-json\/wp\/v2\/media?parent=24554"}],"curies":[{"name":"wp","href":"https:\/\/api.w.org\/{rel}","templated":true}]}}