{"id":24556,"date":"2022-08-09T16:39:06","date_gmt":"2022-08-09T16:39:06","guid":{"rendered":"https:\/\/colegioaleman.com\/technologie-im-klassenzimmer\/"},"modified":"2022-11-25T06:50:43","modified_gmt":"2022-11-25T06:50:43","slug":"technologie-im-klassenzimmer","status":"publish","type":"page","link":"https:\/\/colegioaleman.com\/de\/bildungsprojekt\/technologie-im-klassenzimmer\/","title":{"rendered":"Technologie im Klassenzimmer"},"content":{"rendered":"\n<div style=\"height:80px\" aria-hidden=\"true\" class=\"wp-block-spacer\"><\/div>\n\n<div class=\"wp-block-columns alignfull is-layout-flex wp-container-core-columns-is-layout-9d6595d7 wp-block-columns-is-layout-flex\">\n<div class=\"wp-block-column dnone-tablet is-layout-flow wp-block-column-is-layout-flow\" style=\"flex-basis:8.33%\"><\/div>\n\n\n\n<div class=\"wp-block-column pr-3 pl-3 is-layout-flow wp-block-column-is-layout-flow\">\n<p><strong>Technologie im Klassenzimmer<\/strong><\/p>\n\n\n\n<h2 class=\"wp-block-heading\">F\u00fcr einen effektiven und unterhaltsamen Unterricht<\/h2>\n\n\n\n<p>Die Deutsche Schule von Zaragoza arbeitet mit verschiedenen Anwendungen und Ger\u00e4ten, um die Lernmethoden mit Tools und Technologien zu bereichern.<\/p>\n\n\n\n<p>Durch den Einsatz von Technologie im Klassenzimmer gestaltet sich der Unterricht interaktiver, was die Aufmerksamkeit der Sch\u00fcler aufrechterh\u00e4lt und ihre Begeisterung f\u00fcr das Lernen steigert.<\/p>\n\n\n\n<div style=\"height:40px\" aria-hidden=\"true\" class=\"wp-block-spacer\"><\/div>\n\n\n\n<ul class=\"is-style-separator-list wp-block-list\">\n<li><a href=\"#steam\">Fertigkeiten STEAM<\/a><\/li>\n\n\n\n<li><a href=\"#en-primaria\">In der Grundschule<\/a><\/li>\n\n\n\n<li><a href=\"#en-secundaria\">In der Sekundarstufe I<\/a><\/li>\n<\/ul>\n<\/div>\n\n\n\n<div class=\"wp-block-column is-layout-flow wp-block-column-is-layout-flow\" style=\"flex-basis:44.6%\"><div class=\"wp-block-image\">\n<figure class=\"alignright size-full\"><img fetchpriority=\"high\" decoding=\"async\" width=\"800\" height=\"582\" src=\"https:\/\/colegioaleman.com\/wp-content\/uploads\/2022\/09\/tecnologia-hero-siblings.jpg\" alt=\"Technologie im Klassenzimmer an der Deutschen Schule von Zaragoza\" class=\"wp-image-21979\" srcset=\"https:\/\/colegioaleman.com\/wp-content\/uploads\/2022\/09\/tecnologia-hero-siblings.jpg 800w, https:\/\/colegioaleman.com\/wp-content\/uploads\/2022\/09\/tecnologia-hero-siblings-300x218.jpg 300w, https:\/\/colegioaleman.com\/wp-content\/uploads\/2022\/09\/tecnologia-hero-siblings-768x559.jpg 768w\" sizes=\"(max-width: 800px) 100vw, 800px\" \/><\/figure>\n<\/div><\/div>\n<\/div>\n\n<div style=\"height:80px\" aria-hidden=\"true\" class=\"wp-block-spacer\"><\/div>\n\n<div class=\"wp-block-columns is-layout-flex wp-container-core-columns-is-layout-9d6595d7 wp-block-columns-is-layout-flex\">\n<div class=\"wp-block-column dnone-tablet is-layout-flow wp-block-column-is-layout-flow\" style=\"flex-basis:4.33%\"><\/div>\n\n\n\n<div class=\"wp-block-column is-layout-flow wp-block-column-is-layout-flow\">\n<h2 class=\"wp-block-heading\" id=\"steam\">Fertigkeiten STEAM<\/h2>\n\n\n\n\n    <div id=\"swiper-block_47c13e4c412235f527ffeff0ff44b653\" class=\"swiper swiper-container-block slider-image-block\">\n        <div class=\"swiper-wrapper\">\n                            <div class=\"swiper-slide\">\n                                    <\/div>\n                            <div class=\"swiper-slide\">\n                                            <figure>\n                            <img decoding=\"async\" src=\"https:\/\/colegioaleman.com\/wp-content\/uploads\/2022\/09\/steam-slider-2.jpg\" alt=\"\" \/>\n                            \n                        <\/figure>\n                                    <\/div>\n                    <\/div>\n        <!-- Add Pagination --> \n        <div class=\"swiper-pagination\"><\/div> \n        \n        <!-- Add Arrows -->\n        <div class=\"swiper-button-next\"><\/div>\n        <div class=\"swiper-button-prev\"><\/div>\n        \n    <\/div>\n\n\n\n<!-- Swiper JS -->\n<script src=\"https:\/\/cdn.jsdelivr.net\/npm\/swiper@8\/swiper-bundle.min.js\"><\/script>\n\n<!-- Initialize Swiper -->\n<script>\n\tvar swiper = new Swiper('#swiper-block_47c13e4c412235f527ffeff0ff44b653', {\n\tslidesPerView: 1,\n    autoHeight: true,\n\tnavigation: {\n        nextEl: '.swiper-button-next',\n        prevEl: '.swiper-button-prev',\n    },\n    pagination: {\n\t\tel: '.swiper-pagination',\n\t\tclickable: true,\n\t},\n\t});\n<\/script><\/div>\n<\/div>\n\n<div style=\"height:80px\" aria-hidden=\"true\" class=\"wp-block-spacer\"><\/div>\n\n<div class=\"wp-block-columns is-layout-flex wp-container-core-columns-is-layout-9d6595d7 wp-block-columns-is-layout-flex\">\n<div class=\"wp-block-column dnone-tablet is-layout-flow wp-block-column-is-layout-flow\" style=\"flex-basis:4.3%\"><\/div>\n\n\n\n<div class=\"wp-block-column is-layout-flow wp-block-column-is-layout-flow\">\n<div class=\"wp-block-cover\"><span aria-hidden=\"true\" class=\"wp-block-cover__background has-background-dim wp-block-cover__gradient-background has-background-gradient has-gradient-warm-gradient-background\"><\/span><img decoding=\"async\" width=\"400\" height=\"364\" class=\"wp-block-cover__image-background wp-image-21966\" alt=\"Escornabot del colegio Alem\u00e1n\" src=\"https:\/\/colegioaleman.com\/wp-content\/uploads\/2022\/09\/Escornabot-grid-1.jpg\" data-object-fit=\"cover\" srcset=\"https:\/\/colegioaleman.com\/wp-content\/uploads\/2022\/09\/Escornabot-grid-1.jpg 400w, https:\/\/colegioaleman.com\/wp-content\/uploads\/2022\/09\/Escornabot-grid-1-300x273.jpg 300w\" sizes=\"(max-width: 400px) 100vw, 400px\" \/><div class=\"wp-block-cover__inner-container is-layout-flow wp-block-cover-is-layout-flow\">\n<p class=\"has-text-align-center has-large-font-size\"><\/p>\n<\/div><\/div>\n\n\n\n<p class=\"has-body-main-color has-text-color\"><strong><strong>Escornabot<\/strong><\/strong><\/p>\n\n\n\n<p>3D-Modelle und 3D-Druck, Schwei\u00dfen, Montieren und Programmieren.<\/p>\n<\/div>\n\n\n\n<div class=\"wp-block-column is-layout-flow wp-block-column-is-layout-flow\">\n<div class=\"wp-block-cover is-light\"><span aria-hidden=\"true\" class=\"wp-block-cover__background has-background-dim wp-block-cover__gradient-background has-background-gradient has-gradient-warm-gradient-background\"><\/span><img decoding=\"async\" width=\"400\" height=\"364\" class=\"wp-block-cover__image-background wp-image-21955\" alt=\"El rat\u00f3n explorador en el Colegio Alem\u00e1n de Zaragoza\" src=\"https:\/\/colegioaleman.com\/wp-content\/uploads\/2022\/09\/jack-el-raton-explorador-grid.jpg\" data-object-fit=\"cover\" srcset=\"https:\/\/colegioaleman.com\/wp-content\/uploads\/2022\/09\/jack-el-raton-explorador-grid.jpg 400w, https:\/\/colegioaleman.com\/wp-content\/uploads\/2022\/09\/jack-el-raton-explorador-grid-300x273.jpg 300w\" sizes=\"(max-width: 400px) 100vw, 400px\" \/><div class=\"wp-block-cover__inner-container is-layout-flow wp-block-cover-is-layout-flow\">\n<p class=\"has-text-align-center has-large-font-size\"><\/p>\n<\/div><\/div>\n\n\n\n<p class=\"has-body-main-color has-text-color\"><strong><strong>Jack, die Entdeckermaus<\/strong><\/strong><\/p>\n\n\n\n<p>F\u00fcr Kindergarten und Grundschule, Konzepte der Logik, Teamwork, Probleml\u00f6sung.<\/p>\n<\/div>\n\n\n\n<div class=\"wp-block-column is-layout-flow wp-block-column-is-layout-flow\">\n<div class=\"wp-block-cover is-light\"><span aria-hidden=\"true\" class=\"wp-block-cover__background has-background-dim wp-block-cover__gradient-background has-background-gradient has-gradient-warm-gradient-background\"><\/span><img loading=\"lazy\" decoding=\"async\" width=\"400\" height=\"364\" class=\"wp-block-cover__image-background wp-image-22036\" alt=\"Lego. Tecnolog\u00eda en las aulas del Colegio Alem\u00e1n\" src=\"https:\/\/colegioaleman.com\/wp-content\/uploads\/2022\/09\/lego-grid.jpg\" data-object-fit=\"cover\" srcset=\"https:\/\/colegioaleman.com\/wp-content\/uploads\/2022\/09\/lego-grid.jpg 400w, https:\/\/colegioaleman.com\/wp-content\/uploads\/2022\/09\/lego-grid-300x273.jpg 300w\" sizes=\"(max-width: 400px) 100vw, 400px\" \/><div class=\"wp-block-cover__inner-container is-layout-flow wp-block-cover-is-layout-flow\">\n<p class=\"has-text-align-center has-large-font-size\"><\/p>\n<\/div><\/div>\n\n\n\n<p class=\"has-body-main-color has-text-color\"><strong><strong>Lego<\/strong><\/strong><\/p>\n\n\n\n<p>Mechanik, Kreativit\u00e4t, Arbeiten mit Aktoren und Sensoren, einfache Programmierung und ihre Anwendung.<\/p>\n<\/div>\n<\/div>\n\n<div class=\"wp-block-columns is-layout-flex wp-container-core-columns-is-layout-9d6595d7 wp-block-columns-is-layout-flex\">\n<div class=\"wp-block-column dnone-tablet is-layout-flow wp-block-column-is-layout-flow\" style=\"flex-basis:4.3%\"><\/div>\n\n\n\n<div class=\"wp-block-column is-layout-flow wp-block-column-is-layout-flow\">\n<div class=\"wp-block-cover is-light\"><span aria-hidden=\"true\" class=\"wp-block-cover__background has-background-dim wp-block-cover__gradient-background has-background-gradient has-gradient-warm-gradient-background\"><\/span><img loading=\"lazy\" decoding=\"async\" width=\"400\" height=\"364\" class=\"wp-block-cover__image-background wp-image-21958\" alt=\"Micro bit. Ordenador utilizado en el Colegio Alem\u00e1n de Zaragoza\" src=\"https:\/\/colegioaleman.com\/wp-content\/uploads\/2022\/09\/microbit-grid.jpg\" data-object-fit=\"cover\" srcset=\"https:\/\/colegioaleman.com\/wp-content\/uploads\/2022\/09\/microbit-grid.jpg 400w, https:\/\/colegioaleman.com\/wp-content\/uploads\/2022\/09\/microbit-grid-300x273.jpg 300w\" sizes=\"(max-width: 400px) 100vw, 400px\" \/><div class=\"wp-block-cover__inner-container is-layout-flow wp-block-cover-is-layout-flow\">\n<p class=\"has-text-align-center has-large-font-size\"><\/p>\n<\/div><\/div>\n\n\n\n<p class=\"has-body-main-color has-text-color\"><strong><strong>Micro bit<\/strong><\/strong><\/p>\n\n\n\n<p>Grundlagen der Programmierung und Elektronik. Mit diesem kleinen Computer k\u00f6nnen die Grundlagen der Programmierung und Robotik vermittelt, mathematische Probleme gel\u00f6st und Videospiele entwickelt werden.<\/p>\n<\/div>\n\n\n\n<div class=\"wp-block-column is-layout-flow wp-block-column-is-layout-flow\">\n<div class=\"wp-block-cover is-light\"><span aria-hidden=\"true\" class=\"wp-block-cover__background has-background-dim wp-block-cover__gradient-background has-background-gradient has-gradient-warm-gradient-background\"><\/span><img loading=\"lazy\" decoding=\"async\" width=\"400\" height=\"364\" class=\"wp-block-cover__image-background wp-image-21962\" alt=\"Tecnolog\u00eda: maqueta dom\u00f3tica en Colegio Alem\u00e1n de Zaragoza\" src=\"https:\/\/colegioaleman.com\/wp-content\/uploads\/2022\/09\/maqueta-domo\u0301tica-grid-1.jpg\" data-object-fit=\"cover\" srcset=\"https:\/\/colegioaleman.com\/wp-content\/uploads\/2022\/09\/maqueta-domo\u0301tica-grid-1.jpg 400w, https:\/\/colegioaleman.com\/wp-content\/uploads\/2022\/09\/maqueta-domo\u0301tica-grid-1-300x273.jpg 300w\" sizes=\"(max-width: 400px) 100vw, 400px\" \/><div class=\"wp-block-cover__inner-container is-layout-flow wp-block-cover-is-layout-flow\">\n<p class=\"has-text-align-center has-large-font-size\"><\/p>\n<\/div><\/div>\n\n\n\n<p class=\"has-body-main-color has-text-color\"><strong><strong>Modell intelligenter R\u00e4ume (Hausautomatisierungstechnik\/Domotik)<\/strong><\/strong><\/p>\n\n\n\n<p>Schwei\u00dfen, Architektur, angewandte Domotik, Sensoren und Aktoren. Ein klassisches Hilfsmittel, das es erm\u00f6glicht, Lehrplankonzepten in die Praxis umzusetzen, wodurch diese besser verinnerlicht werden.<\/p>\n<\/div>\n\n\n\n<div class=\"wp-block-column is-layout-flow wp-block-column-is-layout-flow\">\n<div class=\"wp-block-cover\"><span aria-hidden=\"true\" class=\"wp-block-cover__background has-background-dim wp-block-cover__gradient-background has-background-gradient has-gradient-warm-gradient-background\"><\/span><img loading=\"lazy\" decoding=\"async\" width=\"400\" height=\"364\" class=\"wp-block-cover__image-background wp-image-22048\" alt=\"Rooma Robot. Tecnolog\u00eda en las aulas del Colegio Alem\u00e1n\" src=\"https:\/\/colegioaleman.com\/wp-content\/uploads\/2022\/09\/roomba-robot-grid-1.jpg\" data-object-fit=\"cover\" srcset=\"https:\/\/colegioaleman.com\/wp-content\/uploads\/2022\/09\/roomba-robot-grid-1.jpg 400w, https:\/\/colegioaleman.com\/wp-content\/uploads\/2022\/09\/roomba-robot-grid-1-300x273.jpg 300w\" sizes=\"(max-width: 400px) 100vw, 400px\" \/><div class=\"wp-block-cover__inner-container is-layout-flow wp-block-cover-is-layout-flow\">\n<p class=\"has-text-align-center has-large-font-size\"><\/p>\n<\/div><\/div>\n\n\n\n<p class=\"has-body-main-color has-text-color\"><strong><strong>Roomba robot<\/strong><\/strong><\/p>\n\n\n\n<p>Produktgestaltung, Design, 3D-Druck, fortgeschrittene Programmierung usw. Ein umfassendes Projekt, das die kreative Unabh\u00e4ngigkeit und den Erfindergeist unserer Sch\u00fcler und Sch\u00fclerinnen f\u00f6rdert.<\/p>\n<\/div>\n<\/div>\n\n<div style=\"height:80px\" aria-hidden=\"true\" class=\"wp-block-spacer\"><\/div>\n\n<div class=\"wp-block-columns is-layout-flex wp-container-core-columns-is-layout-9d6595d7 wp-block-columns-is-layout-flex\">\n<div class=\"wp-block-column dnone-tablet is-layout-flow wp-block-column-is-layout-flow\" style=\"flex-basis:4.33%\"><\/div>\n\n\n\n<div class=\"wp-block-column is-layout-flow wp-block-column-is-layout-flow\">\n<h2 class=\"wp-block-heading\" id=\"en-primaria\">In der Grundschule<\/h2>\n\n\n\n<p><strong>Einf\u00fchrung in die Robotik<\/strong><\/p>\n\n\n\n<p>Der nat\u00fcrlichste Weg, Schulkindern Robotik n\u00e4herzubringen, ist \u00fcber das Ankn\u00fcpfen an bereits existierende soziale und kreative F\u00e4higkeiten, wie z. B. Basteln oder kreatives Zeichnen.<\/p>\n\n\n\n<p><strong>3D-Drucker er\u00f6ffnen neue M\u00f6glichkeiten und bieten noch zu erforschende Bereiche.<\/strong><\/p>\n\n\n\n<p>Die Sch\u00fcler beginnen, virtuelle Umgebungen und 3D-Design zu entdecken und Lernroboter wie den Escornabot zu entwerfen und zu drucken.<\/p>\n<\/div>\n\n\n\n<div class=\"wp-block-column is-layout-flow wp-block-column-is-layout-flow\" style=\"flex-basis:48.6%\">\n<figure class=\"wp-block-embed is-type-video is-provider-youtube wp-block-embed-youtube wp-embed-aspect-16-9 wp-has-aspect-ratio\"><div class=\"wp-block-embed__wrapper\">\n<iframe title=\"TALLER DE ROB\u00d3TICA EN 3\u00ba DE PRIMARIA\" width=\"640\" height=\"360\" src=\"https:\/\/www.youtube.com\/embed\/nOrBczNrYLs?feature=oembed\" frameborder=\"0\" allow=\"accelerometer; autoplay; clipboard-write; encrypted-media; gyroscope; picture-in-picture; web-share\" referrerpolicy=\"strict-origin-when-cross-origin\" allowfullscreen><\/iframe>\n<\/div><\/figure>\n<\/div>\n<\/div>\n\n<div style=\"height:80px\" aria-hidden=\"true\" class=\"wp-block-spacer\"><\/div>\n\n<div class=\"wp-block-columns is-layout-flex wp-container-core-columns-is-layout-9d6595d7 wp-block-columns-is-layout-flex\">\n<div class=\"wp-block-column dnone-tablet is-layout-flow wp-block-column-is-layout-flow\" style=\"flex-basis:4.33%\"><\/div>\n\n\n\n<div class=\"wp-block-column is-layout-flow wp-block-column-is-layout-flow\" style=\"flex-basis:48.6%\">\n<h2 class=\"wp-block-heading\" id=\"en-secundaria\">In der Sekundarstufe I<\/h2>\n\n\n\n<p><strong>Sie verf\u00fcgen \u00fcber innovative Schwei\u00dfger\u00e4te und arbeiten an der Herstellung mechatronischer Systeme, von Haustechnikmodellen bis hin zu autonomen Robotern.<\/strong><\/p>\n<\/div>\n\n\n\n<div class=\"wp-block-column is-layout-flow wp-block-column-is-layout-flow\">\n<p>Die Roboter-Sets von Lego vereinfachen die Phasen der Ideenfindung, der Kreation, des Zusammenbaus und der Programmierung. Der Vorteil von Robotik liegt darin, dass Grundlagen und der Umgang mit Tools auf spielerische Art erlernt werden, wodurch diese besser verinnerlicht und zu etwas Allt\u00e4glichem f\u00fcr die Sch\u00fcler und Sch\u00fclerinnen werden.<\/p>\n\n\n\n<div class=\"wp-block-buttons is-content-justification-right is-layout-flex wp-container-core-buttons-is-layout-765c4724 wp-block-buttons-is-layout-flex\">\n<div class=\"wp-block-button is-style-theme-link\"><a class=\"wp-block-button__link wp-element-button\" href=\"https:\/\/colegioaleman.com\/etapas\/secundaria\/\">ZUR SEKUNDARSTUFE I<\/a><\/div>\n<\/div>\n<\/div>\n<\/div>\n\n<div style=\"height:80px\" aria-hidden=\"true\" class=\"wp-block-spacer\"><\/div>\n\n<div class=\"wp-block-group alignfull animate has-body-white-color has-primary-100-background-color has-text-color has-background\" id=\"cta-form\"><div class=\"wp-block-group__inner-container is-layout-flow wp-block-group-is-layout-flow\">\n<div class=\"wp-block-columns has-white-color has-text-color is-layout-flex wp-container-core-columns-is-layout-9d6595d7 wp-block-columns-is-layout-flex\">\n<div class=\"wp-block-column dnone-tablet is-layout-flow wp-block-column-is-layout-flow\" style=\"flex-basis:4.33%\"><\/div>\n\n\n\n<div class=\"wp-block-column is-layout-flow wp-block-column-is-layout-flow\">\n<p><strong>Anmeldung und neue Sch\u00fcler<\/strong><\/p>\n\n\n\n<h2 class=\"wp-block-heading has-body-white-color has-text-color\">M\u00f6chten Sie Teil unserer gro\u00dfen Familie werden?<\/h2>\n\n\n\n<p>Erkundigen Sie sich f\u00fcr das n\u00e4chste Schuljahr und sichern Sie sich einen Platz an unserer Schule. Vereinbaren Sie einen Besuch an unserer Schule, bei dem Sie die Einrichtungen sehen und ein Gespr\u00e4ch mit den Lehrkr\u00e4ften f\u00fchren k\u00f6nnen.<\/p>\n<\/div>\n\n\n\n<div class=\"wp-block-column is-vertically-aligned-center is-layout-flow wp-block-column-is-layout-flow\" style=\"flex-basis:48.6%\"><div class=\"wp-block-image\">\n<figure class=\"aligncenter size-full\"><img loading=\"lazy\" decoding=\"async\" width=\"108\" height=\"78\" src=\"https:\/\/colegioaleman.com\/wp-content\/uploads\/2022\/07\/Isotipo.png\" alt=\"Deutsche Schule\" class=\"wp-image-19\"\/><\/figure>\n<\/div>\n\n\n<div class=\"wp-block-buttons is-content-justification-center is-layout-flex wp-container-core-buttons-is-layout-16018d1d wp-block-buttons-is-layout-flex\">\n<div class=\"wp-block-button is-style-outline is-style-outline--1\"><a class=\"wp-block-button__link wp-element-button\" href=\"https:\/\/colegioaleman.com\/de\/anmeldung\/informationsformular\/\" style=\"border-radius:100px\" target=\"_blank\" rel=\"noreferrer noopener\">Gehen Sie zum Informationsformular<\/a><\/div>\n<\/div>\n<\/div>\n<\/div>\n<\/div><\/div>\n\n<div class=\"wp-block-group\"><div class=\"wp-block-group__inner-container is-layout-flow wp-block-group-is-layout-flow\">\n<div style=\"height:80px\" aria-hidden=\"true\" class=\"wp-block-spacer\"><\/div>\n<\/div><\/div>\n\n<div class=\"wp-block-columns is-layout-flex wp-container-core-columns-is-layout-9d6595d7 wp-block-columns-is-layout-flex\">\n<div class=\"wp-block-column is-vertically-aligned-top dnone-tablet is-layout-flow wp-block-column-is-layout-flow\" style=\"flex-basis:4.3%\"><\/div>\n\n\n\n<div class=\"wp-block-column is-layout-flow wp-block-column-is-layout-flow\">\n<h2 class=\"has-text-align-center wp-block-heading\">Noticias relacionadas<\/h2>\n\n\n\n<div class=\"wp-block-query is-layout-flow wp-block-query-is-layout-flow\">\n\n<div class=\"wp-block-query-no-results\">\n\n<p><\/p>\n\n<\/div><\/div>\n<\/div>\n<\/div>\n","protected":false},"excerpt":{"rendered":"<p>Technologie im Klassenzimmer F\u00fcr einen effektiven und unterhaltsamen Unterricht Die Deutsche Schule von Zaragoza arbeitet mit verschiedenen Anwendungen und Ger\u00e4ten, um die Lernmethoden mit Tools und Technologien zu bereichern. Durch den Einsatz von Technologie im Klassenzimmer gestaltet sich der Unterricht interaktiver, was die Aufmerksamkeit der Sch\u00fcler aufrechterh\u00e4lt und ihre Begeisterung f\u00fcr das Lernen steigert. Fertigkeiten [&hellip;]<\/p>\n","protected":false},"author":1,"featured_media":0,"parent":24876,"menu_order":0,"comment_status":"closed","ping_status":"closed","template":"","meta":{"_acf_changed":false,"inline_featured_image":false,"footnotes":""},"class_list":["post-24556","page","type-page","status-publish","hentry"],"acf":[],"_links":{"self":[{"href":"https:\/\/colegioaleman.com\/de\/wp-json\/wp\/v2\/pages\/24556","targetHints":{"allow":["GET"]}}],"collection":[{"href":"https:\/\/colegioaleman.com\/de\/wp-json\/wp\/v2\/pages"}],"about":[{"href":"https:\/\/colegioaleman.com\/de\/wp-json\/wp\/v2\/types\/page"}],"author":[{"embeddable":true,"href":"https:\/\/colegioaleman.com\/de\/wp-json\/wp\/v2\/users\/1"}],"replies":[{"embeddable":true,"href":"https:\/\/colegioaleman.com\/de\/wp-json\/wp\/v2\/comments?post=24556"}],"version-history":[{"count":4,"href":"https:\/\/colegioaleman.com\/de\/wp-json\/wp\/v2\/pages\/24556\/revisions"}],"predecessor-version":[{"id":25036,"href":"https:\/\/colegioaleman.com\/de\/wp-json\/wp\/v2\/pages\/24556\/revisions\/25036"}],"up":[{"embeddable":true,"href":"https:\/\/colegioaleman.com\/de\/wp-json\/wp\/v2\/pages\/24876"}],"wp:attachment":[{"href":"https:\/\/colegioaleman.com\/de\/wp-json\/wp\/v2\/media?parent=24556"}],"curies":[{"name":"wp","href":"https:\/\/api.w.org\/{rel}","templated":true}]}}