{"id":24560,"date":"2022-07-28T06:57:46","date_gmt":"2022-07-28T06:57:46","guid":{"rendered":"https:\/\/colegioaleman.com\/stufen\/"},"modified":"2023-03-27T07:40:19","modified_gmt":"2023-03-27T07:40:19","slug":"stufen","status":"publish","type":"page","link":"https:\/\/colegioaleman.com\/de\/stufen\/","title":{"rendered":"Stufen"},"content":{"rendered":"\n<div style=\"height:80px\" aria-hidden=\"true\" class=\"wp-block-spacer\"><\/div>\n\n\n\n<div class=\"wp-block-columns is-layout-flex wp-container-core-columns-is-layout-9d6595d7 wp-block-columns-is-layout-flex\">\n<div class=\"wp-block-column is-layout-flow wp-block-column-is-layout-flow\" style=\"flex-basis:4.3%\"><\/div>\n\n\n\n<div class=\"wp-block-column is-layout-flow wp-block-column-is-layout-flow\">\n<h2 class=\"wp-block-heading\" style=\"font-size:16px\"><strong>Schulstufen<\/strong><\/h2>\n\n\n\n<p class=\"has-body-main-color has-text-color has-large-font-size\">Auf unserer Schule k\u00f6nnen Ihre Kinder alle Schulstufen bis zur Universit\u00e4t durchlaufen (von 2 bis 18 Jahre), ohne die Schule wechseln zu m\u00fcssen.<\/p>\n\n\n\n<p>Dadurch wird eine kontinuierliche Schulbildung gew\u00e4hrleistet, ohne Schulwechsel, was den Sch\u00fclern Stabilit\u00e4t vermittelt und ihnen dabei hilft, eine optimale akademische Reife zu erreichen. Hinzu kommt, dass dieser Umstand sich auch positiv auf das Engagement der Lehrkr\u00e4fte auswirkt.<\/p>\n<\/div>\n\n\n\n<div class=\"wp-block-column is-layout-flow wp-block-column-is-layout-flow\"><div class=\"wp-block-image hide-mobile\">\n<figure class=\"alignright size-full\"><img decoding=\"async\" width=\"89\" height=\"447\" src=\"https:\/\/colegioaleman.com\/wp-content\/uploads\/2022\/08\/etapas-simbolos-todos.png\" alt=\"\" class=\"wp-image-384\" srcset=\"https:\/\/colegioaleman.com\/wp-content\/uploads\/2022\/08\/etapas-simbolos-todos.png 89w, https:\/\/colegioaleman.com\/wp-content\/uploads\/2022\/08\/etapas-simbolos-todos-60x300.png 60w\" sizes=\"(max-width: 89px) 100vw, 89px\" \/><\/figure>\n<\/div><\/div>\n<\/div>\n\n\n\n<div style=\"height:80px\" aria-hidden=\"true\" class=\"wp-block-spacer\"><\/div>\n\n\n\n<div class=\"wp-block-columns is-layout-flex wp-container-core-columns-is-layout-9d6595d7 wp-block-columns-is-layout-flex\">\n<div class=\"wp-block-column is-layout-flow wp-block-column-is-layout-flow\" style=\"flex-basis:4.3%\"><\/div>\n\n\n\n<div class=\"wp-block-column is-layout-flow wp-block-column-is-layout-flow\">\n<figure class=\"wp-block-image size-full is-style-hover-image\"><a href=\"https:\/\/colegioaleman.com\/etapas\/kindergarten\/\"><img fetchpriority=\"high\" decoding=\"async\" width=\"264\" height=\"240\" src=\"https:\/\/colegioaleman.com\/wp-content\/uploads\/2022\/08\/infantil.png\" alt=\"\" class=\"wp-image-416\"\/><\/a><\/figure>\n\n\n\n<h3 class=\"wp-block-heading\">Kindergarten<\/h3>\n\n\n\n<p>Im Kindergarten beginnt im Alter von 2 Jahren ein Lernprozess, der ein nat\u00fcrliches Erlernen von Sprachen f\u00f6rdert und unterst\u00fctzt.<\/p>\n\n\n\n<div class=\"wp-block-buttons is-content-justification-right is-layout-flex wp-container-core-buttons-is-layout-765c4724 wp-block-buttons-is-layout-flex\">\n<div class=\"wp-block-button is-style-theme-link\"><a class=\"wp-block-button__link wp-element-button\" href=\"https:\/\/colegioaleman.com\/etapas\/kindergarten\/\">WEITERLESEN<\/a><\/div>\n<\/div>\n<\/div>\n\n\n\n<div class=\"wp-block-column is-layout-flow wp-block-column-is-layout-flow\">\n<figure class=\"wp-block-image size-full is-style-hover-image\"><a href=\"https:\/\/colegioaleman.com\/etapas\/primaria\/\"><img decoding=\"async\" src=\"https:\/\/colegioaleman.com\/wp-content\/uploads\/2022\/08\/primaria.png\" alt=\"\" class=\"wp-image-417\"\/><\/a><\/figure>\n\n\n\n<h3 class=\"wp-block-heading\">Grundschule<\/h3>\n\n\n\n<p>In den sechs Jahren der Grundschule machen unsere Sch\u00fcler eine Vielzahl an Erfahrungen und Entdeckungen, die sie ihr ganzes Leben lang begleiten werden.<\/p>\n\n\n\n<div class=\"wp-block-buttons is-content-justification-right is-layout-flex wp-container-core-buttons-is-layout-765c4724 wp-block-buttons-is-layout-flex\">\n<div class=\"wp-block-button is-style-theme-link\"><a class=\"wp-block-button__link wp-element-button\" href=\"https:\/\/colegioaleman.com\/etapas\/primaria\/\">WEITERLESEN<\/a><\/div>\n<\/div>\n<\/div>\n\n\n\n<div class=\"wp-block-column is-layout-flow wp-block-column-is-layout-flow\">\n<figure class=\"wp-block-image size-full is-style-hover-image\"><a href=\"https:\/\/colegioaleman.com\/etapas\/secundaria\/\"><img decoding=\"async\" src=\"https:\/\/colegioaleman.com\/wp-content\/uploads\/2022\/08\/secundaria.png\" alt=\"\" class=\"wp-image-418\"\/><\/a><\/figure>\n\n\n\n<h3 class=\"wp-block-heading\">Sekundarstufe I<\/h3>\n\n\n\n<p>In der Sekundarstufe I entwickeln und bauen unsere Sch\u00fcler ihre Lerngewohnheiten und pers\u00f6nliches Engagement aus, um selbst die Verantwortung f\u00fcr ihren Lernprozess zu \u00fcbernehmen.<\/p>\n\n\n\n<div class=\"wp-block-buttons is-content-justification-right is-layout-flex wp-container-core-buttons-is-layout-765c4724 wp-block-buttons-is-layout-flex\">\n<div class=\"wp-block-button is-style-theme-link\"><a class=\"wp-block-button__link wp-element-button\" href=\"https:\/\/colegioaleman.com\/etapas\/secundaria\/\">WEITERLESEN<\/a><\/div>\n<\/div>\n<\/div>\n\n\n\n<div class=\"wp-block-column is-layout-flow wp-block-column-is-layout-flow\">\n<figure class=\"wp-block-image size-full is-style-hover-image\"><a href=\"https:\/\/colegioaleman.com\/etapas\/bachillerato\/\"><img decoding=\"async\" src=\"https:\/\/colegioaleman.com\/wp-content\/uploads\/2022\/08\/bachillerato.png\" alt=\"\" class=\"wp-image-419\"\/><\/a><\/figure>\n\n\n\n<h3 class=\"wp-block-heading\">Sekundarstufe II<\/h3>\n\n\n\n<p>In der Sekundarstufe II begleiten wir unsere Sch\u00fcler in ihrem Reifeprozess, damit sie ihre akademischen Ziele erreichen und zum Hochschulstudium zugelassen werden.<\/p>\n\n\n\n<div class=\"wp-block-buttons is-content-justification-right is-layout-flex wp-container-core-buttons-is-layout-765c4724 wp-block-buttons-is-layout-flex\">\n<div class=\"wp-block-button is-style-theme-link\"><a class=\"wp-block-button__link wp-element-button\" href=\"https:\/\/colegioaleman.com\/etapas\/bachillerato\/\">WEITERLESEN<\/a><\/div>\n<\/div>\n<\/div>\n<\/div>\n\n\n\n<div style=\"height:80px\" aria-hidden=\"true\" class=\"wp-block-spacer\"><\/div>\n\n\n\n<div class=\"wp-block-columns is-layout-flex wp-container-core-columns-is-layout-9d6595d7 wp-block-columns-is-layout-flex\">\n<div class=\"wp-block-column is-layout-flow wp-block-column-is-layout-flow\" style=\"flex-basis:4.3%\"><\/div>\n\n\n\n<div class=\"wp-block-column is-layout-flow wp-block-column-is-layout-flow\">\n<h2 class=\"wp-block-heading\">Wichtige Informationen f\u00fcr Eltern und Sch\u00fcler<\/h2>\n<\/div>\n\n\n\n<div class=\"wp-block-column is-layout-flow wp-block-column-is-layout-flow\" style=\"flex-basis:50%\">\n<p>Hier finden Sie alle notwendigen Informationen, wie z. B. die Speisepl\u00e4ne der Mensa, Fahrpl\u00e4ne und Bushaltestellen, die Ziele der Elternschule und der Studien- und Berufsberatung, Informationen zur Fr\u00fchbetreuung, Nachmittagsaktivit\u00e4ten, Schulkalender und Schulabschl\u00fcsse.<\/p>\n<\/div>\n<\/div>\n\n\n\n<div style=\"height:40px\" aria-hidden=\"true\" class=\"wp-block-spacer\"><\/div>\n\n\n\n<div class=\"wp-block-columns is-layout-flex wp-container-core-columns-is-layout-9d6595d7 wp-block-columns-is-layout-flex\">\n<div class=\"wp-block-column dnone-mobile is-layout-flow wp-block-column-is-layout-flow\" style=\"flex-basis:4.3%\"><\/div>\n\n\n\n<div class=\"wp-block-column is-layout-flow wp-block-column-is-layout-flow\">\n<ul class=\"wp-block-list\">\n<li><a href=\"https:\/\/colegioaleman.com\/vida-escolar\/orientacion-escolar\/\" data-type=\"page\" data-id=\"602\">Berufsorientierung<\/a><\/li>\n\n\n\n<li><a href=\"https:\/\/colegioaleman.com\/vida-escolar\/calendario-escolar\/\" data-type=\"page\" data-id=\"609\">Schulkalender<\/a><\/li>\n\n\n\n<li><a href=\"https:\/\/colegioaleman.com\/vida-escolar\/escuela-padres\/\" data-type=\"page\" data-id=\"604\">Elternschule<\/a><\/li>\n<\/ul>\n<\/div>\n\n\n\n<div class=\"wp-block-column is-layout-flow wp-block-column-is-layout-flow\">\n<ul class=\"wp-block-list\">\n<li><a href=\"https:\/\/colegioaleman.com\/vida-escolar\/extrascolares\/\" data-type=\"page\" data-id=\"611\">Nachmittagsaktivit\u00e4ten<\/a><\/li>\n\n\n\n<li><a href=\"https:\/\/colegioaleman.com\/vida-escolar\/madrugadores\/\" data-type=\"page\" data-id=\"613\">Fr\u00fchbetreuung<\/a><\/li>\n\n\n\n<li><a href=\"https:\/\/colegioaleman.com\/colegio-bilingue\/aleman-certificacion-goethe\/\" data-type=\"page\" data-id=\"576\">Goethe-Zertifikat<\/a><\/li>\n<\/ul>\n<\/div>\n\n\n\n<div class=\"wp-block-column is-layout-flow wp-block-column-is-layout-flow\">\n<ul class=\"wp-block-list\">\n<li><a href=\"https:\/\/colegioaleman.com\/vida-escolar\/menu-comedor\/\" data-type=\"page\" data-id=\"283\">Speiseplan Mensa<\/a><\/li>\n\n\n\n<li><a href=\"https:\/\/colegioaleman.com\/vida-escolar\/ruta-de-autobuses\/\" data-type=\"page\" data-id=\"280\">Schulbusrouten<\/a><\/li>\n\n\n\n<li><a href=\"https:\/\/colegioaleman.com\/colegio-bilingue\/ingles-certificacion-cambridge\/\" data-type=\"page\" data-id=\"578\">Cambridge Zertifikate<\/a><\/li>\n<\/ul>\n<\/div>\n<\/div>\n\n\n\n<div style=\"height:80px\" aria-hidden=\"true\" class=\"wp-block-spacer\"><\/div>\n\n\n\n<div class=\"wp-block-columns is-layout-flex wp-container-core-columns-is-layout-9d6595d7 wp-block-columns-is-layout-flex\">\n<div class=\"wp-block-column is-vertically-aligned-top dnone-tablet is-layout-flow wp-block-column-is-layout-flow\" style=\"flex-basis:4.3%\"><\/div>\n\n\n\n<div class=\"wp-block-column is-layout-flow wp-block-column-is-layout-flow\">\n<h2 class=\"has-text-align-center wp-block-heading\">Noticias relacionadas<\/h2>\n\n\n\n<div class=\"wp-block-query is-layout-flow wp-block-query-is-layout-flow\">\n\n<div class=\"wp-block-query-no-results\">\n\n<p><\/p>\n\n<\/div><\/div>\n<\/div>\n<\/div>\n","protected":false},"excerpt":{"rendered":"<p>Schulstufen Auf unserer Schule k\u00f6nnen Ihre Kinder alle Schulstufen bis zur Universit\u00e4t durchlaufen (von 2 bis 18 Jahre), ohne die Schule wechseln zu m\u00fcssen. Dadurch wird eine kontinuierliche Schulbildung gew\u00e4hrleistet, ohne Schulwechsel, was den Sch\u00fclern Stabilit\u00e4t vermittelt und ihnen dabei hilft, eine optimale akademische Reife zu erreichen. Hinzu kommt, dass dieser Umstand sich auch positiv [&hellip;]<\/p>\n","protected":false},"author":1,"featured_media":31047,"parent":0,"menu_order":0,"comment_status":"closed","ping_status":"closed","template":"","meta":{"_acf_changed":false,"inline_featured_image":false,"footnotes":""},"class_list":["post-24560","page","type-page","status-publish","has-post-thumbnail","hentry"],"acf":[],"_links":{"self":[{"href":"https:\/\/colegioaleman.com\/de\/wp-json\/wp\/v2\/pages\/24560","targetHints":{"allow":["GET"]}}],"collection":[{"href":"https:\/\/colegioaleman.com\/de\/wp-json\/wp\/v2\/pages"}],"about":[{"href":"https:\/\/colegioaleman.com\/de\/wp-json\/wp\/v2\/types\/page"}],"author":[{"embeddable":true,"href":"https:\/\/colegioaleman.com\/de\/wp-json\/wp\/v2\/users\/1"}],"replies":[{"embeddable":true,"href":"https:\/\/colegioaleman.com\/de\/wp-json\/wp\/v2\/comments?post=24560"}],"version-history":[{"count":2,"href":"https:\/\/colegioaleman.com\/de\/wp-json\/wp\/v2\/pages\/24560\/revisions"}],"predecessor-version":[{"id":26377,"href":"https:\/\/colegioaleman.com\/de\/wp-json\/wp\/v2\/pages\/24560\/revisions\/26377"}],"wp:featuredmedia":[{"embeddable":true,"href":"https:\/\/colegioaleman.com\/de\/wp-json\/wp\/v2\/media\/31047"}],"wp:attachment":[{"href":"https:\/\/colegioaleman.com\/de\/wp-json\/wp\/v2\/media?parent=24560"}],"curies":[{"name":"wp","href":"https:\/\/api.w.org\/{rel}","templated":true}]}}