{"id":24566,"date":"2022-07-28T06:58:23","date_gmt":"2022-07-28T06:58:23","guid":{"rendered":"https:\/\/colegioaleman.com\/stufen\/grundschule\/"},"modified":"2022-11-25T07:00:10","modified_gmt":"2022-11-25T07:00:10","slug":"grundschule","status":"publish","type":"page","link":"https:\/\/colegioaleman.com\/de\/stufen\/grundschule\/","title":{"rendered":"Grundschule"},"content":{"rendered":"\n<div style=\"height:80px\" aria-hidden=\"true\" class=\"wp-block-spacer\"><\/div>\n\n<div class=\"wp-block-columns alignfull is-layout-flex wp-container-core-columns-is-layout-9d6595d7 wp-block-columns-is-layout-flex\">\n<div class=\"wp-block-column is-layout-flow wp-block-column-is-layout-flow\" style=\"flex-basis:8.33%\"><\/div>\n\n\n\n<div class=\"wp-block-column pr-3 pl-3 is-layout-flow wp-block-column-is-layout-flow\">\n<p><strong>Grundschule<\/strong><\/p>\n\n\n\n<h2 class=\"wp-block-heading\">In den sechs Jahren der Grundschule machen unsere Sch\u00fcler eine Vielzahl an Erfahrungen und Entdeckungen, die sie ihr ganzes Leben lang begleiten werden.<\/h2>\n\n\n\n<p>Sie lernen Lesen und Schreiben, und zwar in ihrer Muttersprache und auf Deutsch.<br\/>Sie entwickeln grundlegende F\u00e4higkeiten.<br\/>Ein sehr bedeutender Schritt in ihrer Sozialisation.<\/p>\n\n\n\n<p><\/p>\n\n\n\n<ul class=\"is-style-separator-list wp-block-list\">\n<li><a href=\"#tercer-idioma\">Einf\u00fchrung der dritten Sprache<\/a><\/li>\n\n\n\n<li><a href=\"#formacion-integral\">Integrale Bildung<\/a><\/li>\n\n\n\n<li><a href=\"#acompa%C3%B1amiento\">Begleitung der Sch\u00fcler<\/a><\/li>\n\n\n\n<li><a href=\"#servicios\">Serviceangebot<\/a><\/li>\n\n\n\n<li><a href=\"#material\">Materialien<\/a><\/li>\n<\/ul>\n<\/div>\n\n\n\n<div class=\"wp-block-column is-layout-flow wp-block-column-is-layout-flow\" style=\"flex-basis:44.6%\"><div class=\"wp-block-image\">\n<figure class=\"alignright size-full\"><img fetchpriority=\"high\" decoding=\"async\" width=\"800\" height=\"582\" src=\"https:\/\/colegioaleman.com\/wp-content\/uploads\/2022\/09\/primaria.jpg\" alt=\"Grundschule\" class=\"wp-image-21612\" srcset=\"https:\/\/colegioaleman.com\/wp-content\/uploads\/2022\/09\/primaria.jpg 800w, https:\/\/colegioaleman.com\/wp-content\/uploads\/2022\/09\/primaria-300x218.jpg 300w, https:\/\/colegioaleman.com\/wp-content\/uploads\/2022\/09\/primaria-768x559.jpg 768w\" sizes=\"(max-width: 800px) 100vw, 800px\" \/><\/figure>\n<\/div>\n\n\n<div style=\"height:32px\" aria-hidden=\"true\" class=\"wp-block-spacer\"><\/div>\n\n\n\n<div class=\"wp-block-group pl-5 pr-5\"><div class=\"wp-block-group__inner-container is-layout-flow wp-block-group-is-layout-flow\">\n<h2 class=\"wp-block-heading\"><strong>6 &#8211; 12 Jahre<\/strong><\/h2>\n\n\n\n<p>In dieser Phase der \u201emittleren Kindheit\u201c werden die Sch\u00fcler mit Lerntools vertraut gemacht, die ihnen helfen, selbstst\u00e4ndig und verantwortungsbewusst zu handeln und Lerngewohnheiten zu entwickeln, die in der Sekundarstufe unabdinglich sind.<\/p>\n<\/div><\/div>\n<\/div>\n<\/div>\n\n<div style=\"height:80px\" aria-hidden=\"true\" class=\"wp-block-spacer\"><\/div>\n\n<div class=\"wp-block-columns is-layout-flex wp-container-core-columns-is-layout-9d6595d7 wp-block-columns-is-layout-flex\">\n<div class=\"wp-block-column is-layout-flow wp-block-column-is-layout-flow\" style=\"flex-basis:4.33%\"><\/div>\n\n\n\n<div class=\"wp-block-column is-layout-flow wp-block-column-is-layout-flow\">\n<h2 class=\"wp-block-heading\" id=\"tercer-idioma\">Einf\u00fchrung der dritten Sprache<\/h2>\n\n\n\n\n    <div id=\"swiper-block_bb255b3e3224228b658792409a9cf055\" class=\"swiper swiper-container-block slider-image-block\">\n        <div class=\"swiper-wrapper\">\n                            <div class=\"swiper-slide\">\n                                    <\/div>\n                            <div class=\"swiper-slide\">\n                                    <\/div>\n                    <\/div>\n        <!-- Add Pagination --> \n        <div class=\"swiper-pagination\"><\/div> \n        \n        <!-- Add Arrows -->\n        <div class=\"swiper-button-next\"><\/div>\n        <div class=\"swiper-button-prev\"><\/div>\n        \n    <\/div>\n\n\n\n<!-- Swiper JS -->\n<script src=\"https:\/\/cdn.jsdelivr.net\/npm\/swiper@8\/swiper-bundle.min.js\"><\/script>\n\n<!-- Initialize Swiper -->\n<script>\n\tvar swiper = new Swiper('#swiper-block_bb255b3e3224228b658792409a9cf055', {\n\tslidesPerView: 1,\n    autoHeight: true,\n\tnavigation: {\n        nextEl: '.swiper-button-next',\n        prevEl: '.swiper-button-prev',\n    },\n    pagination: {\n\t\tel: '.swiper-pagination',\n\t\tclickable: true,\n\t},\n\t});\n<\/script><\/div>\n<\/div>\n\n<div style=\"height:40px\" aria-hidden=\"true\" class=\"wp-block-spacer dnone-mobile\"><\/div>\n\n<div class=\"wp-block-columns is-layout-flex wp-container-core-columns-is-layout-9d6595d7 wp-block-columns-is-layout-flex\">\n<div class=\"wp-block-column dnone-mobile is-layout-flow wp-block-column-is-layout-flow\" style=\"flex-basis:4.33%\"><\/div>\n\n\n\n<div class=\"wp-block-column is-layout-flow wp-block-column-is-layout-flow\" style=\"flex-basis:41.66%\">\n<h3 class=\"wp-block-heading\">Dreisprachiger Unterricht auf Spanisch, Deutsch und Englisch.<\/h3>\n\n\n\n<p class=\"has-medium-font-size\">Um dieses Ziel zu erreichen, konzentrieren wir unsere Lehrt\u00e4tigkeit auf das Erlernen von <strong>drei Sprachen<\/strong>: <strong>Spanisch, Deutsch und Englisch.<\/strong><\/p>\n<\/div>\n\n\n\n<div class=\"wp-block-column is-layout-flow wp-block-column-is-layout-flow\">\n<p>Die deutsche Sprache ist von der ersten bis zur sechsten Klasse Bestandteil des Lehrplans. Die F\u00e4cher <strong>Deutsch<\/strong>, Kunst, Musik, Sachunterricht und \u201eTics\u201c (neue Technologien) werden auf Deutsch unterrichtet.<\/p>\n\n\n\n<p><strong>Englisch<\/strong> ist Teil des Lehrplans in der <strong>Grundschule<\/strong> und wird dank der fr\u00fchen <strong>zweisprachigen Erziehung<\/strong>, die unsere Sch\u00fcler vom Kindergartenalter an in <strong>Deutsch<\/strong> erhalten, schnell beherrscht.<\/p>\n\n\n\n<p>Dank unserer muttersprachlichen Lehrer verinnerlichen sie die verschiedenen grammatikalischen Strukturen beider Sprachen abwechselnd und gew\u00f6hnen sich auf ganz nat\u00fcrliche Weise an die Verwendung verschiedener Sprachen in ihrer t\u00e4glichen Kommunikation.<\/p>\n<\/div>\n<\/div>\n\n<div style=\"height:80px\" aria-hidden=\"true\" class=\"wp-block-spacer\"><\/div>\n\n<div class=\"wp-block-columns are-vertically-aligned-center is-layout-flex wp-container-core-columns-is-layout-9d6595d7 wp-block-columns-is-layout-flex\">\n<div class=\"wp-block-column is-vertically-aligned-center is-layout-flow wp-block-column-is-layout-flow\" style=\"flex-basis:4.33%\"><\/div>\n\n\n\n<div class=\"wp-block-column is-vertically-aligned-center is-layout-flow wp-block-column-is-layout-flow\" style=\"flex-basis:48.6%\">\n<h2 class=\"wp-block-heading\" id=\"formacion-integral\">Integrale Bildung<\/h2>\n\n\n\n<p>In dieser Grundschulphase werden verschiedene Bildungsinhalte immer wieder aufgegriffen, wie z. B.:<\/p>\n\n\n\n<ul class=\"wp-block-list\">\n<li>Kontakt mit der Natur<\/li>\n\n\n\n<li>Umwelterziehung<\/li>\n\n\n\n<li>\u00c4sthetische Bildung<\/li>\n\n\n\n<li>F\u00f6rderung sozialer Kompetenzen<\/li>\n\n\n\n<li>Zusammenleben mit Menschen anderer <strong>europ\u00e4ischer Kulturen<\/strong><\/li>\n\n\n\n<li>Verkehrserziehung<\/li>\n\n\n\n<li><strong>Kooperatives Lernen<\/strong><\/li>\n\n\n\n<li>Sexuelle affektive Erziehung<\/li>\n\n\n\n<li>Ausbau der k\u00f6rperlichen F\u00e4higkeiten<\/li>\n\n\n\n<li>Interesse an sozialen Aspekten des Umfeldes<\/li>\n<\/ul>\n\n\n\n<p>und viele weitere Inhalte&#8230;<\/p>\n\n\n\n<p>.<\/p>\n<\/div>\n\n\n\n<div class=\"wp-block-column is-vertically-aligned-center is-layout-flow wp-block-column-is-layout-flow\">\n<figure class=\"wp-block-image size-full\"><img decoding=\"async\" width=\"568\" height=\"368\" src=\"https:\/\/colegioaleman.com\/wp-content\/uploads\/2022\/09\/formacion-integral-primaria.jpg\" alt=\"Integrale Grundschulbildung\" class=\"wp-image-21610\" srcset=\"https:\/\/colegioaleman.com\/wp-content\/uploads\/2022\/09\/formacion-integral-primaria.jpg 568w, https:\/\/colegioaleman.com\/wp-content\/uploads\/2022\/09\/formacion-integral-primaria-300x194.jpg 300w\" sizes=\"(max-width: 568px) 100vw, 568px\" \/><\/figure>\n<\/div>\n<\/div>\n\n<div style=\"height:80px\" aria-hidden=\"true\" class=\"wp-block-spacer\"><\/div>\n\n<div class=\"wp-block-columns are-vertically-aligned-center is-layout-flex wp-container-core-columns-is-layout-9d6595d7 wp-block-columns-is-layout-flex\">\n<div class=\"wp-block-column is-vertically-aligned-center is-layout-flow wp-block-column-is-layout-flow\" style=\"flex-basis:4.33%\"><\/div>\n\n\n\n<div class=\"wp-block-column is-vertically-aligned-center is-layout-flow wp-block-column-is-layout-flow\">\n<figure class=\"wp-block-image size-full\"><img decoding=\"async\" width=\"568\" height=\"368\" src=\"https:\/\/colegioaleman.com\/wp-content\/uploads\/2022\/09\/acompanamiento-primaria.jpg\" alt=\"\" class=\"wp-image-21616\" srcset=\"https:\/\/colegioaleman.com\/wp-content\/uploads\/2022\/09\/acompanamiento-primaria.jpg 568w, https:\/\/colegioaleman.com\/wp-content\/uploads\/2022\/09\/acompanamiento-primaria-300x194.jpg 300w\" sizes=\"(max-width: 568px) 100vw, 568px\" \/><\/figure>\n<\/div>\n\n\n\n<div class=\"wp-block-column is-vertically-aligned-center is-layout-flow wp-block-column-is-layout-flow\" style=\"flex-basis:48.6%\">\n<h2 class=\"wp-block-heading\" id=\"acompa&#xF1;amiento\">Begleitung der Sch\u00fcler<\/h2>\n\n\n\n<p>Jeder Sch\u00fcler wird individuell und nach seinen jeweiligen Bed\u00fcrfnissen betreut. Lehrer, Tutoren, Familie und Beratungsteam arbeiten zusammen und stehen in st\u00e4ndiger Kommunikation, um bei jedem Sch\u00fcler ein H\u00f6chstma\u00df an intellektueller Kompetenz zu erreichen und die bestm\u00f6gliche pers\u00f6nliche Entwicklung zu f\u00f6rdern.<\/p>\n<\/div>\n<\/div>\n\n<div style=\"height:80px\" aria-hidden=\"true\" class=\"wp-block-spacer\"><\/div>\n\n<div class=\"wp-block-group alignfull animate has-body-white-color has-primary-100-background-color has-text-color has-background\" id=\"cta-form\"><div class=\"wp-block-group__inner-container is-layout-flow wp-block-group-is-layout-flow\">\n<div class=\"wp-block-columns has-white-color has-text-color is-layout-flex wp-container-core-columns-is-layout-9d6595d7 wp-block-columns-is-layout-flex\">\n<div class=\"wp-block-column dnone-tablet is-layout-flow wp-block-column-is-layout-flow\" style=\"flex-basis:4.33%\"><\/div>\n\n\n\n<div class=\"wp-block-column is-layout-flow wp-block-column-is-layout-flow\">\n<p><strong>Anmeldung und neue Sch\u00fcler<\/strong><\/p>\n\n\n\n<h2 class=\"wp-block-heading has-body-white-color has-text-color\">M\u00f6chten Sie Teil unserer gro\u00dfen Familie werden?<\/h2>\n\n\n\n<p>Erkundigen Sie sich f\u00fcr das n\u00e4chste Schuljahr und sichern Sie sich einen Platz an unserer Schule. Vereinbaren Sie einen Besuch an unserer Schule, bei dem Sie die Einrichtungen sehen und ein Gespr\u00e4ch mit den Lehrkr\u00e4ften f\u00fchren k\u00f6nnen.<\/p>\n<\/div>\n\n\n\n<div class=\"wp-block-column is-vertically-aligned-center is-layout-flow wp-block-column-is-layout-flow\" style=\"flex-basis:48.6%\"><div class=\"wp-block-image\">\n<figure class=\"aligncenter size-full\"><img loading=\"lazy\" decoding=\"async\" width=\"108\" height=\"78\" src=\"https:\/\/colegioaleman.com\/wp-content\/uploads\/2022\/07\/Isotipo.png\" alt=\"Deutsche Schule\" class=\"wp-image-19\"\/><\/figure>\n<\/div>\n\n\n<div class=\"wp-block-buttons is-content-justification-center is-layout-flex wp-container-core-buttons-is-layout-16018d1d wp-block-buttons-is-layout-flex\">\n<div class=\"wp-block-button is-style-outline is-style-outline--1\"><a class=\"wp-block-button__link wp-element-button\" href=\"https:\/\/colegioaleman.com\/de\/anmeldung\/informationsformular\/\" style=\"border-radius:100px\" target=\"_blank\" rel=\"noreferrer noopener\">Gehen Sie zum Informationsformular<\/a><\/div>\n<\/div>\n<\/div>\n<\/div>\n<\/div><\/div>\n\n<div class=\"wp-block-group\"><div class=\"wp-block-group__inner-container is-layout-flow wp-block-group-is-layout-flow\">\n<div style=\"height:80px\" aria-hidden=\"true\" class=\"wp-block-spacer\"><\/div>\n\n\n\n<div class=\"wp-block-columns is-layout-flex wp-container-core-columns-is-layout-9d6595d7 wp-block-columns-is-layout-flex\">\n<div class=\"wp-block-column is-layout-flow wp-block-column-is-layout-flow\" style=\"flex-basis:4.33%\"><\/div>\n\n\n\n<div class=\"wp-block-column z-index-1 has-white-color has-primary-background-color has-text-color has-background is-layout-flow wp-block-column-is-layout-flow\" style=\"flex-basis:33.3%\">\n<p class=\"has-text-align-center has-accent-yellow-color has-text-color has-x-large-font-size\"><strong>Hallo!<\/strong><\/p>\n\n\n\n<p class=\"has-text-align-center\">Ab dem ersten Tag ist die deutsche Sprache ein fester Bestandteil des Umfeldes der Kinder<\/p>\n<\/div>\n<\/div>\n\n\n\n<div class=\"wp-block-columns is-style-move-up is-layout-flex wp-container-core-columns-is-layout-9d6595d7 wp-block-columns-is-layout-flex\">\n<div class=\"wp-block-column is-layout-flow wp-block-column-is-layout-flow\" style=\"flex-basis:16.7%\"><\/div>\n\n\n\n<div class=\"wp-block-column is-layout-flow wp-block-column-is-layout-flow\">\n<figure class=\"wp-block-embed is-type-video is-provider-youtube wp-block-embed-youtube wp-embed-aspect-16-9 wp-has-aspect-ratio\"><div class=\"wp-block-embed__wrapper\">\n<iframe title=\"3\u00ba DE PRIMARIA ENTREVISTA A SU PROFESORA\" width=\"640\" height=\"360\" src=\"https:\/\/www.youtube.com\/embed\/EjDNyGuLizw?feature=oembed\" frameborder=\"0\" allow=\"accelerometer; autoplay; clipboard-write; encrypted-media; gyroscope; picture-in-picture; web-share\" referrerpolicy=\"strict-origin-when-cross-origin\" allowfullscreen><\/iframe>\n<\/div><\/figure>\n<\/div>\n\n\n\n<div class=\"wp-block-column is-layout-flow wp-block-column-is-layout-flow\" style=\"flex-basis:4.33%\"><\/div>\n<\/div>\n<\/div><\/div>\n\n<div class=\"wp-block-group\"><div class=\"wp-block-group__inner-container is-layout-flow wp-block-group-is-layout-flow\">\n<div class=\"wp-block-group\"><div class=\"wp-block-group__inner-container is-layout-flow wp-block-group-is-layout-flow\">\n<div style=\"height:80px\" aria-hidden=\"true\" class=\"wp-block-spacer\"><\/div>\n\n\n\n<div class=\"wp-block-columns is-layout-flex wp-container-core-columns-is-layout-9d6595d7 wp-block-columns-is-layout-flex\">\n<div class=\"wp-block-column is-layout-flow wp-block-column-is-layout-flow\" style=\"flex-basis:4.33%\"><\/div>\n\n\n\n<div class=\"wp-block-column is-layout-flow wp-block-column-is-layout-flow\">\n<h2 class=\"wp-block-heading\" id=\"servicios\">Serviceangebot<\/h2>\n\n\n\n\n    <div id=\"tabs--block_e019dc00f512dff596606085a8dc595b\" class=\"tabs-block\">\n        \n        <div class=\"tabs-btns\">\n                            \n                <button class=\"tab-btn\" onclick=\"openTab(event, 'Mensa')\">\n                    Mensa                <\/button>\n\n                            \n                <button class=\"tab-btn\" onclick=\"openTab(event, 'Schulbus')\">\n                    Schulbus                <\/button>\n\n                            \n                <button class=\"tab-btn\" onclick=\"openTab(event, 'Fr\u00fchbetreuung')\">\n                    Fr\u00fchbetreuung                <\/button>\n\n                            \n                <button class=\"tab-btn\" onclick=\"openTab(event, 'Nachmittagsaktivit\u00e4ten')\">\n                    Nachmittagsaktivit\u00e4ten                <\/button>\n\n               \n        <\/div>\n         \n            \n            <div id=\"Mensa\" class=\"tabs-content row\">\n                                    <div class=\"col-xs-12 col-md-4 mb-4 mt-3\">\n                        <img loading=\"lazy\" decoding=\"async\" width=\"400\" height=\"364\" src=\"https:\/\/colegioaleman.com\/wp-content\/uploads\/2022\/09\/menu-comedor-grid-.jpg\" class=\"attachment-full size-full\" alt=\"\" srcset=\"https:\/\/colegioaleman.com\/wp-content\/uploads\/2022\/09\/menu-comedor-grid-.jpg 400w, https:\/\/colegioaleman.com\/wp-content\/uploads\/2022\/09\/menu-comedor-grid--300x273.jpg 300w\" sizes=\"(max-width: 400px) 100vw, 400px\" \/>                    <\/div>\n                    \n                <div class=\"col-xs-12 col-md mb-4 mt-3\">\n                    <p>Die Sch\u00fcler und Sch\u00fclerinnen k\u00f6nnen zum Mittagessen in der Schulmensa bleiben. Unsere Schule verf\u00fcgt \u00fcber eine eigene K\u00fcche und die Speisepl\u00e4ne werden von Ern\u00e4hrungswissenschaftlern zusammengestellt.<\/p>\n<div class=\"wp-block-button is-style-theme-link\"><a class=\"wp-block-button__link\" href=\"https:\/\/colegioaleman.com\/de\/schulleben\/speiseplan-mensa\/\">Speiseplan der mensa<\/a><\/div>\n                <\/div> \n            <\/div>       \n            \n         \n            \n            <div id=\"Schulbus\" class=\"tabs-content row\">\n                                    <div class=\"col-xs-12 col-md-4 mb-4 mt-3\">\n                        <img loading=\"lazy\" decoding=\"async\" width=\"400\" height=\"364\" src=\"https:\/\/colegioaleman.com\/wp-content\/uploads\/2022\/09\/ruta-autobuses-grid.jpg\" class=\"attachment-full size-full\" alt=\"\" srcset=\"https:\/\/colegioaleman.com\/wp-content\/uploads\/2022\/09\/ruta-autobuses-grid.jpg 400w, https:\/\/colegioaleman.com\/wp-content\/uploads\/2022\/09\/ruta-autobuses-grid-300x273.jpg 300w\" sizes=\"(max-width: 400px) 100vw, 400px\" \/>                    <\/div>\n                    \n                <div class=\"col-xs-12 col-md mb-4 mt-3\">\n                    <p>Es existieren vier Schulbusrouten, die von allen Sch\u00fclern und Sch\u00fclerinnen genutzt werden k\u00f6nnen: Die Busse fahren morgens zur Schule, mittags, um zum Mittagessen nach Hause zu kommen und nachmittags, um von der Schule nach Hause zu kommen.<\/p>\n<div class=\"wp-block-button is-style-theme-link\"><a class=\"wp-block-button__link\" href=\"https:\/\/colegioaleman.com\/de\/schulleben\/schulbusrouten\/\">Schulbusrouten<\/a><\/div>\n                <\/div> \n            <\/div>       \n            \n         \n            \n            <div id=\"Fr\u00fchbetreuung\" class=\"tabs-content row\">\n                                    <div class=\"col-xs-12 col-md-4 mb-4 mt-3\">\n                        <img loading=\"lazy\" decoding=\"async\" width=\"400\" height=\"364\" src=\"https:\/\/colegioaleman.com\/wp-content\/uploads\/2022\/09\/madrugadores-grid.jpg\" class=\"attachment-full size-full\" alt=\"Madrugadores. Servicio del Coelgio Alem\u00e1n de Zaragoza\" srcset=\"https:\/\/colegioaleman.com\/wp-content\/uploads\/2022\/09\/madrugadores-grid.jpg 400w, https:\/\/colegioaleman.com\/wp-content\/uploads\/2022\/09\/madrugadores-grid-300x273.jpg 300w\" sizes=\"(max-width: 400px) 100vw, 400px\" \/>                    <\/div>\n                    \n                <div class=\"col-xs-12 col-md mb-4 mt-3\">\n                    <p>Wenn Sie eine Betreuung vor Schulbeginn f\u00fcr Ihre Kinder ben\u00f6tigen, steht Ihnen unsere Fr\u00fchbetreuung zur Verf\u00fcgung. Dort werden Kinder jeden Alters betreut und sie kann t\u00e4glich oder auch nur sporadisch genutzt werden.<\/p>\n<div class=\"wp-block-button is-style-theme-link\"><a class=\"wp-block-button__link\" href=\"https:\/\/colegioaleman.com\/de\/schulleben\/fruhbetreuung\/\">Fr\u00fchbetreuung<\/a><\/div>\n                <\/div> \n            <\/div>       \n            \n         \n            \n            <div id=\"Nachmittagsaktivit\u00e4ten\" class=\"tabs-content row\">\n                                    <div class=\"col-xs-12 col-md-4 mb-4 mt-3\">\n                        <img loading=\"lazy\" decoding=\"async\" width=\"400\" height=\"364\" src=\"https:\/\/colegioaleman.com\/wp-content\/uploads\/2022\/09\/extraescolares-grid.jpg\" class=\"attachment-full size-full\" alt=\"\" srcset=\"https:\/\/colegioaleman.com\/wp-content\/uploads\/2022\/09\/extraescolares-grid.jpg 400w, https:\/\/colegioaleman.com\/wp-content\/uploads\/2022\/09\/extraescolares-grid-300x273.jpg 300w\" sizes=\"(max-width: 400px) 100vw, 400px\" \/>                    <\/div>\n                    \n                <div class=\"col-xs-12 col-md mb-4 mt-3\">\n                    <p>Die Nachmittagsaktivit\u00e4ten finden au\u00dferhalb der regul\u00e4ren Unterrichtszeit statt. Sie sind unterhaltsam, lehrreich und st\u00e4rken das Gef\u00fchl der Zugeh\u00f6rigkeit zur Gruppe und zur Schule.<\/p>\n<div class=\"wp-block-button is-style-theme-link\"><a class=\"wp-block-button__link\" href=\"https:\/\/colegioaleman.com\/de\/schulleben\/nachmittagsaktivitaten\/\">Nachmittagsaktivit\u00e4ten<\/a><\/div>\n                <\/div> \n            <\/div>       \n            \n            <\/div>\n\n<script>\n    function openTab(evt, tabName) {\n  \/\/ Declare all variables\n  var i, tabcontent, tablinks;\n\n  \/\/ Get all elements with class=\"tabcontent\" and hide them\n  tabcontent = document.getElementsByClassName(\"tabs-content\");\n  for (i = 0; i < tabcontent.length; i++) {\n    tabcontent[i].style.display = \"none\";\n  }\n\n  \/\/ Get all elements with class=\"tablinks\" and remove the class \"active\"\n  tablinks = document.getElementsByClassName(\"tab-btn\");\n  for (i = 0; i < tablinks.length; i++) {\n    tablinks[i].className = tablinks[i].className.replace(\" active\", \"\");\n  }\n\n  \/\/ Show the current tab, and add an \"active\" class to the button that opened the tab\n  document.getElementById(tabName).style.display = \"flex\";\n  evt.currentTarget.className += \" active\";\n}\n<\/script>\n\n<\/div>\n<\/div>\n<\/div><\/div>\n\n\n\n<div class=\"wp-block-group\"><div class=\"wp-block-group__inner-container is-layout-flow wp-block-group-is-layout-flow\">\n<div style=\"height:80px\" aria-hidden=\"true\" class=\"wp-block-spacer\"><\/div>\n\n\n\n<div class=\"wp-block-columns is-layout-flex wp-container-core-columns-is-layout-9d6595d7 wp-block-columns-is-layout-flex\">\n<div class=\"wp-block-column is-layout-flow wp-block-column-is-layout-flow\" style=\"flex-basis:4.33%\"><\/div>\n\n\n\n<div class=\"wp-block-column is-layout-flow wp-block-column-is-layout-flow\">\n<h2 class=\"wp-block-heading\" id=\"material\">Materialien<\/h2>\n\n\n\n<p>Hier erhalten sie alle Informationen zu Schulb\u00fcchern und erforderlichen Materialien, \u00fcber die zur Verf\u00fcgung stehen Speisepl\u00e4ne der Mensa, zu Feiertagen, Ferien und Schultagen sowie zu den Routen, Haltestellen und Abfahrtzeiten der Schulbusse.<\/p>\n\n\n\n<div style=\"height:40px\" aria-hidden=\"true\" class=\"wp-block-spacer\"><\/div>\n\n\n\n<div class=\"wp-block-columns is-layout-flex wp-container-core-columns-is-layout-9d6595d7 wp-block-columns-is-layout-flex\">\n<div class=\"wp-block-column is-layout-flow wp-block-column-is-layout-flow\">\n<ul class=\"wp-block-list\">\n<li><a href=\"https:\/\/colegioaleman.com\/de\/schulleben\/schulbucher-und-materialien\/\" data-type=\"page\" data-id=\"615\">Schulb\u00fccher und Unterrichtsmaterialien<\/a><\/li>\n\n\n\n<li><a href=\"https:\/\/colegioaleman.com\/de\/zweisprachige-schule\/sprachimmersion\/\" data-type=\"page\" data-id=\"582\">Die Sprachimmersion<\/a><\/li>\n<\/ul>\n<\/div>\n\n\n\n<div class=\"wp-block-column is-layout-flow wp-block-column-is-layout-flow\">\n<ul class=\"wp-block-list\">\n<li><a href=\"https:\/\/colegioaleman.com\/de\/schulleben\/schulkalender\/\" data-type=\"page\" data-id=\"609\">Schulkalender<\/a><\/li>\n\n\n\n<li><a href=\"https:\/\/colegioaleman.com\/de\/schulleben\/berufsorientierung\/\" data-type=\"page\" data-id=\"602\">Berufsorientierung<\/a><\/li>\n<\/ul>\n<\/div>\n<\/div>\n<\/div>\n<\/div>\n\n\n\n<div style=\"height:80px\" aria-hidden=\"true\" class=\"wp-block-spacer\"><\/div>\n<\/div><\/div>\n<\/div><\/div>\n\n<div class=\"wp-block-columns is-layout-flex wp-container-core-columns-is-layout-9d6595d7 wp-block-columns-is-layout-flex\">\n<div class=\"wp-block-column is-vertically-aligned-top dnone-tablet is-layout-flow wp-block-column-is-layout-flow\" style=\"flex-basis:4.3%\"><\/div>\n\n\n\n<div class=\"wp-block-column is-layout-flow wp-block-column-is-layout-flow\">\n<h2 class=\"has-text-align-center wp-block-heading\">Noticias relacionadas<\/h2>\n\n\n\n<div class=\"wp-block-query is-layout-flow wp-block-query-is-layout-flow\">\n\n<div class=\"wp-block-query-no-results\">\n\n<p><\/p>\n\n<\/div><\/div>\n<\/div>\n<\/div>\n","protected":false},"excerpt":{"rendered":"<p>Grundschule In den sechs Jahren der Grundschule machen unsere Sch\u00fcler eine Vielzahl an Erfahrungen und Entdeckungen, die sie ihr ganzes Leben lang begleiten werden. Sie lernen Lesen und Schreiben, und zwar in ihrer Muttersprache und auf Deutsch.Sie entwickeln grundlegende F\u00e4higkeiten.Ein sehr bedeutender Schritt in ihrer Sozialisation. 6 &#8211; 12 Jahre In dieser Phase der \u201emittleren [&hellip;]<\/p>\n","protected":false},"author":1,"featured_media":0,"parent":24560,"menu_order":0,"comment_status":"closed","ping_status":"closed","template":"","meta":{"_acf_changed":false,"inline_featured_image":false,"footnotes":""},"class_list":["post-24566","page","type-page","status-publish","hentry"],"acf":[],"_links":{"self":[{"href":"https:\/\/colegioaleman.com\/de\/wp-json\/wp\/v2\/pages\/24566","targetHints":{"allow":["GET"]}}],"collection":[{"href":"https:\/\/colegioaleman.com\/de\/wp-json\/wp\/v2\/pages"}],"about":[{"href":"https:\/\/colegioaleman.com\/de\/wp-json\/wp\/v2\/types\/page"}],"author":[{"embeddable":true,"href":"https:\/\/colegioaleman.com\/de\/wp-json\/wp\/v2\/users\/1"}],"replies":[{"embeddable":true,"href":"https:\/\/colegioaleman.com\/de\/wp-json\/wp\/v2\/comments?post=24566"}],"version-history":[{"count":8,"href":"https:\/\/colegioaleman.com\/de\/wp-json\/wp\/v2\/pages\/24566\/revisions"}],"predecessor-version":[{"id":25040,"href":"https:\/\/colegioaleman.com\/de\/wp-json\/wp\/v2\/pages\/24566\/revisions\/25040"}],"up":[{"embeddable":true,"href":"https:\/\/colegioaleman.com\/de\/wp-json\/wp\/v2\/pages\/24560"}],"wp:attachment":[{"href":"https:\/\/colegioaleman.com\/de\/wp-json\/wp\/v2\/media?parent=24566"}],"curies":[{"name":"wp","href":"https:\/\/api.w.org\/{rel}","templated":true}]}}