{"id":24569,"date":"2022-07-28T06:58:50","date_gmt":"2022-07-28T06:58:50","guid":{"rendered":"https:\/\/colegioaleman.com\/stufen\/sekundarstufe-ii\/"},"modified":"2022-11-25T07:04:09","modified_gmt":"2022-11-25T07:04:09","slug":"sekundarstufe-ii","status":"publish","type":"page","link":"https:\/\/colegioaleman.com\/de\/stufen\/sekundarstufe-ii\/","title":{"rendered":"Sekundarstufe II"},"content":{"rendered":"\n<div style=\"height:80px\" aria-hidden=\"true\" class=\"wp-block-spacer\"><\/div>\n\n<div class=\"wp-block-columns alignfull is-layout-flex wp-container-core-columns-is-layout-9d6595d7 wp-block-columns-is-layout-flex\">\n<div class=\"wp-block-column is-layout-flow wp-block-column-is-layout-flow\" style=\"flex-basis:8.33%\"><\/div>\n\n\n\n<div class=\"wp-block-column pr-3 pl-3 is-layout-flow wp-block-column-is-layout-flow\">\n<p><strong>Sekundarstufe II<\/strong><\/p>\n\n\n\n<h2 class=\"wp-block-heading\"><strong>Nach erfolgreichem Abschluss der Sekundarstufe I beginnen unsere Sch\u00fcler und Sch\u00fclerinnen mit der Sekundarstufe II (Oberstufe).<\/strong><\/h2>\n\n\n\n<p>Sie k\u00f6nnen sich ab nun spezialisieren auf Naturwissenschaften (Biologie und Technik), Humanwissenschaften und Sozialwissenschaften.<\/p>\n\n\n\n<p><\/p>\n\n\n\n<ul class=\"is-style-separator-list wp-block-list\">\n<li><a href=\"#personas\">Technisch begabte und entschlossene Personen<\/a><\/li>\n\n\n\n<li><a href=\"#espiritu-emprendedor\">Unternehmergeist<\/a><\/li>\n\n\n\n<li><a href=\"#sch%C3%BClerpraktikum\">Sch\u00fclerpraktikum in Berlin<\/a><\/li>\n\n\n\n<li><a href=\"#servicios\">Serviceangebot<\/a><\/li>\n\n\n\n<li><a href=\"#material\">Materialien<\/a><\/li>\n<\/ul>\n<\/div>\n\n\n\n<div class=\"wp-block-column is-layout-flow wp-block-column-is-layout-flow\" style=\"flex-basis:44.6%\"><div class=\"wp-block-image\">\n<figure class=\"alignright size-full\"><img fetchpriority=\"high\" decoding=\"async\" width=\"800\" height=\"582\" src=\"https:\/\/colegioaleman.com\/wp-content\/uploads\/2022\/09\/bachillerato.jpg\" alt=\"\" class=\"wp-image-21649\" srcset=\"https:\/\/colegioaleman.com\/wp-content\/uploads\/2022\/09\/bachillerato.jpg 800w, https:\/\/colegioaleman.com\/wp-content\/uploads\/2022\/09\/bachillerato-300x218.jpg 300w, https:\/\/colegioaleman.com\/wp-content\/uploads\/2022\/09\/bachillerato-768x559.jpg 768w\" sizes=\"(max-width: 800px) 100vw, 800px\" \/><\/figure>\n<\/div>\n\n\n<div style=\"height:32px\" aria-hidden=\"true\" class=\"wp-block-spacer\"><\/div>\n\n\n\n<div class=\"wp-block-group pl-5 pr-5\"><div class=\"wp-block-group__inner-container is-layout-flow wp-block-group-is-layout-flow\">\n<h2 class=\"wp-block-heading\"><strong>16 &#8211; 18 Jahre<\/strong><\/h2>\n\n\n\n<p>In der Sekundarstufe II begleiten wir unsere Sch\u00fcler und Sch\u00fclerinnen in ihrem Reifeprozess, damit sie ihre akademischen Ziele erreichen und zum Hochschulstudium zugelassen werden.<\/p>\n<\/div><\/div>\n<\/div>\n<\/div>\n\n<div style=\"height:80px\" aria-hidden=\"true\" class=\"wp-block-spacer\"><\/div>\n\n<div class=\"wp-block-columns is-layout-flex wp-container-core-columns-is-layout-9d6595d7 wp-block-columns-is-layout-flex\">\n<div class=\"wp-block-column is-layout-flow wp-block-column-is-layout-flow\" style=\"flex-basis:4.33%\"><\/div>\n\n\n\n<div class=\"wp-block-column is-layout-flow wp-block-column-is-layout-flow\">\n\n    <div id=\"swiper-block_cbc1f00f302ac2f0b4b09b006eae9636\" class=\"swiper swiper-container-block slider-image-block\">\n        <div class=\"swiper-wrapper\">\n                            <div class=\"swiper-slide\">\n                                            <figure>\n                            <img decoding=\"async\" src=\"https:\/\/colegioaleman.com\/wp-content\/uploads\/2022\/09\/laboratorio-bachillerato.jpg\" alt=\"\" \/>\n                            <figcaption>Sie entdecken, was sie gerne beruflich machen w\u00fcrden.<\/figcaption>\n                        <\/figure>\n                                    <\/div>\n                            <div class=\"swiper-slide\">\n                                            <figure>\n                            <img decoding=\"async\" src=\"https:\/\/colegioaleman.com\/wp-content\/uploads\/2022\/09\/biblioteca-bachillerato.jpg\" alt=\"\" \/>\n                            <figcaption>Unseren Sch\u00fclern wird bewusst, dass jeder Schritt, den sie machen, ein Schritt in die richtige Richtung ist, um ihre F\u00e4higkeiten und ihr Selbstbewusstsein auszubauen.<\/figcaption>\n                        <\/figure>\n                                    <\/div>\n                    <\/div>\n        <!-- Add Pagination --> \n        <div class=\"swiper-pagination\"><\/div> \n        \n        <!-- Add Arrows -->\n        <div class=\"swiper-button-next\"><\/div>\n        <div class=\"swiper-button-prev\"><\/div>\n        \n    <\/div>\n\n\n\n<!-- Swiper JS -->\n<script src=\"https:\/\/cdn.jsdelivr.net\/npm\/swiper@8\/swiper-bundle.min.js\"><\/script>\n\n<!-- Initialize Swiper -->\n<script>\n\tvar swiper = new Swiper('#swiper-block_cbc1f00f302ac2f0b4b09b006eae9636', {\n\tslidesPerView: 1,\n    autoHeight: true,\n\tnavigation: {\n        nextEl: '.swiper-button-next',\n        prevEl: '.swiper-button-prev',\n    },\n    pagination: {\n\t\tel: '.swiper-pagination',\n\t\tclickable: true,\n\t},\n\t});\n<\/script><\/div>\n<\/div>\n\n<div style=\"height:80px\" aria-hidden=\"true\" class=\"wp-block-spacer\"><\/div>\n\n<div class=\"wp-block-columns are-vertically-aligned-center is-layout-flex wp-container-core-columns-is-layout-9d6595d7 wp-block-columns-is-layout-flex\">\n<div class=\"wp-block-column is-vertically-aligned-center is-layout-flow wp-block-column-is-layout-flow\" style=\"flex-basis:4.33%\"><\/div>\n\n\n\n<div class=\"wp-block-column is-vertically-aligned-center is-layout-flow wp-block-column-is-layout-flow\" style=\"flex-basis:48.6%\">\n<h2 class=\"wp-block-heading\" id=\"personas\">Technisch begabte und entschlossene Personen<\/h2>\n\n\n\n<p>Nach Abschluss der Oberstufe sind die Sch\u00fcler und Sch\u00fclerinnen in der Lage, Informations- und Kommunikationstechnologien in ihrer t\u00e4glichen Arbeit und in ihrem Studium verantwortungsvoll zu nutzen.<\/p>\n<\/div>\n\n\n\n<div class=\"wp-block-column is-vertically-aligned-center is-layout-flow wp-block-column-is-layout-flow\">\n<figure class=\"wp-block-image size-full\"><img decoding=\"async\" width=\"568\" height=\"368\" src=\"https:\/\/colegioaleman.com\/wp-content\/uploads\/2022\/09\/personas-resolutivas-bachillerato.jpg\" alt=\"\" class=\"wp-image-21655\" srcset=\"https:\/\/colegioaleman.com\/wp-content\/uploads\/2022\/09\/personas-resolutivas-bachillerato.jpg 568w, https:\/\/colegioaleman.com\/wp-content\/uploads\/2022\/09\/personas-resolutivas-bachillerato-300x194.jpg 300w\" sizes=\"(max-width: 568px) 100vw, 568px\" \/><\/figure>\n<\/div>\n<\/div>\n\n<div style=\"height:80px\" aria-hidden=\"true\" class=\"wp-block-spacer\"><\/div>\n\n<div class=\"wp-block-columns is-layout-flex wp-container-core-columns-is-layout-9d6595d7 wp-block-columns-is-layout-flex\">\n<div class=\"wp-block-column dnone-mobile is-layout-flow wp-block-column-is-layout-flow\" style=\"flex-basis:4.33%\"><\/div>\n\n\n\n<div class=\"wp-block-column is-layout-flow wp-block-column-is-layout-flow\">\n<h2 class=\"wp-block-heading\" id=\"espiritu-emprendedor\">St\u00e4rkung ihres Unternehmergeistes<\/h2>\n<\/div>\n\n\n\n<div class=\"wp-block-column is-layout-flow wp-block-column-is-layout-flow\" style=\"flex-basis:48.6%\">\n<p class=\"has-medium-font-size\">Sie organisieren Aktivit\u00e4ten, die ihre pers\u00f6nliche und akademische Entwicklung f\u00f6rdern. Dank Kreativit\u00e4t, Flexibilit\u00e4t, Unternehmungslust, Teamarbeit, Respekt, Selbstvertrauen und Gro\u00dfz\u00fcgigkeit st\u00e4rken sie ihren Unternehmergeist.<\/p>\n<\/div>\n<\/div>\n\n<div style=\"height:80px\" aria-hidden=\"true\" class=\"wp-block-spacer\"><\/div>\n\n<div class=\"wp-block-columns is-layout-flex wp-container-core-columns-is-layout-9d6595d7 wp-block-columns-is-layout-flex\">\n<div class=\"wp-block-column is-layout-flow wp-block-column-is-layout-flow\" style=\"flex-basis:4.33%\"><\/div>\n\n\n\n<div class=\"wp-block-column is-layout-flow wp-block-column-is-layout-flow\" style=\"flex-basis:48.6%\">\n<h2 class=\"wp-block-heading\" id=\"sch&#xFC;lerpraktikum\">Sch\u00fclerpraktikum in Berlin<\/h2>\n\n\n\n<p>Ab dem Alter von 16 Jahren k\u00f6nnen unsere Sch\u00fcler und Sch\u00fclerinnen am Programm <strong>Sch\u00fclerpraktikum in Berlin<\/strong>, eine Immersion in die deutsche Sprache und Kultur. <strong>Sie werden im Monat Juni ein 15-t\u00e4giges Praktikum in einem deutschen Unternehmen absolvieren.<\/strong> Zu den teilnehmenden Unternehmen z\u00e4hlen unter anderen Siemens, Bayer, Telekom, Krankenh\u00e4user, Kinderg\u00e4rten, Anwaltskanzleien, Architektenb\u00fcros usw.<\/p>\n<\/div>\n\n\n\n<div class=\"wp-block-column is-layout-flow wp-block-column-is-layout-flow\">\n<figure class=\"wp-block-image size-full\"><img decoding=\"async\" width=\"1008\" height=\"544\" src=\"https:\/\/colegioaleman.com\/wp-content\/uploads\/2022\/09\/practicas-Berlin.jpg\" alt=\"Einrichtung in Berlin. Sch&#xFC;lerpraktikum der Deutschen Schule von Zaragoza\" class=\"wp-image-22422\" srcset=\"https:\/\/colegioaleman.com\/wp-content\/uploads\/2022\/09\/practicas-Berlin.jpg 1008w, https:\/\/colegioaleman.com\/wp-content\/uploads\/2022\/09\/practicas-Berlin-300x162.jpg 300w, https:\/\/colegioaleman.com\/wp-content\/uploads\/2022\/09\/practicas-Berlin-768x414.jpg 768w\" sizes=\"(max-width: 1008px) 100vw, 1008px\" \/><\/figure>\n<\/div>\n<\/div>\n\n<div style=\"height:80px\" aria-hidden=\"true\" class=\"wp-block-spacer\"><\/div>\n\n<div class=\"wp-block-group alignfull animate has-body-white-color has-primary-100-background-color has-text-color has-background\" id=\"cta-form\"><div class=\"wp-block-group__inner-container is-layout-flow wp-block-group-is-layout-flow\">\n<div class=\"wp-block-columns has-white-color has-text-color is-layout-flex wp-container-core-columns-is-layout-9d6595d7 wp-block-columns-is-layout-flex\">\n<div class=\"wp-block-column dnone-tablet is-layout-flow wp-block-column-is-layout-flow\" style=\"flex-basis:4.33%\"><\/div>\n\n\n\n<div class=\"wp-block-column is-layout-flow wp-block-column-is-layout-flow\">\n<p><strong>Anmeldung und neue Sch\u00fcler<\/strong><\/p>\n\n\n\n<h2 class=\"wp-block-heading has-body-white-color has-text-color\">M\u00f6chten Sie Teil unserer gro\u00dfen Familie werden?<\/h2>\n\n\n\n<p>Erkundigen Sie sich f\u00fcr das n\u00e4chste Schuljahr und sichern Sie sich einen Platz an unserer Schule. Vereinbaren Sie einen Besuch an unserer Schule, bei dem Sie die Einrichtungen sehen und ein Gespr\u00e4ch mit den Lehrkr\u00e4ften f\u00fchren k\u00f6nnen.<\/p>\n<\/div>\n\n\n\n<div class=\"wp-block-column is-vertically-aligned-center is-layout-flow wp-block-column-is-layout-flow\" style=\"flex-basis:48.6%\"><div class=\"wp-block-image\">\n<figure class=\"aligncenter size-full\"><img loading=\"lazy\" decoding=\"async\" width=\"108\" height=\"78\" src=\"https:\/\/colegioaleman.com\/wp-content\/uploads\/2022\/07\/Isotipo.png\" alt=\"Deutsche Schule\" class=\"wp-image-19\"\/><\/figure>\n<\/div>\n\n\n<div class=\"wp-block-buttons is-content-justification-center is-layout-flex wp-container-core-buttons-is-layout-16018d1d wp-block-buttons-is-layout-flex\">\n<div class=\"wp-block-button is-style-outline is-style-outline--1\"><a class=\"wp-block-button__link wp-element-button\" href=\"https:\/\/colegioaleman.com\/de\/anmeldung\/informationsformular\/\" style=\"border-radius:100px\" target=\"_blank\" rel=\"noreferrer noopener\">Gehen Sie zum Informationsformular<\/a><\/div>\n<\/div>\n<\/div>\n<\/div>\n<\/div><\/div>\n\n<div class=\"wp-block-group\"><div class=\"wp-block-group__inner-container is-layout-flow wp-block-group-is-layout-flow\">\n<div style=\"height:80px\" aria-hidden=\"true\" class=\"wp-block-spacer\"><\/div>\n\n\n\n<div class=\"wp-block-columns is-layout-flex wp-container-core-columns-is-layout-9d6595d7 wp-block-columns-is-layout-flex\">\n<div class=\"wp-block-column is-layout-flow wp-block-column-is-layout-flow\" style=\"flex-basis:4.33%\"><\/div>\n\n\n\n<div class=\"wp-block-column is-layout-flow wp-block-column-is-layout-flow\">\n<h2 class=\"wp-block-heading\" id=\"servicios\">Serviceangebot<\/h2>\n\n\n\n\n    <div id=\"tabs--block_3d00b0afb9843a8010a3c15bdd1018b9\" class=\"tabs-block\">\n        \n        <div class=\"tabs-btns\">\n                            \n                <button class=\"tab-btn\" onclick=\"openTab(event, 'Mensa')\">\n                    Mensa                <\/button>\n\n                            \n                <button class=\"tab-btn\" onclick=\"openTab(event, 'Schulbus')\">\n                    Schulbus                <\/button>\n\n                            \n                <button class=\"tab-btn\" onclick=\"openTab(event, 'Fr\u00fchbetreuung')\">\n                    Fr\u00fchbetreuung                <\/button>\n\n                            \n                <button class=\"tab-btn\" onclick=\"openTab(event, 'Nachmittagsaktivit\u00e4ten')\">\n                    Nachmittagsaktivit\u00e4ten                <\/button>\n\n               \n        <\/div>\n         \n            \n            <div id=\"Mensa\" class=\"tabs-content row\">\n                                    <div class=\"col-xs-12 col-md-4 mb-4 mt-3\">\n                        <img loading=\"lazy\" decoding=\"async\" width=\"400\" height=\"364\" src=\"https:\/\/colegioaleman.com\/wp-content\/uploads\/2022\/09\/menu-comedor-grid-.jpg\" class=\"attachment-full size-full\" alt=\"\" srcset=\"https:\/\/colegioaleman.com\/wp-content\/uploads\/2022\/09\/menu-comedor-grid-.jpg 400w, https:\/\/colegioaleman.com\/wp-content\/uploads\/2022\/09\/menu-comedor-grid--300x273.jpg 300w\" sizes=\"(max-width: 400px) 100vw, 400px\" \/>                    <\/div>\n                    \n                <div class=\"col-xs-12 col-md mb-4 mt-3\">\n                    <p>Die Sch\u00fcler und Sch\u00fclerinnen k\u00f6nnen zum Mittagessen in der Schulmensa bleiben. Unsere Schule verf\u00fcgt \u00fcber eine eigene K\u00fcche und die Speisepl\u00e4ne werden von Ern\u00e4hrungswissenschaftlern zusammengestellt.<\/p>\n<div class=\"wp-block-button is-style-theme-link\"><a class=\"wp-block-button__link\" href=\"https:\/\/colegioaleman.com\/de\/schulleben\/speiseplan-mensa\/\">Speiseplan der mensa<\/a><\/div>\n                <\/div> \n            <\/div>       \n            \n         \n            \n            <div id=\"Schulbus\" class=\"tabs-content row\">\n                                    <div class=\"col-xs-12 col-md-4 mb-4 mt-3\">\n                        <img loading=\"lazy\" decoding=\"async\" width=\"400\" height=\"364\" src=\"https:\/\/colegioaleman.com\/wp-content\/uploads\/2022\/09\/ruta-autobuses-grid.jpg\" class=\"attachment-full size-full\" alt=\"\" srcset=\"https:\/\/colegioaleman.com\/wp-content\/uploads\/2022\/09\/ruta-autobuses-grid.jpg 400w, https:\/\/colegioaleman.com\/wp-content\/uploads\/2022\/09\/ruta-autobuses-grid-300x273.jpg 300w\" sizes=\"(max-width: 400px) 100vw, 400px\" \/>                    <\/div>\n                    \n                <div class=\"col-xs-12 col-md mb-4 mt-3\">\n                    <p>Es existieren vier Schulbusrouten, die von allen Sch\u00fclern und Sch\u00fclerinnen genutzt werden k\u00f6nnen: Die Busse fahren morgens zur Schule, mittags, um zum Mittagessen nach Hause zu kommen und nachmittags, um von der Schule nach Hause zu kommen.<\/p>\n<div class=\"wp-block-button is-style-theme-link\"><a class=\"wp-block-button__link\" href=\"https:\/\/colegioaleman.com\/de\/schulleben\/schulbusrouten\/\">Schulbusrouten<\/a><\/div>\n                <\/div> \n            <\/div>       \n            \n         \n            \n            <div id=\"Fr\u00fchbetreuung\" class=\"tabs-content row\">\n                                    <div class=\"col-xs-12 col-md-4 mb-4 mt-3\">\n                        <img loading=\"lazy\" decoding=\"async\" width=\"400\" height=\"364\" src=\"https:\/\/colegioaleman.com\/wp-content\/uploads\/2022\/09\/madrugadores-grid.jpg\" class=\"attachment-full size-full\" alt=\"Madrugadores. Servicio del Coelgio Alem\u00e1n de Zaragoza\" srcset=\"https:\/\/colegioaleman.com\/wp-content\/uploads\/2022\/09\/madrugadores-grid.jpg 400w, https:\/\/colegioaleman.com\/wp-content\/uploads\/2022\/09\/madrugadores-grid-300x273.jpg 300w\" sizes=\"(max-width: 400px) 100vw, 400px\" \/>                    <\/div>\n                    \n                <div class=\"col-xs-12 col-md mb-4 mt-3\">\n                    <p>Wenn Sie eine Betreuung vor Schulbeginn f\u00fcr Ihre Kinder ben\u00f6tigen, steht Ihnen unsere Fr\u00fchbetreuung zur Verf\u00fcgung. Dort werden Kinder jeden Alters betreut und sie kann t\u00e4glich oder auch nur sporadisch genutzt werden.<\/p>\n<div class=\"wp-block-button is-style-theme-link\"><a class=\"wp-block-button__link\" href=\"https:\/\/colegioaleman.com\/de\/schulleben\/fruhbetreuung\/\">Fr\u00fchbetreuung<\/a><\/div>\n                <\/div> \n            <\/div>       \n            \n         \n            \n            <div id=\"Nachmittagsaktivit\u00e4ten\" class=\"tabs-content row\">\n                                    <div class=\"col-xs-12 col-md-4 mb-4 mt-3\">\n                        <img loading=\"lazy\" decoding=\"async\" width=\"400\" height=\"364\" src=\"https:\/\/colegioaleman.com\/wp-content\/uploads\/2022\/09\/extraescolares-grid.jpg\" class=\"attachment-full size-full\" alt=\"\" srcset=\"https:\/\/colegioaleman.com\/wp-content\/uploads\/2022\/09\/extraescolares-grid.jpg 400w, https:\/\/colegioaleman.com\/wp-content\/uploads\/2022\/09\/extraescolares-grid-300x273.jpg 300w\" sizes=\"(max-width: 400px) 100vw, 400px\" \/>                    <\/div>\n                    \n                <div class=\"col-xs-12 col-md mb-4 mt-3\">\n                    <p>Die Nachmittagsaktivit\u00e4ten finden au\u00dferhalb der regul\u00e4ren Unterrichtszeit statt. Sie sind unterhaltsam, lehrreich und st\u00e4rken das Gef\u00fchl der Zugeh\u00f6rigkeit zur Gruppe und zur Schule.<\/p>\n<div class=\"wp-block-button is-style-theme-link\"><a class=\"wp-block-button__link\" href=\"https:\/\/colegioaleman.com\/de\/schulleben\/nachmittagsaktivitaten\/\">Nachmittagsaktivit\u00e4ten<\/a><\/div>\n                <\/div> \n            <\/div>       \n            \n            <\/div>\n\n<script>\n    function openTab(evt, tabName) {\n  \/\/ Declare all variables\n  var i, tabcontent, tablinks;\n\n  \/\/ Get all elements with class=\"tabcontent\" and hide them\n  tabcontent = document.getElementsByClassName(\"tabs-content\");\n  for (i = 0; i < tabcontent.length; i++) {\n    tabcontent[i].style.display = \"none\";\n  }\n\n  \/\/ Get all elements with class=\"tablinks\" and remove the class \"active\"\n  tablinks = document.getElementsByClassName(\"tab-btn\");\n  for (i = 0; i < tablinks.length; i++) {\n    tablinks[i].className = tablinks[i].className.replace(\" active\", \"\");\n  }\n\n  \/\/ Show the current tab, and add an \"active\" class to the button that opened the tab\n  document.getElementById(tabName).style.display = \"flex\";\n  evt.currentTarget.className += \" active\";\n}\n<\/script>\n\n<\/div>\n<\/div>\n<\/div><\/div>\n\n<div class=\"wp-block-group\"><div class=\"wp-block-group__inner-container is-layout-flow wp-block-group-is-layout-flow\">\n<div style=\"height:80px\" aria-hidden=\"true\" class=\"wp-block-spacer\"><\/div>\n\n\n\n<div class=\"wp-block-columns is-layout-flex wp-container-core-columns-is-layout-9d6595d7 wp-block-columns-is-layout-flex\">\n<div class=\"wp-block-column is-layout-flow wp-block-column-is-layout-flow\" style=\"flex-basis:4.33%\"><\/div>\n\n\n\n<div class=\"wp-block-column is-layout-flow wp-block-column-is-layout-flow\">\n<h2 class=\"wp-block-heading\" id=\"material\">Materialien<\/h2>\n\n\n\n<p>Hier erhalten sie alle Informationen zu Schulb\u00fcchern und erforderlichen Materialien, \u00fcber die zur Verf\u00fcgung stehen Speisepl\u00e4ne der Mensa, zu Feiertagen, Ferien und Schultagen sowie zu den Routen, Haltestellen und Abfahrtzeiten der Schulbusse.<\/p>\n\n\n\n<div style=\"height:40px\" aria-hidden=\"true\" class=\"wp-block-spacer\"><\/div>\n\n\n\n<div class=\"wp-block-columns is-layout-flex wp-container-core-columns-is-layout-9d6595d7 wp-block-columns-is-layout-flex\">\n<div class=\"wp-block-column is-layout-flow wp-block-column-is-layout-flow\">\n<ul class=\"wp-block-list\">\n<li><a href=\"https:\/\/colegioaleman.com\/de\/schulleben\/schulbucher-und-materialien\/\" data-type=\"page\" data-id=\"615\">Schulb\u00fccher und Unterrichtsmaterialien<\/a><\/li>\n\n\n\n<li><a href=\"https:\/\/colegioaleman.com\/de\/zweisprachige-schule\/sprachimmersion\/\" data-type=\"page\" data-id=\"582\">Erasmus<\/a><\/li>\n<\/ul>\n<\/div>\n\n\n\n<div class=\"wp-block-column is-layout-flow wp-block-column-is-layout-flow\">\n<ul class=\"wp-block-list\">\n<li><a href=\"https:\/\/colegioaleman.com\/de\/schulleben\/schulkalender\/\" data-type=\"page\" data-id=\"609\">Schulkalender<\/a><\/li>\n\n\n\n<li><a href=\"https:\/\/colegioaleman.com\/de\/zweisprachige-schule\/schulerpraktikum-im-ausland\/\">Sch\u00fclerpraktikum im Ausland<\/a><\/li>\n<\/ul>\n<\/div>\n<\/div>\n<\/div>\n<\/div>\n\n\n\n<div style=\"height:80px\" aria-hidden=\"true\" class=\"wp-block-spacer\"><\/div>\n<\/div><\/div>\n\n<div class=\"wp-block-columns is-layout-flex wp-container-core-columns-is-layout-9d6595d7 wp-block-columns-is-layout-flex\">\n<div class=\"wp-block-column is-vertically-aligned-top dnone-tablet is-layout-flow wp-block-column-is-layout-flow\" style=\"flex-basis:4.3%\"><\/div>\n\n\n\n<div class=\"wp-block-column is-layout-flow wp-block-column-is-layout-flow\">\n<h2 class=\"has-text-align-center wp-block-heading\">Noticias relacionadas<\/h2>\n\n\n\n<div class=\"wp-block-query is-layout-flow wp-block-query-is-layout-flow\">\n\n<div class=\"wp-block-query-no-results\">\n\n<p><\/p>\n\n<\/div><\/div>\n<\/div>\n<\/div>\n","protected":false},"excerpt":{"rendered":"<p>Sekundarstufe II Nach erfolgreichem Abschluss der Sekundarstufe I beginnen unsere Sch\u00fcler und Sch\u00fclerinnen mit der Sekundarstufe II (Oberstufe). Sie k\u00f6nnen sich ab nun spezialisieren auf Naturwissenschaften (Biologie und Technik), Humanwissenschaften und Sozialwissenschaften. 16 &#8211; 18 Jahre In der Sekundarstufe II begleiten wir unsere Sch\u00fcler und Sch\u00fclerinnen in ihrem Reifeprozess, damit sie ihre akademischen Ziele erreichen [&hellip;]<\/p>\n","protected":false},"author":1,"featured_media":0,"parent":24560,"menu_order":0,"comment_status":"closed","ping_status":"closed","template":"","meta":{"_acf_changed":false,"inline_featured_image":false,"footnotes":""},"class_list":["post-24569","page","type-page","status-publish","hentry"],"acf":[],"_links":{"self":[{"href":"https:\/\/colegioaleman.com\/de\/wp-json\/wp\/v2\/pages\/24569","targetHints":{"allow":["GET"]}}],"collection":[{"href":"https:\/\/colegioaleman.com\/de\/wp-json\/wp\/v2\/pages"}],"about":[{"href":"https:\/\/colegioaleman.com\/de\/wp-json\/wp\/v2\/types\/page"}],"author":[{"embeddable":true,"href":"https:\/\/colegioaleman.com\/de\/wp-json\/wp\/v2\/users\/1"}],"replies":[{"embeddable":true,"href":"https:\/\/colegioaleman.com\/de\/wp-json\/wp\/v2\/comments?post=24569"}],"version-history":[{"count":6,"href":"https:\/\/colegioaleman.com\/de\/wp-json\/wp\/v2\/pages\/24569\/revisions"}],"predecessor-version":[{"id":25043,"href":"https:\/\/colegioaleman.com\/de\/wp-json\/wp\/v2\/pages\/24569\/revisions\/25043"}],"up":[{"embeddable":true,"href":"https:\/\/colegioaleman.com\/de\/wp-json\/wp\/v2\/pages\/24560"}],"wp:attachment":[{"href":"https:\/\/colegioaleman.com\/de\/wp-json\/wp\/v2\/media?parent=24569"}],"curies":[{"name":"wp","href":"https:\/\/api.w.org\/{rel}","templated":true}]}}