{"id":24577,"date":"2022-08-03T15:44:05","date_gmt":"2022-08-03T15:44:05","guid":{"rendered":"https:\/\/colegioaleman.com\/zweisprachige-schule\/"},"modified":"2023-03-27T07:40:24","modified_gmt":"2023-03-27T07:40:24","slug":"zweisprachige-schule","status":"publish","type":"page","link":"https:\/\/colegioaleman.com\/de\/zweisprachige-schule\/","title":{"rendered":"Zweisprachige Schule"},"content":{"rendered":"\n<div style=\"height:80px\" aria-hidden=\"true\" class=\"wp-block-spacer\"><\/div>\n\n\n\n<div class=\"wp-block-columns is-layout-flex wp-container-core-columns-is-layout-9d6595d7 wp-block-columns-is-layout-flex\">\n<div class=\"wp-block-column is-layout-flow wp-block-column-is-layout-flow\" style=\"flex-basis:4.3%\"><\/div>\n\n\n\n<div class=\"wp-block-column is-layout-flow wp-block-column-is-layout-flow\">\n<h2 class=\"wp-block-heading\" style=\"font-size:16px\"><strong>Zweisprachige Schule<\/strong><\/h2>\n\n\n\n<h2 class=\"has-body-main-color has-text-color has-large-font-size wp-block-heading\">Deutsch ab dem ersten Tag<\/h2>\n\n\n\n<p>Die deutsche Schule ist die einzige Privatschule in Zaragoza, die Deutsch als Verkehrssprache verwendet und \u00fcber alle Schulstufen verf\u00fcgt, vom Kindergarten bis zum Abitur.<\/p>\n\n\n\n<p>Unser Bildungsangebot zielt darauf ab, dass unsere Sch\u00fcler ab dem Alter von 2 Jahren gleichzeitig Deutsch und Spanisch lernen, und zwar mittels unserer eigenen, erfolgreich erprobten Lehrmethode.<\/p>\n\n\n\n<p>Wir k\u00f6nnen beweisen, dass man schneller Englisch lernt, wenn man die deutsche Sprache beherrscht.<\/p>\n<\/div>\n\n\n\n<div class=\"wp-block-column is-layout-flow wp-block-column-is-layout-flow\"><div class=\"wp-block-image hide-mobile\">\n<figure class=\"alignright size-full\"><img decoding=\"async\" width=\"89\" height=\"447\" src=\"https:\/\/colegioaleman.com\/wp-content\/uploads\/2022\/08\/etapas-simbolos-todos.png\" alt=\"\" class=\"wp-image-384\" srcset=\"https:\/\/colegioaleman.com\/wp-content\/uploads\/2022\/08\/etapas-simbolos-todos.png 89w, https:\/\/colegioaleman.com\/wp-content\/uploads\/2022\/08\/etapas-simbolos-todos-60x300.png 60w\" sizes=\"(max-width: 89px) 100vw, 89px\" \/><\/figure>\n<\/div><\/div>\n<\/div>\n\n\n\n<div style=\"height:80px\" aria-hidden=\"true\" class=\"wp-block-spacer\"><\/div>\n\n\n\n<div class=\"wp-block-columns is-layout-flex wp-container-core-columns-is-layout-9d6595d7 wp-block-columns-is-layout-flex\">\n<div class=\"wp-block-column dnone-tablet is-layout-flow wp-block-column-is-layout-flow\" style=\"flex-basis:4.3%\"><\/div>\n\n\n\n<div class=\"wp-block-column is-layout-flow wp-block-column-is-layout-flow\">\n<figure class=\"wp-block-image size-full is-style-hover-image\"><a href=\"https:\/\/colegioaleman.com\/colegio-bilingue\/aleman-certificacion-goethe\/\"><img decoding=\"async\" src=\"https:\/\/colegioaleman.com\/wp-content\/uploads\/2022\/09\/aleman-certificacio\u0301n-goethe-grid.jpg\" alt=\"Pr\u00fcfungszentrum des Goethe-Instituts Deutsche Schule\" class=\"wp-image-22403\"\/><\/a><\/figure>\n\n\n\n<h3 class=\"has-body-main-color has-text-color wp-block-heading\">Deutsch Goethe-Zertifikat<\/h3>\n\n\n\n<p>Die Deutsche Schule ist das einzige Pr\u00fcfungszentrum des Goethe-Instituts in Aragonien.<\/p>\n\n\n\n<div class=\"wp-block-buttons is-content-justification-right is-layout-flex wp-container-core-buttons-is-layout-765c4724 wp-block-buttons-is-layout-flex\">\n<div class=\"wp-block-button is-style-theme-link\"><a class=\"wp-block-button__link wp-element-button\">MEHR ERFAHREN<\/a><\/div>\n<\/div>\n<\/div>\n\n\n\n<div class=\"wp-block-column is-layout-flow wp-block-column-is-layout-flow\">\n<figure class=\"wp-block-image size-full is-style-hover-image\"><a href=\"https:\/\/colegioaleman.com\/colegio-bilingue\/ingles-certificacion-cambridge\/\"><img fetchpriority=\"high\" decoding=\"async\" width=\"400\" height=\"364\" src=\"https:\/\/colegioaleman.com\/wp-content\/uploads\/2022\/09\/ingles-certificacion-grid.jpg\" alt=\"Cambridge-Zertifizierung AN der Deutschen Schule in Zaragoza\" class=\"wp-image-22405\" srcset=\"https:\/\/colegioaleman.com\/wp-content\/uploads\/2022\/09\/ingles-certificacion-grid.jpg 400w, https:\/\/colegioaleman.com\/wp-content\/uploads\/2022\/09\/ingles-certificacion-grid-300x273.jpg 300w\" sizes=\"(max-width: 400px) 100vw, 400px\" \/><\/a><\/figure>\n\n\n\n<h3 class=\"has-body-main-color has-text-color wp-block-heading\">Englisch Cambridge-Zertifikat<\/h3>\n\n\n\n<p>Bis zur Niveaustufe B2 m\u00fcssen alle Sch\u00fcler die Pr\u00fcfungen f\u00fcr die Cambridge-Zertifikate abgelegen.<\/p>\n\n\n\n<div class=\"wp-block-buttons is-content-justification-right is-layout-flex wp-container-core-buttons-is-layout-765c4724 wp-block-buttons-is-layout-flex\">\n<div class=\"wp-block-button is-style-theme-link\"><a class=\"wp-block-button__link wp-element-button\">MEHR ERFAHREN<\/a><\/div>\n<\/div>\n<\/div>\n\n\n\n<div class=\"wp-block-column is-layout-flow wp-block-column-is-layout-flow\">\n<figure class=\"wp-block-image size-full is-style-hover-image\"><a href=\"https:\/\/colegioaleman.com\/colegio-bilingue\/beneficios-educacion-bilingue\/\"><img decoding=\"async\" width=\"400\" height=\"358\" src=\"https:\/\/colegioaleman.com\/wp-content\/uploads\/2022\/09\/beneficios-grid.png\" alt=\"Vorteile zweisprachiger Erziehung Deutschen Schule von Zaragoza\" class=\"wp-image-22404\" srcset=\"https:\/\/colegioaleman.com\/wp-content\/uploads\/2022\/09\/beneficios-grid.png 400w, https:\/\/colegioaleman.com\/wp-content\/uploads\/2022\/09\/beneficios-grid-300x269.png 300w\" sizes=\"(max-width: 400px) 100vw, 400px\" \/><\/a><\/figure>\n\n\n\n<h3 class=\"has-body-main-color has-text-color wp-block-heading\">Vorteile zweisprachiger Erziehung<\/h3>\n\n\n\n<p>Das Erlenen von mehreren Sprachen von klein auf hat gro\u00dfe Vorteile f\u00fcr die kindliche Entwicklung.<\/p>\n\n\n\n<div class=\"wp-block-buttons is-content-justification-right is-layout-flex wp-container-core-buttons-is-layout-765c4724 wp-block-buttons-is-layout-flex\">\n<div class=\"wp-block-button is-style-theme-link\"><a class=\"wp-block-button__link wp-element-button\">MEHR ERFAHREN<\/a><\/div>\n<\/div>\n<\/div>\n<\/div>\n\n\n\n<div class=\"wp-block-columns is-layout-flex wp-container-core-columns-is-layout-9d6595d7 wp-block-columns-is-layout-flex\">\n<div class=\"wp-block-column dnone-tablet is-layout-flow wp-block-column-is-layout-flow\" style=\"flex-basis:4.3%\"><\/div>\n\n\n\n<div class=\"wp-block-column is-layout-flow wp-block-column-is-layout-flow\">\n<figure class=\"wp-block-image size-full is-style-hover-image\"><a href=\"https:\/\/colegioaleman.com\/colegio-bilingue\/inmersion-linguistica\/\"><img loading=\"lazy\" decoding=\"async\" width=\"400\" height=\"364\" src=\"https:\/\/colegioaleman.com\/wp-content\/uploads\/2022\/09\/inmersion-linguistica-grid.jpg\" alt=\"Sprachimmersion ab dem Alter von 3 Jahren\" class=\"wp-image-22406\" srcset=\"https:\/\/colegioaleman.com\/wp-content\/uploads\/2022\/09\/inmersion-linguistica-grid.jpg 400w, https:\/\/colegioaleman.com\/wp-content\/uploads\/2022\/09\/inmersion-linguistica-grid-300x273.jpg 300w\" sizes=\"(max-width: 400px) 100vw, 400px\" \/><\/a><\/figure>\n\n\n\n<h3 class=\"has-body-main-color has-text-color wp-block-heading\">Sprachimmersion<\/h3>\n\n\n\n<p>Aufenthalte in Deutschland und die Verwendung der deutschen Sprache werden gef\u00f6rdert.<\/p>\n\n\n\n<div class=\"wp-block-buttons is-content-justification-right is-layout-flex wp-container-core-buttons-is-layout-765c4724 wp-block-buttons-is-layout-flex\">\n<div class=\"wp-block-button is-style-theme-link\"><a class=\"wp-block-button__link wp-element-button\">MEHR ERFAHREN<\/a><\/div>\n<\/div>\n<\/div>\n\n\n\n<div class=\"wp-block-column is-layout-flow wp-block-column-is-layout-flow\">\n<figure class=\"wp-block-image size-full is-style-hover-image\"><a href=\"https:\/\/colegioaleman.com\/colegio-bilingue\/practicas-extranjero\/\"><img loading=\"lazy\" decoding=\"async\" width=\"400\" height=\"364\" src=\"https:\/\/colegioaleman.com\/wp-content\/uploads\/2022\/09\/practicas-extranjero-grid.jpg\" alt=\"Auslandspraktikum in Berlin\" class=\"wp-image-22414\" srcset=\"https:\/\/colegioaleman.com\/wp-content\/uploads\/2022\/09\/practicas-extranjero-grid.jpg 400w, https:\/\/colegioaleman.com\/wp-content\/uploads\/2022\/09\/practicas-extranjero-grid-300x273.jpg 300w\" sizes=\"(max-width: 400px) 100vw, 400px\" \/><\/a><\/figure>\n\n\n\n<h3 class=\"has-body-main-color has-text-color wp-block-heading\">Sch\u00fclerpraktikum im Ausland<\/h3>\n\n\n\n<p>Unsere Sch\u00fcler und Sch\u00fclerinnen k\u00f6nnen am Programm Sch\u00fclerpraktikum in Berlin teilnehmen.<\/p>\n\n\n\n<div class=\"wp-block-buttons is-content-justification-right is-layout-flex wp-container-core-buttons-is-layout-765c4724 wp-block-buttons-is-layout-flex\">\n<div class=\"wp-block-button is-style-theme-link\"><a class=\"wp-block-button__link wp-element-button\">MEHR ERFAHREN<\/a><\/div>\n<\/div>\n<\/div>\n\n\n\n<div class=\"wp-block-column is-layout-flow wp-block-column-is-layout-flow\">\n<figure class=\"wp-block-image size-full is-style-hover-image\"><img loading=\"lazy\" decoding=\"async\" width=\"400\" height=\"364\" src=\"https:\/\/colegioaleman.com\/wp-content\/uploads\/2022\/09\/goethe-institut-grid-1.jpg\" alt=\"Akademie f\u00fcr Deutsch in Zaragoza\" class=\"wp-image-22472\" srcset=\"https:\/\/colegioaleman.com\/wp-content\/uploads\/2022\/09\/goethe-institut-grid-1.jpg 400w, https:\/\/colegioaleman.com\/wp-content\/uploads\/2022\/09\/goethe-institut-grid-1-300x273.jpg 300w\" sizes=\"(max-width: 400px) 100vw, 400px\" \/><\/figure>\n\n\n\n<h3 class=\"has-body-main-color has-text-color wp-block-heading\">Goethe-Institut<\/h3>\n\n\n\n<p>Unsere Sch\u00fcler und Sch\u00fclerinnen k\u00f6nnen bei uns eine offizielle Pr\u00fcfung des Goethe-Instituts ablegen und somit ihre Deutschkenntnisse belegen.<\/p>\n\n\n\n<div class=\"wp-block-buttons is-content-justification-right is-layout-flex wp-container-core-buttons-is-layout-765c4724 wp-block-buttons-is-layout-flex\">\n<div class=\"wp-block-button is-style-theme-link\"><a class=\"wp-block-button__link wp-element-button\">MEHR ERFAHREN<\/a><\/div>\n<\/div>\n<\/div>\n<\/div>\n\n\n\n<div style=\"height:80px\" aria-hidden=\"true\" class=\"wp-block-spacer\"><\/div>\n\n\n\n<div class=\"wp-block-columns is-layout-flex wp-container-core-columns-is-layout-9d6595d7 wp-block-columns-is-layout-flex\">\n<div class=\"wp-block-column is-layout-flow wp-block-column-is-layout-flow\" style=\"flex-basis:4.3%\"><\/div>\n\n\n\n<div class=\"wp-block-column is-layout-flow wp-block-column-is-layout-flow\">\n<h2 class=\"wp-block-heading\">German makes English easy<\/h2>\n<\/div>\n\n\n\n<div class=\"wp-block-column is-layout-flow wp-block-column-is-layout-flow\" style=\"flex-basis:50%\">\n<p>Wir setzen auf einen anspruchsvollen Unterricht, der sich durch Engagement, Methodik und Effizienz auszeichnet und die Sch\u00fcler in ihrer mehrsprachigen Entwicklung auf nat\u00fcrliche Art und Weise begleitet und motiviert.<\/p>\n<\/div>\n<\/div>\n\n\n\n<div style=\"height:40px\" aria-hidden=\"true\" class=\"wp-block-spacer\"><\/div>\n\n\n\n<div class=\"wp-block-columns is-layout-flex wp-container-core-columns-is-layout-9d6595d7 wp-block-columns-is-layout-flex\">\n<div class=\"wp-block-column dnone-mobile is-layout-flow wp-block-column-is-layout-flow\" style=\"flex-basis:4.3%\"><\/div>\n\n\n\n<div class=\"wp-block-column is-layout-flow wp-block-column-is-layout-flow\">\n<ul class=\"wp-block-list\">\n<li><a href=\"https:\/\/colegioaleman.com\/vida-escolar\/orientacion-escolar\/\" data-type=\"page\" data-id=\"602\">Berufsorientierung<\/a><\/li>\n\n\n\n<li><a href=\"https:\/\/colegioaleman.com\/vida-escolar\/calendario-escolar\/\" data-type=\"page\" data-id=\"609\">Schulkalender<\/a><\/li>\n\n\n\n<li><a href=\"https:\/\/colegioaleman.com\/vida-escolar\/escuela-padres\/\" data-type=\"page\" data-id=\"604\">Elternschule<\/a><\/li>\n<\/ul>\n<\/div>\n\n\n\n<div class=\"wp-block-column is-layout-flow wp-block-column-is-layout-flow\">\n<ul class=\"wp-block-list\">\n<li><a href=\"https:\/\/colegioaleman.com\/colegio-aleman\/equipo-directivo\/\" data-type=\"page\" data-id=\"625\">Leitungsteam<\/a><\/li>\n\n\n\n<li><a href=\"https:\/\/colegioaleman.com\/vida-escolar\/alumni\/\" data-type=\"page\" data-id=\"619\">Alumni<\/a><\/li>\n\n\n\n<li><a style=\"font-family: -apple-system, BlinkMacSystemFont, \" segoe=\"\" ui=\"\" roboto=\"\" oxygen-sans=\"\" ubuntu=\"\" cantarell=\"\" neue=\"\" sans-serif=\"\" href=\"https:\/\/colegioaleman.com\/colegio-bilingue\/aleman-certificacion-goethe\/\" data-type=\"page\" data-id=\"576\">Anmeldung<\/a><\/li>\n<\/ul>\n<\/div>\n\n\n\n<div class=\"wp-block-column is-layout-flow wp-block-column-is-layout-flow\">\n<ul class=\"wp-block-list\">\n<li><a href=\"https:\/\/colegioaleman.com\/etapas\/\" data-type=\"page\" data-id=\"46\">Schulstufen<\/a><\/li>\n\n\n\n<li><a href=\"https:\/\/colegioaleman.com\/colegios-bilingues-zaragoza-proyecto-educativo\/\" data-type=\"page\" data-id=\"44\">Bildungsprojekt<\/a><\/li>\n\n\n\n<li><a style=\"font-family: -apple-system, BlinkMacSystemFont, \" segoe=\"\" ui=\"\" roboto=\"\" oxygen-sans=\"\" ubuntu=\"\" cantarell=\"\" neue=\"\" sans-serif=\"\" href=\"https:\/\/colegioaleman.com\/colegio-bilingue\/ingles-certificacion-cambridge\/\" data-type=\"page\" data-id=\"578\">Erasmus<\/a><\/li>\n<\/ul>\n<\/div>\n<\/div>\n\n\n\n<div style=\"height:80px\" aria-hidden=\"true\" class=\"wp-block-spacer\"><\/div>\n\n\n\n<div class=\"wp-block-columns is-layout-flex wp-container-core-columns-is-layout-9d6595d7 wp-block-columns-is-layout-flex\">\n<div class=\"wp-block-column is-vertically-aligned-top dnone-tablet is-layout-flow wp-block-column-is-layout-flow\" style=\"flex-basis:4.3%\"><\/div>\n\n\n\n<div class=\"wp-block-column is-layout-flow wp-block-column-is-layout-flow\">\n<h2 class=\"has-text-align-center wp-block-heading\">Noticias relacionadas<\/h2>\n\n\n\n<div class=\"wp-block-query is-layout-flow wp-block-query-is-layout-flow\">\n\n<div class=\"wp-block-query-no-results\">\n\n<p><\/p>\n\n<\/div><\/div>\n<\/div>\n<\/div>\n","protected":false},"excerpt":{"rendered":"<p>Zweisprachige Schule Deutsch ab dem ersten Tag Die deutsche Schule ist die einzige Privatschule in Zaragoza, die Deutsch als Verkehrssprache verwendet und \u00fcber alle Schulstufen verf\u00fcgt, vom Kindergarten bis zum Abitur. Unser Bildungsangebot zielt darauf ab, dass unsere Sch\u00fcler ab dem Alter von 2 Jahren gleichzeitig Deutsch und Spanisch lernen, und zwar mittels unserer eigenen, [&hellip;]<\/p>\n","protected":false},"author":1,"featured_media":38755,"parent":0,"menu_order":0,"comment_status":"closed","ping_status":"closed","template":"","meta":{"_acf_changed":false,"inline_featured_image":false,"footnotes":""},"class_list":["post-24577","page","type-page","status-publish","has-post-thumbnail","hentry"],"acf":[],"_links":{"self":[{"href":"https:\/\/colegioaleman.com\/de\/wp-json\/wp\/v2\/pages\/24577","targetHints":{"allow":["GET"]}}],"collection":[{"href":"https:\/\/colegioaleman.com\/de\/wp-json\/wp\/v2\/pages"}],"about":[{"href":"https:\/\/colegioaleman.com\/de\/wp-json\/wp\/v2\/types\/page"}],"author":[{"embeddable":true,"href":"https:\/\/colegioaleman.com\/de\/wp-json\/wp\/v2\/users\/1"}],"replies":[{"embeddable":true,"href":"https:\/\/colegioaleman.com\/de\/wp-json\/wp\/v2\/comments?post=24577"}],"version-history":[{"count":2,"href":"https:\/\/colegioaleman.com\/de\/wp-json\/wp\/v2\/pages\/24577\/revisions"}],"predecessor-version":[{"id":26378,"href":"https:\/\/colegioaleman.com\/de\/wp-json\/wp\/v2\/pages\/24577\/revisions\/26378"}],"wp:featuredmedia":[{"embeddable":true,"href":"https:\/\/colegioaleman.com\/de\/wp-json\/wp\/v2\/media\/38755"}],"wp:attachment":[{"href":"https:\/\/colegioaleman.com\/de\/wp-json\/wp\/v2\/media?parent=24577"}],"curies":[{"name":"wp","href":"https:\/\/api.w.org\/{rel}","templated":true}]}}