{"id":24579,"date":"2022-08-22T07:14:42","date_gmt":"2022-08-22T07:14:42","guid":{"rendered":"https:\/\/colegioaleman.com\/zweisprachige-schule\/goethe-zertifikat\/"},"modified":"2024-03-27T11:06:20","modified_gmt":"2024-03-27T11:06:20","slug":"goethe-zertifikat","status":"publish","type":"page","link":"https:\/\/colegioaleman.com\/de\/zweisprachige-schule\/goethe-zertifikat\/","title":{"rendered":"Goethe-Zertifikat"},"content":{"rendered":"\n<div style=\"height:80px\" aria-hidden=\"true\" class=\"wp-block-spacer\"><\/div>\n\n\n\n<div class=\"wp-block-columns alignfull is-layout-flex wp-container-core-columns-is-layout-9d6595d7 wp-block-columns-is-layout-flex\">\n<div class=\"wp-block-column dnone-tablet is-layout-flow wp-block-column-is-layout-flow\" style=\"flex-basis:8.33%\"><\/div>\n\n\n\n<div class=\"wp-block-column pr-3 pl-3 is-layout-flow wp-block-column-is-layout-flow\">\n<p><strong>Goethe-Zertifikat<\/strong><\/p>\n\n\n\n<h2 class=\"wp-block-heading\">Ihre Kinder erhalten die Pr\u00fcfungszertifikate des Goethe-Instituts <\/h2>\n\n\n\n<p>W\u00e4hrend ihrer gesamten Schullaufbahn bereiten sich die Sch\u00fcler der Deutschen Schule von Zaragoza auf die verschiedenen Niveaustufen des Goethe-Instituts vor, um ihre Zweisprachigkeit nachzuweisen, die sie dank des Umfeldes, in dem sie aufwachsen und in dem die Beherrschung der deutschen Sprache eine Selbstverst\u00e4ndlichkeit ist, erreichen. <\/p>\n\n\n\n<div class=\"wp-block-buttons is-layout-flex wp-block-buttons-is-layout-flex\">\n<div class=\"wp-block-button is-style-theme-link\"><a class=\"wp-block-button__link wp-element-button\" href=\"#lorem\">ICH M\u00d6CHTE MEHR ERFAHREN<\/a><\/div>\n<\/div>\n<\/div>\n\n\n\n<div class=\"wp-block-column is-layout-flow wp-block-column-is-layout-flow\" style=\"flex-basis:44.6%\"><div class=\"wp-block-image\">\n<figure class=\"alignright size-full\"><img fetchpriority=\"high\" decoding=\"async\" width=\"800\" height=\"582\" src=\"https:\/\/colegioaleman.com\/wp-content\/uploads\/2024\/03\/Goethe_Certificacion_Aleman_Zaragoza.png\" alt=\"\" class=\"wp-image-31819\" srcset=\"https:\/\/colegioaleman.com\/wp-content\/uploads\/2024\/03\/Goethe_Certificacion_Aleman_Zaragoza.png 800w, https:\/\/colegioaleman.com\/wp-content\/uploads\/2024\/03\/Goethe_Certificacion_Aleman_Zaragoza-300x218.png 300w, https:\/\/colegioaleman.com\/wp-content\/uploads\/2024\/03\/Goethe_Certificacion_Aleman_Zaragoza-768x559.png 768w\" sizes=\"(max-width: 800px) 100vw, 800px\" \/><\/figure>\n<\/div><\/div>\n<\/div>\n\n\n\n<div style=\"height:80px\" aria-hidden=\"true\" class=\"wp-block-spacer dnone-mobile\"><\/div>\n\n\n\n<div class=\"wp-block-columns are-vertically-aligned-center is-layout-flex wp-container-core-columns-is-layout-9d6595d7 wp-block-columns-is-layout-flex\">\n<div class=\"wp-block-column is-vertically-aligned-center dnone-tablet is-layout-flow wp-block-column-is-layout-flow\" style=\"flex-basis:4.33%\"><\/div>\n\n\n\n<div class=\"wp-block-column is-vertically-aligned-center is-layout-flow wp-block-column-is-layout-flow\" style=\"flex-basis:41.66%\">\n<h2 class=\"wp-block-heading\" id=\"lorem\">Pr\u00fcfungszertifikate GOETHE<\/h2>\n\n\n\n<p class=\"has-medium-font-size\">Unsere Sch\u00fcler und Sch\u00fclerinnen k\u00f6nnen bei uns eine offizielle Pr\u00fcfung des Goethe-Instituts ablegen und somit ihre Deutschkenntnisse belegen.<\/p>\n<\/div>\n\n\n\n<div class=\"wp-block-column is-vertically-aligned-center is-layout-flow wp-block-column-is-layout-flow\">\n<ul class=\"wp-block-list\">\n<li>Die Pr\u00fcfungen des Goethe-Instituts haben ein hohes Ansehen und werden weltweit als Sprachnachweis anerkannt.<\/li>\n\n\n\n<li>Sie werden sowohl f\u00fcr Auswahlpr\u00fcfungen als auch f\u00fcr den Erhalt eines Erasmus-Stipendiums anerkannt.<\/li>\n\n\n\n<li>Jedes Jahr werden mehrere Pr\u00fcfungen angeboten, und viele Lehrer und Lehrerinnen der Akademie f\u00fcr Deutsch (Instituto Alem\u00e1n) sind Pr\u00fcfer bzw. Pr\u00fcferinnen des Goethe-Instituts.<\/li>\n\n\n\n<li>Die Akademie hat es sich zur Aufgabe gemacht, die deutschen Sprache auf eine interessante, lebendige und bereichernde Weise zu verbreiten.<\/li>\n<\/ul>\n<\/div>\n<\/div>\n\n\n\n<div style=\"height:80px\" aria-hidden=\"true\" class=\"wp-block-spacer\"><\/div>\n\n\n\n<div class=\"wp-block-group alignfull animate has-body-white-color has-primary-100-background-color has-text-color has-background\" id=\"cta-form\"><div class=\"wp-block-group__inner-container is-layout-flow wp-block-group-is-layout-flow\">\n<div class=\"wp-block-columns has-white-color has-text-color is-layout-flex wp-container-core-columns-is-layout-9d6595d7 wp-block-columns-is-layout-flex\">\n<div class=\"wp-block-column dnone-tablet is-layout-flow wp-block-column-is-layout-flow\" style=\"flex-basis:4.33%\"><\/div>\n\n\n\n<div class=\"wp-block-column is-layout-flow wp-block-column-is-layout-flow\">\n<p><strong>Anmeldung und neue Sch\u00fcler<\/strong><\/p>\n\n\n\n<h2 class=\"wp-block-heading has-body-white-color has-text-color\">M\u00f6chten Sie Teil unserer gro\u00dfen Familie werden?<\/h2>\n\n\n\n<p>Erkundigen Sie sich f\u00fcr das n\u00e4chste Schuljahr und sichern Sie sich einen Platz an unserer Schule. Vereinbaren Sie einen Besuch an unserer Schule, bei dem Sie die Einrichtungen sehen und ein Gespr\u00e4ch mit den Lehrkr\u00e4ften f\u00fchren k\u00f6nnen.<\/p>\n<\/div>\n\n\n\n<div class=\"wp-block-column is-vertically-aligned-center is-layout-flow wp-block-column-is-layout-flow\" style=\"flex-basis:48.6%\"><div class=\"wp-block-image\">\n<figure class=\"aligncenter size-full\"><img decoding=\"async\" width=\"108\" height=\"78\" src=\"https:\/\/colegioaleman.com\/wp-content\/uploads\/2022\/07\/Isotipo.png\" alt=\"Deutsche Schule\" class=\"wp-image-19\"\/><\/figure>\n<\/div>\n\n\n<div class=\"wp-block-buttons is-content-justification-center is-layout-flex wp-container-core-buttons-is-layout-16018d1d wp-block-buttons-is-layout-flex\">\n<div class=\"wp-block-button is-style-outline is-style-outline--1\"><a class=\"wp-block-button__link wp-element-button\" href=\"https:\/\/colegioaleman.com\/de\/anmeldung\/informationsformular\/\" style=\"border-radius:100px\" target=\"_blank\" rel=\"noreferrer noopener\">Gehen Sie zum Informationsformular<\/a><\/div>\n<\/div>\n<\/div>\n<\/div>\n<\/div><\/div>\n\n\n\n<div style=\"height:80px\" aria-hidden=\"true\" class=\"wp-block-spacer\"><\/div>\n\n\n\n<div class=\"wp-block-columns is-layout-flex wp-container-core-columns-is-layout-9d6595d7 wp-block-columns-is-layout-flex\">\n<div class=\"wp-block-column is-vertically-aligned-top dnone-tablet is-layout-flow wp-block-column-is-layout-flow\" style=\"flex-basis:4.3%\"><\/div>\n\n\n\n<div class=\"wp-block-column is-layout-flow wp-block-column-is-layout-flow\">\n<h2 class=\"has-text-align-center wp-block-heading\">Noticias relacionadas<\/h2>\n\n\n\n<div class=\"wp-block-query is-layout-flow wp-block-query-is-layout-flow\">\n\n<div class=\"wp-block-query-no-results\">\n\n<p><\/p>\n\n<\/div><\/div>\n<\/div>\n<\/div>\n","protected":false},"excerpt":{"rendered":"<p>Goethe-Zertifikat Ihre Kinder erhalten die Pr\u00fcfungszertifikate des Goethe-Instituts W\u00e4hrend ihrer gesamten Schullaufbahn bereiten sich die Sch\u00fcler der Deutschen Schule von Zaragoza auf die verschiedenen Niveaustufen des Goethe-Instituts vor, um ihre Zweisprachigkeit nachzuweisen, die sie dank des Umfeldes, in dem sie aufwachsen und in dem die Beherrschung der deutschen Sprache eine Selbstverst\u00e4ndlichkeit ist, erreichen. Pr\u00fcfungszertifikate GOETHE [&hellip;]<\/p>\n","protected":false},"author":1,"featured_media":0,"parent":24577,"menu_order":0,"comment_status":"closed","ping_status":"closed","template":"","meta":{"_acf_changed":false,"inline_featured_image":false,"footnotes":""},"class_list":["post-24579","page","type-page","status-publish","hentry"],"acf":[],"_links":{"self":[{"href":"https:\/\/colegioaleman.com\/de\/wp-json\/wp\/v2\/pages\/24579","targetHints":{"allow":["GET"]}}],"collection":[{"href":"https:\/\/colegioaleman.com\/de\/wp-json\/wp\/v2\/pages"}],"about":[{"href":"https:\/\/colegioaleman.com\/de\/wp-json\/wp\/v2\/types\/page"}],"author":[{"embeddable":true,"href":"https:\/\/colegioaleman.com\/de\/wp-json\/wp\/v2\/users\/1"}],"replies":[{"embeddable":true,"href":"https:\/\/colegioaleman.com\/de\/wp-json\/wp\/v2\/comments?post=24579"}],"version-history":[{"count":5,"href":"https:\/\/colegioaleman.com\/de\/wp-json\/wp\/v2\/pages\/24579\/revisions"}],"predecessor-version":[{"id":31827,"href":"https:\/\/colegioaleman.com\/de\/wp-json\/wp\/v2\/pages\/24579\/revisions\/31827"}],"up":[{"embeddable":true,"href":"https:\/\/colegioaleman.com\/de\/wp-json\/wp\/v2\/pages\/24577"}],"wp:attachment":[{"href":"https:\/\/colegioaleman.com\/de\/wp-json\/wp\/v2\/media?parent=24579"}],"curies":[{"name":"wp","href":"https:\/\/api.w.org\/{rel}","templated":true}]}}