{"id":24583,"date":"2022-08-22T07:15:28","date_gmt":"2022-08-22T07:15:28","guid":{"rendered":"https:\/\/colegioaleman.com\/zweisprachige-schule\/vorteile-zweisprachiger-erziehung\/"},"modified":"2022-11-22T16:06:23","modified_gmt":"2022-11-22T16:06:23","slug":"vorteile-zweisprachiger-erziehung","status":"publish","type":"page","link":"https:\/\/colegioaleman.com\/de\/zweisprachige-schule\/vorteile-zweisprachiger-erziehung\/","title":{"rendered":"Vorteile zweisprachiger Erziehung"},"content":{"rendered":"\n<div style=\"height:80px\" aria-hidden=\"true\" class=\"wp-block-spacer\"><\/div>\n\n<div class=\"wp-block-columns alignfull is-layout-flex wp-container-core-columns-is-layout-9d6595d7 wp-block-columns-is-layout-flex\">\n<div class=\"wp-block-column is-layout-flow wp-block-column-is-layout-flow\" style=\"flex-basis:8.33%\"><\/div>\n\n\n\n<div class=\"wp-block-column pr-3 pl-3 is-layout-flow wp-block-column-is-layout-flow\">\n<p><strong>Vorteile zweisprachiger Erziehung<\/strong><\/p>\n\n\n\n<h2 class=\"wp-block-heading\">Die Kinder sind einer gro\u00dfen Menge an Informationen ausgesetzt und erhalten immer mehr Input in einer Sprache, die nicht ihre Muttersprache ist.<\/h2>\n\n\n\n<p>Kinder sind in der Lage, Informationen sehr leicht zu behalten und wenn sie eine zweite oder sogar dritte Sprache auf nat\u00fcrliche Weise erlernen, k\u00f6nnen sie diese genauso verinnerlichen wie ihre Muttersprache.<\/p>\n\n\n\n<div class=\"wp-block-buttons is-layout-flex wp-block-buttons-is-layout-flex\">\n<div class=\"wp-block-button is-style-theme-link\"><a class=\"wp-block-button__link wp-element-button\" href=\"#lorem\">MEHR ERFAHREN<\/a><\/div>\n<\/div>\n<\/div>\n\n\n\n<div class=\"wp-block-column is-layout-flow wp-block-column-is-layout-flow\" style=\"flex-basis:44.6%\"><div class=\"wp-block-image\">\n<figure class=\"alignright size-full\"><img fetchpriority=\"high\" decoding=\"async\" width=\"800\" height=\"582\" src=\"https:\/\/colegioaleman.com\/wp-content\/uploads\/2022\/09\/beneficios-hero-siblings.jpg\" alt=\"Vorteile zweisprachiger Erziehung Deutschen Schule Zaragoza\" class=\"wp-image-22008\" srcset=\"https:\/\/colegioaleman.com\/wp-content\/uploads\/2022\/09\/beneficios-hero-siblings.jpg 800w, https:\/\/colegioaleman.com\/wp-content\/uploads\/2022\/09\/beneficios-hero-siblings-300x218.jpg 300w, https:\/\/colegioaleman.com\/wp-content\/uploads\/2022\/09\/beneficios-hero-siblings-768x559.jpg 768w\" sizes=\"(max-width: 800px) 100vw, 800px\" \/><\/figure>\n<\/div><\/div>\n<\/div>\n\n<div style=\"height:80px\" aria-hidden=\"true\" class=\"wp-block-spacer dnone-mobile\"><\/div>\n\n<div class=\"wp-block-columns is-style-default is-layout-flex wp-container-core-columns-is-layout-9d6595d7 wp-block-columns-is-layout-flex\">\n<div class=\"wp-block-column dnone-tablet is-layout-flow wp-block-column-is-layout-flow\" style=\"flex-basis:4.33%\"><\/div>\n\n\n\n<div class=\"wp-block-column is-layout-flow wp-block-column-is-layout-flow\">\n<h2 class=\"has-text-align-center wp-block-heading\">Kinder, die mehrsprachig aufwachsen, besitzen oftmals folgende Eigenschaften:<\/h2>\n<\/div>\n<\/div>\n\n<div class=\"wp-block-columns is-style-no-gap is-layout-flex wp-container-core-columns-is-layout-9d6595d7 wp-block-columns-is-layout-flex\">\n<div class=\"wp-block-column dnone-mobile pr-3 is-layout-flow wp-block-column-is-layout-flow\" style=\"flex-basis:4.33%\"><\/div>\n\n\n\n<div class=\"wp-block-column has-body-white-color has-secondary-100-background-color has-text-color has-background is-layout-flow wp-block-column-is-layout-flow\">\n<p class=\"has-large-font-size\"><strong>1<\/strong><\/p>\n\n\n\n<p>Sie sind kreativ<\/p>\n<\/div>\n\n\n\n<div class=\"wp-block-column has-body-white-color has-secondary-background-color has-text-color has-background is-layout-flow wp-block-column-is-layout-flow\">\n<p class=\"has-large-font-size\"><strong>2<\/strong><\/p>\n\n\n\n<p>Sie sind<br\/>aufmerksam<\/p>\n<\/div>\n\n\n\n<div class=\"wp-block-column has-primary-100-color has-secondary-80-background-color has-text-color has-background is-layout-flow wp-block-column-is-layout-flow\">\n<p class=\"has-large-font-size\"><strong>3<\/strong><\/p>\n\n\n\n<p>Sie verf\u00fcgen \u00fcber mentale Flexibilit\u00e4t<\/p>\n<\/div>\n\n\n\n<div class=\"wp-block-column has-primary-100-color has-secondary-60-background-color has-text-color has-background is-layout-flow wp-block-column-is-layout-flow\">\n<p class=\"has-large-font-size\"><strong>4<\/strong><\/p>\n\n\n\n<p>Ihr Ged\u00e4chtnis ist besser entwickelt<\/p>\n<\/div>\n\n\n\n<div class=\"wp-block-column has-primary-100-color has-secondary-40-background-color has-text-color has-background is-layout-flow wp-block-column-is-layout-flow\">\n<p class=\"has-large-font-size\"><strong>5<\/strong><\/p>\n\n\n\n<p>Sie k\u00f6nnen besser planen<\/p>\n<\/div>\n<\/div>\n\n<div class=\"wp-block-columns is-style-no-gap is-layout-flex wp-container-core-columns-is-layout-9d6595d7 wp-block-columns-is-layout-flex\">\n<div class=\"wp-block-column dnone-mobile pr-3 is-layout-flow wp-block-column-is-layout-flow\" style=\"flex-basis:4.33%\"><\/div>\n\n\n\n<div class=\"wp-block-column has-body-white-color has-primary-background-color has-text-color has-background is-layout-flow wp-block-column-is-layout-flow\">\n<p class=\"has-large-font-size\"><strong>6<\/strong><\/p>\n\n\n\n<p>Sie k\u00f6nnen sich besser auf das Wesentliche konzentrieren<\/p>\n<\/div>\n\n\n\n<div class=\"wp-block-column has-body-white-color has-primary-80-background-color has-text-color has-background is-layout-flow wp-block-column-is-layout-flow\">\n<p class=\"has-large-font-size\"><strong>7<\/strong><\/p>\n\n\n\n<p>Sie k\u00f6nnen ihre Pers\u00f6nlichkeit besser st\u00e4rken<\/p>\n<\/div>\n\n\n\n<div class=\"wp-block-column has-body-white-color has-primary-60-background-color has-text-color has-background is-layout-flow wp-block-column-is-layout-flow\">\n<p class=\"has-large-font-size\"><strong>8<\/strong><\/p>\n\n\n\n<p>Sie entwickeln kritisches Denken<\/p>\n<\/div>\n\n\n\n<div class=\"wp-block-column has-primary-100-color has-primary-40-background-color has-text-color has-background is-layout-flow wp-block-column-is-layout-flow\">\n<p class=\"has-large-font-size\"><strong>9<\/strong><\/p>\n\n\n\n<p>Sie verhalten sich respektvoll und sind tolerant <\/p>\n<\/div>\n\n\n\n<div class=\"wp-block-column has-primary-100-color has-primary-20-background-color has-text-color has-background is-layout-flow wp-block-column-is-layout-flow\">\n<p class=\"has-large-font-size\"><strong>10<\/strong><\/p>\n\n\n\n<p>Sie haben keine Vorurteile gegen\u00fcber Kindern aus anderen L\u00e4ndern.<\/p>\n<\/div>\n<\/div>\n\n<div style=\"height:80px\" aria-hidden=\"true\" class=\"wp-block-spacer\"><\/div>\n\n<div class=\"wp-block-columns are-vertically-aligned-center is-layout-flex wp-container-core-columns-is-layout-9d6595d7 wp-block-columns-is-layout-flex\">\n<div class=\"wp-block-column is-vertically-aligned-center dnone-mobile is-layout-flow wp-block-column-is-layout-flow\" style=\"flex-basis:4.33%\"><\/div>\n\n\n\n<div class=\"wp-block-column is-vertically-aligned-center is-layout-flow wp-block-column-is-layout-flow\" style=\"flex-basis:41.66%\">\n<h2 class=\"wp-block-heading\" id=\"lorem\">Unsere Sch\u00fcler und Sch\u00fclerinnen sind unsere Zukunft<\/h2>\n\n\n\n<p class=\"has-medium-font-size\">Wir m\u00f6chten das Beste f\u00fcr sie. Sie sind unsere Zukunft. Und nicht nur unsere aus Sicht der V\u00e4ter, M\u00fctter, Lehrer und Tutoren. Sie sind die Zukunft von uns allen.<\/p>\n<\/div>\n\n\n\n<div class=\"wp-block-column is-vertically-aligned-center is-layout-flow wp-block-column-is-layout-flow\">\n<p>Sie werden die n\u00e4chsten Generationen von Studenten sein und f\u00fcr ihre Ideale k\u00e4mpfen und sich zuk\u00fcnftigen soziokulturellen Bewegungen anschlie\u00dfen. Wir wollen ihnen alles, was sie brauchen, mit auf den Weg geben und gleichzeitig wollen wir, dass sie es aus eigener Kraft schaffen. Sie sollen wachsen, sich entwickeln und vorankommen. Wir w\u00fcnschen ihnen einen Weg mit bereichernden Erfahrungen. Und einen langen Lebensweg. Doch wir wissen, dass sie \u00fcber die notwendigen Mittel verf\u00fcgen m\u00fcssen, um die Reise anzutreten. Und wir werden den Weg finden, damit sie viel lernen, alles lernen, d<strong>as Beste lernen.<\/strong><\/p>\n<\/div>\n<\/div>\n\n<div style=\"height:80px\" aria-hidden=\"true\" class=\"wp-block-spacer\"><\/div>\n\n<div class=\"wp-block-group alignfull animate has-body-white-color has-primary-100-background-color has-text-color has-background\" id=\"cta-form\"><div class=\"wp-block-group__inner-container is-layout-flow wp-block-group-is-layout-flow\">\n<div class=\"wp-block-columns has-white-color has-text-color is-layout-flex wp-container-core-columns-is-layout-9d6595d7 wp-block-columns-is-layout-flex\">\n<div class=\"wp-block-column dnone-tablet is-layout-flow wp-block-column-is-layout-flow\" style=\"flex-basis:4.33%\"><\/div>\n\n\n\n<div class=\"wp-block-column is-layout-flow wp-block-column-is-layout-flow\">\n<p><strong>Anmeldung und neue Sch\u00fcler<\/strong><\/p>\n\n\n\n<h2 class=\"wp-block-heading has-body-white-color has-text-color\">M\u00f6chten Sie Teil unserer gro\u00dfen Familie werden?<\/h2>\n\n\n\n<p>Erkundigen Sie sich f\u00fcr das n\u00e4chste Schuljahr und sichern Sie sich einen Platz an unserer Schule. Vereinbaren Sie einen Besuch an unserer Schule, bei dem Sie die Einrichtungen sehen und ein Gespr\u00e4ch mit den Lehrkr\u00e4ften f\u00fchren k\u00f6nnen.<\/p>\n<\/div>\n\n\n\n<div class=\"wp-block-column is-vertically-aligned-center is-layout-flow wp-block-column-is-layout-flow\" style=\"flex-basis:48.6%\"><div class=\"wp-block-image\">\n<figure class=\"aligncenter size-full\"><img decoding=\"async\" width=\"108\" height=\"78\" src=\"https:\/\/colegioaleman.com\/wp-content\/uploads\/2022\/07\/Isotipo.png\" alt=\"Deutsche Schule\" class=\"wp-image-19\"\/><\/figure>\n<\/div>\n\n\n<div class=\"wp-block-buttons is-content-justification-center is-layout-flex wp-container-core-buttons-is-layout-16018d1d wp-block-buttons-is-layout-flex\">\n<div class=\"wp-block-button is-style-outline is-style-outline--1\"><a class=\"wp-block-button__link wp-element-button\" href=\"https:\/\/colegioaleman.com\/de\/anmeldung\/informationsformular\/\" style=\"border-radius:100px\" target=\"_blank\" rel=\"noreferrer noopener\">Gehen Sie zum Informationsformular<\/a><\/div>\n<\/div>\n<\/div>\n<\/div>\n<\/div><\/div>\n\n<div style=\"height:80px\" aria-hidden=\"true\" class=\"wp-block-spacer\"><\/div>\n\n<div class=\"wp-block-columns is-layout-flex wp-container-core-columns-is-layout-9d6595d7 wp-block-columns-is-layout-flex\">\n<div class=\"wp-block-column is-vertically-aligned-top dnone-tablet is-layout-flow wp-block-column-is-layout-flow\" style=\"flex-basis:4.3%\"><\/div>\n\n\n\n<div class=\"wp-block-column is-layout-flow wp-block-column-is-layout-flow\">\n<h2 class=\"has-text-align-center wp-block-heading\">Noticias relacionadas<\/h2>\n\n\n\n<div class=\"wp-block-query is-layout-flow wp-block-query-is-layout-flow\">\n\n<div class=\"wp-block-query-no-results\">\n\n<p><\/p>\n\n<\/div><\/div>\n<\/div>\n<\/div>\n","protected":false},"excerpt":{"rendered":"<p>Vorteile zweisprachiger Erziehung Die Kinder sind einer gro\u00dfen Menge an Informationen ausgesetzt und erhalten immer mehr Input in einer Sprache, die nicht ihre Muttersprache ist. Kinder sind in der Lage, Informationen sehr leicht zu behalten und wenn sie eine zweite oder sogar dritte Sprache auf nat\u00fcrliche Weise erlernen, k\u00f6nnen sie diese genauso verinnerlichen wie ihre [&hellip;]<\/p>\n","protected":false},"author":1,"featured_media":0,"parent":24577,"menu_order":0,"comment_status":"closed","ping_status":"closed","template":"","meta":{"_acf_changed":false,"inline_featured_image":false,"footnotes":""},"class_list":["post-24583","page","type-page","status-publish","hentry"],"acf":[],"_links":{"self":[{"href":"https:\/\/colegioaleman.com\/de\/wp-json\/wp\/v2\/pages\/24583","targetHints":{"allow":["GET"]}}],"collection":[{"href":"https:\/\/colegioaleman.com\/de\/wp-json\/wp\/v2\/pages"}],"about":[{"href":"https:\/\/colegioaleman.com\/de\/wp-json\/wp\/v2\/types\/page"}],"author":[{"embeddable":true,"href":"https:\/\/colegioaleman.com\/de\/wp-json\/wp\/v2\/users\/1"}],"replies":[{"embeddable":true,"href":"https:\/\/colegioaleman.com\/de\/wp-json\/wp\/v2\/comments?post=24583"}],"version-history":[{"count":4,"href":"https:\/\/colegioaleman.com\/de\/wp-json\/wp\/v2\/pages\/24583\/revisions"}],"predecessor-version":[{"id":24743,"href":"https:\/\/colegioaleman.com\/de\/wp-json\/wp\/v2\/pages\/24583\/revisions\/24743"}],"up":[{"embeddable":true,"href":"https:\/\/colegioaleman.com\/de\/wp-json\/wp\/v2\/pages\/24577"}],"wp:attachment":[{"href":"https:\/\/colegioaleman.com\/de\/wp-json\/wp\/v2\/media?parent=24583"}],"curies":[{"name":"wp","href":"https:\/\/api.w.org\/{rel}","templated":true}]}}