{"id":24585,"date":"2022-08-22T07:16:02","date_gmt":"2022-08-22T07:16:02","guid":{"rendered":"https:\/\/colegioaleman.com\/zweisprachige-schule\/sprachimmersion\/"},"modified":"2022-11-25T07:25:32","modified_gmt":"2022-11-25T07:25:32","slug":"sprachimmersion","status":"publish","type":"page","link":"https:\/\/colegioaleman.com\/de\/zweisprachige-schule\/sprachimmersion\/","title":{"rendered":"Sprachimmersion"},"content":{"rendered":"\n<div style=\"height:80px\" aria-hidden=\"true\" class=\"wp-block-spacer\"><\/div>\n\n<div class=\"wp-block-columns alignfull is-layout-flex wp-container-core-columns-is-layout-9d6595d7 wp-block-columns-is-layout-flex\">\n<div class=\"wp-block-column is-layout-flow wp-block-column-is-layout-flow\" style=\"flex-basis:8.33%\"><\/div>\n\n\n\n<div class=\"wp-block-column pr-3 pl-3 is-layout-flow wp-block-column-is-layout-flow\">\n<p><strong>Sprachimmersion<\/strong><\/p>\n\n\n\n<h2 class=\"wp-block-heading\">An der Deutschen Schule Zaragoza werden die Sch\u00fcler ab dem zweiten Lebensjahr mit der deutschen Sprache konfrontiert.<\/h2>\n\n\n\n<p>Wir ermutigen unsere Sch\u00fcler und Sch\u00fclerinnen, Zeit in Deutschland zu verbringen und verf\u00fcgen zu diesem Zweck \u00fcber Austauschprogramme. Sie haben ebenfalls die M\u00f6glichkeit, ein kurzes Praktikum in einem Unternehmen zu absolvieren, um erste Kontakte mit der Arbeitswelt zu kn\u00fcpfen und gleichzeitig die Kultur eines anderen Landes kennenzulernen.<\/p>\n\n\n\n<p>Somit ist die Sprachimmersion nicht nur eine Gelegenheit, die Sprache zu lernen und zu perfektionieren, sondern auch eine bereichernde und unvergessliche Erfahrung, an die sie sich f\u00fcr den Rest ihres Lebens erinnern werden.<\/p>\n\n\n\n<p><\/p>\n\n\n\n<ul class=\"is-style-separator-list wp-block-list\">\n<li><a href=\"#en-kindergarten\">Im Kindergarten<\/a><\/li>\n\n\n\n<li><a href=\"#en-primaria\">In der Grundschule<\/a><\/li>\n\n\n\n<li><a href=\"#en-secundaria\">In der Sekundarstufe I<\/a><\/li>\n<\/ul>\n<\/div>\n\n\n\n<div class=\"wp-block-column is-layout-flow wp-block-column-is-layout-flow\" style=\"flex-basis:44.6%\"><div class=\"wp-block-image\">\n<figure class=\"alignright size-full\"><img fetchpriority=\"high\" decoding=\"async\" width=\"800\" height=\"582\" src=\"https:\/\/colegioaleman.com\/wp-content\/uploads\/2022\/09\/inmersion-linguistica-hero-siblings.jpg\" alt=\"Sprachimmersion ab dem Alter von 3 Jahren\" class=\"wp-image-22392\" srcset=\"https:\/\/colegioaleman.com\/wp-content\/uploads\/2022\/09\/inmersion-linguistica-hero-siblings.jpg 800w, https:\/\/colegioaleman.com\/wp-content\/uploads\/2022\/09\/inmersion-linguistica-hero-siblings-300x218.jpg 300w, https:\/\/colegioaleman.com\/wp-content\/uploads\/2022\/09\/inmersion-linguistica-hero-siblings-768x559.jpg 768w\" sizes=\"(max-width: 800px) 100vw, 800px\" \/><\/figure>\n<\/div><\/div>\n<\/div>\n\n<div style=\"height:80px\" aria-hidden=\"true\" class=\"wp-block-spacer\"><\/div>\n\n<div class=\"wp-block-columns is-layout-flex wp-container-core-columns-is-layout-9d6595d7 wp-block-columns-is-layout-flex\">\n<div class=\"wp-block-column dnone-mobile is-layout-flow wp-block-column-is-layout-flow\" style=\"flex-basis:4.33%\"><\/div>\n\n\n\n<div class=\"wp-block-column is-layout-flow wp-block-column-is-layout-flow\" style=\"flex-basis:41.66%\">\n<h2 class=\"wp-block-heading\" id=\"en-kindergarten\">Im KINDERGARTEN lernen die Kinder auf nat\u00fcrliche und unterhaltsame Weise die deutsche Sprache.<\/h2>\n\n\n\n<p>Ab dem ersten Tag ist die deutsche Sprache ein fester Bestandteil des Umfeldes der Kinder, denn ihre Routinen und Lerneinheiten werden auf Deutsch eingef\u00fchrt. Ebenso werden auf Deutsch Spiele gespielt, Feste gefeiert, Lieder gesungen usw. Der Gro\u00dfteil der Materialien ist auf Deutsch.<\/p>\n\n\n\n<div class=\"wp-block-buttons is-layout-flex wp-block-buttons-is-layout-flex\">\n<div class=\"wp-block-button is-style-theme-link\"><a class=\"wp-block-button__link wp-element-button\" href=\"https:\/\/colegioaleman.com\/etapas\/kindergarten\/\">ZUM KINDERGARTEN<\/a><\/div>\n<\/div>\n<\/div>\n\n\n\n<div class=\"wp-block-column is-layout-flow wp-block-column-is-layout-flow\">\n<figure class=\"wp-block-image size-full\"><img decoding=\"async\" width=\"800\" height=\"582\" src=\"https:\/\/colegioaleman.com\/wp-content\/uploads\/2022\/09\/inmersion-2-hero-siblings.jpg\" alt=\"Sprachimmersion ab dem Alter von 3 Jahren\" class=\"wp-image-22396\" srcset=\"https:\/\/colegioaleman.com\/wp-content\/uploads\/2022\/09\/inmersion-2-hero-siblings.jpg 800w, https:\/\/colegioaleman.com\/wp-content\/uploads\/2022\/09\/inmersion-2-hero-siblings-300x218.jpg 300w, https:\/\/colegioaleman.com\/wp-content\/uploads\/2022\/09\/inmersion-2-hero-siblings-768x559.jpg 768w\" sizes=\"(max-width: 800px) 100vw, 800px\" \/><\/figure>\n<\/div>\n<\/div>\n\n<div style=\"height:80px\" aria-hidden=\"true\" class=\"wp-block-spacer\"><\/div>\n\n<div class=\"wp-block-columns are-vertically-aligned-top is-layout-flex wp-container-core-columns-is-layout-9d6595d7 wp-block-columns-is-layout-flex\">\n<div class=\"wp-block-column is-vertically-aligned-top is-layout-flow wp-block-column-is-layout-flow\" style=\"flex-basis:4.33%\"><\/div>\n\n\n\n<div class=\"wp-block-column is-vertically-aligned-top is-layout-flow wp-block-column-is-layout-flow\" style=\"flex-basis:48.6%\">\n<h2 class=\"wp-block-heading\" id=\"en-primaria\">In der Grundschule f\u00fchren wir Englisch als dritte Sprache ein.<\/h2>\n\n\n\n<div class=\"wp-block-buttons is-content-justification-left is-layout-flex wp-container-core-buttons-is-layout-fdcfc74e wp-block-buttons-is-layout-flex\">\n<div class=\"wp-block-button is-style-theme-link\"><a class=\"wp-block-button__link wp-element-button\" href=\"https:\/\/colegioaleman.com\/de\/stufen\/grundschule\/\">ZUR GRUNDSCHULE<\/a><\/div>\n<\/div>\n<\/div>\n\n\n\n<div class=\"wp-block-column is-vertically-aligned-top is-layout-flow wp-block-column-is-layout-flow\">\n<p><strong>Englisch<\/strong> ist Teil des Lehrplans in der <strong>Grundschule<\/strong> und wird dank der fr\u00fchen <strong>zweisprachigen Erziehung<\/strong>, die unsere Sch\u00fcler von klein auf in <strong>Deutsch<\/strong> erhalten, schnell beherrscht.<\/p>\n\n\n\n<p>Dank unserer muttersprachlichen Lehrer verinnerlichen sie die verschiedenen grammatikalischen Strukturen beider Sprachen abwechselnd und gew\u00f6hnen sich auf ganz nat\u00fcrliche Weise an die Verwendung verschiedener Sprachen in ihrer t\u00e4glichen Kommunikation. Das Erlernen von <strong>drei Sprachen<\/strong> ist ein wichtiger Bestandteil unserer Lehrmethode.<\/p>\n<\/div>\n<\/div>\n\n<div style=\"height:80px\" aria-hidden=\"true\" class=\"wp-block-spacer\"><\/div>\n\n<div class=\"wp-block-columns is-style-default is-layout-flex wp-container-core-columns-is-layout-9d6595d7 wp-block-columns-is-layout-flex\">\n<div class=\"wp-block-column dnone-tablet is-layout-flow wp-block-column-is-layout-flow\" style=\"flex-basis:4.33%\"><\/div>\n\n\n\n<div class=\"wp-block-column dnone-tablet is-layout-flow wp-block-column-is-layout-flow\" style=\"flex-basis:4.33%\"><\/div>\n\n\n\n<div class=\"wp-block-column is-layout-flow wp-block-column-is-layout-flow\" style=\"flex-basis:60%\">\n<figure class=\"wp-block-embed is-type-video is-provider-youtube wp-block-embed-youtube wp-embed-aspect-16-9 wp-has-aspect-ratio\"><div class=\"wp-block-embed__wrapper\">\n<iframe title=\"EL COLEGIO HA SIDO SELECCIONADO PARA LA SESI\u00d3N NACIONAL DEL EUROPEAN YOUTH PARLIAMENT ESPA\u00d1A\" width=\"640\" height=\"360\" src=\"https:\/\/www.youtube.com\/embed\/3Z1c1Exc6gA?feature=oembed\" frameborder=\"0\" allow=\"accelerometer; autoplay; clipboard-write; encrypted-media; gyroscope; picture-in-picture; web-share\" referrerpolicy=\"strict-origin-when-cross-origin\" allowfullscreen><\/iframe>\n<\/div><\/figure>\n<\/div>\n\n\n\n<div class=\"wp-block-column is-layout-flow wp-block-column-is-layout-flow\" style=\"flex-basis:41.66%\">\n<h2 class=\"wp-block-heading\" id=\"en-secundaria\">In der Sekundarstufe I werden mehrere F\u00e4cher auf Deutsch unterrichtet.<\/h2>\n\n\n\n<p>Unseren Sch\u00fclern der Sekundarstufe I bieten wir Aufenthalte an Schulen in folgenden St\u00e4dten in Deutschland an:<\/p>\n\n\n\n<ul class=\"wp-block-list\">\n<li>In der 7. Klasse in Bremen<\/li>\n\n\n\n<li>In der 8. Klasse in Kassel<\/li>\n\n\n\n<li>In der 9. Klasse in Mellendorf<\/li>\n\n\n\n<li>In der 10. Klasse in Hannover<\/li>\n<\/ul>\n\n\n\n<div class=\"wp-block-buttons is-layout-flex wp-block-buttons-is-layout-flex\"><\/div>\n<\/div>\n<\/div>\n\n<div class=\"wp-block-columns are-vertically-aligned-bottom is-style-move-up is-layout-flex wp-container-core-columns-is-layout-9d6595d7 wp-block-columns-is-layout-flex\">\n<div class=\"wp-block-column is-vertically-aligned-bottom is-layout-flow wp-block-column-is-layout-flow\" style=\"flex-basis:4.33%\"><\/div>\n\n\n\n<div class=\"wp-block-column is-vertically-aligned-bottom z-index-1 has-white-color has-primary-background-color has-text-color has-background is-layout-flow wp-block-column-is-layout-flow\" style=\"flex-basis:33.3%\">\n<p class=\"has-text-align-center has-accent-yellow-color has-text-color has-x-large-font-size\"><strong><strong>The Youth Parliament<\/strong><\/strong><\/p>\n\n\n\n<p class=\"has-text-align-center\">Aufenthalte in englischsprachigen L\u00e4ndern werden ebenfalls gef\u00f6rdert und unsere Sch\u00fcler nehmen auf Englisch an Wettbewerben wie <strong>The Youth Parliament<\/strong> teil.<\/p>\n<\/div>\n\n\n\n<div class=\"wp-block-column is-vertically-aligned-bottom z-index-1 is-layout-flow wp-block-column-is-layout-flow\">\n<div class=\"wp-block-buttons is-layout-flex wp-block-buttons-is-layout-flex\">\n<div class=\"wp-block-button is-style-theme-link\"><a class=\"wp-block-button__link wp-element-button\" href=\"https:\/\/colegioaleman.com\/de\/stufen\/sekundarstufe-i\/\">ZUR SEKUNDARSTUFE I<\/a><\/div>\n<\/div>\n<\/div>\n<\/div>\n\n<div style=\"height:80px\" aria-hidden=\"true\" class=\"wp-block-spacer\"><\/div>\n\n<div class=\"wp-block-group alignfull animate has-body-white-color has-primary-100-background-color has-text-color has-background\" id=\"cta-form\"><div class=\"wp-block-group__inner-container is-layout-flow wp-block-group-is-layout-flow\">\n<div class=\"wp-block-columns has-white-color has-text-color is-layout-flex wp-container-core-columns-is-layout-9d6595d7 wp-block-columns-is-layout-flex\">\n<div class=\"wp-block-column dnone-tablet is-layout-flow wp-block-column-is-layout-flow\" style=\"flex-basis:4.33%\"><\/div>\n\n\n\n<div class=\"wp-block-column is-layout-flow wp-block-column-is-layout-flow\">\n<p><strong>Anmeldung und neue Sch\u00fcler<\/strong><\/p>\n\n\n\n<h2 class=\"wp-block-heading has-body-white-color has-text-color\">M\u00f6chten Sie Teil unserer gro\u00dfen Familie werden?<\/h2>\n\n\n\n<p>Erkundigen Sie sich f\u00fcr das n\u00e4chste Schuljahr und sichern Sie sich einen Platz an unserer Schule. Vereinbaren Sie einen Besuch an unserer Schule, bei dem Sie die Einrichtungen sehen und ein Gespr\u00e4ch mit den Lehrkr\u00e4ften f\u00fchren k\u00f6nnen.<\/p>\n<\/div>\n\n\n\n<div class=\"wp-block-column is-vertically-aligned-center is-layout-flow wp-block-column-is-layout-flow\" style=\"flex-basis:48.6%\"><div class=\"wp-block-image\">\n<figure class=\"aligncenter size-full\"><img decoding=\"async\" width=\"108\" height=\"78\" src=\"https:\/\/colegioaleman.com\/wp-content\/uploads\/2022\/07\/Isotipo.png\" alt=\"Deutsche Schule\" class=\"wp-image-19\"\/><\/figure>\n<\/div>\n\n\n<div class=\"wp-block-buttons is-content-justification-center is-layout-flex wp-container-core-buttons-is-layout-16018d1d wp-block-buttons-is-layout-flex\">\n<div class=\"wp-block-button is-style-outline is-style-outline--1\"><a class=\"wp-block-button__link wp-element-button\" href=\"https:\/\/colegioaleman.com\/de\/anmeldung\/informationsformular\/\" style=\"border-radius:100px\" target=\"_blank\" rel=\"noreferrer noopener\">Gehen Sie zum Informationsformular<\/a><\/div>\n<\/div>\n<\/div>\n<\/div>\n<\/div><\/div>\n\n<div class=\"wp-block-group\"><div class=\"wp-block-group__inner-container is-layout-flow wp-block-group-is-layout-flow\">\n<div style=\"height:80px\" aria-hidden=\"true\" class=\"wp-block-spacer\"><\/div>\n<\/div><\/div>\n\n<div class=\"wp-block-columns is-layout-flex wp-container-core-columns-is-layout-9d6595d7 wp-block-columns-is-layout-flex\">\n<div class=\"wp-block-column is-vertically-aligned-top dnone-tablet is-layout-flow wp-block-column-is-layout-flow\" style=\"flex-basis:4.3%\"><\/div>\n\n\n\n<div class=\"wp-block-column is-layout-flow wp-block-column-is-layout-flow\">\n<h2 class=\"has-text-align-center wp-block-heading\">Noticias relacionadas<\/h2>\n\n\n\n<div class=\"wp-block-query is-layout-flow wp-block-query-is-layout-flow\">\n\n<div class=\"wp-block-query-no-results\">\n\n<p><\/p>\n\n<\/div><\/div>\n<\/div>\n<\/div>\n","protected":false},"excerpt":{"rendered":"<p>Sprachimmersion An der Deutschen Schule Zaragoza werden die Sch\u00fcler ab dem zweiten Lebensjahr mit der deutschen Sprache konfrontiert. Wir ermutigen unsere Sch\u00fcler und Sch\u00fclerinnen, Zeit in Deutschland zu verbringen und verf\u00fcgen zu diesem Zweck \u00fcber Austauschprogramme. Sie haben ebenfalls die M\u00f6glichkeit, ein kurzes Praktikum in einem Unternehmen zu absolvieren, um erste Kontakte mit der Arbeitswelt [&hellip;]<\/p>\n","protected":false},"author":1,"featured_media":0,"parent":24577,"menu_order":0,"comment_status":"closed","ping_status":"closed","template":"","meta":{"_acf_changed":false,"inline_featured_image":false,"footnotes":""},"class_list":["post-24585","page","type-page","status-publish","hentry"],"acf":[],"_links":{"self":[{"href":"https:\/\/colegioaleman.com\/de\/wp-json\/wp\/v2\/pages\/24585","targetHints":{"allow":["GET"]}}],"collection":[{"href":"https:\/\/colegioaleman.com\/de\/wp-json\/wp\/v2\/pages"}],"about":[{"href":"https:\/\/colegioaleman.com\/de\/wp-json\/wp\/v2\/types\/page"}],"author":[{"embeddable":true,"href":"https:\/\/colegioaleman.com\/de\/wp-json\/wp\/v2\/users\/1"}],"replies":[{"embeddable":true,"href":"https:\/\/colegioaleman.com\/de\/wp-json\/wp\/v2\/comments?post=24585"}],"version-history":[{"count":4,"href":"https:\/\/colegioaleman.com\/de\/wp-json\/wp\/v2\/pages\/24585\/revisions"}],"predecessor-version":[{"id":25059,"href":"https:\/\/colegioaleman.com\/de\/wp-json\/wp\/v2\/pages\/24585\/revisions\/25059"}],"up":[{"embeddable":true,"href":"https:\/\/colegioaleman.com\/de\/wp-json\/wp\/v2\/pages\/24577"}],"wp:attachment":[{"href":"https:\/\/colegioaleman.com\/de\/wp-json\/wp\/v2\/media?parent=24585"}],"curies":[{"name":"wp","href":"https:\/\/api.w.org\/{rel}","templated":true}]}}