{"id":24587,"date":"2022-08-22T07:16:29","date_gmt":"2022-08-22T07:16:29","guid":{"rendered":"https:\/\/colegioaleman.com\/zweisprachige-schule\/schulerpraktikum-im-ausland\/"},"modified":"2025-07-09T11:33:48","modified_gmt":"2025-07-09T11:33:48","slug":"schulerpraktikum-im-ausland","status":"publish","type":"page","link":"https:\/\/colegioaleman.com\/de\/zweisprachige-schule\/schulerpraktikum-im-ausland\/","title":{"rendered":"Sch\u00fclerpraktikum im Ausland"},"content":{"rendered":"\n<div style=\"height:80px\" aria-hidden=\"true\" class=\"wp-block-spacer\"><\/div>\n\n\n\n<div class=\"wp-block-columns alignfull is-layout-flex wp-container-core-columns-is-layout-9d6595d7 wp-block-columns-is-layout-flex\">\n<div class=\"wp-block-column is-layout-flow wp-block-column-is-layout-flow\" style=\"flex-basis:8.3%\"><\/div>\n\n\n\n<div class=\"wp-block-column pl-3 is-layout-flow wp-block-column-is-layout-flow\">\n<p><strong>Sch\u00fclerpraktikum im Ausland<\/strong><\/p>\n\n\n\n<h2 class=\"wp-block-heading\">Unser Programm Sch\u00fclerpraktikum in Berlin bietet die M\u00f6glichkeit, ein Praktikum in Deutschland zu absolvieren.<\/h2>\n\n\n\n<p>Es ist f\u00fcr unsere Sch\u00fcler und Sch\u00fclerinnen eine positive Erfahrung, wenn sie mit 16 Jahren am Programm <strong>Sch\u00fclerpraktikum in Berlin<\/strong> teilnehmen.<\/p>\n\n\n\n<p>Bei dem Programm handelt es sich um eine Immersion in die deutsche Sprache und Kultur, denn <strong>unsere Sch\u00fcler k\u00f6nnen im Monat Juni ein 15-t\u00e4giges Praktikum in einem deutschen Unternehmen absolvieren.<\/strong><\/p>\n\n\n\n<p>Es stehen viele interessante Praktika zur Auswahl und f\u00fcr unsere Sch\u00fcler und Sch\u00fclerinnen wird es eine bereichernde Erfahrung sein, sowohl aus pers\u00f6nlicher als auch aus akademischer Sicht.<\/p>\n\n\n\n<p>Teilnehmende Unternehmen sind unter anderen <strong>Siemens, Bayer, Telekom\u2026 Aber auch Krankenh\u00e4user, Kinderg\u00e4rten, Anwaltskanzleien, Architektenb\u00fcros usw. bieten Praktikumspl\u00e4tze an.<\/strong><\/p>\n\n\n\n<div class=\"wp-block-buttons is-layout-flex wp-block-buttons-is-layout-flex\">\n<div class=\"wp-block-button is-style-theme-link\"><a class=\"wp-block-button__link wp-element-button\" href=\"https:\/\/colegioaleman.com\/de\/kontakt\/\">WEITERE INFORMATIONEN ANFORDERN<\/a><\/div>\n<\/div>\n<\/div>\n\n\n\n<div class=\"wp-block-column is-layout-flow wp-block-column-is-layout-flow\" style=\"flex-basis:44.6%\">\n\n    <div id=\"swiper-block_ce4ecd24ddb86876d5f6759c47c76232\" class=\"swiper swiper-container-block slider-image-block\">\n        <div class=\"swiper-wrapper\">\n                            <div class=\"swiper-slide\">\n                                            <figure>\n                            <img decoding=\"async\" src=\"https:\/\/colegioaleman.com\/wp-content\/uploads\/2022\/09\/practicas-extranjero-hero-siblings.jpg\" alt=\"\" \/>\n                            \n                        <\/figure>\n                                    <\/div>\n                            <div class=\"swiper-slide\">\n                                            <figure>\n                            <img decoding=\"async\" src=\"https:\/\/colegioaleman.com\/wp-content\/uploads\/2025\/07\/Estudiante-Colegio-Aleman-Zaragoza-scaled.png\" alt=\"\" \/>\n                            \n                        <\/figure>\n                                    <\/div>\n                    <\/div>\n        <!-- Add Pagination --> \n        <div class=\"swiper-pagination\"><\/div> \n        \n        <!-- Add Arrows -->\n        <div class=\"swiper-button-next\"><\/div>\n        <div class=\"swiper-button-prev\"><\/div>\n        \n    <\/div>\n\n\n\n<!-- Swiper JS -->\n<script src=\"https:\/\/cdn.jsdelivr.net\/npm\/swiper@8\/swiper-bundle.min.js\"><\/script>\n\n<!-- Initialize Swiper -->\n<script>\n\tvar swiper = new Swiper('#swiper-block_ce4ecd24ddb86876d5f6759c47c76232', {\n\tslidesPerView: 1,\n    autoHeight: true,\n\tnavigation: {\n        nextEl: '.swiper-button-next',\n        prevEl: '.swiper-button-prev',\n    },\n    pagination: {\n\t\tel: '.swiper-pagination',\n\t\tclickable: true,\n\t},\n\t});\n<\/script><\/div>\n\n\n\n<div class=\"wp-block-column is-layout-flow wp-block-column-is-layout-flow\" style=\"flex-basis:8.3%\"><\/div>\n<\/div>\n\n\n\n<div style=\"height:80px\" aria-hidden=\"true\" class=\"wp-block-spacer\"><\/div>\n\n\n\n<div class=\"wp-block-group alignfull animate has-body-white-color has-primary-100-background-color has-text-color has-background\" id=\"cta-form\"><div class=\"wp-block-group__inner-container is-layout-flow wp-block-group-is-layout-flow\">\n<div class=\"wp-block-columns has-white-color has-text-color is-layout-flex wp-container-core-columns-is-layout-9d6595d7 wp-block-columns-is-layout-flex\">\n<div class=\"wp-block-column dnone-tablet is-layout-flow wp-block-column-is-layout-flow\" style=\"flex-basis:4.33%\"><\/div>\n\n\n\n<div class=\"wp-block-column is-layout-flow wp-block-column-is-layout-flow\">\n<p><strong>Anmeldung und neue Sch\u00fcler<\/strong><\/p>\n\n\n\n<h2 class=\"wp-block-heading has-body-white-color has-text-color\">M\u00f6chten Sie Teil unserer gro\u00dfen Familie werden?<\/h2>\n\n\n\n<p>Erkundigen Sie sich f\u00fcr das n\u00e4chste Schuljahr und sichern Sie sich einen Platz an unserer Schule. Vereinbaren Sie einen Besuch an unserer Schule, bei dem Sie die Einrichtungen sehen und ein Gespr\u00e4ch mit den Lehrkr\u00e4ften f\u00fchren k\u00f6nnen.<\/p>\n<\/div>\n\n\n\n<div class=\"wp-block-column is-vertically-aligned-center is-layout-flow wp-block-column-is-layout-flow\" style=\"flex-basis:48.6%\"><div class=\"wp-block-image\">\n<figure class=\"aligncenter size-full\"><img decoding=\"async\" width=\"108\" height=\"78\" src=\"https:\/\/colegioaleman.com\/wp-content\/uploads\/2022\/07\/Isotipo.png\" alt=\"Deutsche Schule\" class=\"wp-image-19\"\/><\/figure>\n<\/div>\n\n\n<div class=\"wp-block-buttons is-content-justification-center is-layout-flex wp-container-core-buttons-is-layout-16018d1d wp-block-buttons-is-layout-flex\">\n<div class=\"wp-block-button is-style-outline is-style-outline--1\"><a class=\"wp-block-button__link wp-element-button\" href=\"https:\/\/colegioaleman.com\/de\/anmeldung\/informationsformular\/\" style=\"border-radius:100px\" target=\"_blank\" rel=\"noreferrer noopener\">Gehen Sie zum Informationsformular<\/a><\/div>\n<\/div>\n<\/div>\n<\/div>\n<\/div><\/div>\n\n\n\n<div style=\"height:80px\" aria-hidden=\"true\" class=\"wp-block-spacer\"><\/div>\n\n\n\n<div class=\"wp-block-columns is-layout-flex wp-container-core-columns-is-layout-9d6595d7 wp-block-columns-is-layout-flex\">\n<div class=\"wp-block-column is-vertically-aligned-top dnone-tablet is-layout-flow wp-block-column-is-layout-flow\" style=\"flex-basis:4.3%\"><\/div>\n\n\n\n<div class=\"wp-block-column is-layout-flow wp-block-column-is-layout-flow\">\n<h2 class=\"has-text-align-center wp-block-heading\">Noticias relacionadas<\/h2>\n\n\n\n<div class=\"wp-block-query is-layout-flow wp-block-query-is-layout-flow\">\n\n<div class=\"wp-block-query-no-results\">\n\n<p><\/p>\n\n<\/div><\/div>\n<\/div>\n<\/div>\n","protected":false},"excerpt":{"rendered":"<p>Sch\u00fclerpraktikum im Ausland Unser Programm Sch\u00fclerpraktikum in Berlin bietet die M\u00f6glichkeit, ein Praktikum in Deutschland zu absolvieren. Es ist f\u00fcr unsere Sch\u00fcler und Sch\u00fclerinnen eine positive Erfahrung, wenn sie mit 16 Jahren am Programm Sch\u00fclerpraktikum in Berlin teilnehmen. Bei dem Programm handelt es sich um eine Immersion in die deutsche Sprache und Kultur, denn unsere [&hellip;]<\/p>\n","protected":false},"author":1,"featured_media":0,"parent":24577,"menu_order":0,"comment_status":"closed","ping_status":"closed","template":"","meta":{"_acf_changed":false,"inline_featured_image":false,"footnotes":""},"class_list":["post-24587","page","type-page","status-publish","hentry"],"acf":[],"_links":{"self":[{"href":"https:\/\/colegioaleman.com\/de\/wp-json\/wp\/v2\/pages\/24587","targetHints":{"allow":["GET"]}}],"collection":[{"href":"https:\/\/colegioaleman.com\/de\/wp-json\/wp\/v2\/pages"}],"about":[{"href":"https:\/\/colegioaleman.com\/de\/wp-json\/wp\/v2\/types\/page"}],"author":[{"embeddable":true,"href":"https:\/\/colegioaleman.com\/de\/wp-json\/wp\/v2\/users\/1"}],"replies":[{"embeddable":true,"href":"https:\/\/colegioaleman.com\/de\/wp-json\/wp\/v2\/comments?post=24587"}],"version-history":[{"count":2,"href":"https:\/\/colegioaleman.com\/de\/wp-json\/wp\/v2\/pages\/24587\/revisions"}],"predecessor-version":[{"id":42716,"href":"https:\/\/colegioaleman.com\/de\/wp-json\/wp\/v2\/pages\/24587\/revisions\/42716"}],"up":[{"embeddable":true,"href":"https:\/\/colegioaleman.com\/de\/wp-json\/wp\/v2\/pages\/24577"}],"wp:attachment":[{"href":"https:\/\/colegioaleman.com\/de\/wp-json\/wp\/v2\/media?parent=24587"}],"curies":[{"name":"wp","href":"https:\/\/api.w.org\/{rel}","templated":true}]}}