{"id":24589,"date":"2022-08-22T07:17:03","date_gmt":"2022-08-22T07:17:03","guid":{"rendered":"https:\/\/colegioaleman.com\/zweisprachige-schule\/goethe-institut\/"},"modified":"2022-11-22T16:06:29","modified_gmt":"2022-11-22T16:06:29","slug":"goethe-institut","status":"publish","type":"page","link":"https:\/\/colegioaleman.com\/de\/zweisprachige-schule\/goethe-institut\/","title":{"rendered":"Goethe-Institut"},"content":{"rendered":"\n<div style=\"height:80px\" aria-hidden=\"true\" class=\"wp-block-spacer\"><\/div>\n\n<div class=\"wp-block-columns alignfull is-layout-flex wp-container-core-columns-is-layout-9d6595d7 wp-block-columns-is-layout-flex\">\n<div class=\"wp-block-column dnone-tablet is-layout-flow wp-block-column-is-layout-flow\" style=\"flex-basis:8.3%\"><\/div>\n\n\n\n<div class=\"wp-block-column pl-3 is-layout-flow wp-block-column-is-layout-flow\">\n<p><strong>Instituto-<strong>Goethe<\/strong><\/strong><\/p>\n\n\n\n<h2 class=\"wp-block-heading\">Die Deutsche Schule ist das einzige Pr\u00fcfungszentrum des Goethe-Instituts in Aragonien<\/h2>\n\n\n\n<p><strong>Hier k\u00f6nnen Sie Ihre Deutschkenntnisse zertifizieren lassen<\/strong><\/p>\n\n\n\n<p>Im Jahr 1987 hat das Goethe-Institut Deutschland (vergleichbar mit dem Instituto Cervantes in Spanien, dem British Council im Vereinigten K\u00f6nigreich, Dante Alighieri in Italien, der Alliance Fran\u00e7aise in Frankreich oder dem Instituto Camoes in Portugal) dem Kulturverein der Deutschen Schule (Asociaci\u00f3n Cultural del Colegio Aleman) die <strong>Lizenz zur Pr\u00fcfung und Ausstellung von Goehte-Zertifikaten vergeben.<\/strong>.<\/p>\n\n\n\n<p>Seitdem ist der Verein das <strong>einzige Pr\u00fcfungszentrum des Goethe-Instituts in Aragonien<\/strong> (Pr\u00fcfungszentrum Goethe-Institut).<\/p>\n\n\n\n<p>Im selben Jahr \u00f6ffnete der Kulturverein der Deutschen Schule seine T\u00fcren f\u00fcr alle Bewohner Zaragozas (ohne, dass sie Mitglied im Verein sein m\u00fcssen), die Interesse daran haben, die deutsche Sprache zu lernen oder ihre Kenntnisse zu verbessern.<\/p>\n\n\n\n<p><strong>Der Vorstand des Kulturvereins der Deutschen Schule verwaltet die Deutsche Schule und die Akademie f\u00fcr Deutsch von Zaragoza.<\/strong><\/p>\n\n\n\n<p>Die Akademie f\u00fcr Deutsch von Zaragoza hat es sich zum Auftrag gemacht, Deutsch als Fremdsprache zu lehren und bietet Kurse f\u00fcr jedermann an:<\/p>\n\n\n\n<ul class=\"wp-block-list\">\n<li>Alle Niveaustufen<\/li>\n\n\n\n<li>Alle Altersgruppen<\/li>\n\n\n\n<li>P\u00e4senz- und Onlineunterricht<\/li>\n<\/ul>\n\n\n\n<p>Es existiert ein perfekter Kurs f\u00fcr jedes Sprachniveau.<\/p>\n\n\n\n<div class=\"wp-block-buttons is-layout-flex wp-block-buttons-is-layout-flex\">\n<div class=\"wp-block-button is-style-theme-link\"><a class=\"wp-block-button__link wp-element-button\" href=\"https:\/\/institutoalemanzaragoza.com\/\" target=\"_blank\" rel=\"noreferrer noopener\">MEHR \u00dcBER DIE AKADEMIE ERFAHREN<\/a><\/div>\n<\/div>\n<\/div>\n\n\n\n<div class=\"wp-block-column is-layout-flow wp-block-column-is-layout-flow\" style=\"flex-basis:44.6%\">\n<figure class=\"wp-block-image size-full\"><img fetchpriority=\"high\" decoding=\"async\" width=\"801\" height=\"582\" src=\"https:\/\/colegioaleman.com\/wp-content\/uploads\/2022\/09\/goethe-institut-hero-siblings-1.jpg\" alt=\"Akademie f&#xFC;r Deutsch in Zaragoza\" class=\"wp-image-22471\" srcset=\"https:\/\/colegioaleman.com\/wp-content\/uploads\/2022\/09\/goethe-institut-hero-siblings-1.jpg 801w, https:\/\/colegioaleman.com\/wp-content\/uploads\/2022\/09\/goethe-institut-hero-siblings-1-300x218.jpg 300w, https:\/\/colegioaleman.com\/wp-content\/uploads\/2022\/09\/goethe-institut-hero-siblings-1-768x558.jpg 768w\" sizes=\"(max-width: 801px) 100vw, 801px\" \/><\/figure>\n<\/div>\n\n\n\n<div class=\"wp-block-column is-layout-flow wp-block-column-is-layout-flow\" style=\"flex-basis:8.3%\"><\/div>\n<\/div>\n\n<div style=\"height:80px\" aria-hidden=\"true\" class=\"wp-block-spacer\"><\/div>\n\n<div class=\"wp-block-group alignfull animate has-body-white-color has-primary-100-background-color has-text-color has-background\" id=\"cta-form\"><div class=\"wp-block-group__inner-container is-layout-flow wp-block-group-is-layout-flow\">\n<div class=\"wp-block-columns has-white-color has-text-color is-layout-flex wp-container-core-columns-is-layout-9d6595d7 wp-block-columns-is-layout-flex\">\n<div class=\"wp-block-column dnone-tablet is-layout-flow wp-block-column-is-layout-flow\" style=\"flex-basis:4.33%\"><\/div>\n\n\n\n<div class=\"wp-block-column is-layout-flow wp-block-column-is-layout-flow\">\n<p><strong>Anmeldung und neue Sch\u00fcler<\/strong><\/p>\n\n\n\n<h2 class=\"wp-block-heading has-body-white-color has-text-color\">M\u00f6chten Sie Teil unserer gro\u00dfen Familie werden?<\/h2>\n\n\n\n<p>Erkundigen Sie sich f\u00fcr das n\u00e4chste Schuljahr und sichern Sie sich einen Platz an unserer Schule. Vereinbaren Sie einen Besuch an unserer Schule, bei dem Sie die Einrichtungen sehen und ein Gespr\u00e4ch mit den Lehrkr\u00e4ften f\u00fchren k\u00f6nnen.<\/p>\n<\/div>\n\n\n\n<div class=\"wp-block-column is-vertically-aligned-center is-layout-flow wp-block-column-is-layout-flow\" style=\"flex-basis:48.6%\"><div class=\"wp-block-image\">\n<figure class=\"aligncenter size-full\"><img decoding=\"async\" width=\"108\" height=\"78\" src=\"https:\/\/colegioaleman.com\/wp-content\/uploads\/2022\/07\/Isotipo.png\" alt=\"Deutsche Schule\" class=\"wp-image-19\"\/><\/figure>\n<\/div>\n\n\n<div class=\"wp-block-buttons is-content-justification-center is-layout-flex wp-container-core-buttons-is-layout-16018d1d wp-block-buttons-is-layout-flex\">\n<div class=\"wp-block-button is-style-outline is-style-outline--1\"><a class=\"wp-block-button__link wp-element-button\" href=\"https:\/\/colegioaleman.com\/de\/anmeldung\/informationsformular\/\" style=\"border-radius:100px\" target=\"_blank\" rel=\"noreferrer noopener\">Gehen Sie zum Informationsformular<\/a><\/div>\n<\/div>\n<\/div>\n<\/div>\n<\/div><\/div>\n\n<div style=\"height:80px\" aria-hidden=\"true\" class=\"wp-block-spacer\"><\/div>\n\n<div class=\"wp-block-columns is-layout-flex wp-container-core-columns-is-layout-9d6595d7 wp-block-columns-is-layout-flex\">\n<div class=\"wp-block-column is-vertically-aligned-top dnone-tablet is-layout-flow wp-block-column-is-layout-flow\" style=\"flex-basis:4.3%\"><\/div>\n\n\n\n<div class=\"wp-block-column is-layout-flow wp-block-column-is-layout-flow\">\n<h2 class=\"has-text-align-center wp-block-heading\">Noticias relacionadas<\/h2>\n\n\n\n<div class=\"wp-block-query is-layout-flow wp-block-query-is-layout-flow\">\n\n<div class=\"wp-block-query-no-results\">\n\n<p><\/p>\n\n<\/div><\/div>\n<\/div>\n<\/div>\n","protected":false},"excerpt":{"rendered":"<p>Instituto-Goethe Die Deutsche Schule ist das einzige Pr\u00fcfungszentrum des Goethe-Instituts in Aragonien Hier k\u00f6nnen Sie Ihre Deutschkenntnisse zertifizieren lassen Im Jahr 1987 hat das Goethe-Institut Deutschland (vergleichbar mit dem Instituto Cervantes in Spanien, dem British Council im Vereinigten K\u00f6nigreich, Dante Alighieri in Italien, der Alliance Fran\u00e7aise in Frankreich oder dem Instituto Camoes in Portugal) dem [&hellip;]<\/p>\n","protected":false},"author":1,"featured_media":0,"parent":24577,"menu_order":0,"comment_status":"closed","ping_status":"closed","template":"","meta":{"_acf_changed":false,"inline_featured_image":false,"footnotes":""},"class_list":["post-24589","page","type-page","status-publish","hentry"],"acf":[],"_links":{"self":[{"href":"https:\/\/colegioaleman.com\/de\/wp-json\/wp\/v2\/pages\/24589","targetHints":{"allow":["GET"]}}],"collection":[{"href":"https:\/\/colegioaleman.com\/de\/wp-json\/wp\/v2\/pages"}],"about":[{"href":"https:\/\/colegioaleman.com\/de\/wp-json\/wp\/v2\/types\/page"}],"author":[{"embeddable":true,"href":"https:\/\/colegioaleman.com\/de\/wp-json\/wp\/v2\/users\/1"}],"replies":[{"embeddable":true,"href":"https:\/\/colegioaleman.com\/de\/wp-json\/wp\/v2\/comments?post=24589"}],"version-history":[{"count":4,"href":"https:\/\/colegioaleman.com\/de\/wp-json\/wp\/v2\/pages\/24589\/revisions"}],"predecessor-version":[{"id":24747,"href":"https:\/\/colegioaleman.com\/de\/wp-json\/wp\/v2\/pages\/24589\/revisions\/24747"}],"up":[{"embeddable":true,"href":"https:\/\/colegioaleman.com\/de\/wp-json\/wp\/v2\/pages\/24577"}],"wp:attachment":[{"href":"https:\/\/colegioaleman.com\/de\/wp-json\/wp\/v2\/media?parent=24589"}],"curies":[{"name":"wp","href":"https:\/\/api.w.org\/{rel}","templated":true}]}}