{"id":24591,"date":"2022-08-03T15:44:50","date_gmt":"2022-08-03T15:44:50","guid":{"rendered":"https:\/\/colegioaleman.com\/erasmus-2\/"},"modified":"2022-11-22T12:21:41","modified_gmt":"2022-11-22T12:21:41","slug":"erasmus-2","status":"publish","type":"page","link":"https:\/\/colegioaleman.com\/de\/erasmus-2\/","title":{"rendered":"Erasmus"},"content":{"rendered":"\n<div style=\"height:80px\" aria-hidden=\"true\" class=\"wp-block-spacer\"><\/div>\n\n<div class=\"wp-block-columns is-layout-flex wp-container-core-columns-is-layout-9d6595d7 wp-block-columns-is-layout-flex\">\n<div class=\"wp-block-column is-layout-flow wp-block-column-is-layout-flow\" style=\"flex-basis:4.3%\"><\/div>\n\n\n\n<div class=\"wp-block-column is-layout-flow wp-block-column-is-layout-flow\">\n<h2 class=\"wp-block-heading\" style=\"font-size:16px\"><strong>Bildungsprojekt<\/strong><\/h2>\n\n\n\n<h2 class=\"has-body-main-color has-text-color has-large-font-size wp-block-heading\">Das Programm Erasmus+ bietet die M\u00f6glichkeit, auf europ\u00e4ischer Ebene Bildungsprojekte durchzuf\u00fchren.<\/h2>\n\n\n\n<p>Dadurch wird der kulturelle Austausch zwischen akademischen Einrichtungen und die Mobilit\u00e4t von Studierenden und Lehrkr\u00e4ften auf dem gesamten Kontinent gef\u00f6rdert.<\/p>\n<\/div>\n\n\n\n<div class=\"wp-block-column is-layout-flow wp-block-column-is-layout-flow\"><div class=\"wp-block-image\">\n<figure class=\"alignright size-full\"><img fetchpriority=\"high\" decoding=\"async\" width=\"800\" height=\"582\" src=\"https:\/\/colegioaleman.com\/wp-content\/uploads\/2022\/09\/erasmus-hero-siblings.jpg\" alt=\"Erasmus + Programm der Deutschen Schule\" class=\"wp-image-22387\" srcset=\"https:\/\/colegioaleman.com\/wp-content\/uploads\/2022\/09\/erasmus-hero-siblings.jpg 800w, https:\/\/colegioaleman.com\/wp-content\/uploads\/2022\/09\/erasmus-hero-siblings-300x218.jpg 300w, https:\/\/colegioaleman.com\/wp-content\/uploads\/2022\/09\/erasmus-hero-siblings-768x559.jpg 768w\" sizes=\"(max-width: 800px) 100vw, 800px\" \/><\/figure>\n<\/div><\/div>\n<\/div>\n\n<div style=\"height:80px\" aria-hidden=\"true\" class=\"wp-block-spacer\"><\/div>\n\n<div class=\"wp-block-columns is-layout-flex wp-container-core-columns-is-layout-9d6595d7 wp-block-columns-is-layout-flex\">\n<div class=\"wp-block-column is-layout-flow wp-block-column-is-layout-flow\" style=\"flex-basis:4.3%\"><\/div>\n\n\n\n<div class=\"wp-block-column is-layout-flow wp-block-column-is-layout-flow\">\n<h2 class=\"wp-block-heading\">Unsere Einrichtung verf\u00fcgt \u00fcber die Erasmus+ Akkreditierung<\/h2>\n\n\n\n<p><\/p>\n<\/div>\n\n\n\n<div class=\"wp-block-column is-layout-flow wp-block-column-is-layout-flow\" style=\"flex-basis:50%\">\n<p>Unsere Schule hat im Februar die Akkreditierung f\u00fcr Erasmus+ erhalten, dank derer es f\u00fcr uns in den n\u00e4chsten f\u00fcnf Jahren einfacher sein wird, an Projekten von Erasmus+ teilzunehmen und uns an der Organisation von Projekten zu beteiligen.<\/p>\n<\/div>\n<\/div>\n\n<div style=\"height:80px\" aria-hidden=\"true\" class=\"wp-block-spacer\"><\/div>\n\n<div class=\"wp-block-columns is-layout-flex wp-container-core-columns-is-layout-9d6595d7 wp-block-columns-is-layout-flex\">\n<div class=\"wp-block-column is-layout-flow wp-block-column-is-layout-flow\" style=\"flex-basis:4.3%\"><\/div>\n\n\n\n<div class=\"wp-block-column is-layout-flow wp-block-column-is-layout-flow\">\n<h2 class=\"wp-block-heading\">Erasmus+ Ausschuss<\/h2>\n\n\n\n<p><\/p>\n<\/div>\n\n\n\n<div class=\"wp-block-column is-layout-flow wp-block-column-is-layout-flow\" style=\"flex-basis:50%\">\n<p>Unser Ausschuss Erasmus+ setzt sich aus mehreren Lehrkr\u00e4ften der Schule zusammen und ist f\u00fcr die Verwaltung aller Aspekte im Zusammenhang mit den Projekten zust\u00e4ndig.<\/p>\n<\/div>\n<\/div>\n\n<div style=\"height:80px\" aria-hidden=\"true\" class=\"wp-block-spacer\"><\/div>\n\n<div class=\"wp-block-columns is-style-default is-layout-flex wp-container-core-columns-is-layout-9d6595d7 wp-block-columns-is-layout-flex\">\n<div class=\"wp-block-column is-layout-flow wp-block-column-is-layout-flow\" style=\"flex-basis:4.33%\"><\/div>\n\n\n\n<div class=\"wp-block-column is-layout-flow wp-block-column-is-layout-flow\">\n<h2 class=\"has-text-align-center wp-block-heading\">An welchen Erasmus+ Projekten nehmen wir teil?<\/h2>\n\n\n\n<figure class=\"wp-block-embed is-type-video is-provider-youtube wp-block-embed-youtube wp-embed-aspect-16-9 wp-has-aspect-ratio\"><div class=\"wp-block-embed__wrapper\">\n<iframe title=\"ERASMUS+\" width=\"640\" height=\"360\" src=\"https:\/\/www.youtube.com\/embed\/t8P2lhPDQ0s?feature=oembed\" frameborder=\"0\" allow=\"accelerometer; autoplay; clipboard-write; encrypted-media; gyroscope; picture-in-picture; web-share\" referrerpolicy=\"strict-origin-when-cross-origin\" allowfullscreen><\/iframe>\n<\/div><\/figure>\n<\/div>\n\n\n\n<div class=\"wp-block-column is-layout-flow wp-block-column-is-layout-flow\" style=\"flex-basis:4.33%\"><\/div>\n<\/div>\n\n<div class=\"wp-block-columns is-style-move-up is-layout-flex wp-container-core-columns-is-layout-9d6595d7 wp-block-columns-is-layout-flex\">\n<div class=\"wp-block-column dnone-tablet is-layout-flow wp-block-column-is-layout-flow\"><\/div>\n\n\n\n<div class=\"wp-block-column animate slideInRight has-body-white-color has-primary-background-color has-text-color has-background is-layout-flow wp-block-column-is-layout-flow\" style=\"flex-basis:33.33%\">\n<p>Sowohl aus pers\u00f6nlicher als auch aus akademischer Sicht stellt die Teilnahme am Erasmus+ Programm eine bereichernde Erfahrung dar, an die sich unsere Sch\u00fcler und Sch\u00fclerinnen ein Leben lang erinnern werden und die ihnen die Augen f\u00fcr die Welt \u00f6ffnet.<\/p>\n<\/div>\n<\/div>\n\n<div style=\"height:40px\" aria-hidden=\"true\" class=\"wp-block-spacer\"><\/div>\n\n<div class=\"wp-block-group\"><div class=\"wp-block-group__inner-container is-layout-flow wp-block-group-is-layout-flow\">\n<div class=\"wp-block-columns is-layout-flex wp-container-core-columns-is-layout-9d6595d7 wp-block-columns-is-layout-flex\">\n<div class=\"wp-block-column dnone-mobile is-layout-flow wp-block-column-is-layout-flow\" style=\"flex-basis:4.3%\"><\/div>\n\n\n\n<div class=\"wp-block-column is-layout-flow wp-block-column-is-layout-flow\">\n<h3 class=\"wp-block-heading\"><strong>In Zusammenarbeit mit der Comenius-Gesamtschule in Voerde (Deutschland)<\/strong><\/h3>\n\n\n\n<p>Bei dieser Zusammenarbeit handelt es sich um ein gemeinsames <strong>Projekt der Comenius Gesamtschule in Voerde und der Deutschen Schule<\/strong> zum Thema Einwanderung, bei dem deutsche und spanische B\u00fcrger, die in Spanien bzw. Deutschland leben, befragt wurden.<\/p>\n\n\n\n<p>Das Projekt endet mit einer digitalen Pr\u00e4sentation der in beiden L\u00e4ndern durchgef\u00fchrten Befragungen.<\/p>\n<\/div>\n\n\n\n<div class=\"wp-block-column is-layout-flow wp-block-column-is-layout-flow\">\n<h3 class=\"wp-block-heading\"><strong><strong>Bew\u00e4hrte Praktiken im Bereich der Digitalisierung und p\u00e4dagogischen Innovation<\/strong><\/strong><\/h3>\n\n\n\n<p>An dem Projekt sind Bildungseinrichtungen aus Deutschland, Lettland, Estland und Litauen beteiligt, die sich mit dem kulturellen Austausch zwischen Sch\u00fclern und Lehrern durch Aufenthalte in den anderen Kooperationsl\u00e4ndern und dem Austausch bew\u00e4hrter Praktiken im Bereich der Digitalisierung und der p\u00e4dagogischen Innovation besch\u00e4ftigen.<\/p>\n<\/div>\n<\/div>\n<\/div><\/div>\n\n<div style=\"height:80px\" aria-hidden=\"true\" class=\"wp-block-spacer\"><\/div>\n\n<div class=\"wp-block-columns is-layout-flex wp-container-core-columns-is-layout-9d6595d7 wp-block-columns-is-layout-flex\">\n<div class=\"wp-block-column is-layout-flow wp-block-column-is-layout-flow\" style=\"flex-basis:4.3%\"><\/div>\n\n\n\n<div class=\"wp-block-column is-layout-flow wp-block-column-is-layout-flow\">\n<h2 class=\"wp-block-heading\">Internationale Projekte, an denen die Deutsche Schule teilgenommen hat<\/h2>\n\n\n\n<p><\/p>\n<\/div>\n\n\n\n<div class=\"wp-block-column is-layout-flow wp-block-column-is-layout-flow\" style=\"flex-basis:50%\">\n<p><strong>\u201eDer Weg nach Europa\u201c<\/strong><\/p>\n\n\n\n<p>Sowohl Sch\u00fcler als auch Lehrer der Deutschen Schule nahmen zwischen 2017 und 2019 an diesem Projekt teil, das sich mit dem Thema Einwanderung und dem Ph\u00e4nomen der irregul\u00e4ren Migration besch\u00e4ftigte.<\/p>\n\n\n\n<p><strong>\u201eDigital education \u2013 Advancement of digital aspects\u201c<\/strong><\/p>\n\n\n\n<p>Von 2019 bis 2022 hat unsere Schule zusammen mit anderen Schulen aus Deutschland, \u00d6sterreich und Schweden an diesem Projekt teilgenommen, das darauf basierte, p\u00e4dagogische Praktiken und digitale Innovationen auszutauschen.<\/p>\n<\/div>\n<\/div>\n\n<div style=\"height:80px\" aria-hidden=\"true\" class=\"wp-block-spacer\"><\/div>\n\n<div class=\"wp-block-columns is-layout-flex wp-container-core-columns-is-layout-9d6595d7 wp-block-columns-is-layout-flex\">\n<div class=\"wp-block-column is-vertically-aligned-top dnone-tablet is-layout-flow wp-block-column-is-layout-flow\" style=\"flex-basis:4.3%\"><\/div>\n\n\n\n<div class=\"wp-block-column is-layout-flow wp-block-column-is-layout-flow\">\n<h2 class=\"has-text-align-center wp-block-heading\">Noticias relacionadas<\/h2>\n\n\n\n<div class=\"wp-block-query is-layout-flow wp-block-query-is-layout-flow\">\n\n<div class=\"wp-block-query-no-results\">\n\n<p><\/p>\n\n<\/div><\/div>\n<\/div>\n<\/div>\n","protected":false},"excerpt":{"rendered":"<p>Bildungsprojekt Das Programm Erasmus+ bietet die M\u00f6glichkeit, auf europ\u00e4ischer Ebene Bildungsprojekte durchzuf\u00fchren. Dadurch wird der kulturelle Austausch zwischen akademischen Einrichtungen und die Mobilit\u00e4t von Studierenden und Lehrkr\u00e4ften auf dem gesamten Kontinent gef\u00f6rdert. Unsere Einrichtung verf\u00fcgt \u00fcber die Erasmus+ Akkreditierung Unsere Schule hat im Februar die Akkreditierung f\u00fcr Erasmus+ erhalten, dank derer es f\u00fcr uns in [&hellip;]<\/p>\n","protected":false},"author":1,"featured_media":24004,"parent":0,"menu_order":0,"comment_status":"closed","ping_status":"closed","template":"","meta":{"_acf_changed":false,"inline_featured_image":false,"footnotes":""},"class_list":["post-24591","page","type-page","status-publish","has-post-thumbnail","hentry"],"acf":[],"_links":{"self":[{"href":"https:\/\/colegioaleman.com\/de\/wp-json\/wp\/v2\/pages\/24591","targetHints":{"allow":["GET"]}}],"collection":[{"href":"https:\/\/colegioaleman.com\/de\/wp-json\/wp\/v2\/pages"}],"about":[{"href":"https:\/\/colegioaleman.com\/de\/wp-json\/wp\/v2\/types\/page"}],"author":[{"embeddable":true,"href":"https:\/\/colegioaleman.com\/de\/wp-json\/wp\/v2\/users\/1"}],"replies":[{"embeddable":true,"href":"https:\/\/colegioaleman.com\/de\/wp-json\/wp\/v2\/comments?post=24591"}],"version-history":[{"count":1,"href":"https:\/\/colegioaleman.com\/de\/wp-json\/wp\/v2\/pages\/24591\/revisions"}],"predecessor-version":[{"id":24592,"href":"https:\/\/colegioaleman.com\/de\/wp-json\/wp\/v2\/pages\/24591\/revisions\/24592"}],"wp:featuredmedia":[{"embeddable":true,"href":"https:\/\/colegioaleman.com\/de\/wp-json\/wp\/v2\/media\/24004"}],"wp:attachment":[{"href":"https:\/\/colegioaleman.com\/de\/wp-json\/wp\/v2\/media?parent=24591"}],"curies":[{"name":"wp","href":"https:\/\/api.w.org\/{rel}","templated":true}]}}