{"id":24593,"date":"2022-08-03T15:46:10","date_gmt":"2022-08-03T15:46:10","guid":{"rendered":"https:\/\/colegioaleman.com\/ergebnisse\/"},"modified":"2023-03-27T07:40:07","modified_gmt":"2023-03-27T07:40:07","slug":"ergebnisse","status":"publish","type":"page","link":"https:\/\/colegioaleman.com\/de\/ergebnisse\/","title":{"rendered":"Ergebnisse"},"content":{"rendered":"\n<div style=\"height:80px\" aria-hidden=\"true\" class=\"wp-block-spacer\"><\/div>\n\n\n\n<div class=\"wp-block-columns is-layout-flex wp-container-core-columns-is-layout-9d6595d7 wp-block-columns-is-layout-flex\">\n<div class=\"wp-block-column is-layout-flow wp-block-column-is-layout-flow\" style=\"flex-basis:4.3%\"><\/div>\n\n\n\n<div class=\"wp-block-column is-layout-flow wp-block-column-is-layout-flow\">\n<h2 class=\"wp-block-heading\" style=\"font-size:16px\"><strong>Ergebnisse<\/strong><\/h2>\n\n\n\n<h2 class=\"has-body-main-color has-text-color has-large-font-size wp-block-heading\">Die Deutsche Schule Zaragoza ist eine zweisprachige Schule, an der die Sch\u00fcler und Sch\u00fclerinnen hervorragende schulische Leistungen erbringen.<\/h2>\n\n\n\n<p class=\"has-medium-font-size\">Die Schule wurde von der spanischen Tageszeitung El Mundo als eine der besten Schulen Spaniens bezeichnet.<\/p>\n\n\n\n<p>Die Schule wurde f\u00fcr die Teilnahme an der nationalen Sitzung des EUROPEAN YOUTH PARLIAMENT SPAIN ausgew\u00e4hlt.<\/p>\n\n\n\n<p>Einer unserer Sch\u00fcler wurde f\u00fcr die Teilnahme an der in Norwegen stattfindenden internationalen Sitzung des EUROPEAN YOUTH PARLIAMENT ausgew\u00e4hlt.<\/p>\n\n\n\n<p>Die von unseren Sch\u00fclern im Schuljahr 2121-2022 erbrachten Leistungen in der 12. Klasse und in der Eignungspr\u00fcfung f\u00fcr die Aufnahme an einer spanischen Universit\u00e4t (Selectividad) sind hervorragend:<\/p>\n\n\n\n<p><strong>EvAU (Eignungspr\u00fcfung f\u00fcr die Aufnahme an einer spanischen Universit\u00e4t): 1. Platz in Aragonien f\u00fcr Deutsch<\/strong><\/p>\n\n\n\n<p><strong>EvAU (Eignungspr\u00fcfung f\u00fcr die Aufnahme an einer spanischen Universit\u00e4t): 2. Platz in Aragonien f\u00fcr Englisch<\/strong><\/p>\n<\/div>\n\n\n\n<div class=\"wp-block-column is-layout-flow wp-block-column-is-layout-flow\"><div class=\"wp-block-image hide-mobile\">\n<figure class=\"alignright size-full\"><img decoding=\"async\" width=\"89\" height=\"447\" src=\"https:\/\/colegioaleman.com\/wp-content\/uploads\/2022\/08\/etapas-simbolos-todos.png\" alt=\"\" class=\"wp-image-384\" srcset=\"https:\/\/colegioaleman.com\/wp-content\/uploads\/2022\/08\/etapas-simbolos-todos.png 89w, https:\/\/colegioaleman.com\/wp-content\/uploads\/2022\/08\/etapas-simbolos-todos-60x300.png 60w\" sizes=\"(max-width: 89px) 100vw, 89px\" \/><\/figure>\n<\/div><\/div>\n<\/div>\n\n\n\n<div style=\"height:80px\" aria-hidden=\"true\" class=\"wp-block-spacer\"><\/div>\n\n\n\n<div class=\"wp-block-columns is-layout-flex wp-container-core-columns-is-layout-9d6595d7 wp-block-columns-is-layout-flex\">\n<div class=\"wp-block-column dnone-tablet is-layout-flow wp-block-column-is-layout-flow\" style=\"flex-basis:4.3%\"><\/div>\n\n\n\n<div class=\"wp-block-column is-layout-flow wp-block-column-is-layout-flow\">\n<figure class=\"wp-block-image size-full is-style-hover-image\"><a href=\"https:\/\/colegioaleman.com\/resultados\/notas-de-corte-unizar\/\"><img fetchpriority=\"high\" decoding=\"async\" width=\"400\" height=\"362\" src=\"https:\/\/colegioaleman.com\/wp-content\/uploads\/2022\/09\/resultados-unizar.jpg\" alt=\"Ergebnisse der Sch\u00fcler der Deutschen Schule an der Universit\u00e4t von Zaragoza\" class=\"wp-image-22353\" srcset=\"https:\/\/colegioaleman.com\/wp-content\/uploads\/2022\/09\/resultados-unizar.jpg 400w, https:\/\/colegioaleman.com\/wp-content\/uploads\/2022\/09\/resultados-unizar-300x272.jpg 300w\" sizes=\"(max-width: 400px) 100vw, 400px\" \/><\/a><\/figure>\n\n\n\n<h3 class=\"has-body-main-color has-text-color wp-block-heading\">Numerus clausus UNIZAR<\/h3>\n\n\n\n<p>Informieren Sie sich hier \u00fcber den Numerus clausus des gew\u00fcnschten Studiengangs<\/p>\n\n\n\n<div class=\"wp-block-buttons is-content-justification-right is-layout-flex wp-container-core-buttons-is-layout-765c4724 wp-block-buttons-is-layout-flex\">\n<div class=\"wp-block-button is-style-theme-link\"><a class=\"wp-block-button__link wp-element-button\" href=\"https:\/\/colegioaleman.com\/resultados\/notas-de-corte-unizar\/\">NUMERUS CLAUSUS UNIZAR ANZEIGEN<\/a><\/div>\n<\/div>\n<\/div>\n\n\n\n<div class=\"wp-block-column is-layout-flow wp-block-column-is-layout-flow\">\n<figure class=\"wp-block-image size-full is-style-hover-image\"><a href=\"https:\/\/colegioaleman.com\/resultados\/selectividad-evau\/\"><img decoding=\"async\" width=\"400\" height=\"362\" src=\"https:\/\/colegioaleman.com\/wp-content\/uploads\/2022\/09\/resultados-evau.jpg\" alt=\"Ergebnisse der Sch\u00fcler von der Deutschen Schule in der EvAU (Eignungspr\u00fcfung f\u00fcr die Aufnahme an einer spanischen Universit\u00e4t)\" class=\"wp-image-22352\" srcset=\"https:\/\/colegioaleman.com\/wp-content\/uploads\/2022\/09\/resultados-evau.jpg 400w, https:\/\/colegioaleman.com\/wp-content\/uploads\/2022\/09\/resultados-evau-300x272.jpg 300w\" sizes=\"(max-width: 400px) 100vw, 400px\" \/><\/a><\/figure>\n\n\n\n<h3 class=\"has-body-main-color has-text-color wp-block-heading\">Selectividad EVAU (Eignungspr\u00fcfung f\u00fcr die Aufnahme an einer spanischen Universit\u00e4t)<\/h3>\n\n\n\n<p>Die Ergebnisse unserer Sch\u00fcler in der Eignungspr\u00fcfung f\u00fcr die Aufnahme an einer spanischen Universit\u00e4t (Selectividad) ist unser bestes Aush\u00e4ngeschild<\/p>\n\n\n\n<div class=\"wp-block-buttons is-content-justification-right is-layout-flex wp-container-core-buttons-is-layout-765c4724 wp-block-buttons-is-layout-flex\">\n<div class=\"wp-block-button is-style-theme-link\"><a class=\"wp-block-button__link wp-element-button\" href=\"https:\/\/colegioaleman.com\/resultados\/selectividad-evau\/\">ERGEBNISSE EVAU ANZEIGEN<\/a><\/div>\n<\/div>\n<\/div>\n\n\n\n<div class=\"wp-block-column is-layout-flow wp-block-column-is-layout-flow\">\n<figure class=\"wp-block-image size-full is-style-hover-image\"><a href=\"https:\/\/colegioaleman.com\/resultados\/nuestros-resultados\/\"><img loading=\"lazy\" decoding=\"async\" width=\"401\" height=\"362\" src=\"https:\/\/colegioaleman.com\/wp-content\/uploads\/2022\/09\/resultados-colegio-aleman-1.jpg\" alt=\"Schulische Leistungen der Sch\u00fcler von der Deutschen Schule\" class=\"wp-image-23379\" srcset=\"https:\/\/colegioaleman.com\/wp-content\/uploads\/2022\/09\/resultados-colegio-aleman-1.jpg 401w, https:\/\/colegioaleman.com\/wp-content\/uploads\/2022\/09\/resultados-colegio-aleman-1-300x271.jpg 300w\" sizes=\"(max-width: 401px) 100vw, 401px\" \/><\/a><\/figure>\n\n\n\n<h3 class=\"has-body-main-color has-text-color wp-block-heading\">Unsere Ergebnisse<\/h3>\n\n\n\n<p>Die Sch\u00fcler und Sch\u00fclerinnen der Deutschen Schule erbringen hervorragende schulische Leistungen.<\/p>\n\n\n\n<div class=\"wp-block-buttons is-content-justification-right is-layout-flex wp-container-core-buttons-is-layout-765c4724 wp-block-buttons-is-layout-flex\">\n<div class=\"wp-block-button is-style-theme-link\"><a class=\"wp-block-button__link wp-element-button\" href=\"https:\/\/colegioaleman.com\/resultados\/nuestros-resultados\/\">SCHULICHE LEISTUNGEN ANZEIGEN<\/a><\/div>\n<\/div>\n<\/div>\n<\/div>\n\n\n\n<div style=\"height:80px\" aria-hidden=\"true\" class=\"wp-block-spacer\"><\/div>\n\n\n\n<div class=\"wp-block-columns is-layout-flex wp-container-core-columns-is-layout-9d6595d7 wp-block-columns-is-layout-flex\">\n<div class=\"wp-block-column dnone-mobile is-layout-flow wp-block-column-is-layout-flow\" style=\"flex-basis:4.3%\"><\/div>\n\n\n\n<div class=\"wp-block-column is-layout-flow wp-block-column-is-layout-flow\">\n<ul class=\"wp-block-list\">\n<li><a href=\"https:\/\/colegioaleman.com\/vida-escolar\/orientacion-escolar\/\" data-type=\"page\" data-id=\"602\">Berufsorientierung<\/a><\/li>\n\n\n\n<li><a href=\"https:\/\/colegioaleman.com\/vida-escolar\/calendario-escolar\/\" data-type=\"page\" data-id=\"609\">Schulkalender<\/a><\/li>\n\n\n\n<li><a href=\"https:\/\/colegioaleman.com\/vida-escolar\/escuela-padres\/\" data-type=\"page\" data-id=\"604\">Elternschule<\/a><\/li>\n<\/ul>\n<\/div>\n\n\n\n<div class=\"wp-block-column is-layout-flow wp-block-column-is-layout-flow\">\n<ul class=\"wp-block-list\">\n<li><a href=\"https:\/\/colegioaleman.com\/vida-escolar\/extrascolares\/\" data-type=\"page\" data-id=\"611\">Nachmittagsaktivit\u00e4ten<\/a><\/li>\n\n\n\n<li><a href=\"https:\/\/colegioaleman.com\/vida-escolar\/madrugadores\/\" data-type=\"page\" data-id=\"613\">Fr\u00fchbetreuung<\/a><\/li>\n\n\n\n<li><a href=\"https:\/\/colegioaleman.com\/colegio-bilingue\/aleman-certificacion-goethe\/\" data-type=\"page\" data-id=\"576\">Goethe Zertifikate<\/a><\/li>\n<\/ul>\n<\/div>\n\n\n\n<div class=\"wp-block-column is-layout-flow wp-block-column-is-layout-flow\">\n<ul class=\"wp-block-list\">\n<li><a href=\"https:\/\/colegioaleman.com\/vida-escolar\/menu-comedor\/\" data-type=\"page\" data-id=\"283\">Speiseplan Mensa<\/a><\/li>\n\n\n\n<li><a href=\"https:\/\/colegioaleman.com\/vida-escolar\/ruta-de-autobuses\/\" data-type=\"page\" data-id=\"280\">Schulbusrouten<\/a><\/li>\n\n\n\n<li><a href=\"https:\/\/colegioaleman.com\/colegio-bilingue\/ingles-certificacion-cambridge\/\" data-type=\"page\" data-id=\"578\">Cambridge Zertifikate<\/a><\/li>\n<\/ul>\n<\/div>\n<\/div>\n\n\n\n<div style=\"height:80px\" aria-hidden=\"true\" class=\"wp-block-spacer\"><\/div>\n\n\n\n<div class=\"wp-block-columns is-layout-flex wp-container-core-columns-is-layout-9d6595d7 wp-block-columns-is-layout-flex\">\n<div class=\"wp-block-column is-vertically-aligned-top dnone-tablet is-layout-flow wp-block-column-is-layout-flow\" style=\"flex-basis:4.3%\"><\/div>\n\n\n\n<div class=\"wp-block-column is-layout-flow wp-block-column-is-layout-flow\">\n<h2 class=\"has-text-align-center wp-block-heading\">Noticias relacionadas<\/h2>\n\n\n\n<div class=\"wp-block-query is-layout-flow wp-block-query-is-layout-flow\">\n\n<div class=\"wp-block-query-no-results\">\n\n<p><\/p>\n\n<\/div><\/div>\n<\/div>\n<\/div>\n","protected":false},"excerpt":{"rendered":"<p>Ergebnisse Die Deutsche Schule Zaragoza ist eine zweisprachige Schule, an der die Sch\u00fcler und Sch\u00fclerinnen hervorragende schulische Leistungen erbringen. Die Schule wurde von der spanischen Tageszeitung El Mundo als eine der besten Schulen Spaniens bezeichnet. Die Schule wurde f\u00fcr die Teilnahme an der nationalen Sitzung des EUROPEAN YOUTH PARLIAMENT SPAIN ausgew\u00e4hlt. Einer unserer Sch\u00fcler wurde [&hellip;]<\/p>\n","protected":false},"author":1,"featured_media":23932,"parent":0,"menu_order":0,"comment_status":"closed","ping_status":"closed","template":"","meta":{"_acf_changed":false,"inline_featured_image":false,"footnotes":""},"class_list":["post-24593","page","type-page","status-publish","has-post-thumbnail","hentry"],"acf":[],"_links":{"self":[{"href":"https:\/\/colegioaleman.com\/de\/wp-json\/wp\/v2\/pages\/24593","targetHints":{"allow":["GET"]}}],"collection":[{"href":"https:\/\/colegioaleman.com\/de\/wp-json\/wp\/v2\/pages"}],"about":[{"href":"https:\/\/colegioaleman.com\/de\/wp-json\/wp\/v2\/types\/page"}],"author":[{"embeddable":true,"href":"https:\/\/colegioaleman.com\/de\/wp-json\/wp\/v2\/users\/1"}],"replies":[{"embeddable":true,"href":"https:\/\/colegioaleman.com\/de\/wp-json\/wp\/v2\/comments?post=24593"}],"version-history":[{"count":2,"href":"https:\/\/colegioaleman.com\/de\/wp-json\/wp\/v2\/pages\/24593\/revisions"}],"predecessor-version":[{"id":26375,"href":"https:\/\/colegioaleman.com\/de\/wp-json\/wp\/v2\/pages\/24593\/revisions\/26375"}],"wp:featuredmedia":[{"embeddable":true,"href":"https:\/\/colegioaleman.com\/de\/wp-json\/wp\/v2\/media\/23932"}],"wp:attachment":[{"href":"https:\/\/colegioaleman.com\/de\/wp-json\/wp\/v2\/media?parent=24593"}],"curies":[{"name":"wp","href":"https:\/\/api.w.org\/{rel}","templated":true}]}}