{"id":24595,"date":"2022-08-22T07:20:10","date_gmt":"2022-08-22T07:20:10","guid":{"rendered":"https:\/\/colegioaleman.com\/ergebnisse\/evau-eignungsprufung-fur-die-aufnahme-an-einer-spanischen-universitat\/"},"modified":"2022-11-22T16:11:06","modified_gmt":"2022-11-22T16:11:06","slug":"evau-eignungsprufung-fur-die-aufnahme-an-einer-spanischen-universitat","status":"publish","type":"page","link":"https:\/\/colegioaleman.com\/de\/ergebnisse\/evau-eignungsprufung-fur-die-aufnahme-an-einer-spanischen-universitat\/","title":{"rendered":"EVAU (Eignungspr\u00fcfung f\u00fcr die Aufnahme an einer spanischen Universit\u00e4t):"},"content":{"rendered":"\n<div style=\"height:80px\" aria-hidden=\"true\" class=\"wp-block-spacer\"><\/div>\n\n<div class=\"wp-block-columns alignfull is-layout-flex wp-container-core-columns-is-layout-9d6595d7 wp-block-columns-is-layout-flex\">\n<div class=\"wp-block-column is-layout-flow wp-block-column-is-layout-flow\" style=\"flex-basis:8.33%\"><\/div>\n\n\n\n<div class=\"wp-block-column pr-3 pl-3 is-layout-flow wp-block-column-is-layout-flow\">\n<p><strong>EVAU (Eignungspr\u00fcfung f\u00fcr die Aufnahme an einer spanischen Universit\u00e4t):<\/strong><\/p>\n\n\n\n<h2 class=\"wp-block-heading\">EvAU Juni 2022 <\/h2>\n\n\n\n<p>Jedes Jahr aufs Neue erzielen unsere Sch\u00fcler und Sch\u00fclerinnen hervorragende Ergebnisse in der Eignungspr\u00fcfung f\u00fcr die Aufnahme an einer spanischen Universit\u00e4t (EvAU). <\/p>\n\n\n\n<p><\/p>\n\n\n\n<p><\/p>\n\n\n\n<figure class=\"wp-block-image size-large\" id=\"bachillerato-tecnologico\"><img fetchpriority=\"high\" decoding=\"async\" width=\"1024\" height=\"768\" src=\"https:\/\/colegioaleman.com\/wp-content\/uploads\/2022\/10\/NOTASEVAU-1-1024x768.png\" alt=\"\" class=\"wp-image-23729\" srcset=\"https:\/\/colegioaleman.com\/wp-content\/uploads\/2022\/10\/NOTASEVAU-1-1024x768.png 1024w, https:\/\/colegioaleman.com\/wp-content\/uploads\/2022\/10\/NOTASEVAU-1-300x225.png 300w, https:\/\/colegioaleman.com\/wp-content\/uploads\/2022\/10\/NOTASEVAU-1-768x576.png 768w, https:\/\/colegioaleman.com\/wp-content\/uploads\/2022\/10\/NOTASEVAU-1-1536x1152.png 1536w, https:\/\/colegioaleman.com\/wp-content\/uploads\/2022\/10\/NOTASEVAU-1-2048x1536.png 2048w\" sizes=\"(max-width: 1024px) 100vw, 1024px\" \/><\/figure>\n<\/div>\n\n\n\n<div class=\"wp-block-column is-layout-flow wp-block-column-is-layout-flow\" style=\"flex-basis:44.6%\"><div class=\"wp-block-image\">\n<figure class=\"alignright size-full\"><img decoding=\"async\" width=\"800\" height=\"582\" src=\"https:\/\/colegioaleman.com\/wp-content\/uploads\/2022\/09\/selectividad-hero-siblings.jpg\" alt=\"Sch&#xFC;ler der Deutschen Schule bereiten sich auf die EvAU (Eignungspr&#xFC;fung f&#xFC;r die Aufnahme an einer spanischen Universit&#xE4;t) vor\" class=\"wp-image-22508\" srcset=\"https:\/\/colegioaleman.com\/wp-content\/uploads\/2022\/09\/selectividad-hero-siblings.jpg 800w, https:\/\/colegioaleman.com\/wp-content\/uploads\/2022\/09\/selectividad-hero-siblings-300x218.jpg 300w, https:\/\/colegioaleman.com\/wp-content\/uploads\/2022\/09\/selectividad-hero-siblings-768x559.jpg 768w\" sizes=\"(max-width: 800px) 100vw, 800px\" \/><\/figure>\n<\/div><\/div>\n<\/div>\n\n<div style=\"height:80px\" aria-hidden=\"true\" class=\"wp-block-spacer\"><\/div>\n\n<div class=\"wp-block-columns is-layout-flex wp-container-core-columns-is-layout-9d6595d7 wp-block-columns-is-layout-flex\">\n<div class=\"wp-block-column is-layout-flow wp-block-column-is-layout-flow\" style=\"flex-basis:33.33%\">\n<h2 class=\"wp-block-heading\">Englisch-Ergebnisse<\/h2>\n\n\n\n<p>Seit 11 Jahren erzielt die Deutsche Schule im Ranking der Schulen in Aragonien die besten Englischnoten.<\/p>\n<\/div>\n\n\n\n<div class=\"wp-block-column is-layout-flow wp-block-column-is-layout-flow\" style=\"flex-basis:66.66%\">\n<figure class=\"wp-block-image size-large\"><img decoding=\"async\" src=\"https:\/\/colegioaleman.com\/wp-content\/uploads\/2022\/09\/resultados-acade&#x301;micos_3-2022-1024x749.jpg\" alt=\"\" class=\"wp-image-23538\"\/><\/figure>\n<\/div>\n<\/div>\n\n<div style=\"height:80px\" aria-hidden=\"true\" id=\"bachillerato-ciencias\" class=\"wp-block-spacer\"><\/div>\n\n<div class=\"wp-block-columns are-vertically-aligned-top is-style-no-gap is-layout-flex wp-container-core-columns-is-layout-9d6595d7 wp-block-columns-is-layout-flex\">\n<div class=\"wp-block-column is-vertically-aligned-top is-layout-flow wp-block-column-is-layout-flow\"><\/div>\n\n\n\n<div class=\"wp-block-column is-vertically-aligned-top is-layout-flow wp-block-column-is-layout-flow\"><\/div>\n<\/div>\n\n<div style=\"height:80px\" aria-hidden=\"true\" class=\"wp-block-spacer\"><\/div>\n\n<div class=\"wp-block-group alignfull animate has-body-white-color has-primary-100-background-color has-text-color has-background\" id=\"cta-form\"><div class=\"wp-block-group__inner-container is-layout-flow wp-block-group-is-layout-flow\">\n<div class=\"wp-block-columns has-white-color has-text-color is-layout-flex wp-container-core-columns-is-layout-9d6595d7 wp-block-columns-is-layout-flex\">\n<div class=\"wp-block-column dnone-tablet is-layout-flow wp-block-column-is-layout-flow\" style=\"flex-basis:4.33%\"><\/div>\n\n\n\n<div class=\"wp-block-column is-layout-flow wp-block-column-is-layout-flow\">\n<p><strong>Anmeldung und neue Sch\u00fcler<\/strong><\/p>\n\n\n\n<h2 class=\"wp-block-heading has-body-white-color has-text-color\">M\u00f6chten Sie Teil unserer gro\u00dfen Familie werden?<\/h2>\n\n\n\n<p>Erkundigen Sie sich f\u00fcr das n\u00e4chste Schuljahr und sichern Sie sich einen Platz an unserer Schule. Vereinbaren Sie einen Besuch an unserer Schule, bei dem Sie die Einrichtungen sehen und ein Gespr\u00e4ch mit den Lehrkr\u00e4ften f\u00fchren k\u00f6nnen.<\/p>\n<\/div>\n\n\n\n<div class=\"wp-block-column is-vertically-aligned-center is-layout-flow wp-block-column-is-layout-flow\" style=\"flex-basis:48.6%\"><div class=\"wp-block-image\">\n<figure class=\"aligncenter size-full\"><img decoding=\"async\" width=\"108\" height=\"78\" src=\"https:\/\/colegioaleman.com\/wp-content\/uploads\/2022\/07\/Isotipo.png\" alt=\"Deutsche Schule\" class=\"wp-image-19\"\/><\/figure>\n<\/div>\n\n\n<div class=\"wp-block-buttons is-content-justification-center is-layout-flex wp-container-core-buttons-is-layout-16018d1d wp-block-buttons-is-layout-flex\">\n<div class=\"wp-block-button is-style-outline is-style-outline--1\"><a class=\"wp-block-button__link wp-element-button\" href=\"https:\/\/colegioaleman.com\/de\/anmeldung\/informationsformular\/\" style=\"border-radius:100px\" target=\"_blank\" rel=\"noreferrer noopener\">Gehen Sie zum Informationsformular<\/a><\/div>\n<\/div>\n<\/div>\n<\/div>\n<\/div><\/div>\n\n<div class=\"wp-block-group\"><div class=\"wp-block-group__inner-container is-layout-flow wp-block-group-is-layout-flow\">\n<div style=\"height:80px\" aria-hidden=\"true\" class=\"wp-block-spacer\"><\/div>\n<\/div><\/div>\n\n<div class=\"wp-block-columns is-layout-flex wp-container-core-columns-is-layout-9d6595d7 wp-block-columns-is-layout-flex\">\n<div class=\"wp-block-column is-vertically-aligned-top dnone-tablet is-layout-flow wp-block-column-is-layout-flow\" style=\"flex-basis:4.3%\"><\/div>\n\n\n\n<div class=\"wp-block-column is-layout-flow wp-block-column-is-layout-flow\">\n<h2 class=\"has-text-align-center wp-block-heading\">Noticias relacionadas<\/h2>\n\n\n\n<div class=\"wp-block-query is-layout-flow wp-block-query-is-layout-flow\">\n\n<div class=\"wp-block-query-no-results\">\n\n<p><\/p>\n\n<\/div><\/div>\n<\/div>\n<\/div>\n","protected":false},"excerpt":{"rendered":"<p>EVAU (Eignungspr\u00fcfung f\u00fcr die Aufnahme an einer spanischen Universit\u00e4t): EvAU Juni 2022 Jedes Jahr aufs Neue erzielen unsere Sch\u00fcler und Sch\u00fclerinnen hervorragende Ergebnisse in der Eignungspr\u00fcfung f\u00fcr die Aufnahme an einer spanischen Universit\u00e4t (EvAU). Englisch-Ergebnisse Seit 11 Jahren erzielt die Deutsche Schule im Ranking der Schulen in Aragonien die besten Englischnoten.<\/p>\n","protected":false},"author":1,"featured_media":0,"parent":24593,"menu_order":0,"comment_status":"closed","ping_status":"closed","template":"","meta":{"_acf_changed":false,"inline_featured_image":false,"footnotes":""},"class_list":["post-24595","page","type-page","status-publish","hentry"],"acf":[],"_links":{"self":[{"href":"https:\/\/colegioaleman.com\/de\/wp-json\/wp\/v2\/pages\/24595","targetHints":{"allow":["GET"]}}],"collection":[{"href":"https:\/\/colegioaleman.com\/de\/wp-json\/wp\/v2\/pages"}],"about":[{"href":"https:\/\/colegioaleman.com\/de\/wp-json\/wp\/v2\/types\/page"}],"author":[{"embeddable":true,"href":"https:\/\/colegioaleman.com\/de\/wp-json\/wp\/v2\/users\/1"}],"replies":[{"embeddable":true,"href":"https:\/\/colegioaleman.com\/de\/wp-json\/wp\/v2\/comments?post=24595"}],"version-history":[{"count":4,"href":"https:\/\/colegioaleman.com\/de\/wp-json\/wp\/v2\/pages\/24595\/revisions"}],"predecessor-version":[{"id":24818,"href":"https:\/\/colegioaleman.com\/de\/wp-json\/wp\/v2\/pages\/24595\/revisions\/24818"}],"up":[{"embeddable":true,"href":"https:\/\/colegioaleman.com\/de\/wp-json\/wp\/v2\/pages\/24593"}],"wp:attachment":[{"href":"https:\/\/colegioaleman.com\/de\/wp-json\/wp\/v2\/media?parent=24595"}],"curies":[{"name":"wp","href":"https:\/\/api.w.org\/{rel}","templated":true}]}}