{"id":24597,"date":"2022-08-09T12:34:28","date_gmt":"2022-08-09T12:34:28","guid":{"rendered":"https:\/\/colegioaleman.com\/schulleben\/"},"modified":"2023-03-27T07:40:12","modified_gmt":"2023-03-27T07:40:12","slug":"schulleben","status":"publish","type":"page","link":"https:\/\/colegioaleman.com\/de\/schulleben\/","title":{"rendered":"Schulleben"},"content":{"rendered":"\n<div style=\"height:80px\" aria-hidden=\"true\" class=\"wp-block-spacer\"><\/div>\n\n\n\n<div class=\"wp-block-columns is-layout-flex wp-container-core-columns-is-layout-9d6595d7 wp-block-columns-is-layout-flex\">\n<div class=\"wp-block-column is-layout-flow wp-block-column-is-layout-flow\" style=\"flex-basis:4.3%\"><\/div>\n\n\n\n<div class=\"wp-block-column is-layout-flow wp-block-column-is-layout-flow\">\n<h2 class=\"wp-block-heading\" style=\"font-size:16px\"><strong>Schulleben<\/strong><\/h2>\n\n\n\n<h2 class=\"has-body-main-color has-text-color wp-block-heading\">Die Deutsche Schule verf\u00fcgt \u00fcber ein umfassendes Serviceangebot f\u00fcr Eltern und Sch\u00fcler. <\/h2>\n\n\n\n<p>Wir sind uns dessen bewusst, wie wichtig es f\u00fcr Kinder ist, von klein auf Sprachen zu lernen und welche Vorteile dies f\u00fcr die schulische Entwicklung haben kann.<\/p>\n\n\n\n<p>Bei uns erhalten Ihre Kinder&#8230;.<\/p>\n\n\n\n<ul class=\"wp-block-list\">\n<li>Sie erhalten in allen Schulstufen professionelle und pers\u00f6nliche Unterst\u00fctzung.<\/li>\n\n\n\n<li>Sie werden Spanisch, Deutsch und Englisch sprechen und werden ihre Sprachkenntnisse anhand von Zertifikaten des Goethe-Instituts und der University of Cambridge nachweisen k\u00f6nnen.<\/li>\n\n\n\n<li>Sie werden gebildet sein und sich sp\u00e4ter erfolgreich in der Welt der Erwachsenen zurechtfinden.<\/li>\n\n\n\n<li>Sie werden sich w\u00fcnschen, ihren Kindern die gleiche Ausbildung erm\u00f6glichen zu k\u00f6nnen.<\/li>\n<\/ul>\n<\/div>\n\n\n\n<div class=\"wp-block-column is-layout-flow wp-block-column-is-layout-flow\"><div class=\"wp-block-image hide-mobile\">\n<figure class=\"alignright size-full\"><img decoding=\"async\" width=\"89\" height=\"447\" src=\"https:\/\/colegioaleman.com\/wp-content\/uploads\/2022\/08\/etapas-simbolos-todos.png\" alt=\"\" class=\"wp-image-384\" srcset=\"https:\/\/colegioaleman.com\/wp-content\/uploads\/2022\/08\/etapas-simbolos-todos.png 89w, https:\/\/colegioaleman.com\/wp-content\/uploads\/2022\/08\/etapas-simbolos-todos-60x300.png 60w\" sizes=\"(max-width: 89px) 100vw, 89px\" \/><\/figure>\n<\/div><\/div>\n<\/div>\n\n\n\n<div style=\"height:80px\" aria-hidden=\"true\" class=\"wp-block-spacer\"><\/div>\n\n\n\n<div class=\"wp-block-columns is-layout-flex wp-container-core-columns-is-layout-9d6595d7 wp-block-columns-is-layout-flex\">\n<div class=\"wp-block-column dnone-tablet is-layout-flow wp-block-column-is-layout-flow\" style=\"flex-basis:4.3%\"><\/div>\n\n\n\n<div class=\"wp-block-column is-layout-flow wp-block-column-is-layout-flow\">\n<figure class=\"wp-block-image size-full is-style-hover-image\"><a href=\"https:\/\/colegioaleman.com\/vida-escolar\/ruta-de-autobuses\/\"><img fetchpriority=\"high\" decoding=\"async\" width=\"400\" height=\"364\" src=\"https:\/\/colegioaleman.com\/wp-content\/uploads\/2022\/09\/ruta-autobuses-grid.jpg\" alt=\"Schulbus der deutschen Schule von Zaragoza\" class=\"wp-image-22584\" srcset=\"https:\/\/colegioaleman.com\/wp-content\/uploads\/2022\/09\/ruta-autobuses-grid.jpg 400w, https:\/\/colegioaleman.com\/wp-content\/uploads\/2022\/09\/ruta-autobuses-grid-300x273.jpg 300w\" sizes=\"(max-width: 400px) 100vw, 400px\" \/><\/a><\/figure>\n\n\n\n<h3 class=\"has-body-main-color has-text-color wp-block-heading\">Schulbusrouten<\/h3>\n\n\n\n<p>Es existieren vier Schulbusrouten, die von allen Sch\u00fclern und Sch\u00fclerinnen genutzt werden k\u00f6nnen: Die Busse fahren morgens zur Schule, mittags, um zum Mittagessen nach Hause zu kommen und nachmittags, um von der Schule nach Hause zu kommen.<\/p>\n\n\n\n<div class=\"wp-block-buttons is-content-justification-right is-layout-flex wp-container-core-buttons-is-layout-765c4724 wp-block-buttons-is-layout-flex\">\n<div class=\"wp-block-button is-style-theme-link\"><a class=\"wp-block-button__link wp-element-button\" href=\"https:\/\/colegioaleman.com\/vida-escolar\/ruta-de-autobuses\/\">MEHR ERFAHREN<\/a><\/div>\n<\/div>\n<\/div>\n\n\n\n<div class=\"wp-block-column is-layout-flow wp-block-column-is-layout-flow\">\n<figure class=\"wp-block-image size-full is-style-hover-image\"><a href=\"https:\/\/colegioaleman.com\/vida-escolar\/menu-comedor\/\"><img decoding=\"async\" width=\"400\" height=\"364\" src=\"https:\/\/colegioaleman.com\/wp-content\/uploads\/2022\/09\/menu-comedor-grid-.jpg\" alt=\"M\u00e4dchen im Speisesaal der Deutschen Schule von Zaragoza\" class=\"wp-image-22583\" srcset=\"https:\/\/colegioaleman.com\/wp-content\/uploads\/2022\/09\/menu-comedor-grid-.jpg 400w, https:\/\/colegioaleman.com\/wp-content\/uploads\/2022\/09\/menu-comedor-grid--300x273.jpg 300w\" sizes=\"(max-width: 400px) 100vw, 400px\" \/><\/a><\/figure>\n\n\n\n<h3 class=\"has-body-main-color has-text-color wp-block-heading\">Speiseplan Mensa<\/h3>\n\n\n\n<p>Die Sch\u00fcler und Sch\u00fclerinnen k\u00f6nnen zum Mittagessen in der Schulmensa bleiben. Unsere Schule verf\u00fcgt \u00fcber eine eigene K\u00fcche und die Speisepl\u00e4ne werden von Ern\u00e4hrungswissenschaftlern zusammengestellt.<\/p>\n\n\n\n<div class=\"wp-block-buttons is-content-justification-right is-layout-flex wp-container-core-buttons-is-layout-765c4724 wp-block-buttons-is-layout-flex\">\n<div class=\"wp-block-button is-style-theme-link\"><a class=\"wp-block-button__link wp-element-button\" href=\"https:\/\/colegioaleman.com\/vida-escolar\/menu-comedor\/\">MEHR ERFAHREN<\/a><\/div>\n<\/div>\n<\/div>\n\n\n\n<div class=\"wp-block-column is-layout-flow wp-block-column-is-layout-flow\">\n<figure class=\"wp-block-image size-full is-style-hover-image\"><a href=\"https:\/\/colegioaleman.com\/vida-escolar\/orientacion-escolar\/\"><img loading=\"lazy\" decoding=\"async\" width=\"400\" height=\"364\" src=\"https:\/\/colegioaleman.com\/wp-content\/uploads\/2022\/09\/orientacion-escolar-grid.jpg\" alt=\"Berufs- und Studienberatung an der Deutschen Schule in Zaragoza\" class=\"wp-image-22612\" srcset=\"https:\/\/colegioaleman.com\/wp-content\/uploads\/2022\/09\/orientacion-escolar-grid.jpg 400w, https:\/\/colegioaleman.com\/wp-content\/uploads\/2022\/09\/orientacion-escolar-grid-300x273.jpg 300w\" sizes=\"(max-width: 400px) 100vw, 400px\" \/><\/a><\/figure>\n\n\n\n<h3 class=\"has-body-main-color has-text-color wp-block-heading\">Berufsorientierung<\/h3>\n\n\n\n<p>Wir helfen unseren Sch\u00fclern und Sch\u00fclerinnen dabei, das vielseitige Bildungs- und Berufsangebot, das sie nach der Schule erwartet, kennenzulernen.<\/p>\n\n\n\n<div class=\"wp-block-buttons is-content-justification-right is-layout-flex wp-container-core-buttons-is-layout-765c4724 wp-block-buttons-is-layout-flex\">\n<div class=\"wp-block-button is-style-theme-link\"><a class=\"wp-block-button__link wp-element-button\" href=\"https:\/\/colegioaleman.com\/resultados\/selectividad-evau\/\">MEHR ERFAHREN<\/a><\/div>\n<\/div>\n<\/div>\n\n\n\n<div class=\"wp-block-column is-layout-flow wp-block-column-is-layout-flow\">\n<figure class=\"wp-block-image size-full is-style-hover-image\"><a href=\"https:\/\/colegioaleman.com\/vida-escolar\/escuela-padres\/\"><img loading=\"lazy\" decoding=\"async\" width=\"400\" height=\"364\" src=\"https:\/\/colegioaleman.com\/wp-content\/uploads\/2022\/09\/escuela-padres-grid.jpg\" alt=\"Elternschule der Deutschen Schule von Zaragoza\" class=\"wp-image-22606\" srcset=\"https:\/\/colegioaleman.com\/wp-content\/uploads\/2022\/09\/escuela-padres-grid.jpg 400w, https:\/\/colegioaleman.com\/wp-content\/uploads\/2022\/09\/escuela-padres-grid-300x273.jpg 300w\" sizes=\"(max-width: 400px) 100vw, 400px\" \/><\/a><\/figure>\n\n\n\n<h3 class=\"has-body-main-color has-text-color wp-block-heading\">Elternschule<\/h3>\n\n\n\n<p>In einst\u00fcndigen Sitzungen werden Themen wie Erziehungsstile, Regeln aufstellen und Grenzen setzen, Verantwortung, soziale Kompetenzen und emotionale Intelligenz behandelt.<\/p>\n\n\n\n<div class=\"wp-block-buttons is-content-justification-right is-layout-flex wp-container-core-buttons-is-layout-765c4724 wp-block-buttons-is-layout-flex\">\n<div class=\"wp-block-button is-style-theme-link\"><a class=\"wp-block-button__link wp-element-button\" href=\"https:\/\/colegioaleman.com\/vida-escolar\/escuela-padres\/\">MEHR ERFAHREN<\/a><\/div>\n<\/div>\n<\/div>\n<\/div>\n\n\n\n<div class=\"wp-block-columns is-layout-flex wp-container-core-columns-is-layout-9d6595d7 wp-block-columns-is-layout-flex\">\n<div class=\"wp-block-column dnone-tablet is-layout-flow wp-block-column-is-layout-flow\" style=\"flex-basis:4.3%\"><\/div>\n\n\n\n<div class=\"wp-block-column is-layout-flow wp-block-column-is-layout-flow\">\n<figure class=\"wp-block-image size-full is-style-hover-image\"><a href=\"https:\/\/colegioaleman.com\/vida-escolar\/calendario-escolar\/\"><img loading=\"lazy\" decoding=\"async\" width=\"400\" height=\"364\" src=\"https:\/\/colegioaleman.com\/wp-content\/uploads\/2022\/09\/calendario-escolar-grid.jpg\" alt=\"Schulkalender der Deutsche Schule von Zaragoza\" class=\"wp-image-22607\" srcset=\"https:\/\/colegioaleman.com\/wp-content\/uploads\/2022\/09\/calendario-escolar-grid.jpg 400w, https:\/\/colegioaleman.com\/wp-content\/uploads\/2022\/09\/calendario-escolar-grid-300x273.jpg 300w\" sizes=\"(max-width: 400px) 100vw, 400px\" \/><\/a><\/figure>\n\n\n\n<h3 class=\"has-body-main-color has-text-color wp-block-heading\">Schulkalender<\/h3>\n\n\n\n<p>Hier k\u00f6nnen Sie die Unterrichtstage, Ferien und kurze Unterrichtstage f\u00fcr das n\u00e4chste Schuljahr einsehen.<\/p>\n\n\n\n<div class=\"wp-block-buttons is-content-justification-right is-layout-flex wp-container-core-buttons-is-layout-765c4724 wp-block-buttons-is-layout-flex\">\n<div class=\"wp-block-button is-style-theme-link\"><a class=\"wp-block-button__link wp-element-button\" href=\"https:\/\/colegioaleman.com\/vida-escolar\/calendario-escolar\/\">MEHR ERFAHREN<\/a><\/div>\n<\/div>\n<\/div>\n\n\n\n<div class=\"wp-block-column is-layout-flow wp-block-column-is-layout-flow\">\n<figure class=\"wp-block-image size-full is-style-hover-image\"><a href=\"https:\/\/colegioaleman.com\/vida-escolar\/extraescolares\/\"><img loading=\"lazy\" decoding=\"async\" width=\"400\" height=\"364\" src=\"https:\/\/colegioaleman.com\/wp-content\/uploads\/2022\/09\/extraescolares-grid.jpg\" alt=\"Judo. Nachmittagsaktivit\u00e4ten der Deutschen Schule von Zaragoza\" class=\"wp-image-22581\" srcset=\"https:\/\/colegioaleman.com\/wp-content\/uploads\/2022\/09\/extraescolares-grid.jpg 400w, https:\/\/colegioaleman.com\/wp-content\/uploads\/2022\/09\/extraescolares-grid-300x273.jpg 300w\" sizes=\"(max-width: 400px) 100vw, 400px\" \/><\/a><\/figure>\n\n\n\n<h3 class=\"has-body-main-color has-text-color wp-block-heading\">Nachmittagsaktivit\u00e4ten<\/h3>\n\n\n\n<p>Die Nachmittagsaktivit\u00e4ten finden au\u00dferhalb der regul\u00e4ren Unterrichtszeit statt. Sie sind unterhaltsam, lehrreich und st\u00e4rken das Gef\u00fchl der Zugeh\u00f6rigkeit zur Gruppe und zur Schule.<\/p>\n\n\n\n<div class=\"wp-block-buttons is-content-justification-right is-layout-flex wp-container-core-buttons-is-layout-765c4724 wp-block-buttons-is-layout-flex\">\n<div class=\"wp-block-button is-style-theme-link\"><a class=\"wp-block-button__link wp-element-button\" href=\"https:\/\/colegioaleman.com\/vida-escolar\/extraescolares\/\">MEHR ERFAHREN<\/a><\/div>\n<\/div>\n<\/div>\n\n\n\n<div class=\"wp-block-column is-layout-flow wp-block-column-is-layout-flow\">\n<figure class=\"wp-block-image size-full is-style-hover-image\"><a href=\"https:\/\/colegioaleman.com\/vida-escolar\/madrugadores\/\"><img loading=\"lazy\" decoding=\"async\" width=\"400\" height=\"364\" src=\"https:\/\/colegioaleman.com\/wp-content\/uploads\/2022\/09\/madrugadores-grid.jpg\" alt=\"Fr\u00fchbetreuung Serviceangebot der Deutschen Schule von Zaragoza\" class=\"wp-image-22582\" srcset=\"https:\/\/colegioaleman.com\/wp-content\/uploads\/2022\/09\/madrugadores-grid.jpg 400w, https:\/\/colegioaleman.com\/wp-content\/uploads\/2022\/09\/madrugadores-grid-300x273.jpg 300w\" sizes=\"(max-width: 400px) 100vw, 400px\" \/><\/a><\/figure>\n\n\n\n<h3 class=\"has-body-main-color has-text-color wp-block-heading\">Fr\u00fchbetreuung<\/h3>\n\n\n\n<p>Wenn Sie eine Betreuung vor Schulbeginn f\u00fcr Ihre Kinder ben\u00f6tigen, steht Ihnen unsere Fr\u00fchbetreuung zur Verf\u00fcgung. Dort werden Kinder jeden Alters betreut und sie kann t\u00e4glich oder auch nur sporadisch genutzt werden.<\/p>\n\n\n\n<div class=\"wp-block-buttons is-content-justification-right is-layout-flex wp-container-core-buttons-is-layout-765c4724 wp-block-buttons-is-layout-flex\">\n<div class=\"wp-block-button is-style-theme-link\"><a class=\"wp-block-button__link wp-element-button\" href=\"https:\/\/colegioaleman.com\/vida-escolar\/madrugadores\/\">MEHR ERFAHREN<\/a><\/div>\n<\/div>\n<\/div>\n\n\n\n<div class=\"wp-block-column is-layout-flow wp-block-column-is-layout-flow\">\n<figure class=\"wp-block-image size-full is-style-hover-image\"><img decoding=\"async\" src=\"https:\/\/colegioaleman.com\/wp-content\/uploads\/2022\/09\/libros-material-escolar-grid.jpg\" alt=\"Schulb\u00fccher und Materialien der Deutsche Schule von Zaragoza\" class=\"wp-image-22608\"\/><\/figure>\n\n\n\n<h3 class=\"has-body-main-color has-text-color wp-block-heading\">Schulb\u00fccher und Materialien<\/h3>\n\n\n\n<p>Die Schule erstellt ihr eigenes Material, das ausschlie\u00dflich f\u00fcr ihre Sch\u00fcler und Sch\u00fclerinnen bestimmt ist, und arbeitet mit verschiedenen Schulbuchverlagen zusammen.<\/p>\n\n\n\n<div class=\"wp-block-buttons is-content-justification-right is-layout-flex wp-container-core-buttons-is-layout-765c4724 wp-block-buttons-is-layout-flex\">\n<div class=\"wp-block-button is-style-theme-link\"><a class=\"wp-block-button__link wp-element-button\" href=\"https:\/\/colegioaleman.com\/vida-escolar\/libros-material\/\">MEHR ERFAHREN<\/a><\/div>\n<\/div>\n<\/div>\n<\/div>\n\n\n\n<div style=\"height:80px\" aria-hidden=\"true\" class=\"wp-block-spacer\"><\/div>\n\n\n\n<div class=\"wp-block-columns is-layout-flex wp-container-core-columns-is-layout-9d6595d7 wp-block-columns-is-layout-flex\">\n<div class=\"wp-block-column is-layout-flow wp-block-column-is-layout-flow\" style=\"flex-basis:4.3%\"><\/div>\n\n\n\n<div class=\"wp-block-column is-layout-flow wp-block-column-is-layout-flow\">\n<h2 class=\"wp-block-heading\">Kennen Sie unseren Alumni-Bereich?<\/h2>\n\n\n\n<div class=\"wp-block-buttons is-layout-flex wp-block-buttons-is-layout-flex\">\n<div class=\"wp-block-button is-style-theme-link\"><a class=\"wp-block-button__link wp-element-button\" href=\"https:\/\/colegioaleman.com\/vida-escolar\/alumni\/\">ZUM ALUMNI-BEREICH<\/a><\/div>\n<\/div>\n<\/div>\n\n\n\n<div class=\"wp-block-column is-layout-flow wp-block-column-is-layout-flow\" style=\"flex-basis:50%\">\n<p>Alle ehemaligen Sch\u00fcler und Sch\u00fclerinnen haben ihre Spur in unserer Schule hinterlassen und dazu beigetragen, dass unsere Schule zu dem geworden ist, was sie heutzutage auszeichnet. Und aus diesem Grund haben wir einen Bereich geschaffen, der dazu dient, miteinander in Kontakt zu bleiben und uns anhand von Gespr\u00e4chen, Berichten und Anekdoten auszutauschen<\/p>\n<\/div>\n<\/div>\n\n\n\n<div style=\"height:40px\" aria-hidden=\"true\" class=\"wp-block-spacer\"><\/div>\n\n\n\n<div class=\"wp-block-columns is-layout-flex wp-container-core-columns-is-layout-9d6595d7 wp-block-columns-is-layout-flex\">\n<div class=\"wp-block-column dnone-mobile is-layout-flow wp-block-column-is-layout-flow\" style=\"flex-basis:4.3%\"><\/div>\n\n\n\n<div class=\"wp-block-column is-layout-flow wp-block-column-is-layout-flow\">\n<ul class=\"wp-block-list\">\n<li><a href=\"https:\/\/colegioaleman.com\/vida-escolar\/orientacion-escolar\/\" data-type=\"page\" data-id=\"602\">Berufsorientierung<\/a><\/li>\n\n\n\n<li><a href=\"https:\/\/colegioaleman.com\/vida-escolar\/calendario-escolar\/\" data-type=\"page\" data-id=\"609\">Schulkalender<\/a><\/li>\n\n\n\n<li><a href=\"https:\/\/colegioaleman.com\/vida-escolar\/escuela-padres\/\" data-type=\"page\" data-id=\"604\">Elternschule<\/a><\/li>\n<\/ul>\n<\/div>\n\n\n\n<div class=\"wp-block-column is-layout-flow wp-block-column-is-layout-flow\">\n<ul class=\"wp-block-list\">\n<li><a href=\"https:\/\/colegioaleman.com\/vida-escolar\/extrascolares\/\" data-type=\"page\" data-id=\"611\">Nachmittagsaktivit\u00e4ten<\/a><\/li>\n\n\n\n<li><a href=\"https:\/\/colegioaleman.com\/vida-escolar\/madrugadores\/\" data-type=\"page\" data-id=\"613\">Fr\u00fchbetreuung<\/a><\/li>\n\n\n\n<li><a href=\"https:\/\/colegioaleman.com\/colegio-bilingue\/aleman-certificacion-goethe\/\" data-type=\"page\" data-id=\"576\">Goethe-Zertifikat<\/a><\/li>\n<\/ul>\n<\/div>\n\n\n\n<div class=\"wp-block-column is-layout-flow wp-block-column-is-layout-flow\">\n<ul class=\"wp-block-list\">\n<li><a href=\"https:\/\/colegioaleman.com\/vida-escolar\/menu-comedor\/\" data-type=\"page\" data-id=\"283\">Speiseplan Mensa<\/a><\/li>\n\n\n\n<li><a href=\"https:\/\/colegioaleman.com\/vida-escolar\/ruta-de-autobuses\/\" data-type=\"page\" data-id=\"280\">Schulbusrouten<\/a><\/li>\n\n\n\n<li><a href=\"https:\/\/colegioaleman.com\/colegio-bilingue\/ingles-certificacion-cambridge\/\" data-type=\"page\" data-id=\"578\">Cambridge Zertifikate<\/a><\/li>\n<\/ul>\n<\/div>\n<\/div>\n\n\n\n<div style=\"height:80px\" aria-hidden=\"true\" class=\"wp-block-spacer\"><\/div>\n\n\n\n<div class=\"wp-block-columns is-layout-flex wp-container-core-columns-is-layout-9d6595d7 wp-block-columns-is-layout-flex\">\n<div class=\"wp-block-column is-vertically-aligned-top dnone-tablet is-layout-flow wp-block-column-is-layout-flow\" style=\"flex-basis:4.3%\"><\/div>\n\n\n\n<div class=\"wp-block-column is-layout-flow wp-block-column-is-layout-flow\">\n<h2 class=\"has-text-align-center wp-block-heading\">Noticias relacionadas<\/h2>\n\n\n\n<div class=\"wp-block-query is-layout-flow wp-block-query-is-layout-flow\">\n\n<div class=\"wp-block-query-no-results\">\n\n<p><\/p>\n\n<\/div><\/div>\n<\/div>\n<\/div>\n","protected":false},"excerpt":{"rendered":"<p>Schulleben Die Deutsche Schule verf\u00fcgt \u00fcber ein umfassendes Serviceangebot f\u00fcr Eltern und Sch\u00fcler. Wir sind uns dessen bewusst, wie wichtig es f\u00fcr Kinder ist, von klein auf Sprachen zu lernen und welche Vorteile dies f\u00fcr die schulische Entwicklung haben kann. Bei uns erhalten Ihre Kinder&#8230;. Schulbusrouten Es existieren vier Schulbusrouten, die von allen Sch\u00fclern und [&hellip;]<\/p>\n","protected":false},"author":1,"featured_media":0,"parent":0,"menu_order":0,"comment_status":"closed","ping_status":"closed","template":"","meta":{"_acf_changed":false,"inline_featured_image":false,"footnotes":""},"class_list":["post-24597","page","type-page","status-publish","hentry"],"acf":[],"_links":{"self":[{"href":"https:\/\/colegioaleman.com\/de\/wp-json\/wp\/v2\/pages\/24597","targetHints":{"allow":["GET"]}}],"collection":[{"href":"https:\/\/colegioaleman.com\/de\/wp-json\/wp\/v2\/pages"}],"about":[{"href":"https:\/\/colegioaleman.com\/de\/wp-json\/wp\/v2\/types\/page"}],"author":[{"embeddable":true,"href":"https:\/\/colegioaleman.com\/de\/wp-json\/wp\/v2\/users\/1"}],"replies":[{"embeddable":true,"href":"https:\/\/colegioaleman.com\/de\/wp-json\/wp\/v2\/comments?post=24597"}],"version-history":[{"count":2,"href":"https:\/\/colegioaleman.com\/de\/wp-json\/wp\/v2\/pages\/24597\/revisions"}],"predecessor-version":[{"id":26376,"href":"https:\/\/colegioaleman.com\/de\/wp-json\/wp\/v2\/pages\/24597\/revisions\/26376"}],"wp:attachment":[{"href":"https:\/\/colegioaleman.com\/de\/wp-json\/wp\/v2\/media?parent=24597"}],"curies":[{"name":"wp","href":"https:\/\/api.w.org\/{rel}","templated":true}]}}