{"id":24599,"date":"2022-08-09T12:34:57","date_gmt":"2022-08-09T12:34:57","guid":{"rendered":"https:\/\/colegioaleman.com\/schulleben\/schulbusrouten\/"},"modified":"2026-04-20T09:47:22","modified_gmt":"2026-04-20T09:47:22","slug":"schulbusrouten","status":"publish","type":"page","link":"https:\/\/colegioaleman.com\/de\/schulleben\/schulbusrouten\/","title":{"rendered":"Schulbusrouten"},"content":{"rendered":"\n<div style=\"height:80px\" aria-hidden=\"true\" class=\"wp-block-spacer\"><\/div>\n\n\n\n<div class=\"wp-block-columns alignfull is-layout-flex wp-container-core-columns-is-layout-9d6595d7 wp-block-columns-is-layout-flex\">\n<div class=\"wp-block-column is-layout-flow wp-block-column-is-layout-flow\" style=\"flex-basis:8.33%\"><\/div>\n\n\n\n<div class=\"wp-block-column  pr-3 pl-3 is-layout-flow wp-block-column-is-layout-flow\">\n<p><strong>Schulbusrouten<\/strong><\/p>\n\n\n\n<h2 class=\"wp-block-heading\">Schulbusrouten Deutsche Schule Zaragoza<\/h2>\n\n\n\n<p>Es existieren vier Schulbusrouten.<\/p>\n\n\n\n<p>Der Schulbusdienst der Deutschen Schule erf\u00fcllt die Ma\u00dfnahmen zur Pr\u00e4vention, Eind\u00e4mmung und Koordinierung, die aufgrund der aktuellen Gesundheitslage f\u00fcr Schulen festgelegt wurden.<\/p>\n\n\n\n<div style=\"height:40px\" aria-hidden=\"true\" class=\"wp-block-spacer\"><\/div>\n<\/div>\n\n\n\n<div class=\"wp-block-column is-layout-flow wp-block-column-is-layout-flow\" style=\"flex-basis:44.6%\"><div class=\"wp-block-image\">\n<figure class=\"alignright size-full\"><img fetchpriority=\"high\" decoding=\"async\" width=\"800\" height=\"582\" src=\"https:\/\/colegioaleman.com\/wp-content\/uploads\/2022\/09\/ruta-autobuses-hero-siblings.jpg\" alt=\"Schulbus der deutschen Schule von Zaragoza\" class=\"wp-image-23150\" srcset=\"https:\/\/colegioaleman.com\/wp-content\/uploads\/2022\/09\/ruta-autobuses-hero-siblings.jpg 800w, https:\/\/colegioaleman.com\/wp-content\/uploads\/2022\/09\/ruta-autobuses-hero-siblings-300x218.jpg 300w, https:\/\/colegioaleman.com\/wp-content\/uploads\/2022\/09\/ruta-autobuses-hero-siblings-768x559.jpg 768w\" sizes=\"(max-width: 800px) 100vw, 800px\" \/><\/figure>\n<\/div><\/div>\n<\/div>\n\n\n\n<div style=\"height:80px\" aria-hidden=\"true\" class=\"wp-block-spacer dnone-mobile\"><\/div>\n\n\n\n<div class=\"wp-block-columns are-vertically-aligned-top is-layout-flex wp-container-core-columns-is-layout-9d6595d7 wp-block-columns-is-layout-flex\">\n<div class=\"wp-block-column is-vertically-aligned-top dnone-tablet is-layout-flow wp-block-column-is-layout-flow\" style=\"flex-basis:4.33%\"><\/div>\n\n\n\n<div class=\"wp-block-column is-vertically-aligned-top is-layout-flow wp-block-column-is-layout-flow\">\n<h2 class=\"wp-block-heading\">Es existieren vier Schulbusrouten. Die Busse fahren:<\/h2>\n<\/div>\n\n\n\n<div class=\"wp-block-column is-vertically-aligned-top is-layout-flow wp-block-column-is-layout-flow\" style=\"flex-basis:48.6%\">\n<ul class=\"wp-block-list is-style-separator-list\">\n<li>Morgens um p\u00fcnktlich zur ersten Stunde da zu sein.<\/li>\n\n\n\n<li>Mittags, nach dem Mittagessen.<\/li>\n\n\n\n<li>Nachmittags, nach Schulschluss.<\/li>\n<\/ul>\n\n\n\n<div class=\"wp-block-buttons is-content-justification-right is-layout-flex wp-container-core-buttons-is-layout-765c4724 wp-block-buttons-is-layout-flex\">\n<div class=\"wp-block-button is-style-theme-link\"><a class=\"wp-block-button__link wp-element-button\" href=\"https:\/\/colegioaleman.com\/de\/kontakt\/\">KONTAKTIEREN SIE UNS<\/a><\/div>\n<\/div>\n<\/div>\n<\/div>\n\n\n\n<div style=\"height:80px\" aria-hidden=\"true\" class=\"wp-block-spacer\"><\/div>\n\n\n\n<div class=\"wp-block-columns are-vertically-aligned-top is-layout-flex wp-container-core-columns-is-layout-9d6595d7 wp-block-columns-is-layout-flex\">\n<div class=\"wp-block-column is-vertically-aligned-top is-layout-flow wp-block-column-is-layout-flow\" style=\"flex-basis:4.33%\"><\/div>\n\n\n\n<div class=\"wp-block-column is-vertically-aligned-top is-layout-flow wp-block-column-is-layout-flow\" style=\"flex-basis:48.6%\">\n<h2 class=\"wp-block-heading\" id=\"responsabilidad\">Informieren Sie sich hier \u00fcber die Haltestellen und Abfahrtzeiten f\u00fcr das Schuljahr 2022-2023<\/h2>\n\n\n\n<ul class=\"wp-block-list is-style-separator-list\">\n<li><a href=\"https:\/\/colegioaleman.com\/wp-content\/uploads\/2026\/04\/Rutas-bus-mananas-26.pdf\">Morgens, zum Schulbeginn (09:00 Uhr) <\/a><\/li>\n\n\n\n<li><a href=\"https:\/\/colegioaleman.com\/wp-content\/uploads\/2026\/04\/Rutas-bus-mediodia-2026.pdf\" target=\"_blank\" rel=\"noreferrer noopener\">Schulschluss kurze Unterrichtstage (15:00 Uhr) <\/a><\/li>\n\n\n\n<li><a href=\"https:\/\/colegioaleman.com\/wp-content\/uploads\/2026\/04\/Rutas-bus-tardes-2026.pdf\" target=\"_blank\" rel=\"noreferrer noopener\">Schulschluss normale Unterrichtstage (17:00 Uhr)<\/a><\/li>\n<\/ul>\n<\/div>\n\n\n\n<div class=\"wp-block-column is-vertically-aligned-top is-layout-flow wp-block-column-is-layout-flow\">\n<figure class=\"wp-block-gallery has-nested-images columns-default is-cropped wp-block-gallery-1 is-layout-flex wp-block-gallery-is-layout-flex\">\n<figure class=\"wp-block-image size-full\"><img decoding=\"async\" width=\"800\" height=\"582\" data-id=\"22542\" src=\"https:\/\/colegioaleman.com\/wp-content\/uploads\/2022\/09\/carta-directora-hero-siblings-1.jpg\" alt=\"Einrichtungen der Deutschen Schule von Zaragoza\" class=\"wp-image-22542\" srcset=\"https:\/\/colegioaleman.com\/wp-content\/uploads\/2022\/09\/carta-directora-hero-siblings-1.jpg 800w, https:\/\/colegioaleman.com\/wp-content\/uploads\/2022\/09\/carta-directora-hero-siblings-1-300x218.jpg 300w, https:\/\/colegioaleman.com\/wp-content\/uploads\/2022\/09\/carta-directora-hero-siblings-1-768x559.jpg 768w\" sizes=\"(max-width: 800px) 100vw, 800px\" \/><\/figure>\n<\/figure>\n<\/div>\n<\/div>\n\n\n\n<div style=\"height:80px\" aria-hidden=\"true\" class=\"wp-block-spacer\"><\/div>\n\n\n\n<div style=\"height:80px\" aria-hidden=\"true\" class=\"wp-block-spacer\"><\/div>\n\n\n\n<div class=\"wp-block-group alignfull animate has-body-white-color has-primary-100-background-color has-text-color has-background\" id=\"cta-form\"><div class=\"wp-block-group__inner-container is-layout-flow wp-block-group-is-layout-flow\">\n<div class=\"wp-block-columns has-white-color has-text-color is-layout-flex wp-container-core-columns-is-layout-9d6595d7 wp-block-columns-is-layout-flex\">\n<div class=\"wp-block-column dnone-tablet is-layout-flow wp-block-column-is-layout-flow\" style=\"flex-basis:4.33%\"><\/div>\n\n\n\n<div class=\"wp-block-column is-layout-flow wp-block-column-is-layout-flow\">\n<p><strong>Anmeldung und neue Sch\u00fcler<\/strong><\/p>\n\n\n\n<h2 class=\"wp-block-heading has-body-white-color has-text-color\">M\u00f6chten Sie Teil unserer gro\u00dfen Familie werden?<\/h2>\n\n\n\n<p>Erkundigen Sie sich f\u00fcr das n\u00e4chste Schuljahr und sichern Sie sich einen Platz an unserer Schule. Vereinbaren Sie einen Besuch an unserer Schule, bei dem Sie die Einrichtungen sehen und ein Gespr\u00e4ch mit den Lehrkr\u00e4ften f\u00fchren k\u00f6nnen.<\/p>\n<\/div>\n\n\n\n<div class=\"wp-block-column is-vertically-aligned-center is-layout-flow wp-block-column-is-layout-flow\" style=\"flex-basis:48.6%\"><div class=\"wp-block-image\">\n<figure class=\"aligncenter size-full\"><img decoding=\"async\" width=\"108\" height=\"78\" src=\"https:\/\/colegioaleman.com\/wp-content\/uploads\/2022\/07\/Isotipo.png\" alt=\"Deutsche Schule\" class=\"wp-image-19\"\/><\/figure>\n<\/div>\n\n\n<div class=\"wp-block-buttons is-content-justification-center is-layout-flex wp-container-core-buttons-is-layout-16018d1d wp-block-buttons-is-layout-flex\">\n<div class=\"wp-block-button is-style-outline is-style-outline--2\"><a class=\"wp-block-button__link wp-element-button\" href=\"https:\/\/colegioaleman.com\/de\/anmeldung\/informationsformular\/\" style=\"border-radius:100px\" target=\"_blank\" rel=\"noreferrer noopener\">Gehen Sie zum Informationsformular<\/a><\/div>\n<\/div>\n<\/div>\n<\/div>\n<\/div><\/div>\n\n\n\n<div style=\"height:80px\" aria-hidden=\"true\" class=\"wp-block-spacer\"><\/div>\n\n\n\n<div class=\"wp-block-columns is-layout-flex wp-container-core-columns-is-layout-9d6595d7 wp-block-columns-is-layout-flex\">\n<div class=\"wp-block-column is-vertically-aligned-top dnone-tablet is-layout-flow wp-block-column-is-layout-flow\" style=\"flex-basis:4.3%\"><\/div>\n\n\n\n<div class=\"wp-block-column is-layout-flow wp-block-column-is-layout-flow\">\n<h2 class=\"has-text-align-center wp-block-heading\">Noticias relacionadas<\/h2>\n\n\n\n<div class=\"wp-block-query is-layout-flow wp-block-query-is-layout-flow\">\n\n<div class=\"wp-block-query-no-results\">\n\n<p><\/p>\n\n<\/div><\/div>\n<\/div>\n<\/div>\n","protected":false},"excerpt":{"rendered":"<p>Schulbusrouten Schulbusrouten Deutsche Schule Zaragoza Es existieren vier Schulbusrouten. Der Schulbusdienst der Deutschen Schule erf\u00fcllt die Ma\u00dfnahmen zur Pr\u00e4vention, Eind\u00e4mmung und Koordinierung, die aufgrund der aktuellen Gesundheitslage f\u00fcr Schulen festgelegt wurden. Es existieren vier Schulbusrouten. Die Busse fahren: Informieren Sie sich hier \u00fcber die Haltestellen und Abfahrtzeiten f\u00fcr das Schuljahr 2022-2023<\/p>\n","protected":false},"author":1,"featured_media":0,"parent":24597,"menu_order":0,"comment_status":"closed","ping_status":"closed","template":"","meta":{"_acf_changed":false,"inline_featured_image":false,"footnotes":""},"class_list":["post-24599","page","type-page","status-publish","hentry"],"acf":[],"_links":{"self":[{"href":"https:\/\/colegioaleman.com\/de\/wp-json\/wp\/v2\/pages\/24599","targetHints":{"allow":["GET"]}}],"collection":[{"href":"https:\/\/colegioaleman.com\/de\/wp-json\/wp\/v2\/pages"}],"about":[{"href":"https:\/\/colegioaleman.com\/de\/wp-json\/wp\/v2\/types\/page"}],"author":[{"embeddable":true,"href":"https:\/\/colegioaleman.com\/de\/wp-json\/wp\/v2\/users\/1"}],"replies":[{"embeddable":true,"href":"https:\/\/colegioaleman.com\/de\/wp-json\/wp\/v2\/comments?post=24599"}],"version-history":[{"count":17,"href":"https:\/\/colegioaleman.com\/de\/wp-json\/wp\/v2\/pages\/24599\/revisions"}],"predecessor-version":[{"id":46927,"href":"https:\/\/colegioaleman.com\/de\/wp-json\/wp\/v2\/pages\/24599\/revisions\/46927"}],"up":[{"embeddable":true,"href":"https:\/\/colegioaleman.com\/de\/wp-json\/wp\/v2\/pages\/24597"}],"wp:attachment":[{"href":"https:\/\/colegioaleman.com\/de\/wp-json\/wp\/v2\/media?parent=24599"}],"curies":[{"name":"wp","href":"https:\/\/api.w.org\/{rel}","templated":true}]}}