{"id":24601,"date":"2022-08-09T12:35:52","date_gmt":"2022-08-09T12:35:52","guid":{"rendered":"https:\/\/colegioaleman.com\/schulleben\/speiseplan-mensa\/"},"modified":"2026-04-07T08:03:34","modified_gmt":"2026-04-07T08:03:34","slug":"speiseplan-mensa","status":"publish","type":"page","link":"https:\/\/colegioaleman.com\/de\/schulleben\/speiseplan-mensa\/","title":{"rendered":"Speiseplan mensa"},"content":{"rendered":"\n<div style=\"height:80px\" aria-hidden=\"true\" class=\"wp-block-spacer\"><\/div>\n\n\n\n<div class=\"wp-block-columns alignfull is-layout-flex wp-container-core-columns-is-layout-9d6595d7 wp-block-columns-is-layout-flex\">\n<div class=\"wp-block-column dnone-tablet is-layout-flow wp-block-column-is-layout-flow\" style=\"flex-basis:8.33%\"><\/div>\n\n\n\n<div class=\"wp-block-column  pr-3 pl-3 is-layout-flow wp-block-column-is-layout-flow\">\n<p><strong>Mensa<\/strong><\/p>\n\n\n\n<h2 class=\"wp-block-heading\"><strong><strong><strong>Speiseplan der Kantine der Deutschen Schule Saragossa<\/strong><\/strong><\/strong><\/h2>\n\n\n\n<p>Alle Sch\u00fcler, die in der Schule essen, k\u00f6nnen dies im Speisesaal tun, der \u00fcber eine eigene K\u00fcche und von Ern\u00e4hrungsexperten zubereitete Men\u00fcs verf\u00fcgt.<\/p>\n\n\n\n<p>Bei der Zubereitung der Mahlzeiten wird besonders auf Qualit\u00e4t und Ern\u00e4hrung geachtet, um unseren Sch\u00fclern eine gesunde, sichere und nachhaltige Ern\u00e4hrung zu garantieren.<\/p>\n<\/div>\n\n\n\n<div class=\"wp-block-column is-layout-flow wp-block-column-is-layout-flow\" style=\"flex-basis:44.6%\"><div class=\"wp-block-image\">\n<figure class=\"alignright size-full\"><img fetchpriority=\"high\" decoding=\"async\" width=\"1536\" height=\"1025\" src=\"https:\/\/colegioaleman.com\/wp-content\/uploads\/2024\/10\/Educater_colegio_aleman-1536x1025-1.png\" alt=\"\" class=\"wp-image-35898\" srcset=\"https:\/\/colegioaleman.com\/wp-content\/uploads\/2024\/10\/Educater_colegio_aleman-1536x1025-1.png 1536w, https:\/\/colegioaleman.com\/wp-content\/uploads\/2024\/10\/Educater_colegio_aleman-1536x1025-1-300x200.png 300w, https:\/\/colegioaleman.com\/wp-content\/uploads\/2024\/10\/Educater_colegio_aleman-1536x1025-1-1024x683.png 1024w, https:\/\/colegioaleman.com\/wp-content\/uploads\/2024\/10\/Educater_colegio_aleman-1536x1025-1-768x513.png 768w\" sizes=\"(max-width: 1536px) 100vw, 1536px\" \/><\/figure>\n<\/div><\/div>\n<\/div>\n\n\n\n<div style=\"height:80px\" aria-hidden=\"true\" class=\"wp-block-spacer dnone-mobile\"><\/div>\n\n\n\n<div class=\"wp-block-columns are-vertically-aligned-top is-layout-flex wp-container-core-columns-is-layout-9d6595d7 wp-block-columns-is-layout-flex\">\n<div class=\"wp-block-column is-vertically-aligned-top dnone-tablet is-layout-flow wp-block-column-is-layout-flow\" style=\"flex-basis:4.33%\"><\/div>\n\n\n\n<div class=\"wp-block-column is-vertically-aligned-top is-layout-flow wp-block-column-is-layout-flow\">\n<p>Die Deutsch Schule und <em>Educater<\/em> arbeiten jeden Tag zusammen, um \u00fcber die Ern\u00e4hrung einen positiven Einfluss auf die Familien auszu\u00fcben und das Wohlbefinden der Sch\u00fcler und der gesamten Schulgemeinschaft zu f\u00f6rdern.<\/p>\n<\/div>\n\n\n\n<div class=\"wp-block-column is-vertically-aligned-top is-layout-flow wp-block-column-is-layout-flow\">\n<ul class=\"wp-block-list is-style-separator-list\">\n<li>Von lokalen Ern\u00e4hrungswissenschaftlern entworfene Men\u00fcs<\/li>\n\n\n\n<li>Frische, biologische und lokale Produkte<\/li>\n\n\n\n<li>Aneignung gesunder und nachhaltiger Gewohnheiten<\/li>\n<\/ul>\n<\/div>\n<\/div>\n\n\n\n<div style=\"height:80px\" aria-hidden=\"true\" class=\"wp-block-spacer dnone-mobile\"><\/div>\n\n\n\n<div class=\"wp-block-columns are-vertically-aligned-top is-layout-flex wp-container-core-columns-is-layout-9d6595d7 wp-block-columns-is-layout-flex\">\n<div class=\"wp-block-column is-vertically-aligned-top dnone-tablet is-layout-flow wp-block-column-is-layout-flow\" style=\"flex-basis:4.33%\"><\/div>\n\n\n\n<div class=\"wp-block-column is-vertically-aligned-top is-layout-flow wp-block-column-is-layout-flow\" style=\"flex-basis:33.3%\">\n<h2 class=\"wp-block-heading\" id=\"material-escolar\">Wie machen wir das?<\/h2>\n\n\n\n<p class=\"has-medium-font-size\">Wir f\u00f6rdern die Aneignung gesunder und nachhaltiger Ern\u00e4hrungsgewohnheiten sowie die k\u00f6rperliche Bewegung.<\/p>\n<\/div>\n\n\n\n<div class=\"wp-block-column is-vertically-aligned-top is-layout-flow wp-block-column-is-layout-flow\">\n<ol class=\"wp-block-list\">\n<li>Ein komplettes gastronomisches Angebot, in dem die Verwendung von frischen, \u00f6kologischen und lokalen Lebensmitteln eine gro\u00dfe Rolle spielt.<\/li>\n\n\n\n<li>Men\u00fcs, die von einem Team lokaler Ern\u00e4hrungswissenschaftler entworfen werden und frische, lokale, biologische und saisonale Produkte ber\u00fccksichtigen.<\/li>\n\n\n\n<li>Wir achten darauf, den \u00f6kologischen Fu\u00dfabdruck unserer T\u00e4tigkeit zu verringern, das Wohlbefinden unserer Mitarbeiter zu f\u00f6rdern und uns an sozialen Projekten zu beteiligen.<\/li>\n\n\n\n<li>Wir wenden einen gro\u00dfen Teil der Ressourcen f\u00fcr die Lebensmittelsicherheit auf.<\/li>\n<\/ol>\n<\/div>\n<\/div>\n\n\n\n<div style=\"height:80px\" aria-hidden=\"true\" class=\"wp-block-spacer dnone-mobile\"><\/div>\n\n\n\n<div class=\"wp-block-columns are-vertically-aligned-top is-layout-flex wp-container-core-columns-is-layout-9d6595d7 wp-block-columns-is-layout-flex\">\n<div class=\"wp-block-column is-vertically-aligned-top dnone-tablet is-layout-flow wp-block-column-is-layout-flow\" style=\"flex-basis:4.33%\"><\/div>\n\n\n\n<div class=\"wp-block-column is-vertically-aligned-top is-layout-flow wp-block-column-is-layout-flow\">\n<h2 class=\"wp-block-heading\" id=\"material-escolar\"><strong>Die Men\u00fcs haben verschiedene Optionen.<\/strong><\/h2>\n<\/div>\n\n\n\n<div class=\"wp-block-column is-vertically-aligned-top is-layout-flow wp-block-column-is-layout-flow\" style=\"flex-basis:48.6%\">\n<p class=\"has-medium-font-size\">Laden Sie die f\u00fcr jede Art von Unvertr\u00e4glichkeit oder Allergie geeigneten Men\u00fcs im PDF-Format herunter.<\/p>\n<\/div>\n<\/div>\n\n\n\n<div class=\"wp-block-columns are-vertically-aligned-top is-layout-flex wp-container-core-columns-is-layout-9d6595d7 wp-block-columns-is-layout-flex\">\n<div class=\"wp-block-column is-vertically-aligned-top dnone-tablet is-layout-flow wp-block-column-is-layout-flow\" style=\"flex-basis:4.33%\"><\/div>\n\n\n\n<div class=\"wp-block-column is-vertically-aligned-top is-layout-flow wp-block-column-is-layout-flow\">\n<ul class=\"wp-block-list is-style-separator-list\">\n<li><a href=\"https:\/\/colegioaleman.com\/wp-content\/uploads\/2026\/04\/Menu-basal-abril-26.pdf\">Basal<\/a><\/li>\n\n\n\n<li><a href=\"https:\/\/colegioaleman.com\/wp-content\/uploads\/2026\/04\/Menu-baja-en-grasas-abril-26.pdf\">Fettarm<\/a><\/li>\n\n\n\n<li><a href=\"https:\/\/colegioaleman.com\/wp-content\/uploads\/2026\/04\/Menu-vegetariano-abril-26.pdf\" target=\"_blank\" data-type=\"URL\" data-id=\"https:\/\/colegioaleman.com\/wp-content\/uploads\/2022\/11\/2022_11_MENU_COLEGIO-ALEMAN_SIN-PESCADO-Y-MARISCO.pdf\" rel=\"noreferrer noopener\">Vegetarisch<\/a><\/li>\n<\/ul>\n<\/div>\n\n\n\n<div class=\"wp-block-column is-vertically-aligned-top is-layout-flow wp-block-column-is-layout-flow\">\n<ul class=\"wp-block-list is-style-separator-list\">\n<li><a href=\"https:\/\/colegioaleman.com\/wp-content\/uploads\/2026\/04\/Menu-baja-en-grasas-abril-26.pdf\" target=\"_blank\" data-type=\"URL\" data-id=\"https:\/\/colegioaleman.com\/wp-content\/uploads\/2022\/11\/2022_11_MENU_COLEGIO-ALEMAN_SIN-HUEVO.pdf\" rel=\"noreferrer noopener\">Frei von Eiern<\/a><\/li>\n\n\n\n<li><a href=\"https:\/\/colegioaleman.com\/wp-content\/uploads\/2026\/04\/Menu-sin-gluten-abril-26.pdf\" target=\"_blank\" data-type=\"URL\" data-id=\"https:\/\/colegioaleman.com\/wp-content\/uploads\/2022\/11\/2022_11_MENU_COLEGIO-ALEMAN_CELIACO.pdf\" rel=\"noreferrer noopener\">Glutenfrei<\/a><\/li>\n\n\n\n<li><\/li>\n<\/ul>\n<\/div>\n\n\n\n<div class=\"wp-block-column is-vertically-aligned-top is-layout-flow wp-block-column-is-layout-flow\">\n<ul class=\"wp-block-list is-style-separator-list\">\n<li><a href=\"https:\/\/colegioaleman.com\/wp-content\/uploads\/2026\/04\/Menu-sin-lactosa-abril-26.pdf\" target=\"_blank\" data-type=\"URL\" data-id=\"https:\/\/colegioaleman.com\/wp-content\/uploads\/2022\/11\/2022_11_MENU_COLEGIO-ALEMAN_INTOLERANCIA-LACTOSA.pdf\" rel=\"noreferrer noopener\">Laktosefrei<\/a><\/li>\n\n\n\n<li><a href=\"https:\/\/colegioaleman.com\/wp-content\/uploads\/2026\/04\/Menu-sin-pescado-abril-26.pdf\" target=\"_blank\" data-type=\"URL\" data-id=\"https:\/\/colegioaleman.com\/wp-content\/uploads\/2022\/11\/2022_11_MENU_COLEGIO-ALEMAN_VEGETARIANO.pdf\" rel=\"noreferrer noopener\">Frei von Fisch<\/a><\/li>\n<\/ul>\n<\/div>\n<\/div>\n\n\n\n<div style=\"height:80px\" aria-hidden=\"true\" class=\"wp-block-spacer dnone-mobile\"><\/div>\n\n\n\n<pre class=\"wp-block-verse has-text-align-center\">\u201eWir glauben an eine Welt mit gesunden, nachhaltigen und integrativen Lebensmittelsystemen, die f\u00f6rderlich f\u00fcr die Gesundheit der Menschen und die Gesundheit des Planeten sind. Eine Welt ohne Armut und ohne Hunger, eine Welt mit integrativem Wirtschaftswachstum, \u00f6kologischer Nachhaltigkeit und sozialer Gerechtigkeit, eine starke Welt, in der niemand zur\u00fcckgelassen wird\u201c.\n<strong>Ms. Agnes Kalibata of Rwanda - Special Envoy for 2021 Food Systems Summit Alimentarios de 2021<\/strong><\/pre>\n\n\n\n<div style=\"height:80px\" aria-hidden=\"true\" class=\"wp-block-spacer dnone-mobile\"><\/div>\n\n\n\n<div class=\"wp-block-columns are-vertically-aligned-top is-layout-flex wp-container-core-columns-is-layout-9d6595d7 wp-block-columns-is-layout-flex\">\n<div class=\"wp-block-column is-vertically-aligned-top dnone-tablet is-layout-flow wp-block-column-is-layout-flow\" style=\"flex-basis:4.33%\"><\/div>\n<\/div>\n\n\n\n<div class=\"wp-block-columns are-vertically-aligned-top is-layout-flex wp-container-core-columns-is-layout-9d6595d7 wp-block-columns-is-layout-flex\">\n<div class=\"wp-block-column is-vertically-aligned-top is-layout-flow wp-block-column-is-layout-flow\" style=\"flex-basis:4.33%\"><\/div>\n\n\n\n<div class=\"wp-block-column is-vertically-aligned-top is-layout-flow wp-block-column-is-layout-flow\" style=\"flex-basis:48.6%\">\n<h2 class=\"wp-block-heading\" id=\"responsabilidad\"><strong>M\u00fcssen Sie Ihr Kind f\u00fcr einen bestimmten Tag oder Zeitraum in der Kantine essen lassen? Wir l\u00f6sen Ihre Zweifel auf:<\/strong><\/h2>\n\n\n\n<p>Wenn Sie Ihr Kind an einem bestimmten Tag im Speisesaal essen lassen m\u00f6chten, brauchen Sie nur im Sekretariat Bescheid zu geben.<\/p>\n\n\n\n<p>Wenn Sie einen Notfall haben, k\u00f6nnen Sie Ihr Kind im Speisesaal essen lassen. Geben Sie einfach im Sekretariat Bescheid und geben Sie an, ob der Sch\u00fcler eine Allergie, Unvertr\u00e4glichkeit usw. hat.<\/p>\n\n\n\n<p>Es ist nicht notwendig, Ihr Kind f\u00fcr das ganze Jahr im Speisesaal anzumelden, Sie k\u00f6nnen es f\u00fcr Tage, Monate oder Trimester anmelden, wie es Ihnen am besten passt.<\/p>\n<\/div>\n\n\n\n<div class=\"wp-block-column is-vertically-aligned-top is-layout-flow wp-block-column-is-layout-flow\">\n<figure class=\"wp-block-image size-full\"><img decoding=\"async\" width=\"2048\" height=\"1490\" src=\"https:\/\/colegioaleman.com\/wp-content\/uploads\/2024\/10\/slow_food_colegio_aleman-2048x1490-1.png\" alt=\"\" class=\"wp-image-35895\" srcset=\"https:\/\/colegioaleman.com\/wp-content\/uploads\/2024\/10\/slow_food_colegio_aleman-2048x1490-1.png 2048w, https:\/\/colegioaleman.com\/wp-content\/uploads\/2024\/10\/slow_food_colegio_aleman-2048x1490-1-300x218.png 300w, https:\/\/colegioaleman.com\/wp-content\/uploads\/2024\/10\/slow_food_colegio_aleman-2048x1490-1-1024x745.png 1024w, https:\/\/colegioaleman.com\/wp-content\/uploads\/2024\/10\/slow_food_colegio_aleman-2048x1490-1-768x559.png 768w, https:\/\/colegioaleman.com\/wp-content\/uploads\/2024\/10\/slow_food_colegio_aleman-2048x1490-1-1536x1118.png 1536w\" sizes=\"(max-width: 2048px) 100vw, 2048px\" \/><\/figure>\n<\/div>\n<\/div>\n\n\n\n<div style=\"height:80px\" aria-hidden=\"true\" class=\"wp-block-spacer\"><\/div>\n\n\n\n<div class=\"wp-block-group alignfull animate has-body-white-color has-primary-100-background-color has-text-color has-background\" id=\"cta-form\"><div class=\"wp-block-group__inner-container is-layout-flow wp-block-group-is-layout-flow\">\n<div class=\"wp-block-columns has-white-color has-text-color is-layout-flex wp-container-core-columns-is-layout-9d6595d7 wp-block-columns-is-layout-flex\">\n<div class=\"wp-block-column dnone-tablet is-layout-flow wp-block-column-is-layout-flow\" style=\"flex-basis:4.33%\"><\/div>\n\n\n\n<div class=\"wp-block-column is-layout-flow wp-block-column-is-layout-flow\">\n<p><strong>Anmeldung und neue Sch\u00fcler<\/strong><\/p>\n\n\n\n<h2 class=\"wp-block-heading has-body-white-color has-text-color\">M\u00f6chten Sie Teil unserer gro\u00dfen Familie werden?<\/h2>\n\n\n\n<p>Erkundigen Sie sich f\u00fcr das n\u00e4chste Schuljahr und sichern Sie sich einen Platz an unserer Schule. Vereinbaren Sie einen Besuch an unserer Schule, bei dem Sie die Einrichtungen sehen und ein Gespr\u00e4ch mit den Lehrkr\u00e4ften f\u00fchren k\u00f6nnen.<\/p>\n<\/div>\n\n\n\n<div class=\"wp-block-column is-vertically-aligned-center is-layout-flow wp-block-column-is-layout-flow\" style=\"flex-basis:48.6%\"><div class=\"wp-block-image\">\n<figure class=\"aligncenter size-full\"><img decoding=\"async\" width=\"108\" height=\"78\" src=\"https:\/\/colegioaleman.com\/wp-content\/uploads\/2022\/07\/Isotipo.png\" alt=\"Deutsche Schule\" class=\"wp-image-19\"\/><\/figure>\n<\/div>\n\n\n<div class=\"wp-block-buttons is-content-justification-center is-layout-flex wp-container-core-buttons-is-layout-16018d1d wp-block-buttons-is-layout-flex\">\n<div class=\"wp-block-button is-style-outline is-style-outline--1\"><a class=\"wp-block-button__link wp-element-button\" href=\"https:\/\/colegioaleman.com\/de\/anmeldung\/informationsformular\/\" style=\"border-radius:100px\" target=\"_blank\" rel=\"noreferrer noopener\">Gehen Sie zum Informationsformular<\/a><\/div>\n<\/div>\n<\/div>\n<\/div>\n<\/div><\/div>\n\n\n\n<div style=\"height:80px\" aria-hidden=\"true\" class=\"wp-block-spacer\"><\/div>\n\n\n\n<div class=\"wp-block-columns is-layout-flex wp-container-core-columns-is-layout-9d6595d7 wp-block-columns-is-layout-flex\">\n<div class=\"wp-block-column is-vertically-aligned-top dnone-tablet is-layout-flow wp-block-column-is-layout-flow\" style=\"flex-basis:4.3%\"><\/div>\n\n\n\n<div class=\"wp-block-column is-layout-flow wp-block-column-is-layout-flow\">\n<h2 class=\"has-text-align-center wp-block-heading\">Noticias relacionadas<\/h2>\n\n\n\n<div class=\"wp-block-query is-layout-flow wp-block-query-is-layout-flow\">\n\n<div class=\"wp-block-query-no-results\">\n\n<p><\/p>\n\n<\/div><\/div>\n<\/div>\n<\/div>\n","protected":false},"excerpt":{"rendered":"<p>Mensa Speiseplan der Kantine der Deutschen Schule Saragossa Alle Sch\u00fcler, die in der Schule essen, k\u00f6nnen dies im Speisesaal tun, der \u00fcber eine eigene K\u00fcche und von Ern\u00e4hrungsexperten zubereitete Men\u00fcs verf\u00fcgt. Bei der Zubereitung der Mahlzeiten wird besonders auf Qualit\u00e4t und Ern\u00e4hrung geachtet, um unseren Sch\u00fclern eine gesunde, sichere und nachhaltige Ern\u00e4hrung zu garantieren. Die [&hellip;]<\/p>\n","protected":false},"author":1,"featured_media":0,"parent":24597,"menu_order":0,"comment_status":"closed","ping_status":"closed","template":"","meta":{"_acf_changed":false,"inline_featured_image":false,"footnotes":""},"class_list":["post-24601","page","type-page","status-publish","hentry"],"acf":[],"_links":{"self":[{"href":"https:\/\/colegioaleman.com\/de\/wp-json\/wp\/v2\/pages\/24601","targetHints":{"allow":["GET"]}}],"collection":[{"href":"https:\/\/colegioaleman.com\/de\/wp-json\/wp\/v2\/pages"}],"about":[{"href":"https:\/\/colegioaleman.com\/de\/wp-json\/wp\/v2\/types\/page"}],"author":[{"embeddable":true,"href":"https:\/\/colegioaleman.com\/de\/wp-json\/wp\/v2\/users\/1"}],"replies":[{"embeddable":true,"href":"https:\/\/colegioaleman.com\/de\/wp-json\/wp\/v2\/comments?post=24601"}],"version-history":[{"count":49,"href":"https:\/\/colegioaleman.com\/de\/wp-json\/wp\/v2\/pages\/24601\/revisions"}],"predecessor-version":[{"id":46803,"href":"https:\/\/colegioaleman.com\/de\/wp-json\/wp\/v2\/pages\/24601\/revisions\/46803"}],"up":[{"embeddable":true,"href":"https:\/\/colegioaleman.com\/de\/wp-json\/wp\/v2\/pages\/24597"}],"wp:attachment":[{"href":"https:\/\/colegioaleman.com\/de\/wp-json\/wp\/v2\/media?parent=24601"}],"curies":[{"name":"wp","href":"https:\/\/api.w.org\/{rel}","templated":true}]}}