{"id":24605,"date":"2022-08-22T07:22:08","date_gmt":"2022-08-22T07:22:08","guid":{"rendered":"https:\/\/colegioaleman.com\/schulleben\/elternschule\/"},"modified":"2022-11-25T07:28:39","modified_gmt":"2022-11-25T07:28:39","slug":"elternschule","status":"publish","type":"page","link":"https:\/\/colegioaleman.com\/de\/schulleben\/elternschule\/","title":{"rendered":"Elternschule"},"content":{"rendered":"\n<div style=\"height:80px\" aria-hidden=\"true\" class=\"wp-block-spacer\"><\/div>\n\n<div class=\"wp-block-columns alignfull is-layout-flex wp-container-core-columns-is-layout-9d6595d7 wp-block-columns-is-layout-flex\">\n<div class=\"wp-block-column is-layout-flow wp-block-column-is-layout-flow\" style=\"flex-basis:8.33%\"><\/div>\n\n\n\n<div class=\"wp-block-column pr-3 pl-3 is-layout-flow wp-block-column-is-layout-flow\">\n<p><strong>Elternschule<\/strong><\/p>\n\n\n\n<h2 class=\"wp-block-heading\"><strong><strong>Warum brauchen wir eine Elternschule?<\/strong><\/strong><\/h2>\n\n\n\n<p>Oftmals denken Eltern von sich, dass sie f\u00fcr fast alles ausgebildet wurden, nur nicht f\u00fcr das Elternsein. Es ist erstaunlich, was sich alles durch Kinder ver\u00e4ndert, denn pl\u00f6tzlich wird man Mutter oder Vater und muss seinen Kindern eine gute Erziehung bieten. Aber&#8230;.Wie schaffen wir das? Durch Lernen.<\/p>\n\n\n\n<div style=\"height:40px\" aria-hidden=\"true\" class=\"wp-block-spacer\"><\/div>\n\n\n\n<ul class=\"is-style-separator-list wp-block-list\">\n<li><a href=\"#nadie-nace-educador\">Niemand wir als Erzieher\/in geboren<\/a><\/li>\n\n\n\n<li><a href=\"#responsabilidad\">Eine \u00dcbung zum Thema Elternverantwortung<\/a><\/li>\n\n\n\n<li><a href=\"#asistencia-gratuita\">Kostenlose Teilnahme<\/a><\/li>\n<\/ul>\n<\/div>\n\n\n\n<div class=\"wp-block-column is-layout-flow wp-block-column-is-layout-flow\" style=\"flex-basis:44.6%\"><div class=\"wp-block-image\">\n<figure class=\"alignright size-full\"><img fetchpriority=\"high\" decoding=\"async\" width=\"800\" height=\"582\" src=\"https:\/\/colegioaleman.com\/wp-content\/uploads\/2022\/09\/escuela-padres-hero-siblings.jpg\" alt=\"Elternschule der Deutschen Schule von Zaragoza\" class=\"wp-image-22780\" srcset=\"https:\/\/colegioaleman.com\/wp-content\/uploads\/2022\/09\/escuela-padres-hero-siblings.jpg 800w, https:\/\/colegioaleman.com\/wp-content\/uploads\/2022\/09\/escuela-padres-hero-siblings-300x218.jpg 300w, https:\/\/colegioaleman.com\/wp-content\/uploads\/2022\/09\/escuela-padres-hero-siblings-768x559.jpg 768w\" sizes=\"(max-width: 800px) 100vw, 800px\" \/><\/figure>\n<\/div><\/div>\n<\/div>\n\n<div style=\"height:80px\" aria-hidden=\"true\" class=\"wp-block-spacer dnone-mobile\"><\/div>\n\n<div class=\"wp-block-columns are-vertically-aligned-center is-layout-flex wp-container-core-columns-is-layout-9d6595d7 wp-block-columns-is-layout-flex\">\n<div class=\"wp-block-column is-vertically-aligned-center dnone-mobile is-layout-flow wp-block-column-is-layout-flow\" style=\"flex-basis:4.33%\"><\/div>\n\n\n\n<div class=\"wp-block-column is-vertically-aligned-center is-layout-flow wp-block-column-is-layout-flow\">\n<h2 class=\"wp-block-heading\" id=\"nadie-nace-educador\">Niemand wir als Erzieher\/in geboren<\/h2>\n<\/div>\n\n\n\n<div class=\"wp-block-column is-vertically-aligned-center is-layout-flow wp-block-column-is-layout-flow\" style=\"flex-basis:60%\">\n<p>Pl\u00f6tzlich wird einem bewusst, dass man erst lernen muss, wie Erziehung funktioniert. Als Eltern lernt man in jeder Situation immer wieder neu hinzu, sei es, wenn Schwierigkeiten \u00fcberwunden werden oder unvorhergesehene Situationen auftreten und gemeistert werden. Es ist aber auch wichtig, diese Erfahrungen aus der eigenen Sicht und aus der Sicht anderer zu reflektieren, damit das p\u00e4dagogische Handeln effektiver wird. F\u00fcr jeden ist es von gro\u00dfem Nutzen und bereichernd, sich mit den Ideen und Erfahrungen anderer auseinandersetzen. <strong>Und die Elternschule bietet genau diese M\u00f6glichkeit<\/strong>. Dar\u00fcber hinaus f\u00f6rdert sie die Integration der Eltern in die Schule.<\/p>\n<\/div>\n<\/div>\n\n<div style=\"height:80px\" aria-hidden=\"true\" class=\"wp-block-spacer\"><\/div>\n\n<div class=\"wp-block-columns are-vertically-aligned-top is-layout-flex wp-container-core-columns-is-layout-9d6595d7 wp-block-columns-is-layout-flex\">\n<div class=\"wp-block-column is-vertically-aligned-top is-layout-flow wp-block-column-is-layout-flow\" style=\"flex-basis:4.33%\"><\/div>\n\n\n\n<div class=\"wp-block-column is-vertically-aligned-top is-layout-flow wp-block-column-is-layout-flow\" style=\"flex-basis:48.6%\">\n<h2 class=\"wp-block-heading\" id=\"responsabilidad\">Eine \u00dcbung zum Thema Elternverantwortung<\/h2>\n\n\n\n<p>Kinder haben ein Recht auf Erziehung und Eltern die Pflicht, ihre Kinder zu erziehen. Man darf den Schulunterricht, der haupts\u00e4chlich in der Verantwortung der Lehrkr\u00e4fte liegt, nicht mit Erziehung verwechseln, die fast ausschlie\u00dflich in der Verantwortung der Eltern liegt. Eltern vermitteln ihren Kindern Werte und eines der Ziele der Elternschule ist es, genau <strong>diese grundlegende Haltung, sich selbst verbessern zu wollen, zu f\u00f6rdern.<\/strong><\/p>\n\n\n\n<p>In der Elternschule wollen wir Eltern zu wichtigen Erziehungsthemen informieren, beraten und schulen, was sich positiv auf die Pers\u00f6nlichkeit, Entwicklung und schulischen Leistungen ihrer Kinder sowie auf die Motivation der Kinder, <strong>ein gesundes Leben zu f\u00fchren, auswirkt.<\/strong><\/p>\n\n\n\n<p>Es werden Themen wie Erziehungsstile, Regeln aufstellen und Grenzen setzen, Verantwortung, soziale Kompetenzen und emotionale Intelligenz behandelt.<\/p>\n<\/div>\n\n\n\n<div class=\"wp-block-column is-vertically-aligned-top is-layout-flow wp-block-column-is-layout-flow\">\n<figure class=\"wp-block-embed is-type-video is-provider-youtube wp-block-embed-youtube wp-embed-aspect-16-9 wp-has-aspect-ratio\"><div class=\"wp-block-embed__wrapper\">\n<iframe title=\"Clausura Escuela de Padres\" width=\"640\" height=\"360\" src=\"https:\/\/www.youtube.com\/embed\/SOq82J-wx54?feature=oembed\" frameborder=\"0\" allow=\"accelerometer; autoplay; clipboard-write; encrypted-media; gyroscope; picture-in-picture; web-share\" referrerpolicy=\"strict-origin-when-cross-origin\" allowfullscreen><\/iframe>\n<\/div><\/figure>\n<\/div>\n<\/div>\n\n<div style=\"height:80px\" aria-hidden=\"true\" class=\"wp-block-spacer\"><\/div>\n\n<div class=\"wp-block-columns are-vertically-aligned-top is-layout-flex wp-container-core-columns-is-layout-9d6595d7 wp-block-columns-is-layout-flex\">\n<div class=\"wp-block-column is-vertically-aligned-top dnone-mobile is-layout-flow wp-block-column-is-layout-flow\" style=\"flex-basis:4.33%\"><\/div>\n\n\n\n<div class=\"wp-block-column is-vertically-aligned-top is-layout-flow wp-block-column-is-layout-flow\">\n<h2 class=\"wp-block-heading\" id=\"asistencia-gratuita\"><strong>Kostenlose Teilnahme<\/strong><\/h2>\n<\/div>\n\n\n\n<div class=\"wp-block-column is-vertically-aligned-top is-layout-flow wp-block-column-is-layout-flow\" style=\"flex-basis:48.6%\">\n<ul class=\"wp-block-list\">\n<li>Die Sitzungen finden im Pr\u00e4senzformat ca. einmal im Monat statt und sie sind f\u00fcr alle Schulmitglieder offen.<\/li>\n<\/ul>\n\n\n\n<ul class=\"wp-block-list\">\n<li>Das Ziel ist es, zum Nachdenken anzuregen und Modelle und Mittel vorzustellen, die Eltern bei der schwierigen Aufgabe der Erziehung ihrer Kinder helfen k\u00f6nnen.<\/li>\n<\/ul>\n\n\n\n<ul class=\"wp-block-list\">\n<li>Insgesamt werden sechs Sitzungen abgehalten, die immer um 18:30 Uhr beginnen und im Mehrzweckraum des Kindergartens stattfinden.<\/li>\n<\/ul>\n\n\n\n<ul class=\"wp-block-list\">\n<li>Jede Sitzung wird fr\u00fchzeitig angek\u00fcndigt, ebenso wie das zu behandelnde Thema und die Altersgruppe, f\u00fcr die die jeweilige Aktivit\u00e4t bestimmt ist.<\/li>\n<\/ul>\n\n\n\n<div class=\"wp-block-buttons is-content-justification-right is-layout-flex wp-container-core-buttons-is-layout-765c4724 wp-block-buttons-is-layout-flex\">\n<div class=\"wp-block-button is-style-theme-link\"><a class=\"wp-block-button__link wp-element-button\" href=\"https:\/\/colegioaleman.com\/de\/kontakt\/\">KONTAKTIEREN SIE UNS<\/a><\/div>\n<\/div>\n<\/div>\n<\/div>\n\n<div style=\"height:80px\" aria-hidden=\"true\" class=\"wp-block-spacer\"><\/div>\n\n<div class=\"wp-block-group alignfull animate has-body-white-color has-primary-100-background-color has-text-color has-background\" id=\"cta-form\"><div class=\"wp-block-group__inner-container is-layout-flow wp-block-group-is-layout-flow\">\n<div class=\"wp-block-columns has-white-color has-text-color is-layout-flex wp-container-core-columns-is-layout-9d6595d7 wp-block-columns-is-layout-flex\">\n<div class=\"wp-block-column dnone-tablet is-layout-flow wp-block-column-is-layout-flow\" style=\"flex-basis:4.33%\"><\/div>\n\n\n\n<div class=\"wp-block-column is-layout-flow wp-block-column-is-layout-flow\">\n<p><strong>Anmeldung und neue Sch\u00fcler<\/strong><\/p>\n\n\n\n<h2 class=\"wp-block-heading has-body-white-color has-text-color\">M\u00f6chten Sie Teil unserer gro\u00dfen Familie werden?<\/h2>\n\n\n\n<p>Erkundigen Sie sich f\u00fcr das n\u00e4chste Schuljahr und sichern Sie sich einen Platz an unserer Schule. Vereinbaren Sie einen Besuch an unserer Schule, bei dem Sie die Einrichtungen sehen und ein Gespr\u00e4ch mit den Lehrkr\u00e4ften f\u00fchren k\u00f6nnen.<\/p>\n<\/div>\n\n\n\n<div class=\"wp-block-column is-vertically-aligned-center is-layout-flow wp-block-column-is-layout-flow\" style=\"flex-basis:48.6%\"><div class=\"wp-block-image\">\n<figure class=\"aligncenter size-full\"><img decoding=\"async\" width=\"108\" height=\"78\" src=\"https:\/\/colegioaleman.com\/wp-content\/uploads\/2022\/07\/Isotipo.png\" alt=\"Deutsche Schule\" class=\"wp-image-19\"\/><\/figure>\n<\/div>\n\n\n<div class=\"wp-block-buttons is-content-justification-center is-layout-flex wp-container-core-buttons-is-layout-16018d1d wp-block-buttons-is-layout-flex\">\n<div class=\"wp-block-button is-style-outline is-style-outline--1\"><a class=\"wp-block-button__link wp-element-button\" href=\"https:\/\/colegioaleman.com\/de\/anmeldung\/informationsformular\/\" style=\"border-radius:100px\" target=\"_blank\" rel=\"noreferrer noopener\">Gehen Sie zum Informationsformular<\/a><\/div>\n<\/div>\n<\/div>\n<\/div>\n<\/div><\/div>\n\n<div style=\"height:80px\" aria-hidden=\"true\" class=\"wp-block-spacer\"><\/div>\n\n<div class=\"wp-block-columns is-layout-flex wp-container-core-columns-is-layout-9d6595d7 wp-block-columns-is-layout-flex\">\n<div class=\"wp-block-column is-vertically-aligned-top dnone-tablet is-layout-flow wp-block-column-is-layout-flow\" style=\"flex-basis:4.3%\"><\/div>\n\n\n\n<div class=\"wp-block-column is-layout-flow wp-block-column-is-layout-flow\">\n<h2 class=\"has-text-align-center wp-block-heading\">Noticias relacionadas<\/h2>\n\n\n\n<div class=\"wp-block-query is-layout-flow wp-block-query-is-layout-flow\">\n\n<div class=\"wp-block-query-no-results\">\n\n<p><\/p>\n\n<\/div><\/div>\n<\/div>\n<\/div>\n","protected":false},"excerpt":{"rendered":"<p>Elternschule Warum brauchen wir eine Elternschule? Oftmals denken Eltern von sich, dass sie f\u00fcr fast alles ausgebildet wurden, nur nicht f\u00fcr das Elternsein. Es ist erstaunlich, was sich alles durch Kinder ver\u00e4ndert, denn pl\u00f6tzlich wird man Mutter oder Vater und muss seinen Kindern eine gute Erziehung bieten. Aber&#8230;.Wie schaffen wir das? Durch Lernen. Niemand wir [&hellip;]<\/p>\n","protected":false},"author":1,"featured_media":0,"parent":24597,"menu_order":0,"comment_status":"closed","ping_status":"closed","template":"","meta":{"_acf_changed":false,"inline_featured_image":false,"footnotes":""},"class_list":["post-24605","page","type-page","status-publish","hentry"],"acf":[],"_links":{"self":[{"href":"https:\/\/colegioaleman.com\/de\/wp-json\/wp\/v2\/pages\/24605","targetHints":{"allow":["GET"]}}],"collection":[{"href":"https:\/\/colegioaleman.com\/de\/wp-json\/wp\/v2\/pages"}],"about":[{"href":"https:\/\/colegioaleman.com\/de\/wp-json\/wp\/v2\/types\/page"}],"author":[{"embeddable":true,"href":"https:\/\/colegioaleman.com\/de\/wp-json\/wp\/v2\/users\/1"}],"replies":[{"embeddable":true,"href":"https:\/\/colegioaleman.com\/de\/wp-json\/wp\/v2\/comments?post=24605"}],"version-history":[{"count":5,"href":"https:\/\/colegioaleman.com\/de\/wp-json\/wp\/v2\/pages\/24605\/revisions"}],"predecessor-version":[{"id":25064,"href":"https:\/\/colegioaleman.com\/de\/wp-json\/wp\/v2\/pages\/24605\/revisions\/25064"}],"up":[{"embeddable":true,"href":"https:\/\/colegioaleman.com\/de\/wp-json\/wp\/v2\/pages\/24597"}],"wp:attachment":[{"href":"https:\/\/colegioaleman.com\/de\/wp-json\/wp\/v2\/media?parent=24605"}],"curies":[{"name":"wp","href":"https:\/\/api.w.org\/{rel}","templated":true}]}}