{"id":24607,"date":"2022-08-22T07:24:03","date_gmt":"2022-08-22T07:24:03","guid":{"rendered":"https:\/\/colegioaleman.com\/schulleben\/schulkalender\/"},"modified":"2025-08-27T10:52:29","modified_gmt":"2025-08-27T10:52:29","slug":"schulkalender","status":"publish","type":"page","link":"https:\/\/colegioaleman.com\/de\/schulleben\/schulkalender\/","title":{"rendered":"Schulkalender"},"content":{"rendered":"\n<div style=\"height:40px\" aria-hidden=\"true\" class=\"wp-block-spacer\"><\/div>\n\n\n\n<div class=\"wp-block-columns alignfull is-layout-flex wp-container-core-columns-is-layout-9d6595d7 wp-block-columns-is-layout-flex\">\n<div class=\"wp-block-column is-layout-flow wp-block-column-is-layout-flow\" style=\"flex-basis:8.33%\"><\/div>\n\n\n\n<div class=\"wp-block-column  pr-3 pl-3 is-layout-flow wp-block-column-is-layout-flow\">\n<p><strong>Kalender<\/strong><\/p>\n\n\n\n<h2 class=\"wp-block-heading\"><strong><strong><strong>Schulkalender Deutsche Schule Zaragoza<\/strong><\/strong><\/strong><\/h2>\n\n\n\n<p class=\"has-medium-font-size\">Beginn und Ende des Schuljahres in Aragonien<\/p>\n\n\n\n<p><strong>Kindergarten, Grundschule und Sekundarstufe I<\/strong><br>Beginn: 8. September 2025 &#8211; Ende: 19. Juni 2026.<\/p>\n\n\n\n<p><strong>Sekundarstufe II<\/strong><br>Beginn: 8. September 2025 &#8211; Ende: 19. Juni 2026<\/p>\n\n\n\n<div style=\"height:40px\" aria-hidden=\"true\" class=\"wp-block-spacer\"><\/div>\n\n\n\n<p class=\"has-medium-font-size\"><strong>Urlaub<\/strong><\/p>\n\n\n\n<p><strong><strong>Weihnachten<\/strong><\/strong><br>Vom 20. Dezember bis zum 6. Januar (beide inklusive)<\/p>\n\n\n\n<p><strong><strong>Osterferien<\/strong><\/strong><br>Vom 30. M\u00e4rz bis zum 6. April (beide inklusive<strong>)<\/strong><\/p>\n\n\n\n<p><strong><strong><strong>Feiertage in der Provinz Zaragoza<\/strong><\/strong><\/strong><br>10,13. Oktober, 29 Januar und 5-6. M\u00e4rz<\/p>\n\n\n\n<div class=\"wp-block-buttons is-layout-flex wp-block-buttons-is-layout-flex\">\n<div class=\"wp-block-button is-style-theme-link\"><a class=\"wp-block-button__link wp-element-button\" href=\"https:\/\/colegioaleman.com\/wp-content\/uploads\/2025\/08\/Calendario-Colegio-Aleman-CURSO-2025-2026-1.pdf\" target=\"_blank\" rel=\"noreferrer noopener\">KALENDER ALS PDF HERUNTERLADEN<\/a><\/div>\n<\/div>\n<\/div>\n\n\n\n<div class=\"wp-block-column is-layout-flow wp-block-column-is-layout-flow\" style=\"flex-basis:44.6%\"><div class=\"_df_book df-container df-loading \"  data-slug=\"42589\" data-_slug=\"42589\" _slug=\"42589\" data-title=\"calendario-escolar-2025-2026\" id=\"df_42589\" data-df-option=\"df_option_42589\" height=\"990px\" ><\/div><script class=\"df-shortcode-script\" nowprocket type=\"application\/javascript\">window.df_option_42589 = {\"source\":\"https:\\\/\\\/colegioaleman.com\\\/wp-content\\\/uploads\\\/2025\\\/08\\\/Calendario-Colegio-Aleman-CURSO-2025-2026-1.pdf\",\"outline\":[],\"overwritePDFOutline\":false,\"pageSize\":\"0\",\"controlsPosition\":\"bottom\",\"direction\":\"1\",\"slug\":\"42589\",\"wpOptions\":\"true\",\"id\":42589}; if(window.DFLIP && window.DFLIP.parseBooks){window.DFLIP.parseBooks();}<\/script>\n<\/div>\n<\/div>\n\n\n\n<div style=\"height:80px\" aria-hidden=\"true\" class=\"wp-block-spacer\"><\/div>\n\n\n\n<div class=\"wp-block-group alignfull animate has-body-white-color has-primary-100-background-color has-text-color has-background\" id=\"cta-form\"><div class=\"wp-block-group__inner-container is-layout-flow wp-block-group-is-layout-flow\">\n<div class=\"wp-block-columns has-white-color has-text-color is-layout-flex wp-container-core-columns-is-layout-9d6595d7 wp-block-columns-is-layout-flex\">\n<div class=\"wp-block-column dnone-tablet is-layout-flow wp-block-column-is-layout-flow\" style=\"flex-basis:4.33%\"><\/div>\n\n\n\n<div class=\"wp-block-column is-layout-flow wp-block-column-is-layout-flow\">\n<p><strong>Anmeldung und neue Sch\u00fcler<\/strong><\/p>\n\n\n\n<h2 class=\"wp-block-heading has-body-white-color has-text-color\">M\u00f6chten Sie Teil unserer gro\u00dfen Familie werden?<\/h2>\n\n\n\n<p>Erkundigen Sie sich f\u00fcr das n\u00e4chste Schuljahr und sichern Sie sich einen Platz an unserer Schule. Vereinbaren Sie einen Besuch an unserer Schule, bei dem Sie die Einrichtungen sehen und ein Gespr\u00e4ch mit den Lehrkr\u00e4ften f\u00fchren k\u00f6nnen.<\/p>\n<\/div>\n\n\n\n<div class=\"wp-block-column is-vertically-aligned-center is-layout-flow wp-block-column-is-layout-flow\" style=\"flex-basis:48.6%\"><div class=\"wp-block-image\">\n<figure class=\"aligncenter size-full\"><img decoding=\"async\" width=\"108\" height=\"78\" src=\"https:\/\/colegioaleman.com\/wp-content\/uploads\/2022\/07\/Isotipo.png\" alt=\"Deutsche Schule\" class=\"wp-image-19\"\/><\/figure>\n<\/div>\n\n\n<div class=\"wp-block-buttons is-content-justification-center is-layout-flex wp-container-core-buttons-is-layout-16018d1d wp-block-buttons-is-layout-flex\">\n<div class=\"wp-block-button is-style-outline is-style-outline--1\"><a class=\"wp-block-button__link wp-element-button\" href=\"https:\/\/colegioaleman.com\/de\/anmeldung\/informationsformular\/\" style=\"border-radius:100px\" target=\"_blank\" rel=\"noreferrer noopener\">Gehen Sie zum Informationsformular<\/a><\/div>\n<\/div>\n<\/div>\n<\/div>\n<\/div><\/div>\n\n\n\n<div style=\"height:80px\" aria-hidden=\"true\" class=\"wp-block-spacer\"><\/div>\n\n\n\n<div class=\"wp-block-columns is-layout-flex wp-container-core-columns-is-layout-9d6595d7 wp-block-columns-is-layout-flex\">\n<div class=\"wp-block-column is-vertically-aligned-top dnone-tablet is-layout-flow wp-block-column-is-layout-flow\" style=\"flex-basis:4.3%\"><\/div>\n\n\n\n<div class=\"wp-block-column is-layout-flow wp-block-column-is-layout-flow\">\n<h2 class=\"has-text-align-center wp-block-heading\">Noticias relacionadas<\/h2>\n\n\n\n<div class=\"wp-block-query is-layout-flow wp-block-query-is-layout-flow\">\n\n<div class=\"wp-block-query-no-results\">\n\n<p><\/p>\n\n<\/div><\/div>\n<\/div>\n<\/div>\n","protected":false},"excerpt":{"rendered":"<p>Kalender Schulkalender Deutsche Schule Zaragoza Beginn und Ende des Schuljahres in Aragonien Kindergarten, Grundschule und Sekundarstufe IBeginn: 8. September 2025 &#8211; Ende: 19. Juni 2026. Sekundarstufe IIBeginn: 8. September 2025 &#8211; Ende: 19. Juni 2026 Urlaub WeihnachtenVom 20. Dezember bis zum 6. Januar (beide inklusive) OsterferienVom 30. M\u00e4rz bis zum 6. April (beide inklusive) Feiertage [&hellip;]<\/p>\n","protected":false},"author":1,"featured_media":0,"parent":24597,"menu_order":0,"comment_status":"closed","ping_status":"closed","template":"","meta":{"_acf_changed":false,"inline_featured_image":false,"footnotes":""},"class_list":["post-24607","page","type-page","status-publish","hentry"],"acf":[],"_links":{"self":[{"href":"https:\/\/colegioaleman.com\/de\/wp-json\/wp\/v2\/pages\/24607","targetHints":{"allow":["GET"]}}],"collection":[{"href":"https:\/\/colegioaleman.com\/de\/wp-json\/wp\/v2\/pages"}],"about":[{"href":"https:\/\/colegioaleman.com\/de\/wp-json\/wp\/v2\/types\/page"}],"author":[{"embeddable":true,"href":"https:\/\/colegioaleman.com\/de\/wp-json\/wp\/v2\/users\/1"}],"replies":[{"embeddable":true,"href":"https:\/\/colegioaleman.com\/de\/wp-json\/wp\/v2\/comments?post=24607"}],"version-history":[{"count":10,"href":"https:\/\/colegioaleman.com\/de\/wp-json\/wp\/v2\/pages\/24607\/revisions"}],"predecessor-version":[{"id":43951,"href":"https:\/\/colegioaleman.com\/de\/wp-json\/wp\/v2\/pages\/24607\/revisions\/43951"}],"up":[{"embeddable":true,"href":"https:\/\/colegioaleman.com\/de\/wp-json\/wp\/v2\/pages\/24597"}],"wp:attachment":[{"href":"https:\/\/colegioaleman.com\/de\/wp-json\/wp\/v2\/media?parent=24607"}],"curies":[{"name":"wp","href":"https:\/\/api.w.org\/{rel}","templated":true}]}}