{"id":24609,"date":"2022-08-22T07:24:48","date_gmt":"2022-08-22T07:24:48","guid":{"rendered":"https:\/\/colegioaleman.com\/schulleben\/nachmittagsaktivitaten\/"},"modified":"2022-11-25T07:29:45","modified_gmt":"2022-11-25T07:29:45","slug":"nachmittagsaktivitaten","status":"publish","type":"page","link":"https:\/\/colegioaleman.com\/de\/schulleben\/nachmittagsaktivitaten\/","title":{"rendered":"Nachmittagsaktivit\u00e4ten"},"content":{"rendered":"\n<div style=\"height:80px\" aria-hidden=\"true\" class=\"wp-block-spacer\"><\/div>\n\n<div class=\"wp-block-columns alignfull is-layout-flex wp-container-core-columns-is-layout-9d6595d7 wp-block-columns-is-layout-flex\">\n<div class=\"wp-block-column dnone-tablet is-layout-flow wp-block-column-is-layout-flow\" style=\"flex-basis:8.33%\"><\/div>\n\n\n\n<div class=\"wp-block-column pr-3 pl-3 is-layout-flow wp-block-column-is-layout-flow\">\n<p><strong><strong>Nachmittagsaktivit\u00e4ten an der Deutschen Schule Zaragoza<\/strong><\/strong><\/p>\n\n\n\n<h2 class=\"wp-block-heading\">Nachmittagsaktivit\u00e4ten f\u00fcr das Schuljahr 2022-2023<\/h2>\n\n\n\n<p>Die Nachmittagsaktivit\u00e4ten sind unterhaltsam und lehrreich und finden au\u00dferhalb der regul\u00e4ren Unterrichtszeit statt.<\/p>\n\n\n\n<p>Sie f\u00f6rdern und st\u00e4rken das Zugeh\u00f6rigkeitsgef\u00fchl zur Gruppe und zur Schule erm\u00f6glichen oftmals, <strong>Beziehungen zu anderen Schulgruppen unserer Stadt aufzubauen.<\/strong><\/p>\n\n\n\n<div style=\"height:40px\" aria-hidden=\"true\" class=\"wp-block-spacer\"><\/div>\n\n\n\n<ul class=\"is-style-separator-list wp-block-list\">\n<li><a href=\"#objetivos\">Ziele<\/a><\/li>\n\n\n\n<li><a href=\"#actividades\">Gemeinsame Aktivit\u00e4ten<\/a><\/li>\n\n\n\n<li><a href=\"#otras-actividades\">Andere Aktivit\u00e4ten<\/a><\/li>\n<\/ul>\n<\/div>\n\n\n\n<div class=\"wp-block-column is-layout-flow wp-block-column-is-layout-flow\" style=\"flex-basis:44.6%\"><div class=\"wp-block-image\">\n<figure class=\"alignright size-full\"><img decoding=\"async\" src=\"https:\/\/colegioaleman.com\/wp-content\/uploads\/2022\/09\/extraescolares-hero.jpeg\" alt=\"Nachmittagsaktivit&#xE4;ten\" class=\"wp-image-23038\"\/><\/figure>\n<\/div><\/div>\n<\/div>\n\n<div style=\"height:80px\" aria-hidden=\"true\" class=\"wp-block-spacer\"><\/div>\n\n<div class=\"wp-block-columns are-vertically-aligned-center is-layout-flex wp-container-core-columns-is-layout-9d6595d7 wp-block-columns-is-layout-flex\">\n<div class=\"wp-block-column is-vertically-aligned-center dnone-tablet is-layout-flow wp-block-column-is-layout-flow\" style=\"flex-basis:4.33%\"><\/div>\n\n\n\n<div class=\"wp-block-column is-vertically-aligned-center is-layout-flow wp-block-column-is-layout-flow\" style=\"flex-basis:41.66%\">\n<h2 class=\"pr-3 wp-block-heading\" id=\"objetivos\">Die von der Schule angebotenen Nachmittagsaktivit\u00e4ten verfolgen folgende Ziele:<\/h2>\n<\/div>\n\n\n\n<div class=\"wp-block-column is-vertically-aligned-center is-layout-flow wp-block-column-is-layout-flow\">\n<ul class=\"is-style-default wp-block-list\">\n<li>Die integrale Bildung unserer Sch\u00fcler zu f\u00f6rdern<\/li>\n\n\n\n<li>Die F\u00e4higkeiten der Sch\u00fcler und Sch\u00fclerinnen auszubauen<\/li>\n\n\n\n<li>Die Freizeitgestaltung der Sch\u00fcler und Sch\u00fclerinnen zu bereichern<\/li>\n\n\n\n<li>Verbesserung der zwischenmenschlichen Beziehungen<\/li>\n\n\n\n<li>Das Verantwortungsbewusstsein, die pers\u00f6nlichen Werte und die Selbstst\u00e4ndigkeit unserer Sch\u00fcler und Sch\u00fclerinnen zu f\u00f6rdern<\/li>\n\n\n\n<li>Die Nachmittagsaktivit\u00e4ten f\u00f6rdern Kreativit\u00e4t, Sportbegeisterung und \/oder musikalisches Interesse.<\/li>\n<\/ul>\n<\/div>\n<\/div>\n\n<div style=\"height:80px\" aria-hidden=\"true\" class=\"wp-block-spacer\"><\/div>\n\n<div class=\"wp-block-group\"><div class=\"wp-block-group__inner-container is-layout-flow wp-block-group-is-layout-flow\">\n<div class=\"wp-block-columns are-vertically-aligned-top is-layout-flex wp-container-core-columns-is-layout-9d6595d7 wp-block-columns-is-layout-flex\">\n<div class=\"wp-block-column is-vertically-aligned-top dnone-tablet is-layout-flow wp-block-column-is-layout-flow\" style=\"flex-basis:4.33%\"><\/div>\n\n\n\n<div class=\"wp-block-column is-vertically-aligned-top is-layout-flow wp-block-column-is-layout-flow\">\n<h2 class=\"wp-block-heading\" id=\"actividades\">Aktivit\u00e4ten f\u00fcr alle Schulstufen<\/h2>\n\n\n\n<p>Die Deutsche Schule von Zaragoza verf\u00fcgt \u00fcber eine gro\u00dfe Auswahl an Nachmittagsaktivit\u00e4ten f\u00fcr die verschiedenen Stufen und Altersgruppen.<\/p>\n<\/div>\n<\/div>\n\n\n\n<div style=\"height:40px\" aria-hidden=\"true\" class=\"wp-block-spacer\"><\/div>\n\n\n\n<div class=\"wp-block-columns are-vertically-aligned-top is-layout-flex wp-container-core-columns-is-layout-9d6595d7 wp-block-columns-is-layout-flex\">\n<div class=\"wp-block-column is-vertically-aligned-top dnone-tablet is-layout-flow wp-block-column-is-layout-flow\" style=\"flex-basis:4.33%\"><\/div>\n\n\n\n<div class=\"wp-block-column is-vertically-aligned-top is-layout-flow wp-block-column-is-layout-flow\">\n\n    <div id=\"tabs--block_93ea794df660ddebb0104200b997ff6a\" class=\"tabs-block\">\n        \n        <div class=\"tabs-btns\">\n                            \n                <button class=\"tab-btn\" onclick=\"openTab(event, 'Judo')\">\n                    Judo                <\/button>\n\n                            \n                <button class=\"tab-btn\" onclick=\"openTab(event, 'Rhythmische Gymnastik')\">\n                    Rhythmische Gymnastik                <\/button>\n\n                            \n                <button class=\"tab-btn\" onclick=\"openTab(event, 'Karate')\">\n                    Karate                <\/button>\n\n                            \n                <button class=\"tab-btn\" onclick=\"openTab(event, 'Inlineskaten')\">\n                    Inlineskaten                <\/button>\n\n                            \n                <button class=\"tab-btn\" onclick=\"openTab(event, 'Hallenfu\u00dfball')\">\n                    Hallenfu\u00dfball                <\/button>\n\n                            \n                <button class=\"tab-btn\" onclick=\"openTab(event, 'Schwimmen')\">\n                    Schwimmen                <\/button>\n\n               \n        <\/div>\n         \n            \n            <div id=\"Judo\" class=\"tabs-content row\">\n                                    <div class=\"col-xs-12 col-md-4 mb-4 mt-3\">\n                        <img fetchpriority=\"high\" decoding=\"async\" width=\"400\" height=\"364\" src=\"https:\/\/colegioaleman.com\/wp-content\/uploads\/2022\/09\/extraescolares-grid.jpg\" class=\"attachment-full size-full\" alt=\"\" srcset=\"https:\/\/colegioaleman.com\/wp-content\/uploads\/2022\/09\/extraescolares-grid.jpg 400w, https:\/\/colegioaleman.com\/wp-content\/uploads\/2022\/09\/extraescolares-grid-300x273.jpg 300w\" sizes=\"(max-width: 400px) 100vw, 400px\" \/>                    <\/div>\n                    \n                <div class=\"col-xs-12 col-md mb-4 mt-3\">\n                    <p><strong>Kindergarten<\/strong>: Montag und Mittwoch von 13:50 bis 14:50 Uhr<\/p>\n<p><strong>Grundschule<\/strong>: 1. und 2. Klasse, dienstags und donnerstags von 13:50 bis 14:50 Uhr. 3. bis 6. Klasse, mittwochs und freitags von 13:50 bis 14:50 Uhr. <\/p>\n<p><strong>Sekundarstufe I und Sekundarstufe II<\/strong>: Donnerstags von 13:50 bis 14:50 Uhr<\/p>\n<ul>\n<li>Integrale Entwicklung der Kinder, Verbesserung seiner k\u00f6rperlichen und geistigen F\u00e4higkeiten.<\/li>\n<li>F\u00f6rderung der motorischen F\u00e4higkeiten, Kenntnis des K\u00f6rperschemas und die Vermittlung von praktischen L\u00f6sungen von Problemen des t\u00e4glichen Lebens.<\/li>\n<li>Koordinations- und Bewegungs\u00fcbungen, wettkampffreie Spiele und Sportspiele.<\/li>\n<\/ul>\n                <\/div> \n            <\/div>       \n            \n         \n            \n            <div id=\"Rhythmische Gymnastik\" class=\"tabs-content row\">\n                    \n                <div class=\"col-xs-12 col-md mb-4 mt-3\">\n                    <p><strong>Kindergarten<\/strong>: Montag und Mittwoch von 13:50 bis 14:50 Uhr <\/p>\n<p><strong>Grundschule:<\/strong> Dienstag und Donnerstag (1. und 2. Klasse) \/ Montag und Freitag (3. bis 6. Klasse) von 13: 50 bis 14:50 Uhr <\/p>\n<p><strong>Sekundarstufe I und Sekundarstufe II<\/strong>: Mittwoch (7. bis 10. Klasse) von 17:00 bis 18:30 Uhr <\/p>\n<ul>\n<li>Erwerb grundlegender motorischer F\u00e4higkeiten durch Kennenlernen aller Bewegungsm\u00f6glichkeiten des K\u00f6rpers.<\/li>\n<li>Entwicklung des K\u00f6rperausdrucks durch die Interaktion des K\u00f6rpers mit Musik, den R\u00e4umlichkeiten und den Ger\u00e4ten.<\/li>\n<li>Verbesserung der K\u00f6rpertechniken anhand von Flexibilit\u00e4ts- und Gleichgewichts\u00fcbungen, Springen und Drehungen.<\/li>\n<\/ul>\n                <\/div> \n            <\/div>       \n            \n         \n            \n            <div id=\"Karate\" class=\"tabs-content row\">\n                    \n                <div class=\"col-xs-12 col-md mb-4 mt-3\">\n                    <p><strong>Kindergarten<\/strong>: Montag von 17:05 bis 18:05 Uhr<\/p>\n<p><strong>Grundschule:<\/strong> Dienstag und Donnerstag von 17:05 bis 18:05 Uhr<\/p>\n<ul>\n<li>Verbesserung der Einstellung gegen\u00fcber Mitsch\u00fclern und Lehrkr\u00e4ften. Sie lernen, Energie zu kanalisieren und zu zweit und im Team zu k\u00e4mpfen.<\/li>\n<li>Entwicklung von Geschicklichkeit, Reflexen und Reaktionsverm\u00f6gen.<\/li>\n<li>Einf\u00fchrung in Katas (ab der Grundschule).<\/li>\n<\/ul>\n                <\/div> \n            <\/div>       \n            \n         \n            \n            <div id=\"Inlineskaten\" class=\"tabs-content row\">\n                    \n                <div class=\"col-xs-12 col-md mb-4 mt-3\">\n                    <p><strong>Kindergarten<\/strong>: Montag und Mittwoch von 13:50 bis 14:50 Uhr<\/p>\n<p><strong>Grundschule<\/strong>: Montag und Dienstag von 18.00 bis 19.00 Uhr<\/p>\n<ul>\n<li>Die Kinder lernen, sich die Inlineskates und die Schutzkleidung alleine anzuziehen und verstehen, wie wichtig Letztere ist.<\/li>\n<li>Dar\u00fcber hinaus \u00fcben sie das Fahren und die Grundstellungen, sicheres Fallen und wieder Aufstehen, Richtungswechsel, Temposteigerung und Bremsen.<\/li>\n<\/ul>\n                <\/div> \n            <\/div>       \n            \n         \n            \n            <div id=\"Hallenfu\u00dfball\" class=\"tabs-content row\">\n                    \n                <div class=\"col-xs-12 col-md mb-4 mt-3\">\n                    <p><strong>Kindergarten<\/strong>: Dienstag und Donnerstag von 17:05 bis 18:05 Uhr<\/p>\n<p><strong>Grundschule<\/strong>: Montag und Mittwoch (1. und 2. Klasse), Montag und Mittwoch (3. und 4. Klasse), Dienstag und Donnerstag (5. und 6. Klasse) von 17:05 bis 18:05 Uhr.<\/p>\n<p><strong>Sekundarstufe I und Sekundarstufe II<\/strong>: Dienstag und Donnerstag (7. und 8. Klasse), Mittwoch und Freitag (9. und 10. Klasse), Mittwoch und Freitag (11. und 12. Klasse) von 17:00 bis 18:00 Uhr.<\/p>\n<ul>\n<li>Verbesserung der grundlegenden und spezifischen motorischen F\u00e4higkeiten mithilfe von Spielformen.<\/li>\n<li>Kenntnisse \u00fcber die Spielentwicklung und die Grundregeln.<\/li>\n<li>Vorteile der Aus\u00fcbung mehrerer Sportarten.<\/li>\n<\/ul>\n                <\/div> \n            <\/div>       \n            \n         \n            \n            <div id=\"Schwimmen\" class=\"tabs-content row\">\n                    \n                <div class=\"col-xs-12 col-md mb-4 mt-3\">\n                    <p><strong>Kindergarten<\/strong>: Freitag um 17:30 Uhr<\/p>\n<p><strong>Grundschule<\/strong>: Freitag von 17:05 bis 18:05 Uhr. Intensivkurs im September<\/p>\n<ul>\n<li>Wasser als Element zum Erforschen und zum Experimentieren, um zu lernen, sich im Wasser sicher zu bewegen<\/li>\n<li>Die Aktivit\u00e4ten werden in den Einrichtungen des Stadium Casablanca von qualifiziertem und erfahrenem Personal durchgef\u00fchrt.<\/li>\n<\/ul>\n                <\/div> \n            <\/div>       \n            \n            <\/div>\n\n<script>\n    function openTab(evt, tabName) {\n  \/\/ Declare all variables\n  var i, tabcontent, tablinks;\n\n  \/\/ Get all elements with class=\"tabcontent\" and hide them\n  tabcontent = document.getElementsByClassName(\"tabs-content\");\n  for (i = 0; i < tabcontent.length; i++) {\n    tabcontent[i].style.display = \"none\";\n  }\n\n  \/\/ Get all elements with class=\"tablinks\" and remove the class \"active\"\n  tablinks = document.getElementsByClassName(\"tab-btn\");\n  for (i = 0; i < tablinks.length; i++) {\n    tablinks[i].className = tablinks[i].className.replace(\" active\", \"\");\n  }\n\n  \/\/ Show the current tab, and add an \"active\" class to the button that opened the tab\n  document.getElementById(tabName).style.display = \"flex\";\n  evt.currentTarget.className += \" active\";\n}\n<\/script>\n\n<\/div>\n<\/div>\n\n\n\n<div style=\"height:80px\" aria-hidden=\"true\" class=\"wp-block-spacer\"><\/div>\n\n\n\n<div class=\"wp-block-columns are-vertically-aligned-top is-layout-flex wp-container-core-columns-is-layout-9d6595d7 wp-block-columns-is-layout-flex\">\n<div class=\"wp-block-column is-vertically-aligned-top dnone-tablet is-layout-flow wp-block-column-is-layout-flow\" style=\"flex-basis:4.33%\"><\/div>\n\n\n\n<div class=\"wp-block-column is-vertically-aligned-top is-layout-flow wp-block-column-is-layout-flow\">\n<h2 class=\"wp-block-heading\" id=\"otras-actividades\">Andere Nachmittagsaktivit\u00e4ten<\/h2>\n\n\n\n<div class=\"wp-block-buttons is-layout-flex wp-block-buttons-is-layout-flex\">\n<div class=\"wp-block-button is-style-theme-link\"><a class=\"wp-block-button__link wp-element-button\" href=\"https:\/\/colegioaleman.com\/wp-content\/uploads\/2022\/09\/ACTIVIDADES_EXTRAESCOLARES_2022-2023_COLEGIO_ALEMA&#x301;N.pdf\" target=\"_blank\" rel=\"noreferrer noopener\">DAS KOMPLETTE PROGRAMM HERUNTERLADEN<\/a><\/div>\n<\/div>\n<\/div>\n\n\n\n<div class=\"wp-block-column is-vertically-aligned-top is-layout-flow wp-block-column-is-layout-flow\">\n<p>Au\u00dfer den zuvor genannten Nachmittagsaktivit\u00e4ten Rhythmische Sportgymnastik, Inlineskaten, Judo, Karate und Hallenfu\u00dfball werden zus\u00e4tzliche Aktivit\u00e4ten angeboten, die die Motorik und das Geschick der Sch\u00fcler und Sch\u00fclerinnen f\u00f6rdern. Im Folgenden sind die zus\u00e4tzlichen Aktivit\u00e4ten aufgelistet:<\/p>\n<\/div>\n<\/div>\n\n\n\n<div style=\"height:40px\" aria-hidden=\"true\" class=\"wp-block-spacer\"><\/div>\n\n\n\n<div class=\"wp-block-columns are-vertically-aligned-top is-layout-flex wp-container-core-columns-is-layout-9d6595d7 wp-block-columns-is-layout-flex\">\n<div class=\"wp-block-column is-vertically-aligned-top dnone-tablet is-layout-flow wp-block-column-is-layout-flow\" style=\"flex-basis:4.33%\"><\/div>\n\n\n\n<div class=\"wp-block-column is-vertically-aligned-top is-layout-flow wp-block-column-is-layout-flow\">\n<h3 class=\"wp-block-heading\">Kindergarten K2 - K3<\/h3>\n\n\n\n<ul class=\"wp-block-list\">\n<li>Psychomotorik<\/li>\n\n\n\n<li>Kleine Musikanten<\/li>\n\n\n\n<li>Workshop zum Geschichtenerz\u00e4hlen<\/li>\n\n\n\n<li>Olympische Spiele<\/li>\n\n\n\n<li>Zeichnen und Malen<\/li>\n<\/ul>\n<\/div>\n\n\n\n<div class=\"wp-block-column is-vertically-aligned-top is-layout-flow wp-block-column-is-layout-flow\">\n<h3 class=\"wp-block-heading\">Grundschule<\/h3>\n\n\n\n<ul class=\"wp-block-list\">\n<li>Tennis<\/li>\n\n\n\n<li>Schach<\/li>\n\n\n\n<li>Theater<\/li>\n\n\n\n<li>Lerntechniken<\/li>\n\n\n\n<li>Moderner Tanz<\/li>\n\n\n\n<li>Basketball<\/li>\n\n\n\n<li>Klavier<\/li>\n\n\n\n<li>Gitarre<\/li>\n\n\n\n<li>Projekt<\/li>\n\n\n\n<li>Erfinden<\/li>\n\n\n\n<li>Ausdenken<\/li>\n<\/ul>\n<\/div>\n\n\n\n<div class=\"wp-block-column is-vertically-aligned-top is-layout-flow wp-block-column-is-layout-flow\">\n<h3 class=\"wp-block-heading\">Sekundarstufe I und Sekundarstufe II<\/h3>\n\n\n\n<ul class=\"wp-block-list\">\n<li>Hallenfu\u00dfball<\/li>\n\n\n\n<li>Moderner Tanz<\/li>\n\n\n\n<li>Schach<\/li>\n\n\n\n<li>Basketball<\/li>\n\n\n\n<li>Rhythmische Gymnastik<\/li>\n<\/ul>\n<\/div>\n<\/div>\n<\/div><\/div>\n\n<div style=\"height:80px\" aria-hidden=\"true\" class=\"wp-block-spacer\"><\/div>\n\n<div class=\"wp-block-group alignfull animate has-body-white-color has-primary-100-background-color has-text-color has-background\" id=\"cta-form\"><div class=\"wp-block-group__inner-container is-layout-flow wp-block-group-is-layout-flow\">\n<div class=\"wp-block-columns has-white-color has-text-color is-layout-flex wp-container-core-columns-is-layout-9d6595d7 wp-block-columns-is-layout-flex\">\n<div class=\"wp-block-column dnone-tablet is-layout-flow wp-block-column-is-layout-flow\" style=\"flex-basis:4.33%\"><\/div>\n\n\n\n<div class=\"wp-block-column is-layout-flow wp-block-column-is-layout-flow\">\n<p><strong>Anmeldung und neue Sch\u00fcler<\/strong><\/p>\n\n\n\n<h2 class=\"wp-block-heading has-body-white-color has-text-color\">M\u00f6chten Sie Teil unserer gro\u00dfen Familie werden?<\/h2>\n\n\n\n<p>Erkundigen Sie sich f\u00fcr das n\u00e4chste Schuljahr und sichern Sie sich einen Platz an unserer Schule. Vereinbaren Sie einen Besuch an unserer Schule, bei dem Sie die Einrichtungen sehen und ein Gespr\u00e4ch mit den Lehrkr\u00e4ften f\u00fchren k\u00f6nnen.<\/p>\n<\/div>\n\n\n\n<div class=\"wp-block-column is-vertically-aligned-center is-layout-flow wp-block-column-is-layout-flow\" style=\"flex-basis:48.6%\"><div class=\"wp-block-image\">\n<figure class=\"aligncenter size-full\"><img decoding=\"async\" width=\"108\" height=\"78\" src=\"https:\/\/colegioaleman.com\/wp-content\/uploads\/2022\/07\/Isotipo.png\" alt=\"Deutsche Schule\" class=\"wp-image-19\"\/><\/figure>\n<\/div>\n\n\n<div class=\"wp-block-buttons is-content-justification-center is-layout-flex wp-container-core-buttons-is-layout-16018d1d wp-block-buttons-is-layout-flex\">\n<div class=\"wp-block-button is-style-outline is-style-outline--1\"><a class=\"wp-block-button__link wp-element-button\" href=\"https:\/\/colegioaleman.com\/de\/anmeldung\/informationsformular\/\" style=\"border-radius:100px\" target=\"_blank\" rel=\"noreferrer noopener\">Gehen Sie zum Informationsformular<\/a><\/div>\n<\/div>\n<\/div>\n<\/div>\n<\/div><\/div>\n\n<div class=\"wp-block-group\"><div class=\"wp-block-group__inner-container is-layout-flow wp-block-group-is-layout-flow\">\n<div style=\"height:80px\" aria-hidden=\"true\" class=\"wp-block-spacer\"><\/div>\n\n\n\n<div class=\"wp-block-columns is-layout-flex wp-container-core-columns-is-layout-9d6595d7 wp-block-columns-is-layout-flex\">\n<div class=\"wp-block-column is-layout-flow wp-block-column-is-layout-flow\" style=\"flex-basis:4.33%\"><\/div>\n\n\n\n<div class=\"wp-block-column z-index-1 has-white-color has-primary-background-color has-text-color has-background is-layout-flow wp-block-column-is-layout-flow\" style=\"flex-basis:33.3%\">\n<p class=\"has-text-align-center has-accent-yellow-color has-text-color has-x-large-font-size\"><strong>Unterhaltsam und lehrreich<\/strong><\/p>\n\n\n\n<p class=\"has-text-align-center\">Die Nachmittagsaktivit\u00e4ten f\u00f6rdern Kreativit\u00e4t, Sportbegeisterung und \/oder musikalisches Interesse.<\/p>\n<\/div>\n<\/div>\n\n\n\n<div class=\"wp-block-columns is-style-move-up is-layout-flex wp-container-core-columns-is-layout-9d6595d7 wp-block-columns-is-layout-flex\">\n<div class=\"wp-block-column is-layout-flow wp-block-column-is-layout-flow\" style=\"flex-basis:16.7%\"><\/div>\n\n\n\n<div class=\"wp-block-column is-layout-flow wp-block-column-is-layout-flow\">\n<figure class=\"wp-block-embed is-type-video is-provider-youtube wp-block-embed-youtube wp-embed-aspect-16-9 wp-has-aspect-ratio\"><div class=\"wp-block-embed__wrapper\">\n<iframe title=\"FANGBALL 2022\" width=\"640\" height=\"360\" src=\"https:\/\/www.youtube.com\/embed\/dmXsiCLpNjY?feature=oembed\" frameborder=\"0\" allow=\"accelerometer; autoplay; clipboard-write; encrypted-media; gyroscope; picture-in-picture; web-share\" referrerpolicy=\"strict-origin-when-cross-origin\" allowfullscreen><\/iframe>\n<\/div><\/figure>\n<\/div>\n\n\n\n<div class=\"wp-block-column is-layout-flow wp-block-column-is-layout-flow\" style=\"flex-basis:4.33%\"><\/div>\n<\/div>\n<\/div><\/div>\n\n<div class=\"wp-block-group\"><div class=\"wp-block-group__inner-container is-layout-flow wp-block-group-is-layout-flow\">\n<div style=\"height:80px\" aria-hidden=\"true\" class=\"wp-block-spacer\"><\/div>\n<\/div><\/div>\n\n<div class=\"wp-block-columns is-layout-flex wp-container-core-columns-is-layout-9d6595d7 wp-block-columns-is-layout-flex\">\n<div class=\"wp-block-column is-vertically-aligned-top dnone-tablet is-layout-flow wp-block-column-is-layout-flow\" style=\"flex-basis:4.3%\"><\/div>\n\n\n\n<div class=\"wp-block-column is-layout-flow wp-block-column-is-layout-flow\">\n<h2 class=\"has-text-align-center wp-block-heading\">Noticias relacionadas<\/h2>\n\n\n\n<div class=\"wp-block-query is-layout-flow wp-block-query-is-layout-flow\">\n\n<div class=\"wp-block-query-no-results\">\n\n<p><\/p>\n\n<\/div><\/div>\n<\/div>\n<\/div>\n","protected":false},"excerpt":{"rendered":"<p>Nachmittagsaktivit\u00e4ten an der Deutschen Schule Zaragoza Nachmittagsaktivit\u00e4ten f\u00fcr das Schuljahr 2022-2023 Die Nachmittagsaktivit\u00e4ten sind unterhaltsam und lehrreich und finden au\u00dferhalb der regul\u00e4ren Unterrichtszeit statt. Sie f\u00f6rdern und st\u00e4rken das Zugeh\u00f6rigkeitsgef\u00fchl zur Gruppe und zur Schule erm\u00f6glichen oftmals, Beziehungen zu anderen Schulgruppen unserer Stadt aufzubauen. Die von der Schule angebotenen Nachmittagsaktivit\u00e4ten verfolgen folgende Ziele: Aktivit\u00e4ten f\u00fcr [&hellip;]<\/p>\n","protected":false},"author":1,"featured_media":0,"parent":24597,"menu_order":0,"comment_status":"closed","ping_status":"closed","template":"","meta":{"_acf_changed":false,"inline_featured_image":false,"footnotes":""},"class_list":["post-24609","page","type-page","status-publish","hentry"],"acf":[],"_links":{"self":[{"href":"https:\/\/colegioaleman.com\/de\/wp-json\/wp\/v2\/pages\/24609","targetHints":{"allow":["GET"]}}],"collection":[{"href":"https:\/\/colegioaleman.com\/de\/wp-json\/wp\/v2\/pages"}],"about":[{"href":"https:\/\/colegioaleman.com\/de\/wp-json\/wp\/v2\/types\/page"}],"author":[{"embeddable":true,"href":"https:\/\/colegioaleman.com\/de\/wp-json\/wp\/v2\/users\/1"}],"replies":[{"embeddable":true,"href":"https:\/\/colegioaleman.com\/de\/wp-json\/wp\/v2\/comments?post=24609"}],"version-history":[{"count":8,"href":"https:\/\/colegioaleman.com\/de\/wp-json\/wp\/v2\/pages\/24609\/revisions"}],"predecessor-version":[{"id":25070,"href":"https:\/\/colegioaleman.com\/de\/wp-json\/wp\/v2\/pages\/24609\/revisions\/25070"}],"up":[{"embeddable":true,"href":"https:\/\/colegioaleman.com\/de\/wp-json\/wp\/v2\/pages\/24597"}],"wp:attachment":[{"href":"https:\/\/colegioaleman.com\/de\/wp-json\/wp\/v2\/media?parent=24609"}],"curies":[{"name":"wp","href":"https:\/\/api.w.org\/{rel}","templated":true}]}}