{"id":24615,"date":"2022-08-22T07:25:32","date_gmt":"2022-08-22T07:25:32","guid":{"rendered":"https:\/\/colegioaleman.com\/schulleben\/schulbucher-und-materialien\/"},"modified":"2022-11-25T07:30:51","modified_gmt":"2022-11-25T07:30:51","slug":"schulbucher-und-materialien","status":"publish","type":"page","link":"https:\/\/colegioaleman.com\/de\/schulleben\/schulbucher-und-materialien\/","title":{"rendered":"Schulb\u00fccher und materialien"},"content":{"rendered":"\n<div style=\"height:80px\" aria-hidden=\"true\" class=\"wp-block-spacer\"><\/div>\n\n<div class=\"wp-block-columns alignfull is-layout-flex wp-container-core-columns-is-layout-9d6595d7 wp-block-columns-is-layout-flex\">\n<div class=\"wp-block-column is-layout-flow wp-block-column-is-layout-flow\" style=\"flex-basis:8.33%\"><\/div>\n\n\n\n<div class=\"wp-block-column pr-3 pl-3 is-layout-flow wp-block-column-is-layout-flow\">\n<p>Schulb\u00fccher und Unterrichtsmaterialien<\/p>\n\n\n\n<h2 class=\"wp-block-heading\"><strong><strong>Schulb\u00fccher und Unterrichtsmaterialien<\/strong><\/strong><\/h2>\n\n\n\n<p>Die Schule erstellt ihre eigenen Materialien, die ausschlie\u00dflich f\u00fcr ihre Sch\u00fcler und Sch\u00fclerinnen bestimmt ist, und arbeitet mit verschiedenen Schulbuchverlagen zusammen.<\/p>\n\n\n\n<p>100 % des verwendeten Unterrichtsmaterials f\u00fcr die Kindergartenkinder wurde von den Erzieherinnen und Erziehern erstellt.<\/p>\n\n\n\n<div style=\"height:40px\" aria-hidden=\"true\" class=\"wp-block-spacer\"><\/div>\n\n\n\n<ul class=\"is-style-separator-list wp-block-list\">\n<li><a href=\"#nadie-nace-educador\">Schulb\u00fccher<\/a><\/li>\n\n\n\n<li><a href=\"#material-escolar\">Unterrichtsmaterialien<\/a><\/li>\n<\/ul>\n<\/div>\n\n\n\n<div class=\"wp-block-column is-layout-flow wp-block-column-is-layout-flow\" style=\"flex-basis:44.6%\"><div class=\"wp-block-image\">\n<figure class=\"alignright size-full\"><img fetchpriority=\"high\" decoding=\"async\" width=\"800\" height=\"582\" src=\"https:\/\/colegioaleman.com\/wp-content\/uploads\/2022\/09\/libros-material-hero.jpg\" alt=\"Schulb&#xFC;cher und Unterrichtsmaterialien\" class=\"wp-image-23044\" srcset=\"https:\/\/colegioaleman.com\/wp-content\/uploads\/2022\/09\/libros-material-hero.jpg 800w, https:\/\/colegioaleman.com\/wp-content\/uploads\/2022\/09\/libros-material-hero-300x218.jpg 300w, https:\/\/colegioaleman.com\/wp-content\/uploads\/2022\/09\/libros-material-hero-768x559.jpg 768w\" sizes=\"(max-width: 800px) 100vw, 800px\" \/><\/figure>\n<\/div><\/div>\n<\/div>\n\n<div style=\"height:80px\" aria-hidden=\"true\" class=\"wp-block-spacer dnone-mobile\"><\/div>\n\n<div class=\"wp-block-columns are-vertically-aligned-top is-layout-flex wp-container-core-columns-is-layout-9d6595d7 wp-block-columns-is-layout-flex\">\n<div class=\"wp-block-column is-vertically-aligned-top dnone-mobile is-layout-flow wp-block-column-is-layout-flow\" style=\"flex-basis:4.33%\"><\/div>\n\n\n\n<div class=\"wp-block-column is-vertically-aligned-top is-layout-flow wp-block-column-is-layout-flow\">\n<h2 class=\"wp-block-heading\" id=\"libros-texto\"><strong>2022-2023<\/strong><br\/>Erforderliche Schulb\u00fccher<\/h2>\n\n\n\n<div class=\"wp-block-buttons is-content-justification-left is-layout-flex wp-container-core-buttons-is-layout-fdcfc74e wp-block-buttons-is-layout-flex\">\n<div class=\"wp-block-button is-style-theme-link\"><a class=\"wp-block-button__link wp-element-button\" href=\"https:\/\/colegioaleman.com\/de\/stufen\/\">ZU DEN SCHULSTUFEN<\/a><\/div>\n<\/div>\n<\/div>\n\n\n\n<div class=\"wp-block-column is-vertically-aligned-top is-layout-flow wp-block-column-is-layout-flow\" style=\"flex-basis:48.6%\">\n<p class=\"has-medium-font-size\">Laden Sie hier die Liste mit den ben\u00f6tigten Schulb\u00fcchern f\u00fcr die verschiedenen Schulstufen im PDF-Format herunter.<\/p>\n\n\n\n<ul class=\"is-style-separator-list wp-block-list\">\n<li><a href=\"https:\/\/colegioaleman.com\/wp-content\/uploads\/2022\/09\/25.09.-ISBN-corregidosLibros-de-Texto-PRIM-22-23.pdf\" data-type=\"attachment\" data-id=\"23593\">Grundschule<\/a><\/li>\n\n\n\n<li><a href=\"https:\/\/colegioaleman.com\/wp-content\/uploads\/2022\/09\/Libros_de_Texto_Secundaria_22-23.pdf\" target=\"_blank\" rel=\"noreferrer noopener\">Sekundarstufe I<\/a><\/li>\n\n\n\n<li><a href=\"https:\/\/colegioaleman.com\/wp-content\/uploads\/2022\/09\/Libros_de_Texto_Bachillerato_22-23.pdf\" target=\"_blank\" rel=\"noreferrer noopener\">Sekundarstufe II<\/a><\/li>\n<\/ul>\n<\/div>\n<\/div>\n\n<div style=\"height:80px\" aria-hidden=\"true\" class=\"wp-block-spacer\"><\/div>\n\n<div class=\"wp-block-columns are-vertically-aligned-top is-layout-flex wp-container-core-columns-is-layout-9d6595d7 wp-block-columns-is-layout-flex\">\n<div class=\"wp-block-column is-vertically-aligned-top dnone-mobile is-layout-flow wp-block-column-is-layout-flow\" style=\"flex-basis:4.33%\"><\/div>\n\n\n\n<div class=\"wp-block-column is-vertically-aligned-top is-layout-flow wp-block-column-is-layout-flow\">\n<h2 class=\"wp-block-heading\" id=\"material-escolar\"><strong>2022-2023<\/strong><br\/>Ben\u00f6tigte Materialien in der Grundschule<\/h2>\n<\/div>\n\n\n\n<div class=\"wp-block-column is-vertically-aligned-top is-layout-flow wp-block-column-is-layout-flow\" style=\"flex-basis:48.6%\">\n<p class=\"has-medium-font-size\">Laden Sie hier die Liste der erforderlichen Materialien f\u00fcr die einzelnen Grundschulklassen im PDF-Format herunter.<\/p>\n\n\n\n<div class=\"wp-block-buttons is-content-justification-right is-layout-flex wp-container-core-buttons-is-layout-765c4724 wp-block-buttons-is-layout-flex\">\n<div class=\"wp-block-button is-style-theme-link\"><a class=\"wp-block-button__link wp-element-button\" href=\"https:\/\/colegioaleman.com\/de\/stufen\/grundschule\/\">ZUR GRUNDSCHULE<\/a><\/div>\n<\/div>\n<\/div>\n<\/div>\n\n<div class=\"wp-block-columns are-vertically-aligned-top is-layout-flex wp-container-core-columns-is-layout-9d6595d7 wp-block-columns-is-layout-flex\">\n<div class=\"wp-block-column is-vertically-aligned-top dnone-mobile is-layout-flow wp-block-column-is-layout-flow\" style=\"flex-basis:4.33%\"><\/div>\n\n\n\n<div class=\"wp-block-column is-vertically-aligned-top is-layout-flow wp-block-column-is-layout-flow\">\n<ul class=\"is-style-separator-list wp-block-list\">\n<li><a href=\"https:\/\/colegioaleman.com\/wp-content\/uploads\/2022\/09\/Carta_material_1o_PrimariaColegio_Alem%C3%A1n.pdf\" target=\"_blank\" rel=\"noreferrer noopener\">1. Klasse<\/a><\/li>\n\n\n\n<li><a style=\"font-family: -apple-system, BlinkMacSystemFont, \" segoe=\"\" ui=\"\" roboto=\"\" oxygen-sans=\"\" ubuntu=\"\" cantarell=\"\" neue=\"\" sans-serif=\"\" href=\"https:\/\/colegioaleman.com\/wp-content\/uploads\/2022\/09\/Carta_material_2o_PrimariaColegio_Alem%C3%A1n.pdf\" target=\"_blank\" rel=\"noreferrer noopener\">2. Klasse<\/a><\/li>\n<\/ul>\n<\/div>\n\n\n\n<div class=\"wp-block-column is-vertically-aligned-top is-layout-flow wp-block-column-is-layout-flow\">\n<ul class=\"is-style-separator-list wp-block-list\">\n<li><a style=\"font-family: -apple-system, BlinkMacSystemFont, \" segoe=\"\" ui=\"\" roboto=\"\" oxygen-sans=\"\" ubuntu=\"\" cantarell=\"\" neue=\"\" sans-serif=\"\" href=\"https:\/\/colegioaleman.com\/wp-content\/uploads\/2022\/09\/Carta_material_3o_PrimariaColegio_Alema%CC%81n.pdf\" target=\"_blank\" rel=\"noreferrer noopener\">3. Klasse<\/a><\/li>\n\n\n\n<li><a style=\"font-family: -apple-system, BlinkMacSystemFont, \" segoe=\"\" ui=\"\" roboto=\"\" oxygen-sans=\"\" ubuntu=\"\" cantarell=\"\" neue=\"\" sans-serif=\"\" href=\"https:\/\/colegioaleman.com\/wp-content\/uploads\/2022\/09\/Carta_material_4o_PrimariaColegio_Alema%CC%81n.pdf\" target=\"_blank\" rel=\"noreferrer noopener\">4. Klasse<\/a><\/li>\n<\/ul>\n<\/div>\n\n\n\n<div class=\"wp-block-column is-vertically-aligned-top is-layout-flow wp-block-column-is-layout-flow\">\n<ul class=\"is-style-separator-list wp-block-list\">\n<li><a href=\"https:\/\/colegioaleman.com\/wp-content\/uploads\/2022\/09\/Carta_material_5o_PrimariaColegio_Alema%CC%81n.pdf\" target=\"_blank\" rel=\"noreferrer noopener\">5. Klasse<\/a><\/li>\n\n\n\n<li><a style=\"font-family: -apple-system, BlinkMacSystemFont, \" segoe=\"\" ui=\"\" roboto=\"\" oxygen-sans=\"\" ubuntu=\"\" cantarell=\"\" neue=\"\" sans-serif=\"\" href=\"https:\/\/colegioaleman.com\/wp-content\/uploads\/2022\/09\/Carta_material_6o_PrimariaColegio_Alem%C3%A1n.pdf\" target=\"_blank\" rel=\"noreferrer noopener\">6. Klasse<\/a><\/li>\n<\/ul>\n<\/div>\n<\/div>\n\n<div style=\"height:80px\" aria-hidden=\"true\" class=\"wp-block-spacer\"><\/div>\n\n<div class=\"wp-block-group alignfull animate has-body-white-color has-primary-100-background-color has-text-color has-background\" id=\"cta-form\"><div class=\"wp-block-group__inner-container is-layout-flow wp-block-group-is-layout-flow\">\n<div class=\"wp-block-columns has-white-color has-text-color is-layout-flex wp-container-core-columns-is-layout-9d6595d7 wp-block-columns-is-layout-flex\">\n<div class=\"wp-block-column dnone-tablet is-layout-flow wp-block-column-is-layout-flow\" style=\"flex-basis:4.33%\"><\/div>\n\n\n\n<div class=\"wp-block-column is-layout-flow wp-block-column-is-layout-flow\">\n<p><strong>Anmeldung und neue Sch\u00fcler<\/strong><\/p>\n\n\n\n<h2 class=\"wp-block-heading has-body-white-color has-text-color\">M\u00f6chten Sie Teil unserer gro\u00dfen Familie werden?<\/h2>\n\n\n\n<p>Erkundigen Sie sich f\u00fcr das n\u00e4chste Schuljahr und sichern Sie sich einen Platz an unserer Schule. Vereinbaren Sie einen Besuch an unserer Schule, bei dem Sie die Einrichtungen sehen und ein Gespr\u00e4ch mit den Lehrkr\u00e4ften f\u00fchren k\u00f6nnen.<\/p>\n<\/div>\n\n\n\n<div class=\"wp-block-column is-vertically-aligned-center is-layout-flow wp-block-column-is-layout-flow\" style=\"flex-basis:48.6%\"><div class=\"wp-block-image\">\n<figure class=\"aligncenter size-full\"><img decoding=\"async\" width=\"108\" height=\"78\" src=\"https:\/\/colegioaleman.com\/wp-content\/uploads\/2022\/07\/Isotipo.png\" alt=\"Deutsche Schule\" class=\"wp-image-19\"\/><\/figure>\n<\/div>\n\n\n<div class=\"wp-block-buttons is-content-justification-center is-layout-flex wp-container-core-buttons-is-layout-16018d1d wp-block-buttons-is-layout-flex\">\n<div class=\"wp-block-button is-style-outline is-style-outline--1\"><a class=\"wp-block-button__link wp-element-button\" href=\"https:\/\/colegioaleman.com\/de\/anmeldung\/informationsformular\/\" style=\"border-radius:100px\" target=\"_blank\" rel=\"noreferrer noopener\">Gehen Sie zum Informationsformular<\/a><\/div>\n<\/div>\n<\/div>\n<\/div>\n<\/div><\/div>\n\n<div style=\"height:80px\" aria-hidden=\"true\" class=\"wp-block-spacer\"><\/div>\n\n<div class=\"wp-block-columns is-layout-flex wp-container-core-columns-is-layout-9d6595d7 wp-block-columns-is-layout-flex\">\n<div class=\"wp-block-column is-vertically-aligned-top dnone-tablet is-layout-flow wp-block-column-is-layout-flow\" style=\"flex-basis:4.3%\"><\/div>\n\n\n\n<div class=\"wp-block-column is-layout-flow wp-block-column-is-layout-flow\">\n<h2 class=\"has-text-align-center wp-block-heading\">Noticias relacionadas<\/h2>\n\n\n\n<div class=\"wp-block-query is-layout-flow wp-block-query-is-layout-flow\">\n\n<div class=\"wp-block-query-no-results\">\n\n<p><\/p>\n\n<\/div><\/div>\n<\/div>\n<\/div>\n","protected":false},"excerpt":{"rendered":"<p>Schulb\u00fccher und Unterrichtsmaterialien Schulb\u00fccher und Unterrichtsmaterialien Die Schule erstellt ihre eigenen Materialien, die ausschlie\u00dflich f\u00fcr ihre Sch\u00fcler und Sch\u00fclerinnen bestimmt ist, und arbeitet mit verschiedenen Schulbuchverlagen zusammen. 100 % des verwendeten Unterrichtsmaterials f\u00fcr die Kindergartenkinder wurde von den Erzieherinnen und Erziehern erstellt. 2022-2023Erforderliche Schulb\u00fccher Laden Sie hier die Liste mit den ben\u00f6tigten Schulb\u00fcchern f\u00fcr die [&hellip;]<\/p>\n","protected":false},"author":1,"featured_media":0,"parent":24597,"menu_order":0,"comment_status":"closed","ping_status":"closed","template":"","meta":{"_acf_changed":false,"inline_featured_image":false,"footnotes":""},"class_list":["post-24615","page","type-page","status-publish","hentry"],"acf":[],"_links":{"self":[{"href":"https:\/\/colegioaleman.com\/de\/wp-json\/wp\/v2\/pages\/24615","targetHints":{"allow":["GET"]}}],"collection":[{"href":"https:\/\/colegioaleman.com\/de\/wp-json\/wp\/v2\/pages"}],"about":[{"href":"https:\/\/colegioaleman.com\/de\/wp-json\/wp\/v2\/types\/page"}],"author":[{"embeddable":true,"href":"https:\/\/colegioaleman.com\/de\/wp-json\/wp\/v2\/users\/1"}],"replies":[{"embeddable":true,"href":"https:\/\/colegioaleman.com\/de\/wp-json\/wp\/v2\/comments?post=24615"}],"version-history":[{"count":7,"href":"https:\/\/colegioaleman.com\/de\/wp-json\/wp\/v2\/pages\/24615\/revisions"}],"predecessor-version":[{"id":25073,"href":"https:\/\/colegioaleman.com\/de\/wp-json\/wp\/v2\/pages\/24615\/revisions\/25073"}],"up":[{"embeddable":true,"href":"https:\/\/colegioaleman.com\/de\/wp-json\/wp\/v2\/pages\/24597"}],"wp:attachment":[{"href":"https:\/\/colegioaleman.com\/de\/wp-json\/wp\/v2\/media?parent=24615"}],"curies":[{"name":"wp","href":"https:\/\/api.w.org\/{rel}","templated":true}]}}