{"id":24619,"date":"2022-08-22T07:26:40","date_gmt":"2022-08-22T07:26:40","guid":{"rendered":"https:\/\/colegioaleman.com\/schulleben\/alumni\/"},"modified":"2022-11-22T13:26:55","modified_gmt":"2022-11-22T13:26:55","slug":"alumni","status":"publish","type":"page","link":"https:\/\/colegioaleman.com\/de\/schulleben\/alumni\/","title":{"rendered":"Alumni"},"content":{"rendered":"\n<div style=\"height:80px\" aria-hidden=\"true\" class=\"wp-block-spacer\"><\/div>\n\n<div class=\"wp-block-columns alignfull is-layout-flex wp-container-core-columns-is-layout-9d6595d7 wp-block-columns-is-layout-flex\">\n<div class=\"wp-block-column is-layout-flow wp-block-column-is-layout-flow\" style=\"flex-basis:8.33%\"><\/div>\n\n\n\n<div class=\"wp-block-column  pr-3 pl-3 is-layout-flow wp-block-column-is-layout-flow\">\n<p><strong>Alumni<\/strong><\/p>\n\n\n\n<h2 class=\"wp-block-heading\"><strong>Alumni, das ist euer Bereich!<\/strong><\/h2>\n\n\n\n<p style=\"font-size:16px\">Der Alumni-Bereich ist f\u00fcr uns sehr wichtig und unabdingbar, denn uns ist bewusst, dass unsere Schule ohne die Erinnerungen, Erfahrungen, Anstrengungen, das Lachen, der Erfolge und auch der Misserfolge unserer ehemaligen Sch\u00fcler nicht dieselbe w\u00e4re, denn jeder Schritt, den sie in unserer Schule getan haben, ist ein Teil dieser Schule. Alle ehemaligen Sch\u00fcler und Sch\u00fclerinnen haben ihre Spur in unserer Schule hinterlassen und dazu beigetragen, dass unsere Schule zu dem geworden ist, was sie heutzutage auszeichnet.<\/p>\n\n\n\n<p>Dieser Bereich wurde f\u00fcr alle unsere ehemaligen Sch\u00fcler geschaffen, damit sie untereinander ihre Erfahrungen austauschen k\u00f6nnen und \u00fcber ihre beruflichen Erfolge, neue Ziele oder Anekdoten und Erlebnisse aus ihrer Schulzeit berichten k\u00f6nnen.<\/p>\n\n\n\n<p>Ein Bereich also, um miteinander in Kontakt zu bleiben und sich anhand von Gespr\u00e4chen, Berichten und Anekdoten auszutauschen<\/p>\n\n\n\n<p style=\"font-size:16px\"><\/p>\n<\/div>\n\n\n\n<div class=\"wp-block-column is-layout-flow wp-block-column-is-layout-flow\" style=\"flex-basis:44.6%\"><div class=\"wp-block-image\">\n<figure class=\"alignright size-full\"><img fetchpriority=\"high\" decoding=\"async\" width=\"800\" height=\"582\" src=\"https:\/\/colegioaleman.com\/wp-content\/uploads\/2022\/09\/escuela-padres-hero-siblings.jpg\" alt=\"Elternschule der Deutschen Schule von Zaragoza\" class=\"wp-image-22780\" srcset=\"https:\/\/colegioaleman.com\/wp-content\/uploads\/2022\/09\/escuela-padres-hero-siblings.jpg 800w, https:\/\/colegioaleman.com\/wp-content\/uploads\/2022\/09\/escuela-padres-hero-siblings-300x218.jpg 300w, https:\/\/colegioaleman.com\/wp-content\/uploads\/2022\/09\/escuela-padres-hero-siblings-768x559.jpg 768w\" sizes=\"(max-width: 800px) 100vw, 800px\" \/><\/figure>\n<\/div><\/div>\n<\/div>\n\n<div style=\"height:80px\" aria-hidden=\"true\" class=\"wp-block-spacer\"><\/div>\n\n<div class=\"wp-block-columns is-layout-flex wp-container-core-columns-is-layout-9d6595d7 wp-block-columns-is-layout-flex\">\n<div class=\"wp-block-column dnone-mobile is-layout-flow wp-block-column-is-layout-flow\" style=\"flex-basis:4.33%\"><\/div>\n\n\n\n<div class=\"wp-block-column is-layout-flow wp-block-column-is-layout-flow\">\n<h2 class=\"has-body-main-color has-text-color wp-block-heading\">Waren Sie Sch\u00fcler an der Deutschen Schule in Zaragoza?<\/h2>\n<\/div>\n\n\n\n<div class=\"wp-block-column is-layout-flow wp-block-column-is-layout-flow\" style=\"flex-basis:48.6%\">\n<p class=\"has-medium-font-size\">Es gibt viele Gr\u00fcnde, ein Mitglied unseres ALUMNI-Netzwerkes zu werden. Im Folgenden haben wir die sieben wichtigsten Gr\u00fcnde aufgelistet:<\/p>\n\n\n\n<div class=\"wp-block-buttons is-content-justification-right is-layout-flex wp-container-core-buttons-is-layout-765c4724 wp-block-buttons-is-layout-flex\">\n<div class=\"wp-block-button is-style-theme-link\"><a class=\"wp-block-button__link\" href=\"#werde-Mitglied\">MITGLIED WERDEN<\/a><\/div>\n<\/div>\n<\/div>\n<\/div>\n\n<div style=\"height:40px\" aria-hidden=\"true\" class=\"wp-block-spacer\"><\/div>\n\n<div class=\"wp-block-columns is-style-default is-layout-flex wp-container-core-columns-is-layout-9d6595d7 wp-block-columns-is-layout-flex\">\n<div class=\"wp-block-column is-layout-flow wp-block-column-is-layout-flow\" style=\"flex-basis:4.33%\"><\/div>\n\n\n\n<div class=\"wp-block-column has-primary-100-color has-primary-10-background-color has-text-color has-background is-layout-flow wp-block-column-is-layout-flow\" style=\"flex-basis:60%\" id=\"acompanamiento\">\n<p style=\"font-size:24px\"><strong>1. Zugeh\u00f6rigkeit<\/strong><\/p>\n\n\n\n<p>Als Mitglied von Alumni werden Sie ein st\u00e4rkeres Zugeh\u00f6rigkeitsgef\u00fchl haben und das Prestige genie\u00dfen, das mit einem Studium an der Deutschen Schule verbunden ist.<\/p>\n<\/div>\n\n\n\n<div class=\"wp-block-column dnone-tablet is-layout-flow wp-block-column-is-layout-flow\"><\/div>\n<\/div>\n\n<div class=\"wp-block-columns is-style-default is-layout-flex wp-container-core-columns-is-layout-9d6595d7 wp-block-columns-is-layout-flex\">\n<div class=\"wp-block-column is-layout-flow wp-block-column-is-layout-flow\" style=\"flex-basis:4.33%\"><\/div>\n\n\n\n<div class=\"wp-block-column has-primary-100-color has-primary-20-background-color has-text-color has-background is-layout-flow wp-block-column-is-layout-flow\" style=\"flex-basis:60%\" id=\"acompanamiento\">\n<p style=\"font-size:24px\"><strong>2. <strong>Networking<\/strong><\/strong><\/p>\n\n\n\n<p>Als Mitglied von Alumni werden Sie ein st\u00e4rkeres Zugeh\u00f6rigkeitsgef\u00fchl haben und das Prestige genie\u00dfen, das mit einem Studium an der Deutschen Schule verbunden ist.<\/p>\n<\/div>\n\n\n\n<div class=\"wp-block-column dnone-tablet is-layout-flow wp-block-column-is-layout-flow\"><\/div>\n<\/div>\n\n<div class=\"wp-block-columns is-style-default is-layout-flex wp-container-core-columns-is-layout-9d6595d7 wp-block-columns-is-layout-flex\">\n<div class=\"wp-block-column is-layout-flow wp-block-column-is-layout-flow\" style=\"flex-basis:4.33%\"><\/div>\n\n\n\n<div class=\"wp-block-column has-primary-100-color has-primary-10-background-color has-text-color has-background is-layout-flow wp-block-column-is-layout-flow\" style=\"flex-basis:60%\" id=\"acompanamiento\">\n<p style=\"font-size:24px\"><strong>3. <strong>Deutschkenntnisse<\/strong><\/strong><\/p>\n\n\n\n<p>Sprachunterricht Sie hatten lange Zeit keinen Kontakt mit der deutschen Sprache und m\u00f6chten Ihre Sprachkenntnisse wieder auffrischen oder einfach fit in Deutsch bleiben, nachdem Sie die Schule beendet haben? <strong>Als Alumni erhalten Sie 10 % Rabatt auf alle vom Goethe-Institut angebotenen Deutschkurse<\/strong><\/p>\n<\/div>\n\n\n\n<div class=\"wp-block-column dnone-tablet is-layout-flow wp-block-column-is-layout-flow\"><\/div>\n<\/div>\n\n<div class=\"wp-block-columns is-style-default is-layout-flex wp-container-core-columns-is-layout-9d6595d7 wp-block-columns-is-layout-flex\">\n<div class=\"wp-block-column is-layout-flow wp-block-column-is-layout-flow\" style=\"flex-basis:4.33%\"><\/div>\n\n\n\n<div class=\"wp-block-column has-primary-100-color has-primary-20-background-color has-text-color has-background is-layout-flow wp-block-column-is-layout-flow\" style=\"flex-basis:60%\" id=\"acompanamiento\">\n<p style=\"font-size:24px\"><strong>4. <strong>Jobb\u00f6rse<\/strong><\/strong><\/p>\n\n\n\n<p>Eines unserer Ziele ist es, Vereinbarungen zu unterzeichnen und Unternehmen zu gewinnen, die unsere Alumni f\u00f6rdern, indem wir eine Datenbank mit nationalen und internationalen Stellenangeboten erstellen.<\/p>\n<\/div>\n\n\n\n<div class=\"wp-block-column dnone-tablet is-layout-flow wp-block-column-is-layout-flow\"><\/div>\n<\/div>\n\n<div class=\"wp-block-columns is-style-default is-layout-flex wp-container-core-columns-is-layout-9d6595d7 wp-block-columns-is-layout-flex\">\n<div class=\"wp-block-column is-layout-flow wp-block-column-is-layout-flow\" style=\"flex-basis:4.33%\"><\/div>\n\n\n\n<div class=\"wp-block-column has-primary-100-color has-primary-10-background-color has-text-color has-background is-layout-flow wp-block-column-is-layout-flow\" style=\"flex-basis:60%\" id=\"acompanamiento\">\n<p style=\"font-size:24px\"><strong>5. <strong>Veranstaltungen<\/strong><\/strong><\/p>\n\n\n\n<p>Je nach Anzahl der Mitglieder unseres Alumni-Netzwerkes und je nach Interessen werden wir Konferenzen, Tagungen, Seminare und Workshops zur Berufsorientierung abhalten und der Gruppe und ihren Mitgliedern unterst\u00fctzend zur Seite stehen.<\/p>\n<\/div>\n\n\n\n<div class=\"wp-block-column dnone-tablet is-layout-flow wp-block-column-is-layout-flow\"><\/div>\n<\/div>\n\n<div class=\"wp-block-columns is-style-default is-layout-flex wp-container-core-columns-is-layout-9d6595d7 wp-block-columns-is-layout-flex\">\n<div class=\"wp-block-column is-layout-flow wp-block-column-is-layout-flow\" style=\"flex-basis:4.33%\"><\/div>\n\n\n\n<div class=\"wp-block-column has-primary-100-color has-primary-20-background-color has-text-color has-background is-layout-flow wp-block-column-is-layout-flow\" style=\"flex-basis:60%\" id=\"acompanamiento\">\n<p style=\"font-size:24px\"><strong>6. <strong>J\u00e4hrliches Ehemaligentreffen<\/strong><\/strong><\/p>\n\n\n\n<p>Jedes Jahr veranstalten wir eine Party f\u00fcr alle Alumni, um zu feiern und neue Kontakte zu kn\u00fcpfen. Dar\u00fcber hinaus werden wir jedes Jahr das Silberjubil\u00e4um mit den Absolventen feiern, die ihren Schulabschluss vor 25 Jahren gemacht haben, und das Bronze-Jubil\u00e4um mit denjenigen, die ihren Abschluss vor 10 Jahren gemacht haben.<\/p>\n<\/div>\n\n\n\n<div class=\"wp-block-column dnone-tablet is-layout-flow wp-block-column-is-layout-flow\"><\/div>\n<\/div>\n\n<div class=\"wp-block-columns is-style-default is-layout-flex wp-container-core-columns-is-layout-9d6595d7 wp-block-columns-is-layout-flex\">\n<div class=\"wp-block-column is-layout-flow wp-block-column-is-layout-flow\" style=\"flex-basis:4.33%\"><\/div>\n\n\n\n<div class=\"wp-block-column has-primary-100-color has-primary-10-background-color has-text-color has-background is-layout-flow wp-block-column-is-layout-flow\" style=\"flex-basis:60%\" id=\"acompanamiento\">\n<p style=\"font-size:24px\"><strong>7. <strong>Spa\u00df haben<\/strong><\/strong><\/p>\n\n\n\n<p>Sind Sie daran interessiert, etwas mit anderen Alumni zu unternehmen? Dann schreiben Sie uns eine E-Mail, und wir werden sehen, was wir auf die Beine stellen k\u00f6nnen. Oder werden Sie Mitglied in unserem Chor! <\/p>\n<\/div>\n\n\n\n<div class=\"wp-block-column dnone-tablet is-layout-flow wp-block-column-is-layout-flow\"><\/div>\n<\/div>\n\n<div style=\"height:80px\" aria-hidden=\"true\" id=\"hazte-miembro\" class=\"wp-block-spacer\"><\/div>\n\n<div class=\"wp-block-group alignfull animate has-body-white-color has-primary-100-background-color has-text-color has-background\" id=\"cta-form\"><div class=\"wp-block-group__inner-container is-layout-flow wp-block-group-is-layout-flow\">\n<div class=\"wp-block-columns has-white-color has-text-color is-layout-flex wp-container-core-columns-is-layout-9d6595d7 wp-block-columns-is-layout-flex\">\n<div class=\"wp-block-column is-layout-flow wp-block-column-is-layout-flow\" style=\"flex-basis:4.33%\"><\/div>\n\n\n\n<div class=\"wp-block-column is-layout-flow wp-block-column-is-layout-flow\">\n<p><strong>Werde Mitglied von Alumni<\/strong><\/p>\n\n\n\n<h2 class=\"has-body-white-color has-text-color wp-block-heading\">M\u00f6chten Sie Teil unserer gro\u00dfen Familie werden?<\/h2>\n\n\n\n<p>F\u00fcllen Sie dieses Formular aus, um Mitglied von Alumni der Deutschen Schule von Zaragoza zu werden.<\/p>\n<\/div>\n\n\n\n<div class=\"wp-block-column is-layout-flow wp-block-column-is-layout-flow\" style=\"flex-basis:48.6%\">\n<div class=\"wp-block-contact-form-7-contact-form-selector\">\n<div class=\"wpcf7 no-js\" id=\"wpcf7-f25028-o1\" lang=\"de-DE\" dir=\"ltr\" data-wpcf7-id=\"25028\">\n<div class=\"screen-reader-response\"><p role=\"status\" aria-live=\"polite\" aria-atomic=\"true\"><\/p> <ul><\/ul><\/div>\n<form action=\"\/de\/wp-json\/wp\/v2\/pages\/24619#wpcf7-f25028-o1\" method=\"post\" class=\"wpcf7-form init\" aria-label=\"Kontaktformular\" novalidate=\"novalidate\" data-status=\"init\">\n<fieldset class=\"hidden-fields-container\"><input type=\"hidden\" name=\"_wpcf7\" value=\"25028\" \/><input type=\"hidden\" name=\"_wpcf7_version\" value=\"6.1.5\" \/><input type=\"hidden\" name=\"_wpcf7_locale\" value=\"de_DE\" \/><input type=\"hidden\" name=\"_wpcf7_unit_tag\" value=\"wpcf7-f25028-o1\" \/><input type=\"hidden\" name=\"_wpcf7_container_post\" value=\"0\" \/><input type=\"hidden\" name=\"_wpcf7_posted_data_hash\" value=\"\" \/><input type=\"hidden\" name=\"_wpcf7cf_hidden_group_fields\" value=\"[]\" \/><input type=\"hidden\" name=\"_wpcf7cf_hidden_groups\" value=\"[]\" \/><input type=\"hidden\" name=\"_wpcf7cf_visible_groups\" value=\"[]\" \/><input type=\"hidden\" name=\"_wpcf7cf_repeaters\" value=\"[]\" \/><input type=\"hidden\" name=\"_wpcf7cf_steps\" value=\"{}\" \/><input type=\"hidden\" name=\"_wpcf7cf_options\" value=\"{&quot;form_id&quot;:25028,&quot;conditions&quot;:[],&quot;settings&quot;:{&quot;animation&quot;:&quot;yes&quot;,&quot;animation_intime&quot;:200,&quot;animation_outtime&quot;:200,&quot;conditions_ui&quot;:&quot;normal&quot;,&quot;notice_dismissed&quot;:false,&quot;notice_dismissed_rollback-cf7-5.9.3&quot;:true}}\" \/>\n<\/fieldset>\n<p><span id=\"wpcf7-69d90c6782cdf-wrapper\" class=\"wpcf7-form-control-wrap customer-email-wrap\" ><input type=\"hidden\" name=\"customer-email-time-start\" value=\"1775832167\"><input type=\"hidden\" name=\"customer-email-time-check\" value=\"4\"><label for=\"wpcf7-69d90c6782cdf-field\" class=\"hp-message\">Bitte lasse dieses Feld leer.<\/label><input id=\"wpcf7-69d90c6782cdf-field\"  placeholder=\"Customer email\"  class=\"wpcf7-form-control wpcf7-text\" type=\"text\" name=\"customer-email\" value=\"\" size=\"40\" tabindex=\"-1\" autocomplete=\"new-password\" \/><\/span><br \/>\n<label> Name<br \/>\n<span class=\"wpcf7-form-control-wrap\" data-name=\"your-name\"><input size=\"40\" maxlength=\"400\" class=\"wpcf7-form-control wpcf7-text wpcf7-validates-as-required\" aria-required=\"true\" aria-invalid=\"false\" value=\"\" type=\"text\" name=\"your-name\" \/><\/span> <\/label>\n<\/p>\n<p><label> E-mail<br \/>\n<span class=\"wpcf7-form-control-wrap\" data-name=\"your-email\"><input size=\"40\" maxlength=\"400\" class=\"wpcf7-form-control wpcf7-email wpcf7-validates-as-required wpcf7-text wpcf7-validates-as-email\" aria-required=\"true\" aria-invalid=\"false\" value=\"\" type=\"email\" name=\"your-email\" \/><\/span> <\/label>\n<\/p>\n<p><label> Telefon<br \/>\n<span class=\"wpcf7-form-control-wrap\" data-name=\"phone\"><input size=\"40\" maxlength=\"400\" class=\"wpcf7-form-control wpcf7-tel wpcf7-text wpcf7-validates-as-tel\" aria-invalid=\"false\" value=\"\" type=\"tel\" name=\"phone\" \/><\/span> <\/label>\n<\/p>\n<p><label> Ihre Nachricht (optional)<br \/>\n<span class=\"wpcf7-form-control-wrap\" data-name=\"your-message\"><textarea cols=\"40\" rows=\"4\" maxlength=\"2000\" class=\"wpcf7-form-control wpcf7-textarea\" aria-invalid=\"false\" name=\"your-message\"><\/textarea><\/span> <\/label>\n<\/p>\n<p><span class=\"wpcf7-form-control-wrap\" data-name=\"acceptance-681\"><span class=\"wpcf7-form-control wpcf7-acceptance\"><span class=\"wpcf7-list-item\"><label><input type=\"checkbox\" name=\"acceptance-681\" value=\"1\" aria-invalid=\"false\" \/><span class=\"wpcf7-list-item-label\">Ich habe die <a href=\"https:\/\/colegioaleman.com\/politica-privacidad\/\">Datenschutzbestimmungen<\/a> gelesen und akzeptiere sie<\/span><\/label><\/span><\/span><\/span>\n<\/p>\n<p><input class=\"wpcf7-form-control wpcf7-submit has-spinner\" type=\"submit\" value=\"Enviar\" \/>\n<\/p><input type='hidden' class='wpcf7-pum' value='{\"closepopup\":false,\"closedelay\":0,\"openpopup\":false,\"openpopup_id\":0}' \/><div class=\"wpcf7-response-output\" aria-hidden=\"true\"><\/div>\n<\/form>\n<\/div>\n<\/div>\n\n\n\n<p><\/p>\n<\/div>\n<\/div>\n<\/div><\/div>\n\n<div style=\"height:80px\" aria-hidden=\"true\" class=\"wp-block-spacer\"><\/div>\n\n<div class=\"wp-block-columns is-layout-flex wp-container-core-columns-is-layout-9d6595d7 wp-block-columns-is-layout-flex\">\n<div class=\"wp-block-column is-vertically-aligned-top dnone-tablet is-layout-flow wp-block-column-is-layout-flow\" style=\"flex-basis:4.3%\"><\/div>\n\n\n\n<div class=\"wp-block-column is-layout-flow wp-block-column-is-layout-flow\">\n<h2 class=\"has-text-align-center wp-block-heading\">Noticias relacionadas<\/h2>\n\n\n\n<div class=\"wp-block-query is-layout-flow wp-block-query-is-layout-flow\">\n\n<div class=\"wp-block-query-no-results\">\n\n<p><\/p>\n\n<\/div><\/div>\n<\/div>\n<\/div>\n","protected":false},"excerpt":{"rendered":"<p>Alumni Alumni, das ist euer Bereich! Der Alumni-Bereich ist f\u00fcr uns sehr wichtig und unabdingbar, denn uns ist bewusst, dass unsere Schule ohne die Erinnerungen, Erfahrungen, Anstrengungen, das Lachen, der Erfolge und auch der Misserfolge unserer ehemaligen Sch\u00fcler nicht dieselbe w\u00e4re, denn jeder Schritt, den sie in unserer Schule getan haben, ist ein Teil dieser [&hellip;]<\/p>\n","protected":false},"author":1,"featured_media":0,"parent":24597,"menu_order":0,"comment_status":"closed","ping_status":"closed","template":"","meta":{"_acf_changed":false,"inline_featured_image":false,"footnotes":""},"class_list":["post-24619","page","type-page","status-publish","hentry"],"acf":[],"_links":{"self":[{"href":"https:\/\/colegioaleman.com\/de\/wp-json\/wp\/v2\/pages\/24619","targetHints":{"allow":["GET"]}}],"collection":[{"href":"https:\/\/colegioaleman.com\/de\/wp-json\/wp\/v2\/pages"}],"about":[{"href":"https:\/\/colegioaleman.com\/de\/wp-json\/wp\/v2\/types\/page"}],"author":[{"embeddable":true,"href":"https:\/\/colegioaleman.com\/de\/wp-json\/wp\/v2\/users\/1"}],"replies":[{"embeddable":true,"href":"https:\/\/colegioaleman.com\/de\/wp-json\/wp\/v2\/comments?post=24619"}],"version-history":[{"count":1,"href":"https:\/\/colegioaleman.com\/de\/wp-json\/wp\/v2\/pages\/24619\/revisions"}],"predecessor-version":[{"id":24620,"href":"https:\/\/colegioaleman.com\/de\/wp-json\/wp\/v2\/pages\/24619\/revisions\/24620"}],"up":[{"embeddable":true,"href":"https:\/\/colegioaleman.com\/de\/wp-json\/wp\/v2\/pages\/24597"}],"wp:attachment":[{"href":"https:\/\/colegioaleman.com\/de\/wp-json\/wp\/v2\/media?parent=24619"}],"curies":[{"name":"wp","href":"https:\/\/api.w.org\/{rel}","templated":true}]}}