{"id":24621,"date":"2022-08-17T13:24:02","date_gmt":"2022-08-17T13:24:02","guid":{"rendered":"https:\/\/colegioaleman.com\/deutsche-schule\/"},"modified":"2024-02-20T07:35:48","modified_gmt":"2024-02-20T07:35:48","slug":"deutsche-schule","status":"publish","type":"page","link":"https:\/\/colegioaleman.com\/de\/deutsche-schule\/","title":{"rendered":"Deutsche Schule"},"content":{"rendered":"\n<div style=\"height:80px\" aria-hidden=\"true\" class=\"wp-block-spacer\"><\/div>\n\n\n\n<div class=\"wp-block-columns is-layout-flex wp-container-core-columns-is-layout-9d6595d7 wp-block-columns-is-layout-flex\">\n<div class=\"wp-block-column is-layout-flow wp-block-column-is-layout-flow\" style=\"flex-basis:4.3%\"><\/div>\n\n\n\n<div class=\"wp-block-column is-layout-flow wp-block-column-is-layout-flow\">\n<h2 class=\"wp-block-heading\" style=\"font-size:16px\"><strong>Deutsche Schule<\/strong><\/h2>\n\n\n\n<h2 class=\"wp-block-heading has-body-main-color has-text-color has-large-font-size\">Die Deutsche Schule ist eine nicht subventionierte weltliche Privatschule in Zaragoza.<\/h2>\n\n\n\n<p>Auf die Schule gehen etwa 625 Sch\u00fcler im Alter von 2 bis 18 Jahren, die sich auf die verschiedenen Schulstufen verteilen: <strong>Kindergarten, Grundschule, Sekundarbereich I und Sekundarbereich II.<\/strong><\/p>\n\n\n\n<p>Die Schule befindet sich in einem <strong>Wohngebiet<\/strong> und wird von dem gemeinn\u00fctzigen <strong>Kulturverein der Deutschen Schule<\/strong> betrieben, dessen <strong>Mitglieder die Eltern sind<\/strong>.<\/p>\n<\/div>\n\n\n\n<div class=\"wp-block-column is-layout-flow wp-block-column-is-layout-flow\"><div class=\"wp-block-image hide-mobile\">\n<figure class=\"alignright size-full\"><img decoding=\"async\" width=\"89\" height=\"447\" src=\"https:\/\/colegioaleman.com\/wp-content\/uploads\/2022\/08\/etapas-simbolos-todos.png\" alt=\"\" class=\"wp-image-384\" srcset=\"https:\/\/colegioaleman.com\/wp-content\/uploads\/2022\/08\/etapas-simbolos-todos.png 89w, https:\/\/colegioaleman.com\/wp-content\/uploads\/2022\/08\/etapas-simbolos-todos-60x300.png 60w\" sizes=\"(max-width: 89px) 100vw, 89px\" \/><\/figure>\n<\/div><\/div>\n<\/div>\n\n\n\n<div style=\"height:80px\" aria-hidden=\"true\" class=\"wp-block-spacer\"><\/div>\n\n\n\n<div class=\"wp-block-columns is-layout-flex wp-container-core-columns-is-layout-9d6595d7 wp-block-columns-is-layout-flex\">\n<div class=\"wp-block-column dnone-tablet is-layout-flow wp-block-column-is-layout-flow\" style=\"flex-basis:4.3%\"><\/div>\n\n\n\n<div class=\"wp-block-column is-layout-flow wp-block-column-is-layout-flow\">\n<figure class=\"wp-block-image size-full is-style-hover-image\"><a href=\"https:\/\/colegioaleman.com\/colegio-aleman\/identidad-historica\/\"><img decoding=\"async\" src=\"https:\/\/colegioaleman.com\/wp-content\/uploads\/2022\/09\/identidad-historica-grid.jpg\" alt=\"Fassade der Deutschen Schule von Zaragoza\" class=\"wp-image-22671\"\/><\/a><\/figure>\n\n\n\n<h3 class=\"wp-block-heading has-body-main-color has-text-color\">Historische Identit\u00e4t<\/h3>\n\n\n\n<p>Erfahren Sie mehr \u00fcber die Gr\u00fcndung der Schule, ihre Geschichte und die Ziele des Vereins.<\/p>\n\n\n\n<div class=\"wp-block-buttons is-content-justification-right is-layout-flex wp-container-core-buttons-is-layout-765c4724 wp-block-buttons-is-layout-flex\">\n<div class=\"wp-block-button is-style-theme-link\"><a class=\"wp-block-button__link wp-element-button\" href=\"https:\/\/colegioaleman.com\/colegio-aleman\/identidad-historica\/\">MEHR ERFAHREN<\/a><\/div>\n<\/div>\n<\/div>\n\n\n\n<div class=\"wp-block-column is-layout-flow wp-block-column-is-layout-flow\">\n<figure class=\"wp-block-image size-full is-style-hover-image\"><a href=\"https:\/\/colegioaleman.com\/presentacion-director\/\"><img fetchpriority=\"high\" decoding=\"async\" width=\"400\" height=\"364\" src=\"https:\/\/colegioaleman.com\/wp-content\/uploads\/2022\/09\/presentacion-director-grid.jpg\" alt=\"Einrichtungen der Deutschen Schule von Zaragoza\" class=\"wp-image-22621\" srcset=\"https:\/\/colegioaleman.com\/wp-content\/uploads\/2022\/09\/presentacion-director-grid.jpg 400w, https:\/\/colegioaleman.com\/wp-content\/uploads\/2022\/09\/presentacion-director-grid-300x273.jpg 300w\" sizes=\"(max-width: 400px) 100vw, 400px\" \/><\/a><\/figure>\n\n\n\n<h3 class=\"wp-block-heading has-body-main-color has-text-color\">Unsere Direktorin<\/h3>\n\n\n\n<p>Brief der Direktorin an die Eltern<\/p>\n\n\n\n<div class=\"wp-block-buttons is-content-justification-right is-layout-flex wp-container-core-buttons-is-layout-765c4724 wp-block-buttons-is-layout-flex\">\n<div class=\"wp-block-button is-style-theme-link\"><a class=\"wp-block-button__link wp-element-button\" href=\"https:\/\/colegioaleman.com\/presentacion-director\/\">BRIEF LESEN<\/a><\/div>\n<\/div>\n<\/div>\n\n\n\n<div class=\"wp-block-column is-layout-flow wp-block-column-is-layout-flow\">\n<figure class=\"wp-block-image size-large is-style-hover-image\"><img decoding=\"async\" src=\"https:\/\/colegioaleman.com\/wp-content\/uploads\/2022\/09\/identidad-historica-grid.jpg\" alt=\"\"\/><\/figure>\n\n\n\n<h3 class=\"wp-block-heading has-body-main-color has-text-color\">Leitungsteam<\/h3>\n\n\n\n<p>Erfahren Sie mehr \u00fcber das Leitungsteam der Deutschen Schule.<\/p>\n\n\n\n<div class=\"wp-block-buttons is-content-justification-right is-layout-flex wp-container-core-buttons-is-layout-765c4724 wp-block-buttons-is-layout-flex\">\n<div class=\"wp-block-button is-style-theme-link\"><a class=\"wp-block-button__link wp-element-button\" href=\"https:\/\/colegioaleman.com\/colegio-aleman\/equipo-directivo\/\">LEITUNGSTEAM KENNENLERNEN<\/a><\/div>\n<\/div>\n<\/div>\n<\/div>\n\n\n\n<div class=\"wp-block-columns is-layout-flex wp-container-core-columns-is-layout-9d6595d7 wp-block-columns-is-layout-flex\">\n<div class=\"wp-block-column dnone-tablet is-layout-flow wp-block-column-is-layout-flow\" style=\"flex-basis:4.3%\"><\/div>\n\n\n\n<div class=\"wp-block-column is-layout-flow wp-block-column-is-layout-flow\">\n<figure class=\"wp-block-image size-full is-style-hover-image\"><a href=\"https:\/\/colegioaleman.com\/colegio-aleman\/profesorado\/\"><img decoding=\"async\" width=\"400\" height=\"364\" src=\"https:\/\/colegioaleman.com\/wp-content\/uploads\/2022\/09\/personal-centro-img.jpg\" alt=\"Lehrkraft der Deutschen Schule von Zaragoza\" class=\"wp-image-22697\" srcset=\"https:\/\/colegioaleman.com\/wp-content\/uploads\/2022\/09\/personal-centro-img.jpg 400w, https:\/\/colegioaleman.com\/wp-content\/uploads\/2022\/09\/personal-centro-img-300x273.jpg 300w\" sizes=\"(max-width: 400px) 100vw, 400px\" \/><\/a><\/figure>\n\n\n\n<h3 class=\"wp-block-heading has-body-main-color has-text-color\">Mitarbeiter der Schule<\/h3>\n\n\n\n<p>Dank aller Mitarbeiter ist die Deutsche Schule zu dem geworden, was sie heute ist.<\/p>\n\n\n\n<div class=\"wp-block-buttons is-content-justification-right is-layout-flex wp-container-core-buttons-is-layout-765c4724 wp-block-buttons-is-layout-flex\">\n<div class=\"wp-block-button is-style-theme-link\"><a class=\"wp-block-button__link wp-element-button\" href=\"https:\/\/colegioaleman.com\/colegio-aleman\/profesorado\/\">MITARBEITER DER SCHULE ANZEIGEN<\/a><\/div>\n<\/div>\n<\/div>\n\n\n\n<div class=\"wp-block-column is-layout-flow wp-block-column-is-layout-flow\">\n<figure class=\"wp-block-image size-full is-style-hover-image\"><a href=\"https:\/\/colegioaleman.com\/colegio-aleman\/politica-calidad\/\"><img decoding=\"async\" src=\"https:\/\/colegioaleman.com\/wp-content\/uploads\/2022\/09\/politica-calidad-grid.jpg\" alt=\"Deutschlehrer der zweisprachigen Schule\" class=\"wp-image-22662\"\/><\/a><\/figure>\n\n\n\n<h3 class=\"wp-block-heading has-body-main-color has-text-color\">Qualit\u00e4tsrichtlinien<\/h3>\n\n\n\n<p>Bei der Umsetzung aller Ziele und Strategien steht f\u00fcr uns Qualit\u00e4t immer im Vordergrund.<\/p>\n\n\n\n<div class=\"wp-block-buttons is-content-justification-right is-layout-flex wp-container-core-buttons-is-layout-765c4724 wp-block-buttons-is-layout-flex\">\n<div class=\"wp-block-button is-style-theme-link\"><a class=\"wp-block-button__link wp-element-button\" href=\"https:\/\/colegioaleman.com\/colegio-aleman\/politica-calidad\/\">WEITERLESEN<\/a><\/div>\n<\/div>\n<\/div>\n\n\n\n<div class=\"wp-block-column is-layout-flow wp-block-column-is-layout-flow\">\n<figure class=\"wp-block-image size-full is-style-hover-image\"><a href=\"https:\/\/colegioaleman.com\/colegio-aleman\/portal-transparencia\/\"><img loading=\"lazy\" decoding=\"async\" width=\"400\" height=\"364\" src=\"https:\/\/colegioaleman.com\/wp-content\/uploads\/2022\/09\/portal-transparencia-grid.jpg\" alt=\"Kinder in der zweisprachigen Schulklasse\" class=\"wp-image-22620\" srcset=\"https:\/\/colegioaleman.com\/wp-content\/uploads\/2022\/09\/portal-transparencia-grid.jpg 400w, https:\/\/colegioaleman.com\/wp-content\/uploads\/2022\/09\/portal-transparencia-grid-300x273.jpg 300w\" sizes=\"(max-width: 400px) 100vw, 400px\" \/><\/a><\/figure>\n\n\n\n<h3 class=\"wp-block-heading has-body-main-color has-text-color\">Transparenzportal<\/h3>\n\n\n\n<p>Der Verein verf\u00fcgt \u00fcber entsprechende Protokolle, die allen Mitarbeitern ausgeh\u00e4ndigt werden.<\/p>\n\n\n\n<div class=\"wp-block-buttons is-content-justification-right is-layout-flex wp-container-core-buttons-is-layout-765c4724 wp-block-buttons-is-layout-flex\">\n<div class=\"wp-block-button is-style-theme-link\"><a class=\"wp-block-button__link wp-element-button\" href=\"https:\/\/colegioaleman.com\/colegio-aleman\/portal-transparencia\/\">WEITERLESEN<\/a><\/div>\n<\/div>\n<\/div>\n<\/div>\n\n\n\n<div style=\"height:80px\" aria-hidden=\"true\" class=\"wp-block-spacer\"><\/div>\n\n\n\n<div class=\"wp-block-columns is-layout-flex wp-container-core-columns-is-layout-9d6595d7 wp-block-columns-is-layout-flex\">\n<div class=\"wp-block-column is-layout-flow wp-block-column-is-layout-flow\" style=\"flex-basis:4.3%\"><\/div>\n\n\n\n<div class=\"wp-block-column is-layout-flow wp-block-column-is-layout-flow\">\n<h2 class=\"wp-block-heading\">Zieldefinition<\/h2>\n<\/div>\n\n\n\n<div class=\"wp-block-column is-layout-flow wp-block-column-is-layout-flow\" style=\"flex-basis:50%\">\n<p>Der Kulturverein der Deutschen Schule, Inhaber der Schule San Alberto Magno, schlie\u00dft das Erwirtschaften von Gewinnen aus. Dieser Punkt ist von grundlegender Bedeutung, da er das wirtschaftliche Entscheidungsmodell bestimmt.<\/p>\n<\/div>\n<\/div>\n\n\n\n<div class=\"wp-block-columns is-layout-flex wp-container-core-columns-is-layout-9d6595d7 wp-block-columns-is-layout-flex\">\n<div class=\"wp-block-column dnone-mobile is-layout-flow wp-block-column-is-layout-flow\" style=\"flex-basis:4.3%\"><\/div>\n\n\n\n<div class=\"wp-block-column is-layout-flow wp-block-column-is-layout-flow\">\n\n\n<script>\nvar acc = document.getElementsByClassName(\"accordion-btn\");\nvar i;\n\nfor (i = 0; i < acc.length; i++) {\n  acc[i].addEventListener(\"click\", function() {\n    this.classList.toggle(\"active\");\n    var panel = this.nextElementSibling;\n    if (panel.style.maxHeight) {\n      panel.style.maxHeight = null;\n    } else {\n      panel.style.maxHeight = panel.scrollHeight + \"px\";\n    } \n  });\n}\n<\/script>\n\n\n\n    <div id=\"accordion--block_44d73835d6b5c446fb51804ad369d17a\" class=\"accordion-block mb-6\">\n                    <button class=\"accordion-btn\">\n                Menschlich und kulturell                <span><div class=\"screen-reader-text\">Open<\/div><\/span>\n            <\/button>\n            \n            <div class=\"accordion-content row\">\n                    \n                <div class=\"col-xs-12 col-md mb-4 mt-4\">\n                    <p>Die Ziele beziehen sich nicht nur auf technisches Wissen, sondern <strong>auf die Entwicklung einer Sensibilit\u00e4t f\u00fcr den Reichtum der anderen und der eigenen sozialen Gruppe.<\/strong><\/p>\n<p>Diese Ziele sind:<\/p>\n<ol>\n<li>Kennenlernen der kulturellen Besonderheiten des deutschsprachigen Kulturraumes (Sitten und Gebr\u00e4uche, Traditionen, Folklore, Sprache usw.).<\/li>\n<li>Die Selbstst\u00e4ndigkeit zu erlangen, Aufgaben\/Arbeiten alleine planen zu k\u00f6nnen.<\/li>\n<li>Das Bewusstsein erlangen, dass durch das Respektieren von anderen Ideen, Ideologien und Einstellungen, die in jeder sozialen Gruppe existieren k\u00f6nnen, die eigene W\u00fcrde gest\u00e4rkt wird.<\/li>\n<li>Die Regeln f\u00fcr den Umgang mit anderen zu lernen, um weder andere anzugreifen noch sich selbst angegriffen zu f\u00fchlen, auch nicht verbal.<\/li>\n<li>Entwicklung einer Kritikkompetenz, die unsere Sch\u00fcler bef\u00e4higt, L\u00f6sungen zu finden.<\/li>\n<li>Ein hohes Ma\u00df an Ordnung und Disziplin. Das Respektieren und Verteidigen des Gemeinschaftseigentums, angefangen beim Eigentum der Schule und der Sch\u00fcler.<\/li>\n<li>Ihre Rechte und Pflichten als Mann\/Frau, Sch\u00fcler\/in, Aragonier\/in, Spanier\/in, Europ\u00e4er\/in und Bewohner\/in der Erde zu kennen und zu respektieren und sie w\u00e4hrend des Zusammenlebens in der Schule anzuwenden.<\/li>\n<li>Ihre Kreativit\u00e4t und ihr Selbstwertgef\u00fchl durch Einzel- und Gruppenarbeit zu entwickeln und sich dabei bewusst werden, dass man sich gegenseitig bereichert.<\/li>\n<li>Die Reife erlangen, um innerhalb ihrer Familie und ihres sozialen Umfelds f\u00fcr ein friedliches Miteinander zu sorgen.<\/li>\n<\/ol>\n                <\/div> \n            <\/div>       \n            \n                    <button class=\"accordion-btn\">\n                Intellektuell                <span><div class=\"screen-reader-text\">Open<\/div><\/span>\n            <\/button>\n            \n            <div class=\"accordion-content row\">\n                    \n                <div class=\"col-xs-12 col-md mb-4 mt-4\">\n                    <p>In dieser Gruppe stehen die Ziele im Mittelpunkt, die von der Schule <strong>beim Erlernen technischer Fertigkeiten angestrebt werden.<\/strong><\/p>\n<p>Die Schule und ihre Mitarbeiter bem\u00fchen sich, dass \u201eintellektuell\u201c nicht mit &#8222;intelligent&#8220; verwechselt wird, denn es handelt sich dabei um einen Begriff, der nicht sehr aussagekr\u00e4ftig ist und manchmal mit abwertenden und sogar diskriminierenden Absichten benutzt wird.<\/p>\n<ol>\n<li>Aneignung der grundlegenden Werkzeuge f\u00fcr den Unterrichtsablauf.<\/li>\n<li>Selbstst\u00e4ndigkeit beim Lernen, individuelle Motivation zum Wissenserwerb.<\/li>\n<li>Anwendung des im Unterricht vermittelten Wissens in ihrem pers\u00f6nlichen Umfeld.<\/li>\n<li>Zu lernen, Schlussfolgerungen zu ziehen und eigene Prinzipien aufzustellen.<\/li>\n<li>Verstehen, dass man aus Fehlern lernt und dass man durch Motivation und erneutes Versuchen eine L\u00f6sung finden kann.<\/li>\n<li>Sensibilit\u00e4t f\u00fcr k\u00fcnstlerischen Ausdruck vermitteln.<\/li>\n<li>Sich Kenntnisse zur Politikgeschichte und zu Denkstr\u00f6mungen der Vergangenheit aneignen, um auf kritische Weise argumentieren zu k\u00f6nnen.<\/li>\n<li>Aneignung der Wissenschaften anhand ihrer kognitiven Strukturen sowie das Wissen dar\u00fcber, wie organische und anorganische Materie und ihre Verbindungen organisiert sind.<\/li>\n<li>Kenntnisse \u00fcber die logischen Instrumente der Mathematik und ihre Anwendung in allen Lebensbereichen.<\/li>\n<li>Akzeptanz der intellektuellen F\u00e4higkeiten jedes einzelnen.<\/li>\n<\/ol>\n                <\/div> \n            <\/div>       \n            \n                    <button class=\"accordion-btn\">\n                Ziele innerhalb der Schule                <span><div class=\"screen-reader-text\">Open<\/div><\/span>\n            <\/button>\n            \n            <div class=\"accordion-content row\">\n                    \n                <div class=\"col-xs-12 col-md mb-4 mt-4\">\n                    <ul>\n<li>Ausbau der kulturellen Beziehungen zwischen Spanien und Deutschland und damit auch zu allen deutschsprachigen Gemeinschaften.<\/li>\n<li>Aufrechterhaltung der Schule mit all ihren Klassenstufen zur Vermittlung und Verbreitung der deutschen Sprache. Daraus folgt, dass das Hauptziel, aber nicht das einzige Ziel der Schule, die Vermittlung der deutschen Sprache ist. Dieses Ziel wird immer bestehen bleiben. Bei der Ausarbeitung des p\u00e4dagogischen Konzeptes muss dieser Aspekt immer ber\u00fccksichtigt werden. Die Schule garantiert, dass die erworbenen Deutschzertifikate von den deutschen Bildungsbeh\u00f6rden voll anerkannt werden.<\/li>\n<li>Die Schule wird ebenfalls Englisch als Zweitsprache auf dem h\u00f6chstm\u00f6glichen Niveau vermitteln und dabei die Affinit\u00e4t zur deutschen Sprache nutzen, um die Sch\u00fcler bestens darauf vorzubereiten, sich in internationale Gemeinschaften sowohl im beruflichen als auch im sozialen Umfeld zu integrieren.<\/li>\n<li>Die Schule strebt f\u00fcr jeden ihrer Sch\u00fcler in allen Bereichen das h\u00f6chstm\u00f6gliche Bildungsniveau an.<\/li>\n<li>Die Schule setzt auf eine weltliche und pluralistische Erziehung, ohne dabei die Werte aus den Augen zu verlieren, die in der Gesellschaft, in der sie verankert ist, existieren.<\/li>\n<\/ul>\n                <\/div> \n            <\/div>       \n            \n                    <button class=\"accordion-btn\">\n                Dar\u00fcber hinaus ist die Schule in den folgenden Bereichen t\u00e4tig:                <span><div class=\"screen-reader-text\">Open<\/div><\/span>\n            <\/button>\n            \n            <div class=\"accordion-content row\">\n                    \n                <div class=\"col-xs-12 col-md mb-4 mt-4\">\n                    <ul>\n<li>Physische und psychische Gesundheit.<\/li>\n<li>Selbstst\u00e4ndigkeit, positive Entwicklung des Selbst.<\/li>\n<li>F\u00e4higkeit, das Gelernte zu verstehen und im t\u00e4glichen Leben anzuwenden.<\/li>\n<li>Soziale Integration, Teilnahme, Zugeh\u00f6rigkeitsgef\u00fchl, Solidarit\u00e4t.<\/li>\n<li>Kommunikation, Fertigkeiten im Umgang mit der Mehrsprachigkeit.<\/li>\n<li>Entwicklung von Kreativit\u00e4t.<\/li>\n<li>Entwicklung von moralischem Handeln<\/li>\n<\/ul>\n                <\/div> \n            <\/div>       \n            \n            <\/div>\n\n<script>\nvar acc = document.getElementsByClassName(\"accordion-btn\");\nvar i;\n\nfor (i = 0; i < acc.length; i++) {\n  acc[i].addEventListener(\"click\", function() {\n    this.classList.toggle(\"active\");\n    var panel = this.nextElementSibling;\n    if (panel.style.maxHeight) {\n      panel.style.maxHeight = null;\n    } else {\n      panel.style.maxHeight = panel.scrollHeight + \"px\";\n    } \n  });\n}\n<\/script><\/div>\n<\/div>\n\n\n\n<div style=\"height:80px\" aria-hidden=\"true\" class=\"wp-block-spacer\"><\/div>\n\n\n\n<div class=\"wp-block-columns is-layout-flex wp-container-core-columns-is-layout-9d6595d7 wp-block-columns-is-layout-flex\">\n<div class=\"wp-block-column is-layout-flow wp-block-column-is-layout-flow\" style=\"flex-basis:4.3%\"><\/div>\n\n\n\n<div class=\"wp-block-column is-layout-flow wp-block-column-is-layout-flow\">\n<h2 class=\"wp-block-heading\"><strong>Die Werte der Deutschen Schule von Zaragoza:<\/strong><\/h2>\n<\/div>\n\n\n\n<div class=\"wp-block-column is-layout-flow wp-block-column-is-layout-flow\"><\/div>\n<\/div>\n\n\n\n<div class=\"wp-block-columns is-layout-flex wp-container-core-columns-is-layout-9d6595d7 wp-block-columns-is-layout-flex\">\n<div class=\"wp-block-column is-layout-flow wp-block-column-is-layout-flow\" style=\"flex-basis:4.3%\"><\/div>\n\n\n\n<div class=\"wp-block-column is-layout-flow wp-block-column-is-layout-flow\">\n<ul class=\"wp-block-list\">\n<li><strong>Respekt<\/strong> vor sich selbst und vor anderen. Dieser Respekt erstreckt sich ebenfalls auf alle Einrichtungen sowie auf materielle und immaterielle Gegenst\u00e4nde. Unter Respekt verstehen wir, dass man Autorit\u00e4ten anerkennt, Regeln einh\u00e4lt und Grenzen akzeptiert. Dass man tolerant gegen\u00fcber denjenigen ist, die anders sind, und dass man die Vielfalt an Ideen, Meinungen und Lebensweisen akzeptiert.<\/li>\n\n\n\n<li><strong>M\u00fche und Anstrengung:<\/strong> Darunter verstehen wir die F\u00e4higkeit, Schwierigkeiten zu meistern und unsere Ziele zu erreichen. Beides steht in engem Zusammenhang mit Ausdauer und Disziplin. Die besten Mittel, damit jeder Einzelne die von ihm angestrebten Ziele erreicht.<\/li>\n\n\n\n<li><strong>Integrit\u00e4t<\/strong>, Aufrichtigkeit und Gro\u00dfz\u00fcgigkeit sind grundlegende Voraussetzungen f\u00fcr menschliche Beziehungen, Freundschaft und das Leben in einer Gemeinschaft\/Gesellschaft.<\/li>\n<\/ul>\n<\/div>\n\n\n\n<div class=\"wp-block-column is-layout-flow wp-block-column-is-layout-flow\">\n<ul class=\"wp-block-list\">\n<li><strong>Verantwortung<\/strong>: Verantwortungsbewusstsein ist die F\u00e4higkeit, die Konsequenzen einer Handlung oder Entscheidung zu tragen und zu akzeptieren.<\/li>\n\n\n\n<li><strong>Unternehmergeist<\/strong>: Wir m\u00f6chten erreichen, dass unsere Sch\u00fclerinnen und Sch\u00fcler in der Lage sind, nach neuen, bis jetzt unbekannten Ideen zur L\u00f6sung von Konflikten zu suchen.<\/li>\n\n\n\n<li><strong>Die Achtung der W\u00fcrde und der Privatsph\u00e4re<\/strong> der Menschen, die Bek\u00e4mpfung jeglicher Art von Diskriminierung, die F\u00f6rderung der Gleichstellung von M\u00e4nnern und Frauen, die Gew\u00e4hrleistung von Gesundheit und Sicherheit sowie das Recht auf k\u00f6rperliche und geistige Unversehrtheit sind Grundrechte aller Mitglieder der Deutschen Schule, die der Kulturverein der Deutschen Schule zu gew\u00e4hrleisten hat.<\/li>\n<\/ul>\n<\/div>\n<\/div>\n\n\n\n<div style=\"height:80px\" aria-hidden=\"true\" class=\"wp-block-spacer\"><\/div>\n\n\n\n<div class=\"wp-block-columns is-layout-flex wp-container-core-columns-is-layout-9d6595d7 wp-block-columns-is-layout-flex\">\n<div class=\"wp-block-column is-vertically-aligned-top dnone-tablet is-layout-flow wp-block-column-is-layout-flow\" style=\"flex-basis:4.3%\"><\/div>\n\n\n\n<div class=\"wp-block-column is-layout-flow wp-block-column-is-layout-flow\">\n<h2 class=\"has-text-align-center wp-block-heading\">Noticias relacionadas<\/h2>\n\n\n\n<div class=\"wp-block-query is-layout-flow wp-block-query-is-layout-flow\">\n\n<div class=\"wp-block-query-no-results\">\n\n<p><\/p>\n\n<\/div><\/div>\n<\/div>\n<\/div>\n","protected":false},"excerpt":{"rendered":"<p>Deutsche Schule Die Deutsche Schule ist eine nicht subventionierte weltliche Privatschule in Zaragoza. Auf die Schule gehen etwa 625 Sch\u00fcler im Alter von 2 bis 18 Jahren, die sich auf die verschiedenen Schulstufen verteilen: Kindergarten, Grundschule, Sekundarbereich I und Sekundarbereich II. Die Schule befindet sich in einem Wohngebiet und wird von dem gemeinn\u00fctzigen Kulturverein der [&hellip;]<\/p>\n","protected":false},"author":1,"featured_media":24090,"parent":0,"menu_order":0,"comment_status":"closed","ping_status":"closed","template":"","meta":{"_acf_changed":false,"inline_featured_image":false,"footnotes":""},"class_list":["post-24621","page","type-page","status-publish","has-post-thumbnail","hentry"],"acf":[],"_links":{"self":[{"href":"https:\/\/colegioaleman.com\/de\/wp-json\/wp\/v2\/pages\/24621","targetHints":{"allow":["GET"]}}],"collection":[{"href":"https:\/\/colegioaleman.com\/de\/wp-json\/wp\/v2\/pages"}],"about":[{"href":"https:\/\/colegioaleman.com\/de\/wp-json\/wp\/v2\/types\/page"}],"author":[{"embeddable":true,"href":"https:\/\/colegioaleman.com\/de\/wp-json\/wp\/v2\/users\/1"}],"replies":[{"embeddable":true,"href":"https:\/\/colegioaleman.com\/de\/wp-json\/wp\/v2\/comments?post=24621"}],"version-history":[{"count":4,"href":"https:\/\/colegioaleman.com\/de\/wp-json\/wp\/v2\/pages\/24621\/revisions"}],"predecessor-version":[{"id":30756,"href":"https:\/\/colegioaleman.com\/de\/wp-json\/wp\/v2\/pages\/24621\/revisions\/30756"}],"wp:featuredmedia":[{"embeddable":true,"href":"https:\/\/colegioaleman.com\/de\/wp-json\/wp\/v2\/media\/24090"}],"wp:attachment":[{"href":"https:\/\/colegioaleman.com\/de\/wp-json\/wp\/v2\/media?parent=24621"}],"curies":[{"name":"wp","href":"https:\/\/api.w.org\/{rel}","templated":true}]}}