{"id":24623,"date":"2022-08-22T07:28:54","date_gmt":"2022-08-22T07:28:54","guid":{"rendered":"https:\/\/colegioaleman.com\/deutsche-schule\/historische-identitat\/"},"modified":"2022-11-22T16:05:29","modified_gmt":"2022-11-22T16:05:29","slug":"historische-identitat","status":"publish","type":"page","link":"https:\/\/colegioaleman.com\/de\/deutsche-schule\/historische-identitat\/","title":{"rendered":"Historische Identit\u00e4t"},"content":{"rendered":"\n<div style=\"height:80px\" aria-hidden=\"true\" class=\"wp-block-spacer\"><\/div>\n\n<div class=\"wp-block-columns alignfull is-layout-flex wp-container-core-columns-is-layout-9d6595d7 wp-block-columns-is-layout-flex\">\n<div class=\"wp-block-column is-layout-flow wp-block-column-is-layout-flow\" style=\"flex-basis:8.33%\"><\/div>\n\n\n\n<div class=\"wp-block-column pr-3 pl-3 is-layout-flow wp-block-column-is-layout-flow\">\n<p><strong>Identit\u00e4t der Schule<\/strong><\/p>\n\n\n\n<h2 class=\"wp-block-heading\"><strong>Unsere Geschichte<\/strong><\/h2>\n\n\n\n<p>Die <strong>Deutsche Schule<\/strong> wurde in den 1920er-Jahren von Bewohnern einer deutschen Kolonie in Afrika gegr\u00fcndet, die sich in Zaragoza niederlie\u00dfen und ihre Kinder auf Deutsch unterrichten wollten. Dazu wurde zun\u00e4chst ein Kindergarten eingerichtet, der es ihnen erm\u00f6glichte, ihre Sprache und Kultur zu bewahren.<\/p>\n\n\n\n<p>Im Laufe der Zeit <strong>wurde das Bildungsangebot erweitert<\/strong> und neben deutschen Kindern wurden auch Kinder einiger Familien aus Zaragoza, die sich f\u00fcr diese <strong>Schule und ihre Lehrmethoden<\/strong> interessierten, unterrichtet. Damit hatte der Integrationsprozess an der Schule begonnen. Sie war die <strong>erste koedukative Schule und die erste Schule mit Fremdsprachenunterricht in der Stadt<\/strong>. Die Schule unterlag jahrelang der deutschen Regierung. W\u00e4hrend des zweiten Weltkriegs wurde die Schule jedoch geschlossen.<\/p>\n<\/div>\n\n\n\n<div class=\"wp-block-column is-layout-flow wp-block-column-is-layout-flow\" style=\"flex-basis:44.6%\"><div class=\"wp-block-image\">\n<figure class=\"alignright size-full\"><img decoding=\"async\" src=\"https:\/\/colegioaleman.com\/wp-content\/uploads\/2022\/09\/identidad-historica-hero-siblings.jpg\" alt=\"Fassade der Deutschen Schule von Zaragoza\" class=\"wp-image-22751\"\/><\/figure>\n<\/div><\/div>\n<\/div>\n\n<div style=\"height:80px\" aria-hidden=\"true\" class=\"wp-block-spacer dnone-mobile\"><\/div>\n\n<div class=\"wp-block-columns are-vertically-aligned-top is-layout-flex wp-container-core-columns-is-layout-9d6595d7 wp-block-columns-is-layout-flex\">\n<div class=\"wp-block-column is-vertically-aligned-top dnone-mobile is-layout-flow wp-block-column-is-layout-flow\" style=\"flex-basis:4.33%\"><\/div>\n\n\n\n<div class=\"wp-block-column is-vertically-aligned-top is-layout-flow wp-block-column-is-layout-flow\">\n<h2 class=\"wp-block-heading\">Die Anf\u00e4nge der Deutschen Schule von Zaragoza<\/h2>\n<\/div>\n\n\n\n<div class=\"wp-block-column is-vertically-aligned-top is-layout-flow wp-block-column-is-layout-flow\" style=\"flex-basis:60%\">\n<p>Im Jahr 1956 wurde in Zaragoza eine neue deutsche Schule gegr\u00fcndet. Das gesamte Personal der neuen Schule kam aus Deutschland: Die Schulleiterin und die Erzieherinnen des Kindergartens waren deutsche Staatsb\u00fcrger.<\/p>\n\n\n\n<p>Im Schuljahr 1960\/61 fiel die Schule nicht mehr unter die Schirmherrschaft der deutschen Regierung und erhielt somit auch keine Subventionen mehr. Bis dato legten die Sch\u00fcler und Sch\u00fclerinnen das deutsche Abitur ab, was die damaligen Eltern, die alle Spanier waren, nicht bef\u00fcrworteten. Die <strong>deutschen Lehrkr\u00e4fte<\/strong> kehrten nach Deutschland zur\u00fcck.<\/p>\n<\/div>\n<\/div>\n\n<div style=\"height:80px\" aria-hidden=\"true\" class=\"wp-block-spacer\"><\/div>\n\n<div class=\"wp-block-columns are-vertically-aligned-top is-layout-flex wp-container-core-columns-is-layout-9d6595d7 wp-block-columns-is-layout-flex\">\n<div class=\"wp-block-column is-vertically-aligned-top is-layout-flow wp-block-column-is-layout-flow\" style=\"flex-basis:4.33%\"><\/div>\n\n\n\n<div class=\"wp-block-column is-vertically-aligned-top is-layout-flow wp-block-column-is-layout-flow\" style=\"flex-basis:48.6%\">\n<h2 class=\"wp-block-heading\" id=\"en-primaria\">Der Vorstand<\/h2>\n\n\n\n<p>des Kulturvereins der Deutschen Schule konnte die deutsche Regierung dazu zu bewegen, die gesamte Ausstattung der Schule (Mobiliar, didaktisches Material usw.) zu spenden. So konnte die Schule weiter bestehen, und zwar mit all ihren Errungenschaften: <strong>das Lehren der deutschen Sprache in allen Schulstufen<\/strong>, <strong>Beibehaltung der p\u00e4dagogischen Grunds\u00e4tze und ein koedukativer und liberaler Erziehungsstil.<\/strong><\/p>\n\n\n\n<p>Neue <strong>Lehrkr\u00e4fte aus Deutschland<\/strong> wurden direkt vom Verein unter Vertrag genommen.<\/p>\n\n\n\n<p>Unter gro\u00dfer Anstrengung auf allen Ebenen wurde die <strong>Deutsche Schule<\/strong> immer gr\u00f6\u00dfer und verzeichnete einen Sch\u00fclerzuwachs, weshalb sie mehrmals den Standort wechselte: von dem Geb\u00e4ude in der Stra\u00dfe Calvo Sotelo 30 \u00fcber die R\u00e4umlichkeiten in der Stra\u00dfe Arzobispo Dom\u00e9nech bis hin zur Villa von Mar\u00edn y Yaseli (heute befindet sich hier die Schule Colegio Machado), bis sie sich in <strong>den Einrichtungen in der Urbanisation Torres de San Lamberto niederlie\u00df.<\/strong>.<\/p>\n<\/div>\n\n\n\n<div class=\"wp-block-column is-vertically-aligned-top is-layout-flow wp-block-column-is-layout-flow\">\n<figure class=\"wp-block-image size-full\"><img decoding=\"async\" src=\"https:\/\/colegioaleman.com\/wp-content\/uploads\/2022\/09\/img-hero-siblings-33-1.jpg\" alt=\"Klasse der deutschen Schule von Zaragoza\" class=\"wp-image-22752\"\/><\/figure>\n<\/div>\n<\/div>\n\n<div style=\"height:80px\" aria-hidden=\"true\" class=\"wp-block-spacer\"><\/div>\n\n<div class=\"wp-block-columns are-vertically-aligned-top is-layout-flex wp-container-core-columns-is-layout-9d6595d7 wp-block-columns-is-layout-flex\">\n<div class=\"wp-block-column is-vertically-aligned-top dnone-mobile is-layout-flow wp-block-column-is-layout-flow\" style=\"flex-basis:4.33%\"><\/div>\n\n\n\n<div class=\"wp-block-column is-vertically-aligned-top is-layout-flow wp-block-column-is-layout-flow\">\n<h2 class=\"wp-block-heading\">Der Kulturverein der Deutschen Schule<\/h2>\n<\/div>\n\n\n\n<div class=\"wp-block-column is-vertically-aligned-top is-layout-flow wp-block-column-is-layout-flow\" style=\"flex-basis:48.6%\">\n<p class=\"has-medium-font-size\">Der Verein wurde am 27. September 1956 gegr\u00fcndet und in das Register der Zivilverwaltung eingetragen. Satzungs\u00e4nderungen wurden in den Jahren 1974, 1992 und zuletzt im Jahr 2012 vorgenommen. Er wurde als gemeinn\u00fctziger Verein und zu folgenden Zwecken gegr\u00fcndet:<\/p>\n<\/div>\n<\/div>\n\n<div class=\"wp-block-columns are-vertically-aligned-top is-layout-flex wp-container-core-columns-is-layout-9d6595d7 wp-block-columns-is-layout-flex\">\n<div class=\"wp-block-column is-vertically-aligned-top is-layout-flow wp-block-column-is-layout-flow\" style=\"flex-basis:4.33%\"><\/div>\n\n\n\n<div class=\"wp-block-column is-vertically-aligned-top is-layout-flow wp-block-column-is-layout-flow\">\n<p class=\"has-secondary-color has-text-color has-large-font-size\"><strong>1<\/strong><\/p>\n\n\n\n<p>Die Unterhaltung, Verwaltung, Organisation und Leitung einer Bildungseinrichtung mit dem Namen Colegio Alem\u00e1n (Deutsche Schule), deren <strong>Bildungsprojekt und Lehrplan sich stark am Lehren der deutschen Sprache und dem Vermitteln der deutschen Kultur orientiert sind, und zwar f\u00fcr Jungen und M\u00e4dchen gleicherma\u00dfen.<\/strong><\/p>\n<\/div>\n\n\n\n<div class=\"wp-block-column is-vertically-aligned-top is-layout-flow wp-block-column-is-layout-flow\">\n<p class=\"has-secondary-color has-text-color has-large-font-size\"><strong>2<\/strong><\/p>\n\n\n\n<p>Die Verbreitung der <strong>deutschen Kultur und Sprache.<\/strong><br\/><\/p>\n<\/div>\n\n\n\n<div class=\"wp-block-column is-vertically-aligned-top is-layout-flow wp-block-column-is-layout-flow\">\n<p class=\"has-secondary-100-color has-text-color has-large-font-size\"><strong>3<\/strong><\/p>\n\n\n\n<p>Das F\u00f6rdern der V\u00f6lkerverst\u00e4ndigung und insbesondere das F\u00f6rdern der Europ\u00e4ischen Union sowie der Ausbau der kulturellen Beziehungen zwischen Spanien und Deutschland.<\/p>\n<\/div>\n<\/div>\n\n<div class=\"wp-block-columns are-vertically-aligned-top is-layout-flex wp-container-core-columns-is-layout-9d6595d7 wp-block-columns-is-layout-flex\">\n<div class=\"wp-block-column is-vertically-aligned-top is-layout-flow wp-block-column-is-layout-flow\" style=\"flex-basis:4.33%\"><\/div>\n\n\n\n<div class=\"wp-block-column is-vertically-aligned-top is-layout-flow wp-block-column-is-layout-flow\" style=\"flex-basis:41%\">\n<p>Im selben Jahr \u00f6ffnete der Kulturverein der Deutschen Schule seine T\u00fcren f\u00fcr alle Bewohner Zaragozas (ohne, dass sie Mitglied im Verein sein m\u00fcssen), die Interesse daran haben, die <strong>deutsche Sprache<\/strong> zu lernen oder ihre Kenntnisse zu verbessern.<\/p>\n<\/div>\n\n\n\n<div class=\"wp-block-column is-vertically-aligned-top is-layout-flow wp-block-column-is-layout-flow\" style=\"flex-basis:48.6%\">\n<p>Der Vorstand des Kulturvereins der Deutschen Schule verwaltet demnach die Deutsche Schule und die Akademie f\u00fcr Deutsch von Zaragoza.<\/p>\n<\/div>\n<\/div>\n\n<div style=\"height:80px\" aria-hidden=\"true\" class=\"wp-block-spacer\"><\/div>\n\n<div class=\"wp-block-group alignfull animate has-body-white-color has-primary-100-background-color has-text-color has-background\" id=\"cta-form\"><div class=\"wp-block-group__inner-container is-layout-flow wp-block-group-is-layout-flow\">\n<div class=\"wp-block-columns has-white-color has-text-color is-layout-flex wp-container-core-columns-is-layout-9d6595d7 wp-block-columns-is-layout-flex\">\n<div class=\"wp-block-column dnone-tablet is-layout-flow wp-block-column-is-layout-flow\" style=\"flex-basis:4.33%\"><\/div>\n\n\n\n<div class=\"wp-block-column is-layout-flow wp-block-column-is-layout-flow\">\n<p><strong>Anmeldung und neue Sch\u00fcler<\/strong><\/p>\n\n\n\n<h2 class=\"wp-block-heading has-body-white-color has-text-color\">M\u00f6chten Sie Teil unserer gro\u00dfen Familie werden?<\/h2>\n\n\n\n<p>Erkundigen Sie sich f\u00fcr das n\u00e4chste Schuljahr und sichern Sie sich einen Platz an unserer Schule. Vereinbaren Sie einen Besuch an unserer Schule, bei dem Sie die Einrichtungen sehen und ein Gespr\u00e4ch mit den Lehrkr\u00e4ften f\u00fchren k\u00f6nnen.<\/p>\n<\/div>\n\n\n\n<div class=\"wp-block-column is-vertically-aligned-center is-layout-flow wp-block-column-is-layout-flow\" style=\"flex-basis:48.6%\"><div class=\"wp-block-image\">\n<figure class=\"aligncenter size-full\"><img decoding=\"async\" width=\"108\" height=\"78\" src=\"https:\/\/colegioaleman.com\/wp-content\/uploads\/2022\/07\/Isotipo.png\" alt=\"Deutsche Schule\" class=\"wp-image-19\"\/><\/figure>\n<\/div>\n\n\n<div class=\"wp-block-buttons is-content-justification-center is-layout-flex wp-container-core-buttons-is-layout-16018d1d wp-block-buttons-is-layout-flex\">\n<div class=\"wp-block-button is-style-outline is-style-outline--1\"><a class=\"wp-block-button__link wp-element-button\" href=\"https:\/\/colegioaleman.com\/de\/anmeldung\/informationsformular\/\" style=\"border-radius:100px\" target=\"_blank\" rel=\"noreferrer noopener\">Gehen Sie zum Informationsformular<\/a><\/div>\n<\/div>\n<\/div>\n<\/div>\n<\/div><\/div>\n\n<div style=\"height:80px\" aria-hidden=\"true\" class=\"wp-block-spacer\"><\/div>\n\n<div class=\"wp-block-columns is-layout-flex wp-container-core-columns-is-layout-9d6595d7 wp-block-columns-is-layout-flex\">\n<div class=\"wp-block-column is-vertically-aligned-top dnone-tablet is-layout-flow wp-block-column-is-layout-flow\" style=\"flex-basis:4.3%\"><\/div>\n\n\n\n<div class=\"wp-block-column is-layout-flow wp-block-column-is-layout-flow\">\n<h2 class=\"has-text-align-center wp-block-heading\">Noticias relacionadas<\/h2>\n\n\n\n<div class=\"wp-block-query is-layout-flow wp-block-query-is-layout-flow\">\n\n<div class=\"wp-block-query-no-results\">\n\n<p><\/p>\n\n<\/div><\/div>\n<\/div>\n<\/div>\n","protected":false},"excerpt":{"rendered":"<p>Identit\u00e4t der Schule Unsere Geschichte Die Deutsche Schule wurde in den 1920er-Jahren von Bewohnern einer deutschen Kolonie in Afrika gegr\u00fcndet, die sich in Zaragoza niederlie\u00dfen und ihre Kinder auf Deutsch unterrichten wollten. Dazu wurde zun\u00e4chst ein Kindergarten eingerichtet, der es ihnen erm\u00f6glichte, ihre Sprache und Kultur zu bewahren. Im Laufe der Zeit wurde das Bildungsangebot [&hellip;]<\/p>\n","protected":false},"author":1,"featured_media":0,"parent":24621,"menu_order":0,"comment_status":"closed","ping_status":"closed","template":"","meta":{"_acf_changed":false,"inline_featured_image":false,"footnotes":""},"class_list":["post-24623","page","type-page","status-publish","hentry"],"acf":[],"_links":{"self":[{"href":"https:\/\/colegioaleman.com\/de\/wp-json\/wp\/v2\/pages\/24623","targetHints":{"allow":["GET"]}}],"collection":[{"href":"https:\/\/colegioaleman.com\/de\/wp-json\/wp\/v2\/pages"}],"about":[{"href":"https:\/\/colegioaleman.com\/de\/wp-json\/wp\/v2\/types\/page"}],"author":[{"embeddable":true,"href":"https:\/\/colegioaleman.com\/de\/wp-json\/wp\/v2\/users\/1"}],"replies":[{"embeddable":true,"href":"https:\/\/colegioaleman.com\/de\/wp-json\/wp\/v2\/comments?post=24623"}],"version-history":[{"count":4,"href":"https:\/\/colegioaleman.com\/de\/wp-json\/wp\/v2\/pages\/24623\/revisions"}],"predecessor-version":[{"id":24722,"href":"https:\/\/colegioaleman.com\/de\/wp-json\/wp\/v2\/pages\/24623\/revisions\/24722"}],"up":[{"embeddable":true,"href":"https:\/\/colegioaleman.com\/de\/wp-json\/wp\/v2\/pages\/24621"}],"wp:attachment":[{"href":"https:\/\/colegioaleman.com\/de\/wp-json\/wp\/v2\/media?parent=24623"}],"curies":[{"name":"wp","href":"https:\/\/api.w.org\/{rel}","templated":true}]}}