{"id":24629,"date":"2022-08-22T07:30:09","date_gmt":"2022-08-22T07:30:09","guid":{"rendered":"https:\/\/colegioaleman.com\/deutsche-schule\/mitarbeiter-der-schule\/"},"modified":"2026-01-07T15:25:31","modified_gmt":"2026-01-07T15:25:31","slug":"mitarbeiter-der-schule","status":"publish","type":"page","link":"https:\/\/colegioaleman.com\/de\/deutsche-schule\/mitarbeiter-der-schule\/","title":{"rendered":"Mitarbeiter der schule"},"content":{"rendered":"\n<div style=\"height:80px\" aria-hidden=\"true\" class=\"wp-block-spacer\"><\/div>\n\n\n\n<div class=\"wp-block-columns is-layout-flex wp-container-core-columns-is-layout-9d6595d7 wp-block-columns-is-layout-flex\">\n<div class=\"wp-block-column dnone-tablet is-layout-flow wp-block-column-is-layout-flow\" style=\"flex-basis:4.3%\"><\/div>\n\n\n\n<div class=\"wp-block-column is-layout-flow wp-block-column-is-layout-flow\">\n<h2 class=\"wp-block-heading\" style=\"font-size:16px\"><strong>Mitarbeiter der deutschen Schule von Zaragoza<\/strong><\/h2>\n\n\n\n<h2 class=\"wp-block-heading has-body-main-color has-text-color\">Das Erfolgsgeheimnis unserer Schule liegt im Engagement aller unserer Mitarbeiter.<\/h2>\n\n\n\n<p>Die Deutsche Schule setzt auf ein Bildungsmodell, bei dem ein Fachkr\u00e4fteteam die Sch\u00fcler w\u00e4hrend ihrer gesamten schulischen Laufbahn begleitet und ihnen beratend zur Seite steht, um ihre Selbstst\u00e4ndigkeit zu f\u00f6rdern.<\/p>\n<\/div>\n\n\n\n<div class=\"wp-block-column is-layout-flow wp-block-column-is-layout-flow\">\n<blockquote class=\"wp-block-quote is-layout-flow wp-block-quote-is-layout-flow\">\n<p>\u201eTeamgeist verleiht jedem Einzelnen die Kraft, der es bedarf, um gemeinsam erfolgreich zu sein\u201c.<\/p>\n<cite>Lailah Gifty Akita<\/cite><\/blockquote>\n<\/div>\n<\/div>\n\n\n\n<div style=\"height:80px\" aria-hidden=\"true\" class=\"wp-block-spacer\"><\/div>\n\n\n\n<div class=\"wp-block-columns is-layout-flex wp-container-core-columns-is-layout-9d6595d7 wp-block-columns-is-layout-flex\">\n<div class=\"wp-block-column dnone-tablet is-layout-flow wp-block-column-is-layout-flow\" style=\"flex-basis:4.3%\"><\/div>\n\n\n\n<div class=\"wp-block-column is-layout-flow wp-block-column-is-layout-flow\">\n<h3 class=\"wp-block-heading has-text-align-center\">Leitungsteam<\/h3>\n<\/div>\n<\/div>\n\n\n\n<div class=\"wp-block-columns is-layout-flex wp-container-core-columns-is-layout-9d6595d7 wp-block-columns-is-layout-flex\">\n<div class=\"wp-block-column dnone-tablet is-layout-flow wp-block-column-is-layout-flow\" style=\"flex-basis:4.3%\"><\/div>\n\n\n\n<div class=\"wp-block-column has-primary-100-color has-secondary-20-background-color has-text-color has-background is-layout-flow wp-block-column-is-layout-flow\">\n<h3 class=\"wp-block-heading\">Leticia Tocado<\/h3>\n\n\n\n<p>Schulleiterin<\/p>\n\n\n\n<p>Koordination Mittel- und Oberstufe (10-12)\u00a0 \u00a0<\/p>\n<\/div>\n\n\n\n<div class=\"wp-block-column has-primary-100-color has-secondary-20-background-color has-text-color has-background is-layout-flow wp-block-column-is-layout-flow\">\n<h3 class=\"wp-block-heading\">Mar\u00eda Rubio<\/h3>\n\n\n\n<p>Schulleiterin<\/p>\n\n\n\n<p>Leitung Grundschule<\/p>\n<\/div>\n<\/div>\n\n\n\n<div class=\"wp-block-columns is-layout-flex wp-container-core-columns-is-layout-9d6595d7 wp-block-columns-is-layout-flex\">\n<div class=\"wp-block-column dnone-tablet is-layout-flow wp-block-column-is-layout-flow\" style=\"flex-basis:4.3%\"><\/div>\n\n\n\n<div class=\"wp-block-column has-primary-100-color has-secondary-20-background-color has-text-color has-background is-layout-flow wp-block-column-is-layout-flow\">\n<h3 class=\"wp-block-heading\">Diego&nbsp;Corraliza<\/h3>\n\n\n\n<p>Studienleiter<\/p>\n<\/div>\n<\/div>\n\n\n\n<div class=\"wp-block-columns is-layout-flex wp-container-core-columns-is-layout-9d6595d7 wp-block-columns-is-layout-flex\">\n<div class=\"wp-block-column dnone-tablet is-layout-flow wp-block-column-is-layout-flow\" style=\"flex-basis:4.3%\"><\/div>\n\n\n\n<div class=\"wp-block-column has-primary-100-color has-secondary-20-background-color has-text-color has-background is-layout-flow wp-block-column-is-layout-flow\">\n<h3 class=\"wp-block-heading\">Laura Bad\u00eda<\/h3>\n\n\n\n<p>Koordination Mittelstufe&nbsp; (7- 9)<\/p>\n<\/div>\n\n\n\n<div class=\"wp-block-column has-primary-100-color has-secondary-20-background-color has-text-color has-background is-layout-flow wp-block-column-is-layout-flow\">\n<h3 class=\"wp-block-heading\">Rodrigo Pascual<\/h3>\n\n\n\n<p>Leitung Kindergarten\u00a0\u00a0<\/p>\n<\/div>\n\n\n\n<div class=\"wp-block-column has-primary-100-color has-secondary-20-background-color has-text-color has-background is-layout-flow wp-block-column-is-layout-flow\">\n<h3 class=\"wp-block-heading\">Fabian Rachid<\/h3>\n\n\n\n<p>Fachleiterin Deutsch&nbsp;<\/p>\n<\/div>\n<\/div>\n\n\n\n<div class=\"wp-block-columns is-layout-flex wp-container-core-columns-is-layout-9d6595d7 wp-block-columns-is-layout-flex\">\n<div class=\"wp-block-column dnone-tablet is-layout-flow wp-block-column-is-layout-flow\" style=\"flex-basis:4.3%\"><\/div>\n\n\n\n<div class=\"wp-block-column dnone-mobile has-body-white-background-color has-background is-layout-flow wp-block-column-is-layout-flow\"><\/div>\n<\/div>\n\n\n\n<div style=\"height:80px\" aria-hidden=\"true\" class=\"wp-block-spacer\"><\/div>\n\n\n\n<div class=\"wp-block-columns is-layout-flex wp-container-core-columns-is-layout-9d6595d7 wp-block-columns-is-layout-flex\">\n<div class=\"wp-block-column dnone-tablet is-layout-flow wp-block-column-is-layout-flow\" style=\"flex-basis:4.3%\"><\/div>\n<\/div>\n\n\n\n<div class=\"wp-block-columns is-layout-flex wp-container-core-columns-is-layout-9d6595d7 wp-block-columns-is-layout-flex\">\n<div class=\"wp-block-column dnone-tablet is-layout-flow wp-block-column-is-layout-flow\" style=\"flex-basis:4.3%\"><\/div>\n\n\n\n<div class=\"wp-block-column is-layout-flow wp-block-column-is-layout-flow\">\n<h3 class=\"wp-block-heading has-text-align-center\"><strong>Nichtlehrendes Personal<\/strong><\/h3>\n<\/div>\n<\/div>\n\n\n\n<div class=\"wp-block-group\"><div class=\"wp-block-group__inner-container is-layout-flow wp-block-group-is-layout-flow\">\n<div class=\"wp-block-columns is-layout-flex wp-container-core-columns-is-layout-9d6595d7 wp-block-columns-is-layout-flex\">\n<div class=\"wp-block-column dnone-tablet is-layout-flow wp-block-column-is-layout-flow\" style=\"flex-basis:4.3%\"><\/div>\n\n\n\n<div class=\"wp-block-column has-primary-100-color has-primary-10-background-color has-text-color has-background is-layout-flow wp-block-column-is-layout-flow\">\n<p class=\"has-medium-font-size\"><strong>Silvia Galuchino<\/strong><\/p>\n\n\n\n<p>Gesch\u00e4ftsleiterin<\/p>\n<\/div>\n<\/div>\n\n\n\n<div class=\"wp-block-columns is-layout-flex wp-container-core-columns-is-layout-9d6595d7 wp-block-columns-is-layout-flex\">\n<div class=\"wp-block-column dnone-tablet is-layout-flow wp-block-column-is-layout-flow\" style=\"flex-basis:4.3%\"><\/div>\n\n\n\n<div class=\"wp-block-column has-primary-100-color has-primary-10-background-color has-text-color has-background is-layout-flow wp-block-column-is-layout-flow\">\n<p class=\"has-medium-font-size\"><strong>Javier Vic\u00e9n<\/strong><\/p>\n\n\n\n<p>Rechnungsf\u00fchrung<\/p>\n<\/div>\n\n\n\n<div class=\"wp-block-column has-primary-100-color has-primary-10-background-color has-text-color has-background is-layout-flow wp-block-column-is-layout-flow\">\n<p class=\"has-medium-font-size\"><strong>Ana Aguirre<\/strong><\/p>\n\n\n\n<p>Kommunikation und Marketing<\/p>\n<\/div>\n\n\n\n<div class=\"wp-block-column has-primary-100-color has-primary-10-background-color has-text-color has-background is-layout-flow wp-block-column-is-layout-flow\">\n<p class=\"has-medium-font-size\"><strong>Astrid Bracher<\/strong><\/p>\n\n\n\n<p>Sekret\u00e4rin der Direktorin<\/p>\n<\/div>\n<\/div>\n<\/div><\/div>\n\n\n\n<div style=\"height:32px\" aria-hidden=\"true\" class=\"wp-block-spacer\"><\/div>\n\n\n\n<div class=\"wp-block-columns is-layout-flex wp-container-core-columns-is-layout-9d6595d7 wp-block-columns-is-layout-flex\">\n<div class=\"wp-block-column dnone-tablet is-layout-flow wp-block-column-is-layout-flow\" style=\"flex-basis:4.3%\"><\/div>\n\n\n\n<div class=\"wp-block-column has-primary-100-color has-primary-10-background-color has-text-color has-background is-layout-flow wp-block-column-is-layout-flow\">\n<p class=\"has-medium-font-size\"><strong>Susana P\u00e9rez<\/strong><\/p>\n\n\n\n<p>Verwaltungssekret\u00e4rin<\/p>\n<\/div>\n\n\n\n<div class=\"wp-block-column has-primary-100-color has-primary-10-background-color has-text-color has-background is-layout-flow wp-block-column-is-layout-flow\">\n<p class=\"has-medium-font-size\"><strong>Vicente Rubio<\/strong><\/p>\n\n\n\n<p>Hausmeistert\u00e4tigkeiten<\/p>\n<\/div>\n\n\n\n<div class=\"wp-block-column has-primary-100-color has-primary-10-background-color has-text-color has-background is-layout-flow wp-block-column-is-layout-flow\">\n<p class=\"has-medium-font-size\"><strong>David Morel<\/strong><\/p>\n\n\n\n<p>Computerwartung<\/p>\n<\/div>\n\n\n\n<div class=\"wp-block-column has-primary-100-color has-primary-10-background-color has-text-color has-background is-layout-flow wp-block-column-is-layout-flow\">\n<p class=\"has-medium-font-size\"><strong>Merche Pasamar<\/strong><\/p>\n\n\n\n<p>Kindergarten, Mensa, Schulbus<\/p>\n<\/div>\n<\/div>\n\n\n\n<div style=\"height:80px\" aria-hidden=\"true\" class=\"wp-block-spacer\"><\/div>\n\n\n\n<div class=\"wp-block-group alignfull animate has-body-white-color has-primary-100-background-color has-text-color has-background\" id=\"cta-form\"><div class=\"wp-block-group__inner-container is-layout-flow wp-block-group-is-layout-flow\">\n<div class=\"wp-block-columns has-white-color has-text-color is-layout-flex wp-container-core-columns-is-layout-9d6595d7 wp-block-columns-is-layout-flex\">\n<div class=\"wp-block-column dnone-tablet is-layout-flow wp-block-column-is-layout-flow\" style=\"flex-basis:4.33%\"><\/div>\n\n\n\n<div class=\"wp-block-column is-layout-flow wp-block-column-is-layout-flow\">\n<p><strong>Anmeldung und neue Sch\u00fcler<\/strong><\/p>\n\n\n\n<h2 class=\"wp-block-heading has-body-white-color has-text-color\">M\u00f6chten Sie Teil unserer gro\u00dfen Familie werden?<\/h2>\n\n\n\n<p>Erkundigen Sie sich f\u00fcr das n\u00e4chste Schuljahr und sichern Sie sich einen Platz an unserer Schule. Vereinbaren Sie einen Besuch an unserer Schule, bei dem Sie die Einrichtungen sehen und ein Gespr\u00e4ch mit den Lehrkr\u00e4ften f\u00fchren k\u00f6nnen.<\/p>\n<\/div>\n\n\n\n<div class=\"wp-block-column is-vertically-aligned-center is-layout-flow wp-block-column-is-layout-flow\" style=\"flex-basis:48.6%\"><div class=\"wp-block-image\">\n<figure class=\"aligncenter size-full\"><img decoding=\"async\" width=\"108\" height=\"78\" src=\"https:\/\/colegioaleman.com\/wp-content\/uploads\/2022\/07\/Isotipo.png\" alt=\"Deutsche Schule\" class=\"wp-image-19\"\/><\/figure>\n<\/div>\n\n\n<div class=\"wp-block-buttons is-content-justification-center is-layout-flex wp-container-core-buttons-is-layout-16018d1d wp-block-buttons-is-layout-flex\">\n<div class=\"wp-block-button is-style-outline is-style-outline--1\"><a class=\"wp-block-button__link wp-element-button\" href=\"https:\/\/colegioaleman.com\/de\/anmeldung\/informationsformular\/\" style=\"border-radius:100px\" target=\"_blank\" rel=\"noreferrer noopener\">Gehen Sie zum Informationsformular<\/a><\/div>\n<\/div>\n<\/div>\n<\/div>\n<\/div><\/div>\n\n\n\n<div style=\"height:80px\" aria-hidden=\"true\" class=\"wp-block-spacer\"><\/div>\n\n\n\n<div class=\"wp-block-columns is-layout-flex wp-container-core-columns-is-layout-9d6595d7 wp-block-columns-is-layout-flex\">\n<div class=\"wp-block-column is-vertically-aligned-top dnone-tablet is-layout-flow wp-block-column-is-layout-flow\" style=\"flex-basis:4.3%\"><\/div>\n\n\n\n<div class=\"wp-block-column is-layout-flow wp-block-column-is-layout-flow\">\n<h2 class=\"has-text-align-center wp-block-heading\">Noticias relacionadas<\/h2>\n\n\n\n<div class=\"wp-block-query is-layout-flow wp-block-query-is-layout-flow\">\n\n<div class=\"wp-block-query-no-results\">\n\n<p><\/p>\n\n<\/div><\/div>\n<\/div>\n<\/div>\n","protected":false},"excerpt":{"rendered":"<p>Mitarbeiter der deutschen Schule von Zaragoza Das Erfolgsgeheimnis unserer Schule liegt im Engagement aller unserer Mitarbeiter. Die Deutsche Schule setzt auf ein Bildungsmodell, bei dem ein Fachkr\u00e4fteteam die Sch\u00fcler w\u00e4hrend ihrer gesamten schulischen Laufbahn begleitet und ihnen beratend zur Seite steht, um ihre Selbstst\u00e4ndigkeit zu f\u00f6rdern. \u201eTeamgeist verleiht jedem Einzelnen die Kraft, der es bedarf, [&hellip;]<\/p>\n","protected":false},"author":1,"featured_media":0,"parent":24621,"menu_order":0,"comment_status":"closed","ping_status":"closed","template":"","meta":{"_acf_changed":false,"inline_featured_image":false,"footnotes":""},"class_list":["post-24629","page","type-page","status-publish","hentry"],"acf":[],"_links":{"self":[{"href":"https:\/\/colegioaleman.com\/de\/wp-json\/wp\/v2\/pages\/24629","targetHints":{"allow":["GET"]}}],"collection":[{"href":"https:\/\/colegioaleman.com\/de\/wp-json\/wp\/v2\/pages"}],"about":[{"href":"https:\/\/colegioaleman.com\/de\/wp-json\/wp\/v2\/types\/page"}],"author":[{"embeddable":true,"href":"https:\/\/colegioaleman.com\/de\/wp-json\/wp\/v2\/users\/1"}],"replies":[{"embeddable":true,"href":"https:\/\/colegioaleman.com\/de\/wp-json\/wp\/v2\/comments?post=24629"}],"version-history":[{"count":21,"href":"https:\/\/colegioaleman.com\/de\/wp-json\/wp\/v2\/pages\/24629\/revisions"}],"predecessor-version":[{"id":45955,"href":"https:\/\/colegioaleman.com\/de\/wp-json\/wp\/v2\/pages\/24629\/revisions\/45955"}],"up":[{"embeddable":true,"href":"https:\/\/colegioaleman.com\/de\/wp-json\/wp\/v2\/pages\/24621"}],"wp:attachment":[{"href":"https:\/\/colegioaleman.com\/de\/wp-json\/wp\/v2\/media?parent=24629"}],"curies":[{"name":"wp","href":"https:\/\/api.w.org\/{rel}","templated":true}]}}