{"id":24631,"date":"2022-08-22T07:30:34","date_gmt":"2022-08-22T07:30:34","guid":{"rendered":"https:\/\/colegioaleman.com\/deutsche-schule\/qualitatsrichtlinien\/"},"modified":"2025-03-19T09:01:15","modified_gmt":"2025-03-19T09:01:15","slug":"qualitatsrichtlinien","status":"publish","type":"page","link":"https:\/\/colegioaleman.com\/de\/deutsche-schule\/qualitatsrichtlinien\/","title":{"rendered":"Qualit\u00e4tsrichtlinien"},"content":{"rendered":"\n<div style=\"height:80px\" aria-hidden=\"true\" class=\"wp-block-spacer\"><\/div>\n\n\n\n<div class=\"wp-block-columns alignfull is-layout-flex wp-container-core-columns-is-layout-9d6595d7 wp-block-columns-is-layout-flex\">\n<div class=\"wp-block-column is-layout-flow wp-block-column-is-layout-flow\" style=\"flex-basis:8.33%\"><\/div>\n\n\n\n<div class=\"wp-block-column  pr-3 pl-3 is-layout-flow wp-block-column-is-layout-flow\">\n<p><strong>Qualit\u00e4tsrichtlinien<\/strong><\/p>\n\n\n\n<h2 class=\"wp-block-heading\">Qualit\u00e4t als Philosophie des Handelns<\/h2>\n\n\n\n<p>Die Deutsche Schule San Alberto Magno definiert <strong>Qualit\u00e4t als grundlegenden Bestandteil ihrer Richtlinien und Strategien<\/strong> und hat daher qualit\u00e4tsorientierte Managementsysteme zur Verwaltung der Einrichtung eingef\u00fchrt, vor allem in der Norm<\/p>\n\n\n\n<div class=\"wp-block-buttons is-layout-flex wp-block-buttons-is-layout-flex\">\n<div class=\"wp-block-button is-style-theme-link\"><a class=\"wp-block-button__link wp-element-button\" href=\"https:\/\/colegioaleman.com\/wp-content\/uploads\/2025\/03\/Politica-de-Calidad-Colegio-Aleman-Zaragoza.pdf\"><strong>Qualit\u00e4tsrichtlinien<\/strong><\/a><\/div>\n<\/div>\n\n\n\n<div style=\"height:40px\" aria-hidden=\"true\" class=\"wp-block-spacer\"><\/div>\n\n\n\n<figure class=\"wp-block-gallery aligncenter has-nested-images columns-3 wp-block-gallery-1 is-layout-flex wp-block-gallery-is-layout-flex\">\n<figure class=\"wp-block-image size-full\"><img decoding=\"async\" width=\"100\" height=\"100\" data-id=\"26299\" src=\"https:\/\/colegioaleman.com\/wp-content\/uploads\/2023\/03\/RSA-COLEGIO-ALEMAN.png\" alt=\"\" class=\"wp-image-26299\" srcset=\"https:\/\/colegioaleman.com\/wp-content\/uploads\/2023\/03\/RSA-COLEGIO-ALEMAN.png 100w, https:\/\/colegioaleman.com\/wp-content\/uploads\/2023\/03\/RSA-COLEGIO-ALEMAN-80x80.png 80w\" sizes=\"(max-width: 100px) 100vw, 100px\" \/><\/figure>\n\n\n\n<figure class=\"wp-block-image size-full\"><img decoding=\"async\" width=\"144\" height=\"49\" data-id=\"23168\" src=\"https:\/\/colegioaleman.com\/wp-content\/uploads\/2022\/09\/WWUMuenster_Logo_2017_4c.jpg\" alt=\"\" class=\"wp-image-23168\"\/><\/figure>\n\n\n\n<figure class=\"wp-block-image size-full\"><img decoding=\"async\" width=\"200\" height=\"49\" data-id=\"23173\" src=\"https:\/\/colegioaleman.com\/wp-content\/uploads\/2022\/09\/Colegio-Aleman-cert-erasmus.png\" alt=\"\" class=\"wp-image-23173\"\/><\/figure>\n\n\n\n<figure class=\"wp-block-image size-full\"><img loading=\"lazy\" decoding=\"async\" width=\"80\" height=\"80\" data-id=\"23170\" src=\"https:\/\/colegioaleman.com\/wp-content\/uploads\/2022\/09\/Believeinart.png\" alt=\"\" class=\"wp-image-23170\"\/><\/figure>\n\n\n\n<figure class=\"wp-block-image size-full\"><img loading=\"lazy\" decoding=\"async\" width=\"85\" height=\"86\" data-id=\"23171\" src=\"https:\/\/colegioaleman.com\/wp-content\/uploads\/2022\/09\/Sello-Red-de-Colegios-EducaEnEco.png\" alt=\"\" class=\"wp-image-23171\" srcset=\"https:\/\/colegioaleman.com\/wp-content\/uploads\/2022\/09\/Sello-Red-de-Colegios-EducaEnEco.png 85w, https:\/\/colegioaleman.com\/wp-content\/uploads\/2022\/09\/Sello-Red-de-Colegios-EducaEnEco-80x80.png 80w\" sizes=\"(max-width: 85px) 100vw, 85px\" \/><\/figure>\n\n\n\n<figure class=\"wp-block-image size-full\"><img loading=\"lazy\" decoding=\"async\" width=\"144\" height=\"62\" data-id=\"23169\" src=\"https:\/\/colegioaleman.com\/wp-content\/uploads\/2022\/09\/ZfL-Logo_2012-blau_300dpi_Druck.jpg\" alt=\"\" class=\"wp-image-23169\"\/><\/figure>\n<\/figure>\n<\/div>\n\n\n\n<div class=\"wp-block-column is-layout-flow wp-block-column-is-layout-flow\" style=\"flex-basis:44.6%\"><div class=\"wp-block-image\">\n<figure class=\"alignright size-full\"><img loading=\"lazy\" decoding=\"async\" width=\"800\" height=\"582\" src=\"https:\/\/colegioaleman.com\/wp-content\/uploads\/2022\/09\/politica-calidad-hero-siblings.jpg\" alt=\"Deutschlehrer der zweisprachigen Schule\" class=\"wp-image-22663\" srcset=\"https:\/\/colegioaleman.com\/wp-content\/uploads\/2022\/09\/politica-calidad-hero-siblings.jpg 800w, https:\/\/colegioaleman.com\/wp-content\/uploads\/2022\/09\/politica-calidad-hero-siblings-300x218.jpg 300w, https:\/\/colegioaleman.com\/wp-content\/uploads\/2022\/09\/politica-calidad-hero-siblings-768x559.jpg 768w\" sizes=\"(max-width: 800px) 100vw, 800px\" \/><\/figure>\n<\/div><\/div>\n<\/div>\n\n\n\n<div style=\"height:80px\" aria-hidden=\"true\" class=\"wp-block-spacer dnone-mobile\"><\/div>\n\n\n\n<div class=\"wp-block-columns are-vertically-aligned-top is-layout-flex wp-container-core-columns-is-layout-9d6595d7 wp-block-columns-is-layout-flex\">\n<div class=\"wp-block-column is-vertically-aligned-top dnone-mobile is-layout-flow wp-block-column-is-layout-flow\" style=\"flex-basis:4.33%\"><\/div>\n\n\n\n<div class=\"wp-block-column is-vertically-aligned-top is-layout-flow wp-block-column-is-layout-flow\">\n<figure class=\"wp-block-image size-full is-resized\"><img decoding=\"async\" src=\"https:\/\/colegioaleman.com\/wp-content\/uploads\/2022\/09\/Colegios-Zaragoza1.jpg\" alt=\"\" class=\"wp-image-23172\" style=\"width:150px\"\/><\/figure>\n\n\n\n<h2 class=\"wp-block-heading\">Wir verstehen <strong>Qualit\u00e4t als eine Philosophie des Handelns<\/strong>, die sich an folgenden Leitlinien orientiert:<\/h2>\n<\/div>\n\n\n\n<div class=\"wp-block-column is-vertically-aligned-top is-layout-flow wp-block-column-is-layout-flow\" style=\"flex-basis:60%\">\n<ul class=\"wp-block-list\">\n<li>Die Einhaltung der f\u00fcr die p\u00e4dagogische T\u00e4tigkeit der Schule geltenden Rechts- und Verwaltungsvorschriften.<\/li>\n\n\n\n<li>Hochwertige Arbeit leisten und f\u00fcr eine kontinuierliche Verbesserung unserer Aktivit\u00e4ten, unserer Dienstleistungen und unserer Arbeitsabl\u00e4ufe sorgen.<\/li>\n\n\n\n<li>Die Studierenden, das Personal und die Interessengruppen wertsch\u00e4tzen, sie anh\u00f6ren und versuchen, ihre Erwartungen zu erf\u00fcllen.<\/li>\n\n\n\n<li>Das Ausrichten der Abl\u00e4ufe und Projekte auf den Bildungsauftrag, die Vision und die Strategien der Einrichtung, wobei wir uns bem\u00fchen, nach unseren Werten und den damit verbundenen Verhaltensweisen zu handeln.<\/li>\n\n\n\n<li>Das Einf\u00fchren von evidenzbasierten Methoden, einer datengesteuerten Verwaltung und Teamarbeit.<\/li>\n\n\n\n<li>Prozessmanagement und kontinuierliche Verbesserung durch Planung, Entwicklung und \u00dcberpr\u00fcfung.<\/li>\n\n\n\n<li>Die Verbesserung der Ergebnisse durch die Festlegung von Indikatoren und Zielen und anschlie\u00dfender Bewertung.<\/li>\n<\/ul>\n<\/div>\n<\/div>\n\n\n\n<div style=\"height:80px\" aria-hidden=\"true\" class=\"wp-block-spacer\"><\/div>\n\n\n\n<div class=\"wp-block-columns are-vertically-aligned-top is-layout-flex wp-container-core-columns-is-layout-9d6595d7 wp-block-columns-is-layout-flex\">\n<div class=\"wp-block-column is-vertically-aligned-top is-layout-flow wp-block-column-is-layout-flow\" style=\"flex-basis:4.33%\"><\/div>\n\n\n\n<div class=\"wp-block-column is-vertically-aligned-top is-layout-flow wp-block-column-is-layout-flow\" style=\"flex-basis:48.6%\">\n<h2 class=\"wp-block-heading\" id=\"en-primaria\">Diese Leitlinien werden anhand folgender Prozesse und Projekte umgesetzt:<\/h2>\n\n\n\n<ul class=\"wp-block-list\">\n<li><strong>Regelm\u00e4\u00dfige Messung und Analyse der Eltern- und Sch\u00fclerzufriedenheit.<\/strong><\/li>\n\n\n\n<li><strong>\u00dcberpr\u00fcfung des Qualit\u00e4tssystems und regelm\u00e4\u00dfige Aktualisierung der Prozesse.<\/strong><\/li>\n\n\n\n<li><strong>Interne und externe Audits des Qualit\u00e4tssicherungssystems.<\/strong><\/li>\n<\/ul>\n\n\n\n<p>Dar\u00fcber hinaus wird alle vier Jahre ein strategischer Plan aufgestellt, auf dessen Grundlage und anhand der Definition und Umsetzung der Ziele die Jahrespl\u00e4ne erstellt werden.<\/p>\n\n\n\n<p>Die Ziele der Einrichtung werden durch Indikatoren quantifizierbar und messbar sein, wobei alle diese Ziele die Qualit\u00e4tsziele darstellen, deren Erf\u00fcllungsgrad regelm\u00e4\u00dfig bewertet wird.<\/p>\n<\/div>\n\n\n\n<div class=\"wp-block-column is-vertically-aligned-top is-layout-flow wp-block-column-is-layout-flow\"><div class=\"wp-block-image\">\n<figure class=\"aligncenter size-full\"><img loading=\"lazy\" decoding=\"async\" width=\"400\" height=\"364\" src=\"https:\/\/colegioaleman.com\/wp-content\/uploads\/2022\/09\/personal-centro-img.jpg\" alt=\"Lehrkraft der Deutschen Schule von Zaragoza\" class=\"wp-image-22697\" srcset=\"https:\/\/colegioaleman.com\/wp-content\/uploads\/2022\/09\/personal-centro-img.jpg 400w, https:\/\/colegioaleman.com\/wp-content\/uploads\/2022\/09\/personal-centro-img-300x273.jpg 300w\" sizes=\"(max-width: 400px) 100vw, 400px\" \/><\/figure>\n<\/div><\/div>\n<\/div>\n\n\n\n<div style=\"height:80px\" aria-hidden=\"true\" class=\"wp-block-spacer\"><\/div>\n\n\n\n<div class=\"wp-block-columns are-vertically-aligned-top is-layout-flex wp-container-core-columns-is-layout-9d6595d7 wp-block-columns-is-layout-flex\">\n<div class=\"wp-block-column is-vertically-aligned-top is-layout-flow wp-block-column-is-layout-flow\" style=\"flex-basis:4.33%\"><\/div>\n\n\n\n<div class=\"wp-block-column is-vertically-aligned-top is-layout-flow wp-block-column-is-layout-flow\" style=\"flex-basis:41%\">\n<h2 class=\"wp-block-heading\">Die Qualit\u00e4tsstandards und deren Umsetzung gelten f\u00fcr die gesamte Einrichtung.<\/h2>\n<\/div>\n\n\n\n<div class=\"wp-block-column is-vertically-aligned-top is-layout-flow wp-block-column-is-layout-flow\" style=\"flex-basis:48.6%\">\n<p>Alle Mitarbeiter der Schule akzeptieren diese Verpflichtung und ihre Verantwortung, die im Qualit\u00e4tsmanagementsystem festgelegten Anforderungen zu erf\u00fcllen und aktiv an der Verbesserung der Qualit\u00e4t und des Managements sowie an der Umsetzung der Ziele mitzuwirken.<\/p>\n\n\n\n<p>Die Schulleitung wird alle notwendigen Mittel und Schulungen f\u00fcr die erfolgreiche Aus\u00fcbung der Aktivit\u00e4ten bereitstellen.<\/p>\n<\/div>\n<\/div>\n\n\n\n<div style=\"height:80px\" aria-hidden=\"true\" class=\"wp-block-spacer\"><\/div>\n\n\n\n<div class=\"wp-block-group alignfull animate has-body-white-color has-primary-100-background-color has-text-color has-background\" id=\"cta-form\"><div class=\"wp-block-group__inner-container is-layout-flow wp-block-group-is-layout-flow\">\n<div class=\"wp-block-columns has-white-color has-text-color is-layout-flex wp-container-core-columns-is-layout-9d6595d7 wp-block-columns-is-layout-flex\">\n<div class=\"wp-block-column dnone-tablet is-layout-flow wp-block-column-is-layout-flow\" style=\"flex-basis:4.33%\"><\/div>\n\n\n\n<div class=\"wp-block-column is-layout-flow wp-block-column-is-layout-flow\">\n<p><strong>Anmeldung und neue Sch\u00fcler<\/strong><\/p>\n\n\n\n<h2 class=\"wp-block-heading has-body-white-color has-text-color\">M\u00f6chten Sie Teil unserer gro\u00dfen Familie werden?<\/h2>\n\n\n\n<p>Erkundigen Sie sich f\u00fcr das n\u00e4chste Schuljahr und sichern Sie sich einen Platz an unserer Schule. Vereinbaren Sie einen Besuch an unserer Schule, bei dem Sie die Einrichtungen sehen und ein Gespr\u00e4ch mit den Lehrkr\u00e4ften f\u00fchren k\u00f6nnen.<\/p>\n<\/div>\n\n\n\n<div class=\"wp-block-column is-vertically-aligned-center is-layout-flow wp-block-column-is-layout-flow\" style=\"flex-basis:48.6%\"><div class=\"wp-block-image\">\n<figure class=\"aligncenter size-full\"><img loading=\"lazy\" decoding=\"async\" width=\"108\" height=\"78\" src=\"https:\/\/colegioaleman.com\/wp-content\/uploads\/2022\/07\/Isotipo.png\" alt=\"Deutsche Schule\" class=\"wp-image-19\"\/><\/figure>\n<\/div>\n\n\n<div class=\"wp-block-buttons is-content-justification-center is-layout-flex wp-container-core-buttons-is-layout-16018d1d wp-block-buttons-is-layout-flex\">\n<div class=\"wp-block-button is-style-outline is-style-outline--2\"><a class=\"wp-block-button__link wp-element-button\" href=\"https:\/\/colegioaleman.com\/de\/anmeldung\/informationsformular\/\" style=\"border-radius:100px\" target=\"_blank\" rel=\"noreferrer noopener\">Gehen Sie zum Informationsformular<\/a><\/div>\n<\/div>\n<\/div>\n<\/div>\n<\/div><\/div>\n\n\n\n<div style=\"height:80px\" aria-hidden=\"true\" class=\"wp-block-spacer\"><\/div>\n\n\n\n<div class=\"wp-block-columns is-layout-flex wp-container-core-columns-is-layout-9d6595d7 wp-block-columns-is-layout-flex\">\n<div class=\"wp-block-column is-vertically-aligned-top dnone-tablet is-layout-flow wp-block-column-is-layout-flow\" style=\"flex-basis:4.3%\"><\/div>\n\n\n\n<div class=\"wp-block-column is-layout-flow wp-block-column-is-layout-flow\">\n<h2 class=\"has-text-align-center wp-block-heading\">Noticias relacionadas<\/h2>\n\n\n\n<div class=\"wp-block-query is-layout-flow wp-block-query-is-layout-flow\">\n\n<div class=\"wp-block-query-no-results\">\n\n<p><\/p>\n\n<\/div><\/div>\n<\/div>\n<\/div>\n","protected":false},"excerpt":{"rendered":"<p>Qualit\u00e4tsrichtlinien Qualit\u00e4t als Philosophie des Handelns Die Deutsche Schule San Alberto Magno definiert Qualit\u00e4t als grundlegenden Bestandteil ihrer Richtlinien und Strategien und hat daher qualit\u00e4tsorientierte Managementsysteme zur Verwaltung der Einrichtung eingef\u00fchrt, vor allem in der Norm Wir verstehen Qualit\u00e4t als eine Philosophie des Handelns, die sich an folgenden Leitlinien orientiert: Diese Leitlinien werden anhand folgender [&hellip;]<\/p>\n","protected":false},"author":1,"featured_media":0,"parent":24621,"menu_order":0,"comment_status":"closed","ping_status":"closed","template":"","meta":{"_acf_changed":false,"inline_featured_image":false,"footnotes":""},"class_list":["post-24631","page","type-page","status-publish","hentry"],"acf":[],"_links":{"self":[{"href":"https:\/\/colegioaleman.com\/de\/wp-json\/wp\/v2\/pages\/24631","targetHints":{"allow":["GET"]}}],"collection":[{"href":"https:\/\/colegioaleman.com\/de\/wp-json\/wp\/v2\/pages"}],"about":[{"href":"https:\/\/colegioaleman.com\/de\/wp-json\/wp\/v2\/types\/page"}],"author":[{"embeddable":true,"href":"https:\/\/colegioaleman.com\/de\/wp-json\/wp\/v2\/users\/1"}],"replies":[{"embeddable":true,"href":"https:\/\/colegioaleman.com\/de\/wp-json\/wp\/v2\/comments?post=24631"}],"version-history":[{"count":6,"href":"https:\/\/colegioaleman.com\/de\/wp-json\/wp\/v2\/pages\/24631\/revisions"}],"predecessor-version":[{"id":39918,"href":"https:\/\/colegioaleman.com\/de\/wp-json\/wp\/v2\/pages\/24631\/revisions\/39918"}],"up":[{"embeddable":true,"href":"https:\/\/colegioaleman.com\/de\/wp-json\/wp\/v2\/pages\/24621"}],"wp:attachment":[{"href":"https:\/\/colegioaleman.com\/de\/wp-json\/wp\/v2\/media?parent=24631"}],"curies":[{"name":"wp","href":"https:\/\/api.w.org\/{rel}","templated":true}]}}