{"id":24633,"date":"2022-08-22T07:31:18","date_gmt":"2022-08-22T07:31:18","guid":{"rendered":"https:\/\/colegioaleman.com\/deutsche-schule\/transparenzportal\/"},"modified":"2022-11-22T16:06:12","modified_gmt":"2022-11-22T16:06:12","slug":"transparenzportal","status":"publish","type":"page","link":"https:\/\/colegioaleman.com\/de\/deutsche-schule\/transparenzportal\/","title":{"rendered":"Transparenzportal"},"content":{"rendered":"\n<div style=\"height:80px\" aria-hidden=\"true\" class=\"wp-block-spacer\"><\/div>\n\n<div class=\"wp-block-columns alignfull is-layout-flex wp-container-core-columns-is-layout-9d6595d7 wp-block-columns-is-layout-flex\">\n<div class=\"wp-block-column is-layout-flow wp-block-column-is-layout-flow\" style=\"flex-basis:8.3%\"><\/div>\n\n\n\n<div class=\"wp-block-column pl-3 is-layout-flow wp-block-column-is-layout-flow\">\n<p><strong>Transparenz<\/strong><\/p>\n\n\n\n<h2 class=\"wp-block-heading\">Transparenzportal<\/h2>\n\n\n\n<p>Die Achtung der W\u00fcrde und der Privatsph\u00e4re der Menschen, die Bek\u00e4mpfung jeglicher Art von Diskriminierung, die F\u00f6rderung der Gleichstellung von M\u00e4nnern und Frauen, die Gew\u00e4hrleistung von Gesundheit und Sicherheit sowie das Recht auf k\u00f6rperliche und geistige Unversehrtheit sind Grundrechte aller Mitglieder der Deutschen Schule, die der Kulturverein der Deutschen Schule zu gew\u00e4hrleisten hat.<\/p>\n\n\n\n<p>Der Verein verf\u00fcgt \u00fcber entsprechende Protokolle, die allen Mitarbeitern ausgeh\u00e4ndigt werden.<\/p>\n<\/div>\n\n\n\n<div class=\"wp-block-column is-layout-flow wp-block-column-is-layout-flow\" style=\"flex-basis:44.6%\">\n\n    <div id=\"swiper-block_a48797a9039fe34b024d35a079316a1e\" class=\"swiper swiper-container-block slider-image-block\">\n        <div class=\"swiper-wrapper\">\n                            <div class=\"swiper-slide\">\n                                            <figure>\n                            <img decoding=\"async\" src=\"https:\/\/colegioaleman.com\/wp-content\/uploads\/2022\/09\/portal-transparencia-hero-siblings.jpg\" alt=\"\" \/>\n                            \n                        <\/figure>\n                                    <\/div>\n                            <div class=\"swiper-slide\">\n                                    <\/div>\n                    <\/div>\n        <!-- Add Pagination --> \n        <div class=\"swiper-pagination\"><\/div> \n        \n        <!-- Add Arrows -->\n        <div class=\"swiper-button-next\"><\/div>\n        <div class=\"swiper-button-prev\"><\/div>\n        \n    <\/div>\n\n\n\n<!-- Swiper JS -->\n<script src=\"https:\/\/cdn.jsdelivr.net\/npm\/swiper@8\/swiper-bundle.min.js\"><\/script>\n\n<!-- Initialize Swiper -->\n<script>\n\tvar swiper = new Swiper('#swiper-block_a48797a9039fe34b024d35a079316a1e', {\n\tslidesPerView: 1,\n    autoHeight: true,\n\tnavigation: {\n        nextEl: '.swiper-button-next',\n        prevEl: '.swiper-button-prev',\n    },\n    pagination: {\n\t\tel: '.swiper-pagination',\n\t\tclickable: true,\n\t},\n\t});\n<\/script><\/div>\n\n\n\n<div class=\"wp-block-column is-layout-flow wp-block-column-is-layout-flow\" style=\"flex-basis:8.3%\"><\/div>\n<\/div>\n\n<div style=\"height:80px\" aria-hidden=\"true\" class=\"wp-block-spacer\"><\/div>\n\n<div class=\"wp-block-columns is-layout-flex wp-container-core-columns-is-layout-9d6595d7 wp-block-columns-is-layout-flex\">\n<div class=\"wp-block-column dnone-mobile is-layout-flow wp-block-column-is-layout-flow\" style=\"flex-basis:4.33%\"><\/div>\n\n\n\n<div class=\"wp-block-column is-layout-flow wp-block-column-is-layout-flow\">\n<h3 class=\"wp-block-heading\" id=\"en-primaria\">Protokoll zu sexueller Bel\u00e4stigung<\/h3>\n\n\n\n<p>Der Verein trifft auf proaktive Weise Ma\u00dfnahmen, um m\u00f6gliche Situationen sexueller Bel\u00e4stigung und Bel\u00e4stigung aufgrund des Geschlechts, der sexuellen Orientierung, des Geschlechtsausdrucks oder der Geschlechtsidentit\u00e4t innerhalb des Vereins vorzubeugen und legt fest, wie im Falle eines solchen Verhaltens vorzugehen ist.<\/p>\n\n\n\n<div class=\"wp-block-buttons is-layout-flex wp-block-buttons-is-layout-flex\">\n<div class=\"wp-block-button is-style-theme-link\"><a class=\"wp-block-button__link wp-element-button\" href=\"https:\/\/colegioaleman.com\/wp-content\/uploads\/2022\/06\/Solicitud-de-intervencion-por-acoso-sexual-razon-de-sexo-orientaci%C3%B3n-sexual-y-expresion-o-identidad-de-genero.pdf\" target=\"_blank\" rel=\"noreferrer noopener\">BESCHWERDEFORMULAR &#8211; VORWURF DER SEXUELLEN BEL\u00c4STIGUNG<\/a><\/div>\n<\/div>\n<\/div>\n\n\n\n<div class=\"wp-block-column is-layout-flow wp-block-column-is-layout-flow\">\n<h3 class=\"wp-block-heading\" id=\"en-primaria\">Protokoll zu Bel\u00e4stigung am Arbeitsplatz<\/h3>\n\n\n\n<p>Das Recht auf digitales Abschalten ist ein wesentlicher Bestandteil f\u00fcr eine bessere Organisation der Arbeitszeit und des Privat- und Familienlebens sowie eine Grundvoraussetzung, um das Privat-, Familien- und Berufsleben besser vereinen zu k\u00f6nnen und die Gesundheit aller Arbeitnehmer am Arbeitsplatz gew\u00e4hrleisten zu k\u00f6nnen.<\/p>\n\n\n\n<div class=\"wp-block-buttons is-layout-flex wp-block-buttons-is-layout-flex\">\n<div class=\"wp-block-button is-style-theme-link\"><a class=\"wp-block-button__link wp-element-button\" href=\"https:\/\/colegioaleman.com\/wp-content\/uploads\/2022\/06\/Solicitud-de-intervencion-por-acoso-laboral.pdf\" target=\"_blank\" rel=\"noreferrer noopener\">BESCHWERDEFORMULAR &#8211; VORWURF DER BEL\u00c4STIGUNG AM ARBEITSPLATZ<\/a><\/div>\n<\/div>\n<\/div>\n<\/div>\n\n<div style=\"height:80px\" aria-hidden=\"true\" class=\"wp-block-spacer\"><\/div>\n\n<div class=\"wp-block-group alignfull animate has-body-white-color has-primary-100-background-color has-text-color has-background\" id=\"cta-form\"><div class=\"wp-block-group__inner-container is-layout-flow wp-block-group-is-layout-flow\">\n<div class=\"wp-block-columns has-white-color has-text-color is-layout-flex wp-container-core-columns-is-layout-9d6595d7 wp-block-columns-is-layout-flex\">\n<div class=\"wp-block-column dnone-tablet is-layout-flow wp-block-column-is-layout-flow\" style=\"flex-basis:4.33%\"><\/div>\n\n\n\n<div class=\"wp-block-column is-layout-flow wp-block-column-is-layout-flow\">\n<p><strong>Anmeldung und neue Sch\u00fcler<\/strong><\/p>\n\n\n\n<h2 class=\"wp-block-heading has-body-white-color has-text-color\">M\u00f6chten Sie Teil unserer gro\u00dfen Familie werden?<\/h2>\n\n\n\n<p>Erkundigen Sie sich f\u00fcr das n\u00e4chste Schuljahr und sichern Sie sich einen Platz an unserer Schule. Vereinbaren Sie einen Besuch an unserer Schule, bei dem Sie die Einrichtungen sehen und ein Gespr\u00e4ch mit den Lehrkr\u00e4ften f\u00fchren k\u00f6nnen.<\/p>\n<\/div>\n\n\n\n<div class=\"wp-block-column is-vertically-aligned-center is-layout-flow wp-block-column-is-layout-flow\" style=\"flex-basis:48.6%\"><div class=\"wp-block-image\">\n<figure class=\"aligncenter size-full\"><img decoding=\"async\" width=\"108\" height=\"78\" src=\"https:\/\/colegioaleman.com\/wp-content\/uploads\/2022\/07\/Isotipo.png\" alt=\"Deutsche Schule\" class=\"wp-image-19\"\/><\/figure>\n<\/div>\n\n\n<div class=\"wp-block-buttons is-content-justification-center is-layout-flex wp-container-core-buttons-is-layout-16018d1d wp-block-buttons-is-layout-flex\">\n<div class=\"wp-block-button is-style-outline is-style-outline--1\"><a class=\"wp-block-button__link wp-element-button\" href=\"https:\/\/colegioaleman.com\/de\/anmeldung\/informationsformular\/\" style=\"border-radius:100px\" target=\"_blank\" rel=\"noreferrer noopener\">Gehen Sie zum Informationsformular<\/a><\/div>\n<\/div>\n<\/div>\n<\/div>\n<\/div><\/div>\n\n<div style=\"height:80px\" aria-hidden=\"true\" class=\"wp-block-spacer\"><\/div>\n\n<div class=\"wp-block-columns is-layout-flex wp-container-core-columns-is-layout-9d6595d7 wp-block-columns-is-layout-flex\">\n<div class=\"wp-block-column is-vertically-aligned-top dnone-tablet is-layout-flow wp-block-column-is-layout-flow\" style=\"flex-basis:4.3%\"><\/div>\n\n\n\n<div class=\"wp-block-column is-layout-flow wp-block-column-is-layout-flow\">\n<h2 class=\"has-text-align-center wp-block-heading\">Noticias relacionadas<\/h2>\n\n\n\n<div class=\"wp-block-query is-layout-flow wp-block-query-is-layout-flow\">\n\n<div class=\"wp-block-query-no-results\">\n\n<p><\/p>\n\n<\/div><\/div>\n<\/div>\n<\/div>\n","protected":false},"excerpt":{"rendered":"<p>Transparenz Transparenzportal Die Achtung der W\u00fcrde und der Privatsph\u00e4re der Menschen, die Bek\u00e4mpfung jeglicher Art von Diskriminierung, die F\u00f6rderung der Gleichstellung von M\u00e4nnern und Frauen, die Gew\u00e4hrleistung von Gesundheit und Sicherheit sowie das Recht auf k\u00f6rperliche und geistige Unversehrtheit sind Grundrechte aller Mitglieder der Deutschen Schule, die der Kulturverein der Deutschen Schule zu gew\u00e4hrleisten hat. [&hellip;]<\/p>\n","protected":false},"author":1,"featured_media":0,"parent":24621,"menu_order":0,"comment_status":"closed","ping_status":"closed","template":"","meta":{"_acf_changed":false,"inline_featured_image":false,"footnotes":""},"class_list":["post-24633","page","type-page","status-publish","hentry"],"acf":[],"_links":{"self":[{"href":"https:\/\/colegioaleman.com\/de\/wp-json\/wp\/v2\/pages\/24633","targetHints":{"allow":["GET"]}}],"collection":[{"href":"https:\/\/colegioaleman.com\/de\/wp-json\/wp\/v2\/pages"}],"about":[{"href":"https:\/\/colegioaleman.com\/de\/wp-json\/wp\/v2\/types\/page"}],"author":[{"embeddable":true,"href":"https:\/\/colegioaleman.com\/de\/wp-json\/wp\/v2\/users\/1"}],"replies":[{"embeddable":true,"href":"https:\/\/colegioaleman.com\/de\/wp-json\/wp\/v2\/comments?post=24633"}],"version-history":[{"count":4,"href":"https:\/\/colegioaleman.com\/de\/wp-json\/wp\/v2\/pages\/24633\/revisions"}],"predecessor-version":[{"id":24735,"href":"https:\/\/colegioaleman.com\/de\/wp-json\/wp\/v2\/pages\/24633\/revisions\/24735"}],"up":[{"embeddable":true,"href":"https:\/\/colegioaleman.com\/de\/wp-json\/wp\/v2\/pages\/24621"}],"wp:attachment":[{"href":"https:\/\/colegioaleman.com\/de\/wp-json\/wp\/v2\/media?parent=24633"}],"curies":[{"name":"wp","href":"https:\/\/api.w.org\/{rel}","templated":true}]}}