{"id":24871,"date":"2022-09-01T12:12:41","date_gmt":"2022-09-01T12:12:41","guid":{"rendered":"https:\/\/colegioaleman.com\/anmeldung\/"},"modified":"2024-03-13T13:51:08","modified_gmt":"2024-03-13T13:51:08","slug":"anmeldung","status":"publish","type":"page","link":"https:\/\/colegioaleman.com\/de\/anmeldung\/","title":{"rendered":"Anmeldung"},"content":{"rendered":"\n<div style=\"height:80px\" aria-hidden=\"true\" class=\"wp-block-spacer\"><\/div>\n\n<div class=\"wp-block-columns is-layout-flex wp-container-core-columns-is-layout-9d6595d7 wp-block-columns-is-layout-flex\">\n<div class=\"wp-block-column dnone-tablet is-layout-flow wp-block-column-is-layout-flow\" style=\"flex-basis:4.3%\"><\/div>\n\n\n\n<div class=\"wp-block-column is-layout-flow wp-block-column-is-layout-flow\">\n<h2 class=\"wp-block-heading\" style=\"font-size:16px\"><strong>Anmeldung an der Deutschen Schule<\/strong><\/h2>\n\n\n\n<h2 class=\"wp-block-heading has-body-main-color has-text-color\">Deutsch ab dem ersten Tag<\/h2>\n\n\n\n<p>Die deutsche Schule ist die einzige Privatschule in Zaragoza, die Deutsch als Verkehrssprache verwendet und \u00fcber alle Schulstufen verf\u00fcgt, vom Kindergarten bis zum Abitur.<\/p>\n\n\n\n<p>Unser Bildungsangebot zielt darauf ab, dass unsere Sch\u00fcler ab dem Alter von 2 Jahren gleichzeitig Deutsch und Spanisch lernen, und zwar mittels unserer eigenen, erfolgreich erprobten Lehrmethode.<\/p>\n\n\n\n<p>Wir k\u00f6nnen beweisen, dass man schneller Englisch lernt, wenn man die deutsche Sprache beherrscht.<\/p>\n<\/div>\n\n\n\n<div class=\"wp-block-column is-layout-flow wp-block-column-is-layout-flow\"><div class=\"wp-block-image hide-mobile\">\n<figure class=\"alignright size-full\"><img decoding=\"async\" width=\"89\" height=\"447\" src=\"https:\/\/colegioaleman.com\/wp-content\/uploads\/2022\/08\/etapas-simbolos-todos.png\" alt=\"\" class=\"wp-image-384\" srcset=\"https:\/\/colegioaleman.com\/wp-content\/uploads\/2022\/08\/etapas-simbolos-todos.png 89w, https:\/\/colegioaleman.com\/wp-content\/uploads\/2022\/08\/etapas-simbolos-todos-60x300.png 60w\" sizes=\"(max-width: 89px) 100vw, 89px\" \/><\/figure>\n<\/div><\/div>\n<\/div>\n\n<div style=\"height:80px\" aria-hidden=\"true\" class=\"wp-block-spacer\"><\/div>\n\n<div class=\"wp-block-group alignfull animate has-body-white-color has-primary-100-background-color has-text-color has-background\" id=\"cta-form\"><div class=\"wp-block-group__inner-container is-layout-flow wp-block-group-is-layout-flow\">\n<div class=\"wp-block-columns has-white-color has-text-color is-layout-flex wp-container-core-columns-is-layout-9d6595d7 wp-block-columns-is-layout-flex\">\n<div class=\"wp-block-column dnone-tablet is-layout-flow wp-block-column-is-layout-flow\" style=\"flex-basis:4.33%\"><\/div>\n\n\n\n<div class=\"wp-block-column is-layout-flow wp-block-column-is-layout-flow\">\n<p><strong>Anmeldung und neue Sch\u00fcler<\/strong><\/p>\n\n\n\n<h2 class=\"wp-block-heading has-body-white-color has-text-color\">M\u00f6chten Sie Teil unserer gro\u00dfen Familie werden?<\/h2>\n\n\n\n<p>Erkundigen Sie sich f\u00fcr das n\u00e4chste Schuljahr und sichern Sie sich einen Platz an unserer Schule. Vereinbaren Sie einen Besuch an unserer Schule, bei dem Sie die Einrichtungen sehen und ein Gespr\u00e4ch mit den Lehrkr\u00e4ften f\u00fchren k\u00f6nnen.<\/p>\n<\/div>\n\n\n\n<div class=\"wp-block-column is-vertically-aligned-center is-layout-flow wp-block-column-is-layout-flow\" style=\"flex-basis:48.6%\"><div class=\"wp-block-image\">\n<figure class=\"aligncenter size-full\"><img decoding=\"async\" width=\"108\" height=\"78\" src=\"https:\/\/colegioaleman.com\/wp-content\/uploads\/2022\/07\/Isotipo.png\" alt=\"Deutsche Schule\" class=\"wp-image-19\"\/><\/figure>\n<\/div>\n\n\n<div class=\"wp-block-buttons is-content-justification-center is-layout-flex wp-container-core-buttons-is-layout-16018d1d wp-block-buttons-is-layout-flex\">\n<div class=\"wp-block-button is-style-outline is-style-outline--1\"><a class=\"wp-block-button__link wp-element-button\" href=\"https:\/\/colegioaleman.com\/de\/anmeldung\/informationsformular\/\" style=\"border-radius:100px\" target=\"_blank\" rel=\"noreferrer noopener\">Gehen Sie zum Informationsformular<\/a><\/div>\n<\/div>\n<\/div>\n<\/div>\n<\/div><\/div>\n\n<div style=\"height:80px\" aria-hidden=\"true\" class=\"wp-block-spacer\"><\/div>\n\n<div style=\"height:40px\" aria-hidden=\"true\" class=\"wp-block-spacer\"><\/div>\n\n<div class=\"wp-block-columns is-layout-flex wp-container-core-columns-is-layout-9d6595d7 wp-block-columns-is-layout-flex\">\n<div class=\"wp-block-column dnone-tablet is-layout-flow wp-block-column-is-layout-flow\" style=\"flex-basis:4.3%\"><\/div>\n\n\n\n<div class=\"wp-block-column is-layout-flow wp-block-column-is-layout-flow\">\n<ul class=\"wp-block-list\">\n<li><a href=\"https:\/\/colegioaleman.com\/de\/schulleben\/berufsorientierung\/\" data-type=\"page\" data-id=\"602\">Berufsorientierung<\/a><\/li>\n\n\n\n<li><a href=\"https:\/\/colegioaleman.com\/de\/schulleben\/schulkalender\/\" data-type=\"page\" data-id=\"609\">Schulkalender<\/a><\/li>\n\n\n\n<li><a href=\"https:\/\/colegioaleman.com\/de\/schulleben\/elternschule\/\" data-type=\"page\" data-id=\"604\">Elternschule<\/a><\/li>\n<\/ul>\n<\/div>\n\n\n\n<div class=\"wp-block-column is-layout-flow wp-block-column-is-layout-flow\">\n<ul class=\"wp-block-list\">\n<li><a href=\"https:\/\/colegioaleman.com\/de\/deutsche-schule\/leitungsteam\/\" data-type=\"page\" data-id=\"625\">Leitungsteam<\/a><\/li>\n\n\n\n<li><a href=\"https:\/\/colegioaleman.com\/de\/schulleben\/alumni\/\" data-type=\"page\" data-id=\"619\">Alumni<\/a><\/li>\n\n\n\n<li><a href=\"https:\/\/colegioaleman.com\/de\/anmeldung\/\" data-type=\"page\" data-id=\"21530\">Anmeldung<\/a><\/li>\n<\/ul>\n<\/div>\n\n\n\n<div class=\"wp-block-column is-layout-flow wp-block-column-is-layout-flow\">\n<ul class=\"wp-block-list\">\n<li><a href=\"https:\/\/colegioaleman.com\/de\/stufen\/\" data-type=\"page\" data-id=\"46\">Schulstufen<\/a><\/li>\n\n\n\n<li><a href=\"https:\/\/colegioaleman.com\/de\/bildungsprojekt\/\" data-type=\"page\" data-id=\"44\">Bildungsprojekt<\/a><\/li>\n\n\n\n<li><a href=\"https:\/\/colegioaleman.com\/de\/erasmus-2\/\" data-type=\"page\" data-id=\"83\">Erasmus<\/a><\/li>\n<\/ul>\n<\/div>\n<\/div>\n\n<div style=\"height:80px\" aria-hidden=\"true\" class=\"wp-block-spacer\"><\/div>\n\n<div class=\"wp-block-columns is-layout-flex wp-container-core-columns-is-layout-9d6595d7 wp-block-columns-is-layout-flex\">\n<div class=\"wp-block-column is-vertically-aligned-top dnone-tablet is-layout-flow wp-block-column-is-layout-flow\" style=\"flex-basis:4.3%\"><\/div>\n\n\n\n<div class=\"wp-block-column is-layout-flow wp-block-column-is-layout-flow\">\n<h2 class=\"has-text-align-center wp-block-heading\">Noticias relacionadas<\/h2>\n\n\n\n<div class=\"wp-block-query is-layout-flow wp-block-query-is-layout-flow\">\n\n<div class=\"wp-block-query-no-results\">\n\n<p><\/p>\n\n<\/div><\/div>\n<\/div>\n<\/div>\n\n<div style=\"height:80px\" aria-hidden=\"true\" class=\"wp-block-spacer\"><\/div>\n\n<div style=\"height:80px\" aria-hidden=\"true\" class=\"wp-block-spacer\"><\/div>\n","protected":false},"excerpt":{"rendered":"<p>Anmeldung an der Deutschen Schule Deutsch ab dem ersten Tag Die deutsche Schule ist die einzige Privatschule in Zaragoza, die Deutsch als Verkehrssprache verwendet und \u00fcber alle Schulstufen verf\u00fcgt, vom Kindergarten bis zum Abitur. Unser Bildungsangebot zielt darauf ab, dass unsere Sch\u00fcler ab dem Alter von 2 Jahren gleichzeitig Deutsch und Spanisch lernen, und zwar [&hellip;]<\/p>\n","protected":false},"author":1,"featured_media":0,"parent":0,"menu_order":0,"comment_status":"closed","ping_status":"closed","template":"","meta":{"_acf_changed":false,"inline_featured_image":false,"footnotes":""},"class_list":["post-24871","page","type-page","status-publish","hentry"],"acf":[],"_links":{"self":[{"href":"https:\/\/colegioaleman.com\/de\/wp-json\/wp\/v2\/pages\/24871","targetHints":{"allow":["GET"]}}],"collection":[{"href":"https:\/\/colegioaleman.com\/de\/wp-json\/wp\/v2\/pages"}],"about":[{"href":"https:\/\/colegioaleman.com\/de\/wp-json\/wp\/v2\/types\/page"}],"author":[{"embeddable":true,"href":"https:\/\/colegioaleman.com\/de\/wp-json\/wp\/v2\/users\/1"}],"replies":[{"embeddable":true,"href":"https:\/\/colegioaleman.com\/de\/wp-json\/wp\/v2\/comments?post=24871"}],"version-history":[{"count":6,"href":"https:\/\/colegioaleman.com\/de\/wp-json\/wp\/v2\/pages\/24871\/revisions"}],"predecessor-version":[{"id":31499,"href":"https:\/\/colegioaleman.com\/de\/wp-json\/wp\/v2\/pages\/24871\/revisions\/31499"}],"wp:attachment":[{"href":"https:\/\/colegioaleman.com\/de\/wp-json\/wp\/v2\/media?parent=24871"}],"curies":[{"name":"wp","href":"https:\/\/api.w.org\/{rel}","templated":true}]}}