{"id":24876,"date":"2022-07-28T06:56:27","date_gmt":"2022-07-28T06:56:27","guid":{"rendered":"https:\/\/colegioaleman.com\/bildungsprojekt\/"},"modified":"2023-03-27T07:39:57","modified_gmt":"2023-03-27T07:39:57","slug":"bildungsprojekt","status":"publish","type":"page","link":"https:\/\/colegioaleman.com\/de\/bildungsprojekt\/","title":{"rendered":"Bildungsprojekt"},"content":{"rendered":"\n<div style=\"height:80px\" aria-hidden=\"true\" class=\"wp-block-spacer\"><\/div>\n\n\n\n<div class=\"wp-block-columns is-layout-flex wp-container-core-columns-is-layout-9d6595d7 wp-block-columns-is-layout-flex\">\n<div class=\"wp-block-column is-layout-flow wp-block-column-is-layout-flow\" style=\"flex-basis:4.3%\"><\/div>\n\n\n\n<div class=\"wp-block-column is-layout-flow wp-block-column-is-layout-flow\">\n<h2 class=\"wp-block-heading\" style=\"font-size:16px\"><strong>Bildungsprojekt<\/strong><\/h2>\n\n\n\n<p class=\"has-body-main-color has-text-color has-large-font-size\">Wir legen Wert darauf, dass alle Sch\u00fcler und Sch\u00fclerinnen ab dem 2. Lebensjahr die deutsche Sprache erlernen.<\/p>\n\n\n\n<p>Mit den besten Tools bereiten wir die Kinder darauf vor, sich in jedem gegenw\u00e4rtigen und zuk\u00fcnftigen Kontext zu bewegen, ohne dass Sprache ein Hindernis darstellt.<\/p>\n\n\n\n<p>Diese Immersion in eine von der Muttersprache abweichenden Sprache und Kultur ab Kindesalter f\u00f6rdert die intellektuellen und kognitiven F\u00e4higkeiten, was die besten Voraussetzungen schafft, um gute Schul- und Universit\u00e4tsabschl\u00fcsse zu erzielen.<\/p>\n\n\n\n<p>Alle Mitarbeiter der Deutschen Schule stehen den Sch\u00fclern zur Seite und begleiten sie w\u00e4hrend ihres gesamten Lernprozesses, damit ihre Schulzeit eine bereichernde Erfahrung darstellt, an die sie sich ihr ganzes Leben erinnern werden.<\/p>\n<\/div>\n\n\n\n<div class=\"wp-block-column is-layout-flow wp-block-column-is-layout-flow\"><div class=\"wp-block-image hide-mobile\">\n<figure class=\"alignright size-full\"><img decoding=\"async\" width=\"89\" height=\"447\" src=\"https:\/\/colegioaleman.com\/wp-content\/uploads\/2022\/08\/etapas-simbolos-todos.png\" alt=\"\" class=\"wp-image-384\" srcset=\"https:\/\/colegioaleman.com\/wp-content\/uploads\/2022\/08\/etapas-simbolos-todos.png 89w, https:\/\/colegioaleman.com\/wp-content\/uploads\/2022\/08\/etapas-simbolos-todos-60x300.png 60w\" sizes=\"(max-width: 89px) 100vw, 89px\" \/><\/figure>\n<\/div><\/div>\n<\/div>\n\n\n\n<div style=\"height:80px\" aria-hidden=\"true\" class=\"wp-block-spacer\"><\/div>\n\n\n\n<div class=\"wp-block-columns is-layout-flex wp-container-core-columns-is-layout-9d6595d7 wp-block-columns-is-layout-flex\">\n<div class=\"wp-block-column is-layout-flow wp-block-column-is-layout-flow\" style=\"flex-basis:4.3%\"><\/div>\n\n\n\n<div class=\"wp-block-column is-layout-flow wp-block-column-is-layout-flow\">\n<h2 class=\"has-primary-color has-text-color has-x-large-font-size wp-block-heading\"><strong>German makes<br>English easy<\/strong><\/h2>\n\n\n\n<p><\/p>\n<\/div>\n\n\n\n<div class=\"wp-block-column is-layout-flow wp-block-column-is-layout-flow\" style=\"flex-basis:50%\">\n<p><strong>Wir k\u00f6nnen beweisen, dass man schneller Englisch lernt, wenn man die deutsche Sprache beherrscht.<\/strong><\/p>\n\n\n\n<p>Unser Bildungsangebot zielt darauf ab, dass unsere Sch\u00fcler ab dem Alter von 2 Jahren gleichzeitig Deutsch und Spanisch lernen, und zwar mittels unserer eigenen, erfolgreich erprobten Lehrmethode.<\/p>\n\n\n\n<p>Entdecken Sie es selbst!<\/p>\n<\/div>\n<\/div>\n\n\n\n<div style=\"height:80px\" aria-hidden=\"true\" class=\"wp-block-spacer\"><\/div>\n\n\n\n<div class=\"wp-block-columns is-layout-flex wp-container-core-columns-is-layout-9d6595d7 wp-block-columns-is-layout-flex\">\n<div class=\"wp-block-column is-layout-flow wp-block-column-is-layout-flow\" style=\"flex-basis:4.3%\"><\/div>\n\n\n\n<div class=\"wp-block-column is-layout-flow wp-block-column-is-layout-flow\">\n<figure class=\"wp-block-image size-full is-style-hover-image\"><a href=\"https:\/\/colegioaleman.com\/colegios-bilingues-zaragoza-proyecto-educativo\/escenario-educativo\/\"><img fetchpriority=\"high\" decoding=\"async\" width=\"400\" height=\"364\" src=\"https:\/\/colegioaleman.com\/wp-content\/uploads\/2022\/09\/proyecto-educativo-escenario-educativo.jpg\" alt=\"\" class=\"wp-image-21886\" srcset=\"https:\/\/colegioaleman.com\/wp-content\/uploads\/2022\/09\/proyecto-educativo-escenario-educativo.jpg 400w, https:\/\/colegioaleman.com\/wp-content\/uploads\/2022\/09\/proyecto-educativo-escenario-educativo-300x273.jpg 300w\" sizes=\"(max-width: 400px) 100vw, 400px\" \/><\/a><\/figure>\n\n\n\n<h3 class=\"wp-block-heading\">Bildungsangebot<\/h3>\n\n\n\n<p>Ihre Kinder werden mittels unserer eigenen, erfolgreich erprobten Lehrmethode unterrichtet.<\/p>\n\n\n\n<div class=\"wp-block-buttons is-content-justification-right is-layout-flex wp-container-core-buttons-is-layout-765c4724 wp-block-buttons-is-layout-flex\">\n<div class=\"wp-block-button is-style-theme-link\"><a class=\"wp-block-button__link wp-element-button\" href=\"https:\/\/colegioaleman.com\/colegios-bilingues-zaragoza-proyecto-educativo\/escenario-educativo\/\">WEITERLESEN<\/a><\/div>\n<\/div>\n<\/div>\n\n\n\n<div class=\"wp-block-column is-layout-flow wp-block-column-is-layout-flow\">\n<figure class=\"wp-block-image size-full is-style-hover-image\"><a href=\"https:\/\/colegioaleman.com\/de\/dreisprachigkeit\/\"><img decoding=\"async\" src=\"https:\/\/colegioaleman.com\/wp-content\/uploads\/2022\/09\/proyecto-educativo-escenario-trilinguismo.jpg\" alt=\"Dreisprachigkeit an der Deutschen Schule von Zaragoza\" class=\"wp-image-22078\"\/><\/a><\/figure>\n\n\n\n<h3 class=\"wp-block-heading\"><strong>Dreisprachigkeit<\/strong><\/h3>\n\n\n\n<p>Deutsch und Englisch werden auf nat\u00fcrliche Weise ein Bestandteil ihrer schulischen Laufbahn sein.<\/p>\n\n\n\n<div class=\"wp-block-buttons is-content-justification-right is-layout-flex wp-container-core-buttons-is-layout-765c4724 wp-block-buttons-is-layout-flex\">\n<div class=\"wp-block-button is-style-theme-link\"><a class=\"wp-block-button__link wp-element-button\" href=\"https:\/\/colegioaleman.com\/de\/dreisprachigkeit\/\">WEITERLESEN<\/a><\/div>\n<\/div>\n<\/div>\n\n\n\n<div class=\"wp-block-column is-layout-flow wp-block-column-is-layout-flow\">\n<figure class=\"wp-block-image size-full is-style-hover-image\"><a href=\"https:\/\/colegioaleman.com\/de\/technologie-im-klassenzimmer\/\"><img decoding=\"async\" width=\"400\" height=\"364\" src=\"https:\/\/colegioaleman.com\/wp-content\/uploads\/2022\/09\/proyecto-educativo-escenario-tecnologia.jpg\" alt=\"Technik in den Klassenzimmern der Deutschen Schule von Zaragoza\" class=\"wp-image-22077\" srcset=\"https:\/\/colegioaleman.com\/wp-content\/uploads\/2022\/09\/proyecto-educativo-escenario-tecnologia.jpg 400w, https:\/\/colegioaleman.com\/wp-content\/uploads\/2022\/09\/proyecto-educativo-escenario-tecnologia-300x273.jpg 300w\" sizes=\"(max-width: 400px) 100vw, 400px\" \/><\/a><\/figure>\n\n\n\n<h3 class=\"wp-block-heading\"><strong>Technologie<\/strong><\/h3>\n\n\n\n<p>F\u00fcr die korrekte Entwicklung Ihrer Kinder sind technologische Grundkenntnisse von gro\u00dfer Bedeutung.<\/p>\n\n\n\n<div class=\"wp-block-buttons is-content-justification-right is-layout-flex wp-container-core-buttons-is-layout-765c4724 wp-block-buttons-is-layout-flex\">\n<div class=\"wp-block-button is-style-theme-link\"><a class=\"wp-block-button__link wp-element-button\" href=\"https:\/\/colegioaleman.com\/de\/technologie-im-klassenzimmer\/\">WEITERLESEN<\/a><\/div>\n<\/div>\n<\/div>\n\n\n\n<div class=\"wp-block-column is-layout-flow wp-block-column-is-layout-flow\">\n<figure class=\"wp-block-image size-full is-style-hover-image\"><a href=\"https:\/\/colegioaleman.com\/de\/virtuelle-tour\/\"><img loading=\"lazy\" decoding=\"async\" width=\"400\" height=\"364\" src=\"https:\/\/colegioaleman.com\/wp-content\/uploads\/2022\/09\/proyecto-educativo-escenario-tour.jpg\" alt=\"Virtuelle Tour durch die Deutsche Schule von Zaragoza\" class=\"wp-image-22080\" srcset=\"https:\/\/colegioaleman.com\/wp-content\/uploads\/2022\/09\/proyecto-educativo-escenario-tour.jpg 400w, https:\/\/colegioaleman.com\/wp-content\/uploads\/2022\/09\/proyecto-educativo-escenario-tour-300x273.jpg 300w\" sizes=\"(max-width: 400px) 100vw, 400px\" \/><\/a><\/figure>\n\n\n\n<h3 class=\"wp-block-heading\"><strong>Virtuelle Tour<\/strong><\/h3>\n\n\n\n<p>Schauen Sie sich unsere Schule an: Kommen Sie in unsere Einrichtung oder schauen Sie sich diese Virtuelle Tour an!<\/p>\n\n\n\n<div class=\"wp-block-buttons is-content-justification-right is-layout-flex wp-container-core-buttons-is-layout-765c4724 wp-block-buttons-is-layout-flex\">\n<div class=\"wp-block-button is-style-theme-link\"><a class=\"wp-block-button__link wp-element-button\" href=\"https:\/\/colegioaleman.com\/de\/virtuelle-tour\/\">WEITERLESEN<\/a><\/div>\n<\/div>\n<\/div>\n<\/div>\n\n\n\n<div style=\"height:80px\" aria-hidden=\"true\" class=\"wp-block-spacer\"><\/div>\n\n\n\n<div class=\"wp-block-group\"><div class=\"wp-block-group__inner-container is-layout-flow wp-block-group-is-layout-flow\">\n<div class=\"wp-block-columns is-layout-flex wp-container-core-columns-is-layout-9d6595d7 wp-block-columns-is-layout-flex\">\n<div class=\"wp-block-column dnone-mobile is-layout-flow wp-block-column-is-layout-flow\" style=\"flex-basis:4.3%\"><\/div>\n\n\n\n<div class=\"wp-block-column is-layout-flow wp-block-column-is-layout-flow\"><\/div>\n<\/div>\n<\/div><\/div>\n\n\n\n<div class=\"wp-block-group\"><div class=\"wp-block-group__inner-container is-layout-flow wp-block-group-is-layout-flow\">\n<div class=\"wp-block-columns is-style-default is-layout-flex wp-container-core-columns-is-layout-9d6595d7 wp-block-columns-is-layout-flex\">\n<div class=\"wp-block-column is-layout-flow wp-block-column-is-layout-flow\" style=\"flex-basis:4.33%\"><\/div>\n\n\n\n<div class=\"wp-block-column is-layout-flow wp-block-column-is-layout-flow\">\n<h2 class=\"has-text-align-center wp-block-heading\">Im Folgenden zeigen wir Ihnen 6 Gr\u00fcnde auf, die f\u00fcr das<br>Bildungsprojekt der Deutschen Schule von Zaragoza sprechen<\/h2>\n\n\n<div class=\"wp-block-image\">\n<figure class=\"aligncenter size-large\"><img loading=\"lazy\" decoding=\"async\" width=\"1024\" height=\"638\" src=\"https:\/\/colegioaleman.com\/wp-content\/uploads\/2022\/09\/proyecto-educativo-slide-1024x638.jpg\" alt=\"Bildungsprojekt der Deutschen Schule von Zaragoza\" class=\"wp-image-22532\" srcset=\"https:\/\/colegioaleman.com\/wp-content\/uploads\/2022\/09\/proyecto-educativo-slide-1024x638.jpg 1024w, https:\/\/colegioaleman.com\/wp-content\/uploads\/2022\/09\/proyecto-educativo-slide-300x187.jpg 300w, https:\/\/colegioaleman.com\/wp-content\/uploads\/2022\/09\/proyecto-educativo-slide-768x478.jpg 768w, https:\/\/colegioaleman.com\/wp-content\/uploads\/2022\/09\/proyecto-educativo-slide.jpg 1180w\" sizes=\"(max-width: 1024px) 100vw, 1024px\" \/><\/figure>\n<\/div><\/div>\n\n\n\n<div class=\"wp-block-column is-layout-flow wp-block-column-is-layout-flow\" style=\"flex-basis:4.33%\"><\/div>\n<\/div>\n\n\n\n<div class=\"wp-block-columns is-style-move-up is-layout-flex wp-container-core-columns-is-layout-9d6595d7 wp-block-columns-is-layout-flex\">\n<div class=\"wp-block-column dnone-mobile is-layout-flow wp-block-column-is-layout-flow\"><\/div>\n\n\n\n<div class=\"wp-block-column animate slideInRight has-body-white-color has-primary-background-color has-text-color has-background is-layout-flow wp-block-column-is-layout-flow\">\n    <div id=\"swiper-block_56dfc082d5ac3b35fcaf7714a0e76e3f\" class=\"swiper swiper-container-block\">\n        <div class=\"swiper-wrapper\">\n                            <div class=\"swiper-slide\"><p class=\"text-h1\"><strong class=\"has-accent-yellow-color\">1<\/strong><\/p>\n<p class=\"pr-2\">Aufwachsen in der deutschen Kultur. Bereits im Kindergarten wird zu 100 % mit dem Erlernen der deutschen Sprache begonnen.<\/p>\n<\/div>\n                            <div class=\"swiper-slide\"><p class=\"text-h1\"><strong class=\"has-accent-yellow-color\">2<\/strong><\/p>\n<p class=\"pr-1\">Maximale Einbeziehung der Lehrerschaft &gt; <strong>Bildungsinnovation<\/strong><\/p>\n<\/div>\n                            <div class=\"swiper-slide\"><p class=\"text-h1\"><strong class=\"has-accent-yellow-color\">3<\/strong><\/p>\n<p><strong>Pr\u00fcfungen des Goethe-Instituts:<\/strong><\/p>\n<ul>\n<li>Grundschule A1 und A2<\/li>\n<li>Sekundarstufe I B1 und B2<\/li>\n<li>Sekundarstufe II C1 und C2<\/li>\n<\/ul>\n<\/div>\n                            <div class=\"swiper-slide\"><p class=\"text-h1\"><strong class=\"has-accent-yellow-color\">4<\/strong><\/p>\n<p><strong>Cambridge Pr\u00fcfungen:<\/strong><\/p>\n<ul>\n<li>Sekundarstufe I B1 und B2<\/li>\n<li>Sekundarstufe II C1 und C2<\/li>\n<\/ul>\n<\/div>\n                            <div class=\"swiper-slide\"><p class=\"text-h1\"><strong class=\"has-accent-yellow-color\">5<\/strong><\/p>\n<p><strong>Sch\u00fclerpraktikum in Deutschland<\/strong> in der Sekundarstufe I und in der Sekundarstufe II<\/p>\n<\/div>\n                            <div class=\"swiper-slide\"><p class=\"text-h1\"><strong class=\"has-accent-yellow-color\">6<\/strong><\/p>\n<p><strong>Hervorragende schulische Leistungen<\/strong><\/p>\n<\/div>\n                    <\/div>\n        <!-- Add Pagination --> \n        <div class=\"swiper-pagination\"><\/div> \n        \n    <\/div>\n\n\n\n<!-- Swiper JS -->\n<script src=\"https:\/\/cdn.jsdelivr.net\/npm\/swiper@8\/swiper-bundle.min.js\"><\/script>\n\n<!-- Initialize Swiper -->\n<script>\n\tvar swiper = new Swiper('#swiper-block_56dfc082d5ac3b35fcaf7714a0e76e3f', {\n\tslidesPerView: '2',\n    pagination: {\n\t\tel: '.swiper-pagination',\n\t\tclickable: true,\n\t},\n\t});\n<\/script><\/div>\n<\/div>\n\n\n\n<div style=\"height:80px\" aria-hidden=\"true\" class=\"wp-block-spacer\"><\/div>\n\n\n\n<h2 class=\"has-text-align-center wp-block-heading\">Wie sind die Sch\u00fcler und Sch\u00fclerinnen der Deutschen Schule?<\/h2>\n<\/div><\/div>\n\n\n\n<div class=\"wp-block-columns is-layout-flex wp-container-core-columns-is-layout-9d6595d7 wp-block-columns-is-layout-flex\">\n<div class=\"wp-block-column dnone-mobile is-layout-flow wp-block-column-is-layout-flow\" style=\"flex-basis:4.3%\"><\/div>\n\n\n\n<div class=\"wp-block-column is-layout-flow wp-block-column-is-layout-flow\">\n<ul class=\"wp-block-list\">\n<li>Unternehmer<\/li>\n\n\n\n<li>Kooperativ<\/li>\n\n\n\n<li>Umweltbewusst<\/li>\n\n\n\n<li>Neugierig<\/li>\n<\/ul>\n<\/div>\n\n\n\n<div class=\"wp-block-column is-layout-flow wp-block-column-is-layout-flow\">\n<ul class=\"wp-block-list\">\n<li>Kreativ<\/li>\n\n\n\n<li>Kommunikativ<\/li>\n\n\n\n<li>Sportlich<\/li>\n\n\n\n<li>Solidarisch<\/li>\n<\/ul>\n<\/div>\n\n\n\n<div class=\"wp-block-column is-layout-flow wp-block-column-is-layout-flow\">\n<ul class=\"wp-block-list\">\n<li>Kritisch<\/li>\n\n\n\n<li>Wohlerzogen<\/li>\n\n\n\n<li>R\u00fccksichtsvoll<\/li>\n<\/ul>\n<\/div>\n<\/div>\n\n\n\n<div style=\"height:40px\" aria-hidden=\"true\" class=\"wp-block-spacer\"><\/div>\n\n\n\n<div style=\"height:80px\" aria-hidden=\"true\" class=\"wp-block-spacer\"><\/div>\n\n\n\n<div class=\"wp-block-columns is-layout-flex wp-container-core-columns-is-layout-9d6595d7 wp-block-columns-is-layout-flex\">\n<div class=\"wp-block-column dnone-mobile is-layout-flow wp-block-column-is-layout-flow\" style=\"flex-basis:4.3%\"><\/div>\n\n\n\n<div class=\"wp-block-column is-layout-flow wp-block-column-is-layout-flow\">\n<h2 class=\"has-text-align-center wp-block-heading\">Sch\u00fclerprofil<\/h2>\n\n\n\n<p><strong>Schlie\u00dfen Sie Ihre Augen und stellen Sie sich vor, sie w\u00e4ren 17 oder vielleicht 18 Jahre alt und haben gerade Ihren Schulabschluss gemacht. Erinnern Sie sich an diesen Moment.<\/strong><\/p>\n\n\n\n<p>Sind Ihre Augen noch geschlossen? Sehen Sie sich? Und diese herrliche Naivit\u00e4t. Gut. Dann denken Sie kurz dar\u00fcber nach, wie Sie gerne in diesem Alter gewesen w\u00e4ren, was h\u00e4tten Sie gerne gemacht und haben es am Ende nicht gemacht? Vielleicht stimmt Ihre Vorstellung mit der Realit\u00e4t \u00fcberein, das k\u00f6nnen wir nicht wissen, das k\u00f6nnen nur Sie selbst wissen. Und jetzt &#8211; haben Sie die Augen noch geschlossen?- stellen Sie sich Ihren Sohn oder Ihre Tochter vor. Was w\u00fcrden Sie sich f\u00fcr Ihr Kind in diesem Alter w\u00fcnschen, wie wird seine Pers\u00f6nlichkeit sein, was wird in seinem K\u00f6rper und in seinem Kopf vorgehen, welche W\u00fcnsche, F\u00e4higkeiten und Tr\u00e4ume wird es haben.<\/p>\n\n\n\n<p><strong>Wie wird seine berufliche Zukunft aussehen, k\u00f6nnen Sie es sich vorstellen?<\/strong><\/p>\n\n\n\n<p>Wir haben unsere Hausaufgaben gemacht: Wir haben die Augen geschlossen und es uns vorgestellt. Was w\u00fcnschen wir uns f\u00fcr unsere 18-j\u00e4hrigen Sch\u00fcler, die eine Reise voller Abenteuer und sicherlich auch Missgeschicke, die Teil des Lernprozesses sind, auf unserer Schule hinter sich haben? Wir haben unsere Augen jedoch nicht geschlossen gehalten, sondern sie weit ge\u00f6ffnet, um der Realit\u00e4t ins Auge zu blicken und uns viele Fragen zu stellen. Und genau dazu laden wir unsere Sch\u00fcler immer sein, sich viele Fragen zu stellen sowie neugierig und kritisch zu sein. Wie sind unsere Sch\u00fcler heute und wie werden zum Beispiel die dreij\u00e4hrigen Sch\u00fcler in 15 Jahren sein? Welche Richtung werden wir einschlagen? Was ist der Erwartungshorizont?<\/p>\n\n\n\n<p>Wir sehen unsere Sch\u00fcler als junge Menschen, die begeistert sind von der Welt und neugierig sind, verschiedene Kulturen, Wissenschaften und das Wesen Mensch zu entdecken und die verstanden haben, dass nichts auf der Welt selbstverst\u00e4ndlich ist und es oftmals Opfer und Anstrengungen bedarf, um seine Ziele zu erreichen. Sie haben aber auch verstanden, dass es in ihrer Hand liegt, auf respektvolle und verantwortungsbewusste Weise zu handeln und Dinge voranzutreiben. So stellen wir uns unsere Sch\u00fcler vor und so werden sie sein. Verantwortungsbewusst, kritisches Denkverm\u00f6gen und die F\u00e4higkeit zu besitzen, das beste aus ihren Talenten zu machen, denn alle unsere Sch\u00fcler und Sch\u00fclerinnen verf\u00fcgen \u00fcber zahlreiche Talente, verschiedene Talente, so verschieden wie jeder Einzelne von uns, aber immer offen und bereit, die Herausforderungen des Lebens anzunehmen und zu meistern. Talente und F\u00e4higkeiten, die viele Herausforderungen bestehen werden. Sie k\u00f6nnen mit ihren Emotionen umgehen, verf\u00fcgen \u00fcber Unternehmergeist und Resilienz, stehen mit dem Kopf in den Wolken und zugleich mit beiden Beinen fest auf der Erde, sie sind solidarisch und gro\u00dfz\u00fcgig, k\u00f6nnen sich durchsetzen, sind einf\u00fchlsam und bestimmen ihr Leben selbst. Sie haben sich gegen\u00fcber der Welt, der Natur und der sich immer wandelnden Informationsgesellschaft verpflichtet und die Herausforderungen, die auf sie in der Zukunft warten, angenommen. K\u00f6nnen Sie sich das vorstellen? Hinzu kommt diese Naivit\u00e4t der 18-J\u00e4hrigen. Ohne diese Naivit\u00e4t w\u00e4re nichts von dem zuvor Beschriebenen m\u00f6glich.<\/p>\n\n\n\n<p>Wir m\u00fcssen uns dies jedoch nicht l\u00e4nger vorstellen, denn wir wissen, dass unsere Sch\u00fcler genau so sind, wenn sie unsere Schule verlassen. Wir wissen, dass sie flie\u00dfend Deutsch sprechen, ebenso Englisch, und dass sie Spanisch wie ein Dichter oder Wissenschaftler verwenden werden, auch wenn sie weder den Weg eines Dichters oder Wissenschaftlers einschlagen. Unseren Sch\u00fclern ist bewusst, dass wenn sie ihre Muttersprache gut beherrschen ,sie sich auch gut selber kennen. Und das ist einer der Schl\u00fcsselpunkte: sich selber gut zu kennen, sich selbst zu m\u00f6gen und dann die Welt und seine Kulturen entdecken zu wollen, sich mit anderen zu verst\u00e4ndigen, Beziehungen einzugehen sowie offen, flexibel und tolerant zu sein. Mit anderen Menschen zusammen zu sein und zusammen zu arbeiten, ein Team zu bilden, denn jeder Einzelne von uns ist ein Teil des Gesamten und beeinflusst somit seine Mitmenschen. Und dies ist unseren Sch\u00fcler zutiefst bewusst.<\/p>\n\n\n\n<div class=\"wp-block-columns is-layout-flex wp-container-core-columns-is-layout-9d6595d7 wp-block-columns-is-layout-flex\">\n<div class=\"wp-block-column is-layout-flow wp-block-column-is-layout-flow\" style=\"flex-basis:66.66%\">\n<blockquote class=\"wp-block-quote is-style-default is-layout-flow wp-block-quote-is-layout-flow\" style=\"font-style:normal;font-weight:200\">\n<p><em>Sie sind 18 Jahre alt und sie f\u00fchlen sich wie vor einer Pr\u00fcfung, sie sind nerv\u00f6s, denn sie wissen nicht, was sie erwartet &#8211; das ist unvermeidlich -, aber sie sind zuversichtlich, denn sie haben hart gearbeitet und sind vorbereitet auf das, was kommt,<\/em> <strong><em>und werden mit offenen Augen durch die Welt gehen.<\/em><\/strong><\/p>\n<\/blockquote>\n<\/div>\n\n\n\n<div class=\"wp-block-column is-layout-flow wp-block-column-is-layout-flow\" style=\"flex-basis:33.33%\"><div class=\"wp-block-image\">\n<figure class=\"aligncenter size-full\"><img decoding=\"async\" src=\"https:\/\/colegioaleman.com\/wp-content\/uploads\/2022\/09\/PERFIL_GRAFICO.png\" alt=\"\" class=\"wp-image-23358\"\/><\/figure>\n<\/div><\/div>\n<\/div>\n<\/div>\n<\/div>\n\n\n\n<div class=\"wp-block-columns is-layout-flex wp-container-core-columns-is-layout-9d6595d7 wp-block-columns-is-layout-flex\">\n<div class=\"wp-block-column is-vertically-aligned-top dnone-tablet is-layout-flow wp-block-column-is-layout-flow\" style=\"flex-basis:4.3%\"><\/div>\n\n\n\n<div class=\"wp-block-column is-layout-flow wp-block-column-is-layout-flow\">\n<h2 class=\"has-text-align-center wp-block-heading\">Noticias relacionadas<\/h2>\n\n\n\n<div class=\"wp-block-query is-layout-flow wp-block-query-is-layout-flow\">\n\n<div class=\"wp-block-query-no-results\">\n\n<p><\/p>\n\n<\/div><\/div>\n<\/div>\n<\/div>\n","protected":false},"excerpt":{"rendered":"<p>Bildungsprojekt Wir legen Wert darauf, dass alle Sch\u00fcler und Sch\u00fclerinnen ab dem 2. Lebensjahr die deutsche Sprache erlernen. Mit den besten Tools bereiten wir die Kinder darauf vor, sich in jedem gegenw\u00e4rtigen und zuk\u00fcnftigen Kontext zu bewegen, ohne dass Sprache ein Hindernis darstellt. Diese Immersion in eine von der Muttersprache abweichenden Sprache und Kultur ab [&hellip;]<\/p>\n","protected":false},"author":1,"featured_media":27516,"parent":0,"menu_order":0,"comment_status":"closed","ping_status":"closed","template":"","meta":{"_acf_changed":false,"inline_featured_image":false,"footnotes":""},"class_list":["post-24876","page","type-page","status-publish","has-post-thumbnail","hentry"],"acf":[],"_links":{"self":[{"href":"https:\/\/colegioaleman.com\/de\/wp-json\/wp\/v2\/pages\/24876","targetHints":{"allow":["GET"]}}],"collection":[{"href":"https:\/\/colegioaleman.com\/de\/wp-json\/wp\/v2\/pages"}],"about":[{"href":"https:\/\/colegioaleman.com\/de\/wp-json\/wp\/v2\/types\/page"}],"author":[{"embeddable":true,"href":"https:\/\/colegioaleman.com\/de\/wp-json\/wp\/v2\/users\/1"}],"replies":[{"embeddable":true,"href":"https:\/\/colegioaleman.com\/de\/wp-json\/wp\/v2\/comments?post=24876"}],"version-history":[{"count":2,"href":"https:\/\/colegioaleman.com\/de\/wp-json\/wp\/v2\/pages\/24876\/revisions"}],"predecessor-version":[{"id":26373,"href":"https:\/\/colegioaleman.com\/de\/wp-json\/wp\/v2\/pages\/24876\/revisions\/26373"}],"wp:featuredmedia":[{"embeddable":true,"href":"https:\/\/colegioaleman.com\/de\/wp-json\/wp\/v2\/media\/27516"}],"wp:attachment":[{"href":"https:\/\/colegioaleman.com\/de\/wp-json\/wp\/v2\/media?parent=24876"}],"curies":[{"name":"wp","href":"https:\/\/api.w.org\/{rel}","templated":true}]}}