{"id":24878,"date":"2022-08-09T16:37:55","date_gmt":"2022-08-09T16:37:55","guid":{"rendered":"https:\/\/colegioaleman.com\/bildungsprojekt\/bildungsangebot\/"},"modified":"2024-11-19T09:30:29","modified_gmt":"2024-11-19T09:30:29","slug":"bildungsangebot","status":"publish","type":"page","link":"https:\/\/colegioaleman.com\/de\/bildungsprojekt\/bildungsangebot\/","title":{"rendered":"Bildungsangebot"},"content":{"rendered":"\n<div style=\"height:80px\" aria-hidden=\"true\" class=\"wp-block-spacer\"><\/div>\n\n\n\n<div class=\"wp-block-columns alignfull is-layout-flex wp-container-core-columns-is-layout-9d6595d7 wp-block-columns-is-layout-flex\">\n<div class=\"wp-block-column dnone-tablet is-layout-flow wp-block-column-is-layout-flow\" style=\"flex-basis:8.33%\"><\/div>\n\n\n\n<div class=\"wp-block-column  pr-3 pl-3 is-layout-flow wp-block-column-is-layout-flow\">\n<p><strong>Der beste Ort, um mit dem Lernen zu beginnen<\/strong><\/p>\n\n\n\n<h2 class=\"wp-block-heading\">Freude am Lernen, Freude am Lehren<\/h2>\n\n\n\n<p style=\"font-size:16px\">Wir unterrichten unsere Sch\u00fcler nach <strong>einer Lehrmethode<\/strong>, die Deutsch als Verkehrssprache verwendet und die sich seit <strong>mehr als sechs Jahrzehnten<\/strong> bew\u00e4hrt hat und mit der bereits <strong>Hunderte Sch\u00fcler erfolgreich unterrichtet wurden.<\/strong> Auf diese Weise lernen unsere Sch\u00fcler <strong>ab dem 2. Lebensjahr Deutsch<\/strong>, was folgende Vorteile bietet:<\/p>\n\n\n\n<p style=\"font-size:16px\"><strong>Einerseits<\/strong> sind sie mit 6 Jahren zu 100 % f\u00e4hig, Englisch als dritte Sprache zu erlernen, und dank der nat\u00fcrlichen Zweisprachigkeit, mit der sie aufgewachsen sind, ihre dreisprachige Schulausbildung mit einem hohen Niveau abschlie\u00dfen k\u00f6nnen.<\/p>\n\n\n\n<p style=\"font-size:16px\"><strong>Andererseits<\/strong> entwickeln sie kognitive Fertigkeiten, die ihre F\u00e4higkeiten st\u00e4rken und dank derer sie einen guten akademischen Abschluss erzielen k\u00f6nnen.<\/p>\n\n\n\n<p style=\"font-size:16px\"><\/p>\n\n\n\n<p><\/p>\n\n\n\n<ul class=\"wp-block-list is-style-separator-list\">\n<li><a href=\"#acompanamiento\">Begleitung<\/a><\/li>\n\n\n\n<li><a href=\"#metodo\">Methode<\/a><\/li>\n\n\n\n<li><a href=\"#resultados\">Ergebnisse<\/a><\/li>\n<\/ul>\n<\/div>\n\n\n\n<div class=\"wp-block-column is-layout-flow wp-block-column-is-layout-flow\" style=\"flex-basis:44.6%\"><div class=\"wp-block-image\">\n<figure class=\"alignright size-full\"><img fetchpriority=\"high\" decoding=\"async\" width=\"6440\" height=\"4293\" src=\"https:\/\/colegioaleman.com\/wp-content\/uploads\/2024\/10\/alumnos_educacion_primaria_zaragoza_colegio_Aleman.png\" alt=\"\" class=\"wp-image-35772\" srcset=\"https:\/\/colegioaleman.com\/wp-content\/uploads\/2024\/10\/alumnos_educacion_primaria_zaragoza_colegio_Aleman.png 6440w, https:\/\/colegioaleman.com\/wp-content\/uploads\/2024\/10\/alumnos_educacion_primaria_zaragoza_colegio_Aleman-300x200.png 300w, https:\/\/colegioaleman.com\/wp-content\/uploads\/2024\/10\/alumnos_educacion_primaria_zaragoza_colegio_Aleman-1024x683.png 1024w, https:\/\/colegioaleman.com\/wp-content\/uploads\/2024\/10\/alumnos_educacion_primaria_zaragoza_colegio_Aleman-768x512.png 768w, https:\/\/colegioaleman.com\/wp-content\/uploads\/2024\/10\/alumnos_educacion_primaria_zaragoza_colegio_Aleman-1536x1024.png 1536w, https:\/\/colegioaleman.com\/wp-content\/uploads\/2024\/10\/alumnos_educacion_primaria_zaragoza_colegio_Aleman-2048x1365.png 2048w\" sizes=\"(max-width: 6440px) 100vw, 6440px\" \/><\/figure>\n<\/div><\/div>\n<\/div>\n\n\n\n<div style=\"height:80px\" aria-hidden=\"true\" class=\"wp-block-spacer\"><\/div>\n\n\n\n<div class=\"wp-block-columns is-layout-flex wp-container-core-columns-is-layout-9d6595d7 wp-block-columns-is-layout-flex\">\n<div class=\"wp-block-column dnone-tablet is-layout-flow wp-block-column-is-layout-flow\" style=\"flex-basis:4.33%\"><\/div>\n\n\n\n<div class=\"wp-block-column is-layout-flow wp-block-column-is-layout-flow\">\n<p class=\"has-body-main-color has-text-color has-medium-font-size\">Andererseits entwickeln sie kognitive Fertigkeiten, die ihre F\u00e4higkeiten st\u00e4rken und dank derer sie einen guten akademischen Abschluss erzielen k\u00f6nnen.<\/p>\n<\/div>\n\n\n\n<div class=\"wp-block-column is-layout-flow wp-block-column-is-layout-flow\" style=\"flex-basis:48.6%\">\n<p>Das Erlernen von mehr als zwei Sprachen im fr\u00fchen Kindesalter beg\u00fcnstigt zahlreiche kognitive Prozesse, die eng mit dem pers\u00f6nlichen Wachstum und einer optimalen sowie verbesserten Lernf\u00e4higkeit verbunden sind.<\/p>\n<\/div>\n<\/div>\n\n\n\n<div style=\"height:80px\" aria-hidden=\"true\" class=\"wp-block-spacer\"><\/div>\n\n\n\n<div class=\"wp-block-columns is-layout-flex wp-container-core-columns-is-layout-9d6595d7 wp-block-columns-is-layout-flex\">\n<div class=\"wp-block-column dnone-tablet is-layout-flow wp-block-column-is-layout-flow\" style=\"flex-basis:4.33%\"><\/div>\n\n\n\n<div class=\"wp-block-column is-layout-flow wp-block-column-is-layout-flow\">\n<h2 class=\"wp-block-heading\" id=\"equipo-docente\">Im Folgenden stellen wir Ihnen die drei Pfeiler vor, die f\u00fcr den Erfolg der Lehrmethode der Deutschen Schule in Zaragoza verantwortlich sind<\/h2>\n\n\n\n<p><\/p>\n<\/div>\n\n\n\n<div class=\"wp-block-column is-layout-flow wp-block-column-is-layout-flow\" style=\"flex-basis:48.6%\">\n<figure class=\"wp-block-image size-full\"><img decoding=\"async\" src=\"https:\/\/colegioaleman.com\/wp-content\/uploads\/2022\/08\/equipo-docente-kindergarten.jpg\" alt=\"\" class=\"wp-image-20911\"\/><\/figure>\n<\/div>\n<\/div>\n\n\n\n<div class=\"wp-block-columns is-style-move-up is-layout-flex wp-container-core-columns-is-layout-9d6595d7 wp-block-columns-is-layout-flex\">\n<div class=\"wp-block-column is-layout-flow wp-block-column-is-layout-flow\" style=\"flex-basis:4.33%\"><\/div>\n\n\n\n<div class=\"wp-block-column has-body-white-color has-primary-100-background-color has-text-color has-background is-layout-flow wp-block-column-is-layout-flow\" style=\"flex-basis:60%\" id=\"acompanamiento\">\n<p class=\"has-medium-font-size\">BEGLEITUNG<\/p>\n\n\n\n<p style=\"font-size:25px\"><strong>Motivation, der beste Motor<\/strong><\/p>\n\n\n\n<p>Eine Schulbildung, die darauf basiert, die Sch\u00fcler w\u00e4hrend ihrer gesamten Schullaufbahn zu begleiten und die auf Mentoring setzt, um ihnen alle notwendigen Werkzeuge zur F\u00f6rderung ihrer Selbstst\u00e4ndigkeit mit auf den Weg zu geben.<\/p>\n\n\n\n<p>Die Sch\u00fcler werden in ihrer Entwicklung begleitet und k\u00f6nnen jederzeit auf eine helfende Hand zur\u00fcckgreifen, die sie in ihrer akademischen und pers\u00f6nlichen Entwicklung f\u00f6rdert und motiviert.<\/p>\n<\/div>\n\n\n\n<div class=\"wp-block-column dnone-tablet is-layout-flow wp-block-column-is-layout-flow\"><\/div>\n<\/div>\n\n\n\n<div class=\"wp-block-columns is-style-default is-layout-flex wp-container-core-columns-is-layout-9d6595d7 wp-block-columns-is-layout-flex\">\n<div class=\"wp-block-column is-layout-flow wp-block-column-is-layout-flow\" style=\"flex-basis:4.33%\"><\/div>\n\n\n\n<div class=\"wp-block-column has-primary-100-color has-secondary-80-background-color has-text-color has-background is-layout-flow wp-block-column-is-layout-flow\" style=\"flex-basis:60%\" id=\"metodo\">\n<p class=\"has-medium-font-size\">METHODE<\/p>\n\n\n\n<p style=\"font-size:25px\"><strong>Auf Deutsch und f\u00fcr die Welt<\/strong><\/p>\n\n\n\n<p>Unsere Lehrmethode zielt darauf ab, die deutsche Sprache auf nat\u00fcrliche Weise zu erlernen und zu verstehen und gleichzeitig die Aufmerksamkeit, das Ged\u00e4chtnis und das kritische Denken der Sch\u00fcler zu f\u00f6rdern und zu st\u00e4rken. Dar\u00fcber hinaus erlernen sie durch Immersion auf schnelle Weise die englische Sprache.<\/p>\n\n\n\n<p>Auf diese Weise verf\u00fcgen unsere Sch\u00fcler \u00fcber kommunikativen F\u00e4higkeiten und ein Verst\u00e4ndnis von Sprache, was eine solide Grundlage f\u00fcr ihre schulische Laufbahn schafft.<\/p>\n<\/div>\n\n\n\n<div class=\"wp-block-column dnone-tablet is-layout-flow wp-block-column-is-layout-flow\"><\/div>\n<\/div>\n\n\n\n<div class=\"wp-block-columns is-style-default is-layout-flex wp-container-core-columns-is-layout-9d6595d7 wp-block-columns-is-layout-flex\">\n<div class=\"wp-block-column is-layout-flow wp-block-column-is-layout-flow\" style=\"flex-basis:4.33%\"><\/div>\n\n\n\n<div class=\"wp-block-column has-primary-100-color has-secondary-20-background-color has-text-color has-background is-layout-flow wp-block-column-is-layout-flow\" style=\"flex-basis:60%\" id=\"resultados\">\n<p class=\"has-medium-font-size\">ERGEBNISSE<\/p>\n\n\n\n<p style=\"font-size:25px\"><strong>Wir sind das Ergebnis unserer Bem\u00fchungen<\/strong><\/p>\n\n\n\n<p>Das Modell der Einbeziehung der Sch\u00fcler und die Lehrmethode der Deutschen Schule verfolgen das Ziel, dass die Sch\u00fcler stets motiviert sind, optimale Leistungen zu erbringen, was sie dank ihrer auf kontinuierlichen Anstrengungen beruhenden Schulbildung umsetzen k\u00f6nnen.<\/p>\n\n\n\n<p>Unsere Sch\u00fcler sind sich bewusst, dass jeder Schritt, den sie machen, ein Schritt in die richtige Richtung ist, um ihre F\u00e4higkeiten und ihr Selbstbewusstsein auszubauen.<\/p>\n\n\n\n<div class=\"wp-block-buttons is-layout-flex wp-block-buttons-is-layout-flex\">\n<div class=\"wp-block-button is-style-theme-link\"><a class=\"wp-block-button__link wp-element-button\" href=\"https:\/\/colegioaleman.com\/de\/ergebnisse\/\">ZU DEN ERGEBNISSEN<\/a><\/div>\n<\/div>\n<\/div>\n\n\n\n<div class=\"wp-block-column dnone-tablet is-layout-flow wp-block-column-is-layout-flow\"><\/div>\n<\/div>\n\n\n\n<div style=\"height:80px\" aria-hidden=\"true\" class=\"wp-block-spacer\"><\/div>\n\n\n\n<div class=\"wp-block-group alignfull animate has-body-white-color has-primary-100-background-color has-text-color has-background\" id=\"cta-form\"><div class=\"wp-block-group__inner-container is-layout-flow wp-block-group-is-layout-flow\">\n<div class=\"wp-block-columns has-white-color has-text-color is-layout-flex wp-container-core-columns-is-layout-9d6595d7 wp-block-columns-is-layout-flex\">\n<div class=\"wp-block-column dnone-tablet is-layout-flow wp-block-column-is-layout-flow\" style=\"flex-basis:4.33%\"><\/div>\n\n\n\n<div class=\"wp-block-column is-layout-flow wp-block-column-is-layout-flow\">\n<p><strong>Anmeldung und neue Sch\u00fcler<\/strong><\/p>\n\n\n\n<h2 class=\"wp-block-heading has-body-white-color has-text-color\">M\u00f6chten Sie Teil unserer gro\u00dfen Familie werden?<\/h2>\n\n\n\n<p>Erkundigen Sie sich f\u00fcr das n\u00e4chste Schuljahr und sichern Sie sich einen Platz an unserer Schule. Vereinbaren Sie einen Besuch an unserer Schule, bei dem Sie die Einrichtungen sehen und ein Gespr\u00e4ch mit den Lehrkr\u00e4ften f\u00fchren k\u00f6nnen.<\/p>\n<\/div>\n\n\n\n<div class=\"wp-block-column is-vertically-aligned-center is-layout-flow wp-block-column-is-layout-flow\" style=\"flex-basis:48.6%\"><div class=\"wp-block-image\">\n<figure class=\"aligncenter size-full\"><img decoding=\"async\" width=\"108\" height=\"78\" src=\"https:\/\/colegioaleman.com\/wp-content\/uploads\/2022\/07\/Isotipo.png\" alt=\"Deutsche Schule\" class=\"wp-image-19\"\/><\/figure>\n<\/div>\n\n\n<div class=\"wp-block-buttons is-content-justification-center is-layout-flex wp-container-core-buttons-is-layout-16018d1d wp-block-buttons-is-layout-flex\">\n<div class=\"wp-block-button is-style-outline is-style-outline--1\"><a class=\"wp-block-button__link wp-element-button\" href=\"https:\/\/colegioaleman.com\/de\/anmeldung\/informationsformular\/\" style=\"border-radius:100px\" target=\"_blank\" rel=\"noreferrer noopener\">Gehen Sie zum Informationsformular<\/a><\/div>\n<\/div>\n<\/div>\n<\/div>\n<\/div><\/div>\n\n\n\n<div style=\"height:80px\" aria-hidden=\"true\" class=\"wp-block-spacer\"><\/div>\n\n\n\n<div class=\"wp-block-columns is-layout-flex wp-container-core-columns-is-layout-9d6595d7 wp-block-columns-is-layout-flex\">\n<div class=\"wp-block-column is-vertically-aligned-top dnone-tablet is-layout-flow wp-block-column-is-layout-flow\" style=\"flex-basis:4.3%\"><\/div>\n\n\n\n<div class=\"wp-block-column is-layout-flow wp-block-column-is-layout-flow\">\n<h2 class=\"has-text-align-center wp-block-heading\">Noticias relacionadas<\/h2>\n\n\n\n<div class=\"wp-block-query is-layout-flow wp-block-query-is-layout-flow\">\n\n<div class=\"wp-block-query-no-results\">\n\n<p><\/p>\n\n<\/div><\/div>\n<\/div>\n<\/div>\n","protected":false},"excerpt":{"rendered":"<p>Der beste Ort, um mit dem Lernen zu beginnen Freude am Lernen, Freude am Lehren Wir unterrichten unsere Sch\u00fcler nach einer Lehrmethode, die Deutsch als Verkehrssprache verwendet und die sich seit mehr als sechs Jahrzehnten bew\u00e4hrt hat und mit der bereits Hunderte Sch\u00fcler erfolgreich unterrichtet wurden. Auf diese Weise lernen unsere Sch\u00fcler ab dem 2. [&hellip;]<\/p>\n","protected":false},"author":1,"featured_media":0,"parent":24876,"menu_order":0,"comment_status":"closed","ping_status":"closed","template":"","meta":{"_acf_changed":false,"inline_featured_image":false,"footnotes":""},"class_list":["post-24878","page","type-page","status-publish","hentry"],"acf":[],"_links":{"self":[{"href":"https:\/\/colegioaleman.com\/de\/wp-json\/wp\/v2\/pages\/24878","targetHints":{"allow":["GET"]}}],"collection":[{"href":"https:\/\/colegioaleman.com\/de\/wp-json\/wp\/v2\/pages"}],"about":[{"href":"https:\/\/colegioaleman.com\/de\/wp-json\/wp\/v2\/types\/page"}],"author":[{"embeddable":true,"href":"https:\/\/colegioaleman.com\/de\/wp-json\/wp\/v2\/users\/1"}],"replies":[{"embeddable":true,"href":"https:\/\/colegioaleman.com\/de\/wp-json\/wp\/v2\/comments?post=24878"}],"version-history":[{"count":5,"href":"https:\/\/colegioaleman.com\/de\/wp-json\/wp\/v2\/pages\/24878\/revisions"}],"predecessor-version":[{"id":36432,"href":"https:\/\/colegioaleman.com\/de\/wp-json\/wp\/v2\/pages\/24878\/revisions\/36432"}],"up":[{"embeddable":true,"href":"https:\/\/colegioaleman.com\/de\/wp-json\/wp\/v2\/pages\/24876"}],"wp:attachment":[{"href":"https:\/\/colegioaleman.com\/de\/wp-json\/wp\/v2\/media?parent=24878"}],"curies":[{"name":"wp","href":"https:\/\/api.w.org\/{rel}","templated":true}]}}