{"id":24882,"date":"2022-07-28T06:58:37","date_gmt":"2022-07-28T06:58:37","guid":{"rendered":"https:\/\/colegioaleman.com\/stufen\/sekundarstufe-i\/"},"modified":"2022-11-23T13:31:37","modified_gmt":"2022-11-23T13:31:37","slug":"sekundarstufe-i","status":"publish","type":"page","link":"https:\/\/colegioaleman.com\/de\/stufen\/sekundarstufe-i\/","title":{"rendered":"Sekundarstufe I"},"content":{"rendered":"\n<div style=\"height:80px\" aria-hidden=\"true\" class=\"wp-block-spacer\"><\/div>\n\n<div class=\"wp-block-columns alignfull is-layout-flex wp-container-core-columns-is-layout-9d6595d7 wp-block-columns-is-layout-flex\">\n<div class=\"wp-block-column is-layout-flow wp-block-column-is-layout-flow\" style=\"flex-basis:8.33%\"><\/div>\n\n\n\n<div class=\"wp-block-column pr-3 pl-3 is-layout-flow wp-block-column-is-layout-flow\">\n<p><strong><strong>Sekundarstufe I<\/strong><\/strong><\/p>\n\n\n\n<h2 class=\"wp-block-heading\">In der Sekundarstufe I entwickeln und bauen unsere Sch\u00fcler ihre Lerngewohnheiten und pers\u00f6nliches Engagement aus, um selbst die Verantwortung f\u00fcr ihren Lernprozess zu \u00fcbernehmen.<\/h2>\n\n\n\n<p>In den ersten drei Jahren existiert ein gemeinsamer Lehrplan und ab dem vierten Jahr w\u00e4hlen und belegen die Sch\u00fcler F\u00e4cher, die f\u00fcr ihre akademische und berufliche Zukunft von Bedeutung sind.<\/p>\n\n\n\n<p><\/p>\n\n\n\n<ul class=\"wp-block-list\">\n<li><a href=\"#crecimiento\">Dreisprachiges Aufwachsen<\/a><\/li>\n\n\n\n<li><a href=\"#orientacion-apoyo\">Beratung und Unterst\u00fctzung<\/a><\/li>\n\n\n\n<li><a href=\"#aprender\">Lebenslanges Lernen<\/a><\/li>\n\n\n\n<li><a href=\"#involucrados-centro\">Engagement f\u00fcr die Schule<\/a><\/li>\n\n\n\n<li><a href=\"#servicios\">Serviceangebot<\/a><\/li>\n\n\n\n<li><a href=\"#material\">Materialien<\/a><\/li>\n<\/ul>\n<\/div>\n\n\n\n<div class=\"wp-block-column is-layout-flow wp-block-column-is-layout-flow\" style=\"flex-basis:44.6%\"><div class=\"wp-block-image\">\n<figure class=\"alignright size-full\"><img fetchpriority=\"high\" decoding=\"async\" width=\"800\" height=\"582\" src=\"https:\/\/colegioaleman.com\/wp-content\/uploads\/2022\/09\/secundaria.jpg\" alt=\"\" class=\"wp-image-21669\" srcset=\"https:\/\/colegioaleman.com\/wp-content\/uploads\/2022\/09\/secundaria.jpg 800w, https:\/\/colegioaleman.com\/wp-content\/uploads\/2022\/09\/secundaria-300x218.jpg 300w, https:\/\/colegioaleman.com\/wp-content\/uploads\/2022\/09\/secundaria-768x559.jpg 768w\" sizes=\"(max-width: 800px) 100vw, 800px\" \/><\/figure>\n<\/div>\n\n\n<div style=\"height:32px\" aria-hidden=\"true\" class=\"wp-block-spacer\"><\/div>\n\n\n\n<div class=\"wp-block-group pl-5 pr-5\"><div class=\"wp-block-group__inner-container is-layout-flow wp-block-group-is-layout-flow\">\n<h2 class=\"has-x-large-font-size wp-block-heading\"><strong>12 &#8211; 16 Jahre<\/strong><\/h2>\n\n\n\n<p>In dieser Schulstufe, die vom 12. bis zum 16. Lebensjahr reicht, wird das in den vorangegangenen Schulstufen (Kindergarten und Grundschule) umgesetzte Bildungsprojekt fortgesetzt.<\/p>\n<\/div><\/div>\n<\/div>\n<\/div>\n\n<div style=\"height:80px\" aria-hidden=\"true\" class=\"wp-block-spacer\"><\/div>\n\n<div class=\"wp-block-columns is-layout-flex wp-container-core-columns-is-layout-9d6595d7 wp-block-columns-is-layout-flex\">\n<div class=\"wp-block-column is-layout-flow wp-block-column-is-layout-flow\" style=\"flex-basis:4.33%\"><\/div>\n\n\n\n<div class=\"wp-block-column is-layout-flow wp-block-column-is-layout-flow\">\n<h2 class=\"wp-block-heading\" id=\"crecimiento\">Dreisprachiges Aufwachsen<\/h2>\n\n\n\n\n    <div id=\"swiper-block_29fe92d3c43ad3bca89b7e9f2b283a64\" class=\"swiper swiper-container-block slider-image-block\">\n        <div class=\"swiper-wrapper\">\n                            <div class=\"swiper-slide\">\n                                            <figure>\n                            <img decoding=\"async\" src=\"https:\/\/colegioaleman.com\/wp-content\/uploads\/2022\/09\/secundaria-slider3.jpg\" alt=\"Alumnos en clase de secundaria del Colegio Alem\u00e1n de Zaragoza\" \/>\n                            \n                        <\/figure>\n                                    <\/div>\n                            <div class=\"swiper-slide\">\n                                    <\/div>\n                    <\/div>\n        <!-- Add Pagination --> \n        <div class=\"swiper-pagination\"><\/div> \n        \n        <!-- Add Arrows -->\n        <div class=\"swiper-button-next\"><\/div>\n        <div class=\"swiper-button-prev\"><\/div>\n        \n    <\/div>\n\n\n\n<!-- Swiper JS -->\n<script src=\"https:\/\/cdn.jsdelivr.net\/npm\/swiper@8\/swiper-bundle.min.js\"><\/script>\n\n<!-- Initialize Swiper -->\n<script>\n\tvar swiper = new Swiper('#swiper-block_29fe92d3c43ad3bca89b7e9f2b283a64', {\n\tslidesPerView: 1,\n    autoHeight: true,\n\tnavigation: {\n        nextEl: '.swiper-button-next',\n        prevEl: '.swiper-button-prev',\n    },\n    pagination: {\n\t\tel: '.swiper-pagination',\n\t\tclickable: true,\n\t},\n\t});\n<\/script><\/div>\n<\/div>\n\n<div style=\"height:80px\" aria-hidden=\"true\" class=\"wp-block-spacer\"><\/div>\n\n<div class=\"wp-block-columns is-layout-flex wp-container-core-columns-is-layout-9d6595d7 wp-block-columns-is-layout-flex\">\n<div class=\"wp-block-column dnone-mobile is-layout-flow wp-block-column-is-layout-flow\" style=\"flex-basis:4.33%\"><\/div>\n\n\n\n<div class=\"wp-block-column dnone-mobile is-layout-flow wp-block-column-is-layout-flow\" style=\"flex-basis:4.33%\"><\/div>\n\n\n\n<div class=\"wp-block-column is-layout-flow wp-block-column-is-layout-flow\">\n<h3 class=\"wp-block-heading\" id=\"equipo-docente\">Deutsch in der Sekundarstufe I.<\/h3>\n\n\n\n<ul class=\"wp-block-list\">\n<li>Ein Teil des Lehrplans wird auf Deutsch behandelt. Ein hoher Anteil der Unterrichtsstunden werden auf Deutsch abgehalten.<\/li>\n\n\n\n<li>Unseren Sch\u00fclern der Sekundarstufe I bieten wir Aufenthalte in Deutschland an.<\/li>\n\n\n\n<li>Es findet ein Sch\u00fcleraustausch mit Schulen in Bremen (7. Klasse), Kassel (8. Klasse), Mellendorf (9. Klasse) und Hannover (10. Klasse) statt.<\/li>\n<\/ul>\n<\/div>\n\n\n\n<div class=\"wp-block-column is-layout-flow wp-block-column-is-layout-flow\">\n<h3 class=\"wp-block-heading\" id=\"equipo-docente\">Englisch in der Sekundarstufe I.<\/h3>\n\n\n\n<ul class=\"wp-block-list\">\n<li>Unseren Sch\u00fclern der Sekundarstufe I bieten wir Aufenthalte in englischsprachigen L\u00e4ndern an.<\/li>\n\n\n\n<li>Unsere Sch\u00fcler nehmen am European Youth Parliment teil.<\/li>\n<\/ul>\n<\/div>\n<\/div>\n\n<div style=\"height:80px\" aria-hidden=\"true\" class=\"wp-block-spacer\"><\/div>\n\n<div class=\"wp-block-group\"><div class=\"wp-block-group__inner-container is-layout-flow wp-block-group-is-layout-flow\">\n<div class=\"wp-block-group\"><div class=\"wp-block-group__inner-container is-layout-flow wp-block-group-is-layout-flow\">\n<div class=\"wp-block-columns is-layout-flex wp-container-core-columns-is-layout-9d6595d7 wp-block-columns-is-layout-flex\">\n<div class=\"wp-block-column is-layout-flow wp-block-column-is-layout-flow\" style=\"flex-basis:4.33%\"><\/div>\n\n\n\n<div class=\"wp-block-column z-index-1 has-white-color has-primary-background-color has-text-color has-background is-layout-flow wp-block-column-is-layout-flow\" style=\"flex-basis:33.3%\">\n<p class=\"has-text-align-center has-accent-yellow-color has-text-color has-x-large-font-size\"><strong>EYP<\/strong><\/p>\n\n\n\n<p class=\"has-text-align-center\">Die Schule wurde f\u00fcr die internationale Sitzung des European Youth Parliament Spain ausgew\u00e4hlt<\/p>\n<\/div>\n<\/div>\n\n\n\n<div class=\"wp-block-columns is-style-move-up is-layout-flex wp-container-core-columns-is-layout-9d6595d7 wp-block-columns-is-layout-flex\">\n<div class=\"wp-block-column is-layout-flow wp-block-column-is-layout-flow\" style=\"flex-basis:16.7%\"><\/div>\n\n\n\n<div class=\"wp-block-column is-layout-flow wp-block-column-is-layout-flow\">\n<figure class=\"wp-block-embed is-type-video is-provider-youtube wp-block-embed-youtube wp-embed-aspect-16-9 wp-has-aspect-ratio\"><div class=\"wp-block-embed__wrapper\">\n<iframe title=\"El alumno Juan Rodrigo participar\u00e1 en la Sesi\u00f3n Internacional del EYP\" width=\"640\" height=\"360\" src=\"https:\/\/www.youtube.com\/embed\/GRgmE8MIEnk?feature=oembed\" frameborder=\"0\" allow=\"accelerometer; autoplay; clipboard-write; encrypted-media; gyroscope; picture-in-picture; web-share\" referrerpolicy=\"strict-origin-when-cross-origin\" allowfullscreen><\/iframe>\n<\/div><\/figure>\n<\/div>\n\n\n\n<div class=\"wp-block-column is-layout-flow wp-block-column-is-layout-flow\" style=\"flex-basis:4.33%\"><\/div>\n<\/div>\n<\/div><\/div>\n<\/div><\/div>\n\n<div style=\"height:80px\" aria-hidden=\"true\" class=\"wp-block-spacer\"><\/div>\n\n<div class=\"wp-block-columns is-layout-flex wp-container-core-columns-is-layout-9d6595d7 wp-block-columns-is-layout-flex\">\n<div class=\"wp-block-column is-layout-flow wp-block-column-is-layout-flow\" style=\"flex-basis:4.33%\"><\/div>\n\n\n\n<div class=\"wp-block-column is-layout-flow wp-block-column-is-layout-flow\" style=\"flex-basis:48.6%\">\n<h2 class=\"wp-block-heading\" id=\"orientacion-apoyo\">Beratung und Unterst\u00fctzung bei der Entscheidungsfindung<\/h2>\n\n\n\n<p>Der Unterricht, das Lernprogramm und die Beratung sind auf jeden einzelnen Sch\u00fcler abgestimmt, wobei die einzelnen Fortschritte beobachtet werden, um eine qualitativ hochwertige Ausbildung zu gew\u00e4hrleisten. In dieser Phase beraten wir unsere Sch\u00fcler in Bezug auf die Wahl der Abiturf\u00e4cher.<\/p>\n<\/div>\n\n\n\n<div class=\"wp-block-column is-layout-flow wp-block-column-is-layout-flow\">\n<figure class=\"wp-block-image size-full\"><img decoding=\"async\" width=\"1008\" height=\"544\" src=\"https:\/\/colegioaleman.com\/wp-content\/uploads\/2022\/09\/secundaria-slider2.jpg\" alt=\"Sch&#xFC;ler beim Sportunterricht auf dem Schulhof der Deutschen Schule\" class=\"wp-image-22548\" srcset=\"https:\/\/colegioaleman.com\/wp-content\/uploads\/2022\/09\/secundaria-slider2.jpg 1008w, https:\/\/colegioaleman.com\/wp-content\/uploads\/2022\/09\/secundaria-slider2-300x162.jpg 300w, https:\/\/colegioaleman.com\/wp-content\/uploads\/2022\/09\/secundaria-slider2-768x414.jpg 768w\" sizes=\"(max-width: 1008px) 100vw, 1008px\" \/><\/figure>\n<\/div>\n<\/div>\n\n<div style=\"height:80px\" aria-hidden=\"true\" class=\"wp-block-spacer\"><\/div>\n\n<div class=\"wp-block-columns is-layout-flex wp-container-core-columns-is-layout-9d6595d7 wp-block-columns-is-layout-flex\">\n<div class=\"wp-block-column dnone-mobile is-layout-flow wp-block-column-is-layout-flow\" style=\"flex-basis:4.33%\"><\/div>\n\n\n\n<div class=\"wp-block-column is-layout-flow wp-block-column-is-layout-flow\">\n<h2 class=\"wp-block-heading\" id=\"aprender\">Lebenslanges Lernen<\/h2>\n\n\n\n<div class=\"wp-block-buttons is-layout-flex wp-block-buttons-is-layout-flex\">\n<div class=\"wp-block-button is-style-theme-link\"><a class=\"wp-block-button__link wp-element-button\" href=\"https:\/\/colegioaleman.com\/contacto\/\">MEHR ERFAHREN<\/a><\/div>\n<\/div>\n<\/div>\n\n\n\n<div class=\"wp-block-column is-layout-flow wp-block-column-is-layout-flow\" style=\"flex-basis:48.6%\">\n<p>Unsere Sch\u00fcler und Sch\u00fclerinnen eignen sich ihr Wissen durch verschiedene aktive Lernmethoden an, darunter kooperatives Lernen, projektbasiertes Lernen, Service-Learning und Learning-by-Doing. Dar\u00fcber hinaus werden ihre Computer- und Informatikkenntnisse gefestigt und STEAM-F\u00e4higkeiten gef\u00f6rdert.<\/p>\n<\/div>\n<\/div>\n\n<div style=\"height:80px\" aria-hidden=\"true\" class=\"wp-block-spacer\"><\/div>\n\n<div class=\"wp-block-columns is-layout-flex wp-container-core-columns-is-layout-9d6595d7 wp-block-columns-is-layout-flex\">\n<div class=\"wp-block-column is-layout-flow wp-block-column-is-layout-flow\" style=\"flex-basis:4.33%\"><\/div>\n\n\n\n<div class=\"wp-block-column is-layout-flow wp-block-column-is-layout-flow\" style=\"flex-basis:48.6%\">\n<h2 class=\"wp-block-heading\" id=\"involucrados-centro\">Engagement f\u00fcr die Schule<\/h2>\n\n\n\n<p>Ab der Sekundarstufe beteiligen sich unsere Sch\u00fcler und Sch\u00fclerinnen an der Vorbereitung von typisch deutschen Festen, wodurch ihr Unternehmergeist und Verantwortungsbewusstsein gest\u00e4rkt wird. Dar\u00fcber hinaus nehmen sie freiwillig an Aktivit\u00e4ten teil.<\/p>\n<\/div>\n\n\n\n<div class=\"wp-block-column is-layout-flow wp-block-column-is-layout-flow\">\n<figure class=\"wp-block-image size-full\"><img decoding=\"async\" width=\"1008\" height=\"544\" src=\"https:\/\/colegioaleman.com\/wp-content\/uploads\/2022\/09\/segundaria-img.jpg\" alt=\"Sch&#xFC;ler der Sekundarstufe I der Deutschen Schule\" class=\"wp-image-22950\" srcset=\"https:\/\/colegioaleman.com\/wp-content\/uploads\/2022\/09\/segundaria-img.jpg 1008w, https:\/\/colegioaleman.com\/wp-content\/uploads\/2022\/09\/segundaria-img-300x162.jpg 300w, https:\/\/colegioaleman.com\/wp-content\/uploads\/2022\/09\/segundaria-img-768x414.jpg 768w\" sizes=\"(max-width: 1008px) 100vw, 1008px\" \/><\/figure>\n<\/div>\n<\/div>\n\n<div style=\"height:80px\" aria-hidden=\"true\" class=\"wp-block-spacer\"><\/div>\n\n<div class=\"wp-block-group alignfull animate has-body-white-color has-primary-100-background-color has-text-color has-background\" id=\"cta-form\"><div class=\"wp-block-group__inner-container is-layout-flow wp-block-group-is-layout-flow\">\n<div class=\"wp-block-columns has-white-color has-text-color is-layout-flex wp-container-core-columns-is-layout-9d6595d7 wp-block-columns-is-layout-flex\">\n<div class=\"wp-block-column dnone-tablet is-layout-flow wp-block-column-is-layout-flow\" style=\"flex-basis:4.33%\"><\/div>\n\n\n\n<div class=\"wp-block-column is-layout-flow wp-block-column-is-layout-flow\">\n<p><strong>Anmeldung und neue Sch\u00fcler<\/strong><\/p>\n\n\n\n<h2 class=\"wp-block-heading has-body-white-color has-text-color\">M\u00f6chten Sie Teil unserer gro\u00dfen Familie werden?<\/h2>\n\n\n\n<p>Erkundigen Sie sich f\u00fcr das n\u00e4chste Schuljahr und sichern Sie sich einen Platz an unserer Schule. Vereinbaren Sie einen Besuch an unserer Schule, bei dem Sie die Einrichtungen sehen und ein Gespr\u00e4ch mit den Lehrkr\u00e4ften f\u00fchren k\u00f6nnen.<\/p>\n<\/div>\n\n\n\n<div class=\"wp-block-column is-vertically-aligned-center is-layout-flow wp-block-column-is-layout-flow\" style=\"flex-basis:48.6%\"><div class=\"wp-block-image\">\n<figure class=\"aligncenter size-full\"><img loading=\"lazy\" decoding=\"async\" width=\"108\" height=\"78\" src=\"https:\/\/colegioaleman.com\/wp-content\/uploads\/2022\/07\/Isotipo.png\" alt=\"Deutsche Schule\" class=\"wp-image-19\"\/><\/figure>\n<\/div>\n\n\n<div class=\"wp-block-buttons is-content-justification-center is-layout-flex wp-container-core-buttons-is-layout-16018d1d wp-block-buttons-is-layout-flex\">\n<div class=\"wp-block-button is-style-outline is-style-outline--1\"><a class=\"wp-block-button__link wp-element-button\" href=\"https:\/\/colegioaleman.com\/de\/anmeldung\/informationsformular\/\" style=\"border-radius:100px\" target=\"_blank\" rel=\"noreferrer noopener\">Gehen Sie zum Informationsformular<\/a><\/div>\n<\/div>\n<\/div>\n<\/div>\n<\/div><\/div>\n\n<div class=\"wp-block-group\"><div class=\"wp-block-group__inner-container is-layout-flow wp-block-group-is-layout-flow\">\n<div style=\"height:80px\" aria-hidden=\"true\" class=\"wp-block-spacer\"><\/div>\n\n\n\n<div class=\"wp-block-group\"><div class=\"wp-block-group__inner-container is-layout-flow wp-block-group-is-layout-flow\">\n<div style=\"height:80px\" aria-hidden=\"true\" class=\"wp-block-spacer\"><\/div>\n\n\n\n<div class=\"wp-block-columns is-layout-flex wp-container-core-columns-is-layout-9d6595d7 wp-block-columns-is-layout-flex\">\n<div class=\"wp-block-column is-layout-flow wp-block-column-is-layout-flow\" style=\"flex-basis:4.33%\"><\/div>\n\n\n\n<div class=\"wp-block-column is-layout-flow wp-block-column-is-layout-flow\">\n<h2 class=\"wp-block-heading\" id=\"servicios\">Serviceangebot<\/h2>\n\n\n\n\n    <div id=\"tabs--block_45819d5fd02796dc72f93e41637b43ae\" class=\"tabs-block\">\n        \n        <div class=\"tabs-btns\">\n                            \n                <button class=\"tab-btn\" onclick=\"openTab(event, 'Mensa')\">\n                    Mensa                <\/button>\n\n                            \n                <button class=\"tab-btn\" onclick=\"openTab(event, 'Schulbus')\">\n                    Schulbus                <\/button>\n\n                            \n                <button class=\"tab-btn\" onclick=\"openTab(event, 'Fr\u00fchbetreuung')\">\n                    Fr\u00fchbetreuung                <\/button>\n\n                            \n                <button class=\"tab-btn\" onclick=\"openTab(event, 'Nachmittagsaktivit\u00e4ten')\">\n                    Nachmittagsaktivit\u00e4ten                <\/button>\n\n               \n        <\/div>\n         \n            \n            <div id=\"Mensa\" class=\"tabs-content row\">\n                                    <div class=\"col-xs-12 col-md-4 mb-4 mt-3\">\n                        <img loading=\"lazy\" decoding=\"async\" width=\"400\" height=\"364\" src=\"https:\/\/colegioaleman.com\/wp-content\/uploads\/2022\/09\/menu-comedor-grid-.jpg\" class=\"attachment-full size-full\" alt=\"\" srcset=\"https:\/\/colegioaleman.com\/wp-content\/uploads\/2022\/09\/menu-comedor-grid-.jpg 400w, https:\/\/colegioaleman.com\/wp-content\/uploads\/2022\/09\/menu-comedor-grid--300x273.jpg 300w\" sizes=\"(max-width: 400px) 100vw, 400px\" \/>                    <\/div>\n                    \n                <div class=\"col-xs-12 col-md mb-4 mt-3\">\n                    <p>Die Sch\u00fcler und Sch\u00fclerinnen k\u00f6nnen zum Mittagessen in der Schulmensa bleiben. Unsere Schule verf\u00fcgt \u00fcber eine eigene K\u00fcche und die Speisepl\u00e4ne werden von Ern\u00e4hrungswissenschaftlern zusammengestellt.<\/p>\n<div class=\"wp-block-button is-style-theme-link\"><a class=\"wp-block-button__link\" href=\"https:\/\/colegioaleman.com\/vida-escolar\/menu-comedor\/\">Speiseplan der mensa<\/a><\/div>\n                <\/div> \n            <\/div>       \n            \n         \n            \n            <div id=\"Schulbus\" class=\"tabs-content row\">\n                                    <div class=\"col-xs-12 col-md-4 mb-4 mt-3\">\n                        <img loading=\"lazy\" decoding=\"async\" width=\"400\" height=\"364\" src=\"https:\/\/colegioaleman.com\/wp-content\/uploads\/2022\/09\/ruta-autobuses-grid.jpg\" class=\"attachment-full size-full\" alt=\"\" srcset=\"https:\/\/colegioaleman.com\/wp-content\/uploads\/2022\/09\/ruta-autobuses-grid.jpg 400w, https:\/\/colegioaleman.com\/wp-content\/uploads\/2022\/09\/ruta-autobuses-grid-300x273.jpg 300w\" sizes=\"(max-width: 400px) 100vw, 400px\" \/>                    <\/div>\n                    \n                <div class=\"col-xs-12 col-md mb-4 mt-3\">\n                    <p>Es existieren vier Schulbusrouten, die von allen Sch\u00fclern und Sch\u00fclerinnen genutzt werden k\u00f6nnen: Die Busse fahren morgens zur Schule, mittags, um zum Mittagessen nach Hause zu kommen und nachmittags, um von der Schule nach Hause zu kommen.<\/p>\n<div class=\"wp-block-button is-style-theme-link\"><a class=\"wp-block-button__link\" href=\"https:\/\/colegioaleman.com\/vida-escolar\/ruta-de-autobuses\/\">Schulbusrouten<\/a><\/div>\n                <\/div> \n            <\/div>       \n            \n         \n            \n            <div id=\"Fr\u00fchbetreuung\" class=\"tabs-content row\">\n                                    <div class=\"col-xs-12 col-md-4 mb-4 mt-3\">\n                        <img loading=\"lazy\" decoding=\"async\" width=\"400\" height=\"364\" src=\"https:\/\/colegioaleman.com\/wp-content\/uploads\/2022\/09\/madrugadores-grid.jpg\" class=\"attachment-full size-full\" alt=\"Madrugadores. Servicio del Coelgio Alem\u00e1n de Zaragoza\" srcset=\"https:\/\/colegioaleman.com\/wp-content\/uploads\/2022\/09\/madrugadores-grid.jpg 400w, https:\/\/colegioaleman.com\/wp-content\/uploads\/2022\/09\/madrugadores-grid-300x273.jpg 300w\" sizes=\"(max-width: 400px) 100vw, 400px\" \/>                    <\/div>\n                    \n                <div class=\"col-xs-12 col-md mb-4 mt-3\">\n                    <p>Wenn Sie eine Betreuung vor Schulbeginn f\u00fcr Ihre Kinder ben\u00f6tigen, steht Ihnen unsere Fr\u00fchbetreuung zur Verf\u00fcgung. Dort werden Kinder jeden Alters betreut und sie kann t\u00e4glich oder auch nur sporadisch genutzt werden.<\/p>\n<div class=\"wp-block-button is-style-theme-link\"><a class=\"wp-block-button__link\" href=\"https:\/\/colegioaleman.com\/vida-escolar\/madrugadores\/\">Fr\u00fchbetreuung<\/a><\/div>\n                <\/div> \n            <\/div>       \n            \n         \n            \n            <div id=\"Nachmittagsaktivit\u00e4ten\" class=\"tabs-content row\">\n                                    <div class=\"col-xs-12 col-md-4 mb-4 mt-3\">\n                        <img loading=\"lazy\" decoding=\"async\" width=\"400\" height=\"364\" src=\"https:\/\/colegioaleman.com\/wp-content\/uploads\/2022\/09\/extraescolares-grid.jpg\" class=\"attachment-full size-full\" alt=\"\" srcset=\"https:\/\/colegioaleman.com\/wp-content\/uploads\/2022\/09\/extraescolares-grid.jpg 400w, https:\/\/colegioaleman.com\/wp-content\/uploads\/2022\/09\/extraescolares-grid-300x273.jpg 300w\" sizes=\"(max-width: 400px) 100vw, 400px\" \/>                    <\/div>\n                    \n                <div class=\"col-xs-12 col-md mb-4 mt-3\">\n                    <p>Die Nachmittagsaktivit\u00e4ten finden au\u00dferhalb der regul\u00e4ren Unterrichtszeit statt. Sie sind unterhaltsam, lehrreich und st\u00e4rken das Gef\u00fchl der Zugeh\u00f6rigkeit zur Gruppe und zur Schule.<\/p>\n<div class=\"wp-block-button is-style-theme-link\"><a class=\"wp-block-button__link\" href=\"https:\/\/colegioaleman.com\/vida-escolar\/extraescolares\/\">Nachmittagsaktivit\u00e4ten<\/a><\/div>\n                <\/div> \n            <\/div>       \n            \n            <\/div>\n\n<script>\n    function openTab(evt, tabName) {\n  \/\/ Declare all variables\n  var i, tabcontent, tablinks;\n\n  \/\/ Get all elements with class=\"tabcontent\" and hide them\n  tabcontent = document.getElementsByClassName(\"tabs-content\");\n  for (i = 0; i < tabcontent.length; i++) {\n    tabcontent[i].style.display = \"none\";\n  }\n\n  \/\/ Get all elements with class=\"tablinks\" and remove the class \"active\"\n  tablinks = document.getElementsByClassName(\"tab-btn\");\n  for (i = 0; i < tablinks.length; i++) {\n    tablinks[i].className = tablinks[i].className.replace(\" active\", \"\");\n  }\n\n  \/\/ Show the current tab, and add an \"active\" class to the button that opened the tab\n  document.getElementById(tabName).style.display = \"flex\";\n  evt.currentTarget.className += \" active\";\n}\n<\/script>\n\n<\/div>\n<\/div>\n<\/div><\/div>\n\n\n\n<div class=\"wp-block-group\"><div class=\"wp-block-group__inner-container is-layout-flow wp-block-group-is-layout-flow\">\n<div style=\"height:80px\" aria-hidden=\"true\" class=\"wp-block-spacer\"><\/div>\n\n\n\n<div class=\"wp-block-columns is-layout-flex wp-container-core-columns-is-layout-9d6595d7 wp-block-columns-is-layout-flex\">\n<div class=\"wp-block-column is-layout-flow wp-block-column-is-layout-flow\" style=\"flex-basis:4.33%\"><\/div>\n\n\n\n<div class=\"wp-block-column is-layout-flow wp-block-column-is-layout-flow\">\n<h2 class=\"wp-block-heading\" id=\"material\">Materialien<\/h2>\n\n\n\n<p>Hier erhalten sie alle Informationen zu Schulb\u00fcchern und erforderlichen Materialien, \u00fcber die zur Verf\u00fcgung stehen Speisepl\u00e4ne der Mensa, zu Feiertagen, Ferien und Schultagen sowie zu den Routen, Haltestellen und Abfahrtzeiten der Schulbusse.<\/p>\n\n\n\n<div style=\"height:40px\" aria-hidden=\"true\" class=\"wp-block-spacer\"><\/div>\n\n\n\n<div class=\"wp-block-columns is-layout-flex wp-container-core-columns-is-layout-9d6595d7 wp-block-columns-is-layout-flex\">\n<div class=\"wp-block-column is-layout-flow wp-block-column-is-layout-flow\">\n<ul class=\"wp-block-list\">\n<li><a href=\"https:\/\/colegioaleman.com\/vida-escolar\/libros-material\/\" data-type=\"page\" data-id=\"615\">Schulb\u00fccher und Unterrichtsmaterialien<\/a><\/li>\n\n\n\n<li><a href=\"https:\/\/colegioaleman.com\/colegio-bilingue\/inmersion-linguistica\/\" data-type=\"page\" data-id=\"582\">Die Sprachimmersion<\/a><\/li>\n<\/ul>\n<\/div>\n\n\n\n<div class=\"wp-block-column is-layout-flow wp-block-column-is-layout-flow\">\n<ul class=\"wp-block-list\">\n<li><a href=\"https:\/\/colegioaleman.com\/vida-escolar\/calendario-escolar\/\" data-type=\"page\" data-id=\"609\">Schulkalender<\/a><\/li>\n\n\n\n<li><a href=\"https:\/\/colegioaleman.com\/vida-escolar\/orientacion-escolar\/\" data-type=\"page\" data-id=\"602\">Berufsorientierung<\/a><\/li>\n<\/ul>\n<\/div>\n<\/div>\n<\/div>\n<\/div>\n\n\n\n<div style=\"height:80px\" aria-hidden=\"true\" class=\"wp-block-spacer\"><\/div>\n<\/div><\/div>\n<\/div><\/div>\n\n<div class=\"wp-block-columns is-layout-flex wp-container-core-columns-is-layout-9d6595d7 wp-block-columns-is-layout-flex\">\n<div class=\"wp-block-column is-vertically-aligned-top dnone-tablet is-layout-flow wp-block-column-is-layout-flow\" style=\"flex-basis:4.3%\"><\/div>\n\n\n\n<div class=\"wp-block-column is-layout-flow wp-block-column-is-layout-flow\">\n<h2 class=\"has-text-align-center wp-block-heading\">Noticias relacionadas<\/h2>\n\n\n\n<div class=\"wp-block-query is-layout-flow wp-block-query-is-layout-flow\">\n\n<div class=\"wp-block-query-no-results\">\n\n<p><\/p>\n\n<\/div><\/div>\n<\/div>\n<\/div>\n","protected":false},"excerpt":{"rendered":"<p>Sekundarstufe I In der Sekundarstufe I entwickeln und bauen unsere Sch\u00fcler ihre Lerngewohnheiten und pers\u00f6nliches Engagement aus, um selbst die Verantwortung f\u00fcr ihren Lernprozess zu \u00fcbernehmen. In den ersten drei Jahren existiert ein gemeinsamer Lehrplan und ab dem vierten Jahr w\u00e4hlen und belegen die Sch\u00fcler F\u00e4cher, die f\u00fcr ihre akademische und berufliche Zukunft von Bedeutung [&hellip;]<\/p>\n","protected":false},"author":1,"featured_media":0,"parent":24560,"menu_order":0,"comment_status":"closed","ping_status":"closed","template":"","meta":{"_acf_changed":false,"inline_featured_image":false,"footnotes":""},"class_list":["post-24882","page","type-page","status-publish","hentry"],"acf":[],"_links":{"self":[{"href":"https:\/\/colegioaleman.com\/de\/wp-json\/wp\/v2\/pages\/24882","targetHints":{"allow":["GET"]}}],"collection":[{"href":"https:\/\/colegioaleman.com\/de\/wp-json\/wp\/v2\/pages"}],"about":[{"href":"https:\/\/colegioaleman.com\/de\/wp-json\/wp\/v2\/types\/page"}],"author":[{"embeddable":true,"href":"https:\/\/colegioaleman.com\/de\/wp-json\/wp\/v2\/users\/1"}],"replies":[{"embeddable":true,"href":"https:\/\/colegioaleman.com\/de\/wp-json\/wp\/v2\/comments?post=24882"}],"version-history":[{"count":1,"href":"https:\/\/colegioaleman.com\/de\/wp-json\/wp\/v2\/pages\/24882\/revisions"}],"predecessor-version":[{"id":24883,"href":"https:\/\/colegioaleman.com\/de\/wp-json\/wp\/v2\/pages\/24882\/revisions\/24883"}],"up":[{"embeddable":true,"href":"https:\/\/colegioaleman.com\/de\/wp-json\/wp\/v2\/pages\/24560"}],"wp:attachment":[{"href":"https:\/\/colegioaleman.com\/de\/wp-json\/wp\/v2\/media?parent=24882"}],"curies":[{"name":"wp","href":"https:\/\/api.w.org\/{rel}","templated":true}]}}