{"id":24898,"date":"2022-09-06T16:09:46","date_gmt":"2022-09-06T16:09:46","guid":{"rendered":"https:\/\/colegioaleman.com\/deutsche-schule\/ziele-fuer-nachhaltige-entwicklung\/"},"modified":"2022-11-23T14:38:05","modified_gmt":"2022-11-23T14:38:05","slug":"ziele-fuer-nachhaltige-entwicklung","status":"publish","type":"page","link":"https:\/\/colegioaleman.com\/de\/deutsche-schule\/ziele-fuer-nachhaltige-entwicklung\/","title":{"rendered":"Ziele F\u00fcr Nachhaltige Entwicklung"},"content":{"rendered":"\n<div style=\"height:80px\" aria-hidden=\"true\" class=\"wp-block-spacer\"><\/div>\n\n<div class=\"wp-block-columns alignfull is-layout-flex wp-container-core-columns-is-layout-9d6595d7 wp-block-columns-is-layout-flex\">\n<div class=\"wp-block-column dnone-tablet is-layout-flow wp-block-column-is-layout-flow\" style=\"flex-basis:8.33%\"><\/div>\n\n\n\n<div class=\"wp-block-column pr-3 pl-3 is-layout-flow wp-block-column-is-layout-flow\">\n<p><strong>SDGs<\/strong><\/p>\n\n\n\n<h2 class=\"wp-block-heading\">Die Deutsche Schule von Zaragoza ist eine verantwortungsbewusste Einrichtung mit dem Siegel von Aragonien f\u00fcr soziale Verantwortung (RSA)<\/h2>\n\n\n\n<p>Der Kulturverein der Deutschen Schule hatte schon lange den Wunsch und das latente Bed\u00fcrfnis, der sozialen Verantwortung innerhalb seiner Einrichtung ein gr\u00f6\u00dferes Gewicht einzur\u00e4umen.<\/p>\n\n\n\n<p>Dieses Anliegen wurde umgesetzt, indem der Aspekt der sozialen Verantwortung mit in die Strategien einbezogen wurde. Dies f\u00fchrte dazu, dass die Schule im Jahr 2018 das Siegel von Aragonien f\u00fcr soziale Verantwortung (RSA) erhielt und somit ein Unternehmen der von der aragonesischen Regierung ins Leben gerufener Initiative f\u00fcr soziale Verantwortung ist.<\/p>\n\n\n\n<div class=\"wp-block-columns are-vertically-aligned-center is-layout-flex wp-container-core-columns-is-layout-9d6595d7 wp-block-columns-is-layout-flex\">\n<div class=\"wp-block-column is-vertically-aligned-center is-layout-flow wp-block-column-is-layout-flow\">\n<figure class=\"wp-block-image size-full is-resized\"><img decoding=\"async\" src=\"https:\/\/colegioaleman.com\/wp-content\/uploads\/2022\/09\/S_SDG_logo_UN_emblem_square_trans_WEB-400x318-1.png\" alt=\"\" class=\"wp-image-23159\" width=\"200\" srcset=\"https:\/\/colegioaleman.com\/wp-content\/uploads\/2022\/09\/S_SDG_logo_UN_emblem_square_trans_WEB-400x318-1.png 400w, https:\/\/colegioaleman.com\/wp-content\/uploads\/2022\/09\/S_SDG_logo_UN_emblem_square_trans_WEB-400x318-1-300x239.png 300w\" sizes=\"(max-width: 400px) 100vw, 400px\" \/><\/figure>\n<\/div>\n\n\n\n<div class=\"wp-block-column is-vertically-aligned-center is-layout-flow wp-block-column-is-layout-flow\"><div class=\"wp-block-image\">\n<figure class=\"alignleft size-large is-resized\"><img decoding=\"async\" src=\"https:\/\/colegioaleman.com\/wp-content\/uploads\/2022\/09\/logo-agenda-2030.jpg\" alt=\"\" class=\"wp-image-23484\" width=\"260\" srcset=\"https:\/\/colegioaleman.com\/wp-content\/uploads\/2022\/09\/logo-agenda-2030.jpg 530w, https:\/\/colegioaleman.com\/wp-content\/uploads\/2022\/09\/logo-agenda-2030-300x217.jpg 300w\" sizes=\"(max-width: 530px) 100vw, 530px\" \/><\/figure>\n<\/div><\/div>\n<\/div>\n\n\n\n<div style=\"height:24px\" aria-hidden=\"true\" class=\"wp-block-spacer\"><\/div>\n\n\n\n<div class=\"wp-block-buttons is-layout-flex wp-block-buttons-is-layout-flex\">\n<div class=\"wp-block-button is-style-theme-link\"><a class=\"wp-block-button__link wp-element-button\" href=\"#lorem\">MEHR ERFAHREN<\/a><\/div>\n<\/div>\n<\/div>\n\n\n\n<div class=\"wp-block-column is-layout-flow wp-block-column-is-layout-flow\" style=\"flex-basis:44.6%\"><div class=\"wp-block-image\">\n<figure class=\"alignright size-full\"><img decoding=\"async\" src=\"https:\/\/colegioaleman.com\/wp-content\/uploads\/2022\/09\/ODS-hero-siblings.jpg\" alt=\"Kinder im Biogarten der Deutschen Schule\" class=\"wp-image-22651\"\/><\/figure>\n<\/div><\/div>\n<\/div>\n\n<div style=\"height:80px\" aria-hidden=\"true\" class=\"wp-block-spacer\"><\/div>\n\n<div class=\"wp-block-columns are-vertically-aligned-top is-layout-flex wp-container-core-columns-is-layout-9d6595d7 wp-block-columns-is-layout-flex\">\n<div class=\"wp-block-column is-vertically-aligned-top dnone-tablet is-layout-flow wp-block-column-is-layout-flow\" style=\"flex-basis:4.33%\"><\/div>\n\n\n\n<div class=\"wp-block-column is-vertically-aligned-top is-layout-flow wp-block-column-is-layout-flow\" style=\"flex-basis:41.66%\">\n<h2 class=\"wp-block-heading\" id=\"lorem\">Wir beteiligen uns an dem Masterplan f\u00fcr eine nachhaltige Zukunft<\/h2>\n\n\n\n<p class=\"has-medium-font-size\">Seitdem erstellt der Verein jedes Jahr einen Bericht zur sozialen Verantwortung (letzter Bericht zur sozialen Verantwortung).<\/p>\n<\/div>\n\n\n\n<div class=\"wp-block-column is-vertically-aligned-top is-layout-flow wp-block-column-is-layout-flow\">\n<p>Da der sozialen Verantwortung im Strategieplan des Vereins eine hohe Bedeutung zukommt, war es ein logischer Schritt, sich mit den Zielen f\u00fcr nachhaltige Entwicklung (SDGs). zu besch\u00e4ftigen und diese in die t\u00e4gliche Arbeit des Vereins mit einzubeziehen Und zwar genau so, wie von den Vereinten Nationen, die die SDGs verabschiedet haben, erkl\u00e4rt wurde: \u201e<em>Die<\/em> <a href=\"https:\/\/www.un.org\/sustainabledevelopment\/es\/sustainable-development-goals\/\" target=\"_blank\" rel=\"noopener\"><em>Ziele f\u00fcr nachhaltige Entwicklung (SDGs)<\/em><\/a> <em>sind ein universeller Aufruf zum Handeln, um die Armut zu beenden, den Planeten zu sch\u00fctzen und das Leben und die Perspektiven aller Menschen \u00fcberall zu verbessern\u201c<\/em><\/p>\n\n\n\n<p>So sprach sich der Verein daf\u00fcr aus, geplante Aktivit\u00e4ten mit den SDGs zu verkn\u00fcpfen, um die Nachhaltigkeitskommunikaion, die Schulung und das Interesse der Unternehmen in Bezug auf die SDGs zu f\u00f6rdern, so wie es das Global Compact Network Spaniens vorschl\u00e4gt. Die vom Verein im letzten akademischen Jahr durchgef\u00fchrten Aktivit\u00e4ten und SDGs, die mit den Aktivit\u00e4ten verfolgt wurden, werden im Folgenden aufgestellt.<\/p>\n<\/div>\n<\/div>\n\n<div style=\"height:80px\" aria-hidden=\"true\" class=\"wp-block-spacer\"><\/div>\n\n<div class=\"wp-block-columns is-style-default is-layout-flex wp-container-core-columns-is-layout-9d6595d7 wp-block-columns-is-layout-flex\">\n<div class=\"wp-block-column dnone-tablet is-layout-flow wp-block-column-is-layout-flow\" style=\"flex-basis:4.33%\"><\/div>\n\n\n\n<div class=\"wp-block-column is-layout-flow wp-block-column-is-layout-flow\">\n<h2 class=\"has-text-align-center wp-block-heading\">Initiativen der Deutschen Schule zur Umsetzung der Nachhaltigen Entwicklungszielen (SDGs)<\/h2>\n<\/div>\n<\/div>\n\n<div class=\"wp-block-columns is-style-default is-layout-flex wp-container-core-columns-is-layout-9d6595d7 wp-block-columns-is-layout-flex\">\n<div class=\"wp-block-column dnone-mobile is-layout-flow wp-block-column-is-layout-flow\" style=\"flex-basis:4.33%\"><\/div>\n\n\n\n<div class=\"wp-block-column is-layout-flow wp-block-column-is-layout-flow\" style=\"flex-basis:200px\">\n<figure class=\"wp-block-image size-full\"><img fetchpriority=\"high\" decoding=\"async\" width=\"300\" height=\"300\" src=\"https:\/\/colegioaleman.com\/wp-content\/uploads\/2022\/09\/ODS-01.jpg\" alt=\"\" class=\"wp-image-22577\" srcset=\"https:\/\/colegioaleman.com\/wp-content\/uploads\/2022\/09\/ODS-01.jpg 300w, https:\/\/colegioaleman.com\/wp-content\/uploads\/2022\/09\/ODS-01-150x150.jpg 150w, https:\/\/colegioaleman.com\/wp-content\/uploads\/2022\/09\/ODS-01-80x80.jpg 80w\" sizes=\"(max-width: 300px) 100vw, 300px\" \/><\/figure>\n<\/div>\n\n\n\n<div class=\"wp-block-column is-layout-flow wp-block-column-is-layout-flow\">\n<p><strong>Ziel 1: Armut in allen ihren Formen und \u00fcberall beenden<\/strong><\/p>\n\n\n\n<p>Initiativen der Schule:<\/p>\n\n\n\n<ul class=\"wp-block-list\">\n<li>Weihnachtskollekte<\/li>\n\n\n\n<li>Weihnachtsmarkt<\/li>\n<\/ul>\n<\/div>\n<\/div>\n\n<div class=\"wp-block-columns is-style-default is-layout-flex wp-container-core-columns-is-layout-9d6595d7 wp-block-columns-is-layout-flex\">\n<div class=\"wp-block-column dnone-mobile is-layout-flow wp-block-column-is-layout-flow\" style=\"flex-basis:4.33%\"><\/div>\n\n\n\n<div class=\"wp-block-column is-layout-flow wp-block-column-is-layout-flow\" style=\"flex-basis:200px\">\n<figure class=\"wp-block-image size-full\"><img decoding=\"async\" width=\"300\" height=\"300\" src=\"https:\/\/colegioaleman.com\/wp-content\/uploads\/2022\/09\/ODS-02.jpg\" alt=\"&quot;Null Hunger&quot;\" class=\"wp-image-22595\" srcset=\"https:\/\/colegioaleman.com\/wp-content\/uploads\/2022\/09\/ODS-02.jpg 300w, https:\/\/colegioaleman.com\/wp-content\/uploads\/2022\/09\/ODS-02-150x150.jpg 150w, https:\/\/colegioaleman.com\/wp-content\/uploads\/2022\/09\/ODS-02-80x80.jpg 80w\" sizes=\"(max-width: 300px) 100vw, 300px\" \/><\/figure>\n<\/div>\n\n\n\n<div class=\"wp-block-column is-layout-flow wp-block-column-is-layout-flow\">\n<p><strong>Ziel 2: Den Hunger beenden, Ern\u00e4hrungssicherheit und eine bessere Ern\u00e4hrung erreichen und eine nachhaltige Landwirtschaft f\u00f6rdern<\/strong><\/p>\n\n\n\n<p>Initiativen der Schule:<\/p>\n\n\n\n<ul class=\"wp-block-list\">\n<li>Lebensmittelsammlung f\u00fcr die aragonesische Lebensmittelbank der Stiftung Fundaci\u00f3n Banco de Alimentos de Arag\u00f3n.<\/li>\n<\/ul>\n<\/div>\n<\/div>\n\n<div class=\"wp-block-columns is-style-default is-layout-flex wp-container-core-columns-is-layout-9d6595d7 wp-block-columns-is-layout-flex\">\n<div class=\"wp-block-column dnone-mobile is-layout-flow wp-block-column-is-layout-flow\" style=\"flex-basis:4.33%\"><\/div>\n\n\n\n<div class=\"wp-block-column is-layout-flow wp-block-column-is-layout-flow\" style=\"flex-basis:200px\">\n<figure class=\"wp-block-image size-full\"><img decoding=\"async\" width=\"300\" height=\"300\" src=\"https:\/\/colegioaleman.com\/wp-content\/uploads\/2022\/09\/ODS-03.jpg\" alt=\"Gesundheit und Wohlbefinden\" class=\"wp-image-22596\" srcset=\"https:\/\/colegioaleman.com\/wp-content\/uploads\/2022\/09\/ODS-03.jpg 300w, https:\/\/colegioaleman.com\/wp-content\/uploads\/2022\/09\/ODS-03-150x150.jpg 150w, https:\/\/colegioaleman.com\/wp-content\/uploads\/2022\/09\/ODS-03-80x80.jpg 80w\" sizes=\"(max-width: 300px) 100vw, 300px\" \/><\/figure>\n<\/div>\n\n\n\n<div class=\"wp-block-column is-layout-flow wp-block-column-is-layout-flow\">\n<p><strong>Ziel 3: Ein gesundes Leben f\u00fcr alle Menschen jeden Alters gew\u00e4hrleisten und ihr Wohlergehen f\u00f6rdern<\/strong><\/p>\n\n\n\n<p>Initiativen der Schule:<\/p>\n\n\n\n<ul class=\"wp-block-list\">\n<li>Projekt zur sexuellen und affektiven Erziehung<\/li>\n\n\n\n<li>Kinderkrebstag<\/li>\n\n\n\n<li>Wir schie\u00dfen Tore gegen Krebs<\/li>\n\n\n\n<li>Vortrag der Nationalen Polizei zum B\u00fcrgerschutz<\/li>\n\n\n\n<li>Projekt der Polizei ,,Sicherheit im Stra\u00dfenverkehr\u201d<\/li>\n\n\n\n<li>Programme des Zentrums f\u00fcr Suchtpr\u00e4vention der Stadtverwaltung von Zaragoza<\/li>\n\n\n\n<li>Vortrag \u00fcber die Pr\u00e4vention von Essst\u00f6rungen<\/li>\n\n\n\n<li>Programm zum positiven Denken<\/li>\n\n\n\n<li>Workshop zur Stressbew\u00e4ltigung<\/li>\n\n\n\n<li>Programm Emotionale Erziehung<\/li>\n\n\n\n<li>Vortr\u00e4ge der Elternschule \u00fcber Essst\u00f6rungen und die Risiken des Internets und der sozialen Netzwerke.<\/li>\n<\/ul>\n<\/div>\n<\/div>\n\n<div class=\"wp-block-columns is-style-default is-layout-flex wp-container-core-columns-is-layout-9d6595d7 wp-block-columns-is-layout-flex\">\n<div class=\"wp-block-column dnone-mobile is-layout-flow wp-block-column-is-layout-flow\" style=\"flex-basis:4.33%\"><\/div>\n\n\n\n<div class=\"wp-block-column is-layout-flow wp-block-column-is-layout-flow\" style=\"flex-basis:200px\">\n<figure class=\"wp-block-image size-full\"><img loading=\"lazy\" decoding=\"async\" width=\"300\" height=\"300\" src=\"https:\/\/colegioaleman.com\/wp-content\/uploads\/2022\/09\/ODS-04.jpg\" alt=\"Qualitativ hochwertige Bildung\" class=\"wp-image-22597\" srcset=\"https:\/\/colegioaleman.com\/wp-content\/uploads\/2022\/09\/ODS-04.jpg 300w, https:\/\/colegioaleman.com\/wp-content\/uploads\/2022\/09\/ODS-04-150x150.jpg 150w, https:\/\/colegioaleman.com\/wp-content\/uploads\/2022\/09\/ODS-04-80x80.jpg 80w\" sizes=\"(max-width: 300px) 100vw, 300px\" \/><\/figure>\n<\/div>\n\n\n\n<div class=\"wp-block-column is-layout-flow wp-block-column-is-layout-flow\">\n<p><strong>Ziel 4: Inklusive, gleichberechtigte und hochwertige Bildung gew\u00e4hrleisten und M\u00f6glichkeiten lebenslangen Lernens f\u00fcr alle f\u00f6rdern<\/strong><\/p>\n\n\n\n<p>Initiativen der Schule:<\/p>\n\n\n\n<ul class=\"wp-block-list\">\n<li>Programm zu \u201eLerntechniken und emotionale Kompetenzen\u201c<\/li>\n\n\n\n<li>Programm zur schulischen Suchtpr\u00e4vention<\/li>\n\n\n\n<li>Veranstaltungen zur Berufsberatung<\/li>\n\n\n\n<li>Patenschaft f\u00fcr eine Schule in Indien \u00fcber die NGO Amigos de Odisha.<\/li>\n\n\n\n<li>Freiwilligenarbeit im Kindergarten<\/li>\n\n\n\n<li>Programm Erasmus+ \u201eDigitale Bildung\u201c<\/li>\n\n\n\n<li>Webseite zur Studienorientierung mit allen Informationen \u00fcber das Hochschulangebot in Spanien<\/li>\n\n\n\n<li>IV Universit\u00e4tstage zur Berufs- und Studienberatung<\/li>\n\n\n\n<li>Besuch der Hochschulmesse UNITOUR<\/li>\n<\/ul>\n<\/div>\n<\/div>\n\n<div class=\"wp-block-columns is-style-default is-layout-flex wp-container-core-columns-is-layout-9d6595d7 wp-block-columns-is-layout-flex\">\n<div class=\"wp-block-column dnone-mobile is-layout-flow wp-block-column-is-layout-flow\" style=\"flex-basis:4.33%\"><\/div>\n\n\n\n<div class=\"wp-block-column is-layout-flow wp-block-column-is-layout-flow\" style=\"flex-basis:200px\">\n<figure class=\"wp-block-image size-full\"><img loading=\"lazy\" decoding=\"async\" width=\"300\" height=\"300\" src=\"https:\/\/colegioaleman.com\/wp-content\/uploads\/2022\/09\/ODS-12.jpg\" alt=\"\" class=\"wp-image-22599\" srcset=\"https:\/\/colegioaleman.com\/wp-content\/uploads\/2022\/09\/ODS-12.jpg 300w, https:\/\/colegioaleman.com\/wp-content\/uploads\/2022\/09\/ODS-12-150x150.jpg 150w, https:\/\/colegioaleman.com\/wp-content\/uploads\/2022\/09\/ODS-12-80x80.jpg 80w\" sizes=\"(max-width: 300px) 100vw, 300px\" \/><\/figure>\n<\/div>\n\n\n\n<div class=\"wp-block-column is-layout-flow wp-block-column-is-layout-flow\">\n<p><strong>Ziel 12: Nachhaltige Konsum- und Produktionsmuster sicherstellen<\/strong><\/p>\n\n\n\n<p>Initiativen der Schule:<\/p>\n\n\n\n<ul class=\"wp-block-list\">\n<li>Combi Catering. Speiseplan mit Gerichten aus regionalen, biologischen und saisonalen Produkten<\/li>\n\n\n\n<li>Projekt Zero Waste Verwendung von Mehrweg-Trinkflaschen, um die Verwendung von Einweg-Plastikflaschen zu reduzieren.<\/li>\n<\/ul>\n<\/div>\n<\/div>\n\n<div class=\"wp-block-columns is-style-default is-layout-flex wp-container-core-columns-is-layout-9d6595d7 wp-block-columns-is-layout-flex\">\n<div class=\"wp-block-column dnone-mobile is-layout-flow wp-block-column-is-layout-flow\" style=\"flex-basis:4.33%\"><\/div>\n\n\n\n<div class=\"wp-block-column is-layout-flow wp-block-column-is-layout-flow\" style=\"flex-basis:200px\">\n<figure class=\"wp-block-image size-full\"><img loading=\"lazy\" decoding=\"async\" width=\"300\" height=\"300\" src=\"https:\/\/colegioaleman.com\/wp-content\/uploads\/2022\/09\/ODS-13.jpg\" alt=\"Ma&#xDF;nahmen gegen den Klimawandel\" class=\"wp-image-22600\" srcset=\"https:\/\/colegioaleman.com\/wp-content\/uploads\/2022\/09\/ODS-13.jpg 300w, https:\/\/colegioaleman.com\/wp-content\/uploads\/2022\/09\/ODS-13-150x150.jpg 150w, https:\/\/colegioaleman.com\/wp-content\/uploads\/2022\/09\/ODS-13-80x80.jpg 80w\" sizes=\"(max-width: 300px) 100vw, 300px\" \/><\/figure>\n<\/div>\n\n\n\n<div class=\"wp-block-column is-layout-flow wp-block-column-is-layout-flow\">\n<p><strong>Ziel 13: Umgehend Ma\u00dfnahmen zur Bek\u00e4mpfung des Klimawandels und seiner Auswirkungen ergreifen<\/strong><\/p>\n\n\n\n<p>Initiativen der Schule:<\/p>\n\n\n\n<ul class=\"wp-block-list\">\n<li>EducaenEco<\/li>\n\n\n\n<li>Recycling-Patrouille<\/li>\n\n\n\n<li>Umweltprojekt ,,Der Wald der Saragossaner\u201d<\/li>\n<\/ul>\n<\/div>\n<\/div>\n\n<div class=\"wp-block-columns is-style-default is-layout-flex wp-container-core-columns-is-layout-9d6595d7 wp-block-columns-is-layout-flex\">\n<div class=\"wp-block-column dnone-mobile is-layout-flow wp-block-column-is-layout-flow\" style=\"flex-basis:4.33%\"><\/div>\n\n\n\n<div class=\"wp-block-column is-layout-flow wp-block-column-is-layout-flow\" style=\"flex-basis:200px\">\n<figure class=\"wp-block-image size-full\"><img loading=\"lazy\" decoding=\"async\" width=\"300\" height=\"300\" src=\"https:\/\/colegioaleman.com\/wp-content\/uploads\/2022\/09\/ODS-16.jpg\" alt=\"Frieden, Gerechtigkeit\" class=\"wp-image-22602\" srcset=\"https:\/\/colegioaleman.com\/wp-content\/uploads\/2022\/09\/ODS-16.jpg 300w, https:\/\/colegioaleman.com\/wp-content\/uploads\/2022\/09\/ODS-16-150x150.jpg 150w, https:\/\/colegioaleman.com\/wp-content\/uploads\/2022\/09\/ODS-16-80x80.jpg 80w\" sizes=\"(max-width: 300px) 100vw, 300px\" \/><\/figure>\n<\/div>\n\n\n\n<div class=\"wp-block-column is-layout-flow wp-block-column-is-layout-flow\">\n<p><strong>Ziel 16: Friedliche und inklusive Gesellschaften f\u00fcr eine nachhaltige Entwicklung f\u00f6rdern, allen Menschen Zugang zur Justiz erm\u00f6glichen und leistungsf\u00e4hige, rechenschaftspflichtige und inklusive Institutionen auf allen Ebenen aufbauen<\/strong><\/p>\n\n\n\n<p>Initiativen der Schule:<\/p>\n\n\n\n<ul class=\"wp-block-list\">\n<li>Elternschule zur F\u00f6rderung der emotionalen Erziehung<\/li>\n\n\n\n<li>Projekt ,,Geschlechtergleichheit\u201d<\/li>\n\n\n\n<li>Vortrag ,,Das M\u00e4dchen und die Frau in der Wissenschaft\u201d<\/li>\n\n\n\n<li>Programm zum positiven Denken<\/li>\n\n\n\n<li>Workshop zur Stressbew\u00e4ltigung<\/li>\n\n\n\n<li>Workshop zur Gendersensibilisierung<\/li>\n\n\n\n<li>Vortrag der Nationalen Polizei zum B\u00fcrgerschutz<\/li>\n\n\n\n<li>Programm Erasmus+ DIGITALE BILDUNG<\/li>\n<\/ul>\n<\/div>\n<\/div>\n\n<div style=\"height:80px\" aria-hidden=\"true\" class=\"wp-block-spacer dnone-mobile\"><\/div>\n\n<div class=\"wp-block-group alignfull animate has-body-white-color has-primary-100-background-color has-text-color has-background\" id=\"cta-form\"><div class=\"wp-block-group__inner-container is-layout-flow wp-block-group-is-layout-flow\">\n<div class=\"wp-block-columns has-white-color has-text-color is-layout-flex wp-container-core-columns-is-layout-9d6595d7 wp-block-columns-is-layout-flex\">\n<div class=\"wp-block-column dnone-tablet is-layout-flow wp-block-column-is-layout-flow\" style=\"flex-basis:4.33%\"><\/div>\n\n\n\n<div class=\"wp-block-column is-layout-flow wp-block-column-is-layout-flow\">\n<p><strong>Anmeldung und neue Sch\u00fcler<\/strong><\/p>\n\n\n\n<h2 class=\"wp-block-heading has-body-white-color has-text-color\">M\u00f6chten Sie Teil unserer gro\u00dfen Familie werden?<\/h2>\n\n\n\n<p>Erkundigen Sie sich f\u00fcr das n\u00e4chste Schuljahr und sichern Sie sich einen Platz an unserer Schule. Vereinbaren Sie einen Besuch an unserer Schule, bei dem Sie die Einrichtungen sehen und ein Gespr\u00e4ch mit den Lehrkr\u00e4ften f\u00fchren k\u00f6nnen.<\/p>\n<\/div>\n\n\n\n<div class=\"wp-block-column is-vertically-aligned-center is-layout-flow wp-block-column-is-layout-flow\" style=\"flex-basis:48.6%\"><div class=\"wp-block-image\">\n<figure class=\"aligncenter size-full\"><img loading=\"lazy\" decoding=\"async\" width=\"108\" height=\"78\" src=\"https:\/\/colegioaleman.com\/wp-content\/uploads\/2022\/07\/Isotipo.png\" alt=\"Deutsche Schule\" class=\"wp-image-19\"\/><\/figure>\n<\/div>\n\n\n<div class=\"wp-block-buttons is-content-justification-center is-layout-flex wp-container-core-buttons-is-layout-16018d1d wp-block-buttons-is-layout-flex\">\n<div class=\"wp-block-button is-style-outline is-style-outline--1\"><a class=\"wp-block-button__link wp-element-button\" href=\"https:\/\/colegioaleman.com\/de\/anmeldung\/informationsformular\/\" style=\"border-radius:100px\" target=\"_blank\" rel=\"noreferrer noopener\">Gehen Sie zum Informationsformular<\/a><\/div>\n<\/div>\n<\/div>\n<\/div>\n<\/div><\/div>\n\n<div style=\"height:80px\" aria-hidden=\"true\" class=\"wp-block-spacer\"><\/div>\n\n<div class=\"wp-block-columns is-layout-flex wp-container-core-columns-is-layout-9d6595d7 wp-block-columns-is-layout-flex\">\n<div class=\"wp-block-column is-vertically-aligned-top dnone-tablet is-layout-flow wp-block-column-is-layout-flow\" style=\"flex-basis:4.3%\"><\/div>\n\n\n\n<div class=\"wp-block-column is-layout-flow wp-block-column-is-layout-flow\">\n<h2 class=\"has-text-align-center wp-block-heading\">Noticias relacionadas<\/h2>\n\n\n\n<div class=\"wp-block-query is-layout-flow wp-block-query-is-layout-flow\">\n\n<div class=\"wp-block-query-no-results\">\n\n<p><\/p>\n\n<\/div><\/div>\n<\/div>\n<\/div>\n","protected":false},"excerpt":{"rendered":"<p>SDGs Die Deutsche Schule von Zaragoza ist eine verantwortungsbewusste Einrichtung mit dem Siegel von Aragonien f\u00fcr soziale Verantwortung (RSA) Der Kulturverein der Deutschen Schule hatte schon lange den Wunsch und das latente Bed\u00fcrfnis, der sozialen Verantwortung innerhalb seiner Einrichtung ein gr\u00f6\u00dferes Gewicht einzur\u00e4umen. Dieses Anliegen wurde umgesetzt, indem der Aspekt der sozialen Verantwortung mit in [&hellip;]<\/p>\n","protected":false},"author":1,"featured_media":0,"parent":24621,"menu_order":0,"comment_status":"closed","ping_status":"closed","template":"","meta":{"_acf_changed":false,"inline_featured_image":false,"footnotes":""},"class_list":["post-24898","page","type-page","status-publish","hentry"],"acf":[],"_links":{"self":[{"href":"https:\/\/colegioaleman.com\/de\/wp-json\/wp\/v2\/pages\/24898","targetHints":{"allow":["GET"]}}],"collection":[{"href":"https:\/\/colegioaleman.com\/de\/wp-json\/wp\/v2\/pages"}],"about":[{"href":"https:\/\/colegioaleman.com\/de\/wp-json\/wp\/v2\/types\/page"}],"author":[{"embeddable":true,"href":"https:\/\/colegioaleman.com\/de\/wp-json\/wp\/v2\/users\/1"}],"replies":[{"embeddable":true,"href":"https:\/\/colegioaleman.com\/de\/wp-json\/wp\/v2\/comments?post=24898"}],"version-history":[{"count":3,"href":"https:\/\/colegioaleman.com\/de\/wp-json\/wp\/v2\/pages\/24898\/revisions"}],"predecessor-version":[{"id":24901,"href":"https:\/\/colegioaleman.com\/de\/wp-json\/wp\/v2\/pages\/24898\/revisions\/24901"}],"up":[{"embeddable":true,"href":"https:\/\/colegioaleman.com\/de\/wp-json\/wp\/v2\/pages\/24621"}],"wp:attachment":[{"href":"https:\/\/colegioaleman.com\/de\/wp-json\/wp\/v2\/media?parent=24898"}],"curies":[{"name":"wp","href":"https:\/\/api.w.org\/{rel}","templated":true}]}}