{"id":25019,"date":"2022-09-07T21:01:37","date_gmt":"2022-09-07T21:01:37","guid":{"rendered":"https:\/\/colegioaleman.com\/cookie-richtlinie\/"},"modified":"2022-11-24T08:57:20","modified_gmt":"2022-11-24T08:57:20","slug":"cookie-richtlinie","status":"publish","type":"page","link":"https:\/\/colegioaleman.com\/de\/cookie-richtlinie\/","title":{"rendered":"Cookie-Richtlinie"},"content":{"rendered":"\n<div class=\"wp-block-columns is-layout-flex wp-container-core-columns-is-layout-9d6595d7 wp-block-columns-is-layout-flex\">\n<div class=\"wp-block-column is-layout-flow wp-block-column-is-layout-flow\" style=\"flex-basis:4.33%\"><\/div>\n\n\n\n<div class=\"wp-block-column is-layout-flow wp-block-column-is-layout-flow\">\n<p><strong>EINF\u00dcHRUNG<\/strong><\/p>\n\n\n\n<p>In \u00dcbereinstimmung mit den spanischen Vorschriften \u00fcber die Verwendung von Cookies informieren wir Sie \u00fcber die auf dieser Webseite verwendeten Cookies.<\/p>\n\n\n\n<p><strong>Was SIND COOKIES?<\/strong><\/p>\n\n\n\n<p>Cookies sind Dateien, die beim Zugriff auf bestimmte Webseiten auf den Computer des Nutzers heruntergeladen werden, um Informationen zu speichern und abzurufen. Cookies erm\u00f6glichen es unter anderem, einen Nutzer zu erkennen, Informationen \u00fcber die Surfgewohnheiten eines Nutzers zu erhalten oder die Darstellungsweise von Inhalten zu personalisieren. Die auf dieser Webseite verwendeten Cookies werden in dieser Cookie-Richtlinie beschrieben.<\/p>\n\n\n\n<p><strong>ARTEN VON COOKIES<\/strong><\/p>\n\n\n\n<p>Cookies werden anhand der folgenden Kriterien klassifiziert:<\/p>\n\n\n\n<p><strong><u>Cookies in Abh\u00e4ngigkeit der jeweiligen Einrichtung, die sie installiert und verwaltet:<\/u><\/strong><\/p>\n\n\n\n<p><strong>Eigene Cookies<\/strong>: Sind solche, die von einem vom Ersteller verwalteten Computer oder Domain, die die vom Nutzer angeforderten Dienste bereitstellen, an das Endger\u00e4t des Nutzers gesendet werden.<\/p>\n\n\n\n<p><strong>Drittanbieter-Cookies<\/strong>: Sind solche, die von einem nicht vom Ersteller verwalteten Computer oder Domain, sondern von einem Drittanbieter, der die \u00fcber die Cookies erhaltenen Daten verwaltet, an das Endger\u00e4t des Nutzers gesendet werden.<\/p>\n\n\n\n<p><strong><u>Cookies in Abh\u00e4ngigkeit von ihrem Zweck:<\/u><\/strong><\/p>\n\n\n\n<ol class=\"wp-block-list\"><li><strong>Technische Cookies:<\/strong> Sind solche, die es dem Nutzer erm\u00f6glichen, auf einer Webseite, Plattform oder durch eine Anwendung zu surfen und die verschiedenen, zur Verf\u00fcgung gestellten Optionen oder Dienste zu nutzen, einschlie\u00dflich derjenigen, die der Ersteller verwendet, um die Verwaltung und den Betrieb der Webseite zu erm\u00f6glichen und ihre Funktionen und Dienste zu aktivieren.<\/li><li><strong>Cookies zur benutzerspezifischen Anpassung<\/strong>: Sind solche, die es erm\u00f6glichen, Informationen zu speichern, damit der Nutzer auf den Dienst mit vordefinierten Merkmalen zugreifen kann, die ihn von anderen Nutzern unterscheiden k\u00f6nnen.<\/li><li><strong>Analyse- oder Mess-Cookies<\/strong>: Sind solche, die es dem Verantwortlichen erm\u00f6glichen, das Nutzerverhalten \u00fcber mehrere Webseiten hinweg zu beobachten und zu analysieren.<\/li><li><strong>Cookies zu Werbezwecken<\/strong>: Sind solche, die Informationen \u00fcber das Verhalten der Nutzer speichern, die durch kontinuierliche Beobachtung ihrer Surfgewohnheiten gewonnen werden, was die Erstellung eines spezifischen Profils erm\u00f6glicht, um darauf basierende Werbung anzuzeigen.<\/li><\/ol>\n\n\n\n<p><strong><u>Cookies in Abh\u00e4ngigkeit von ihrem Aufbewahrungszeitraum:<\/u><\/strong><\/p>\n\n\n\n<ol class=\"wp-block-list\"><li><strong>Sitzungscookies:<\/strong> Sind solche, die Daten sammeln und speichern, w\u00e4hrend der Nutzer auf eine Webseite zugreift.<\/li><li><strong>Dauerhafte Cookies<\/strong>: Sind solche, bei denen die Daten auf dem Endger\u00e4t gespeichert bleiben und f\u00fcr einen von der f\u00fcr das Cookie verantwortlichen Partei festgelegten Zeitraum, der von einigen Minuten bis zu mehreren Jahren reichen kann, abgerufen und verarbeitet werden k\u00f6nnen.<\/li><\/ol>\n\n\n\n<p><strong>AUF UNSERER WEBSEITE VERWENDETE COOKIES<\/strong><\/p>\n\n\n\n<p>Auf unserer Webseite werden folgende Cookies verwendet:<\/p>\n\n\n\n<figure class=\"wp-block-table\"><table><tbody><tr><td>ENTIT\u00c4T \/ VERANTWORTLICHER<\/td><td>TYP<\/td><td>COOKIE-NAME<\/td><td>ZWECK<\/td><td>SPEICHERDAUER<\/td><\/tr><tr><td>.google.com <\/td><td>Analytisch<\/td><td>1P_JAR<\/td><td>Statistische Daten der Webseite sammeln und Konversionsraten verfolgen<\/td><td>1 Woche<\/td><\/tr><tr><td>.google.com <\/td><td>Analytisch<\/td><td>CONSENT<\/td><td>Speichert die vom Benutzer gegebenen Zustimmungen zur Verwendung von Cookies im Bereich der Sozialen Netzwerke<\/td><td>20 Jahre<\/td><\/tr><tr><td>.google.com <\/td><td>Werbung<\/td><td>ANID<\/td><td>Zur Leistungs\u00fcberwachung der Anzeigen und f\u00fcr Produktempfehlungen auf der Grundlage statistischer Daten<\/td><td>1 Monat<\/td><\/tr><tr><td>.google.com <\/td><td>Analytisch<\/td><td>NID<\/td><td>Enth\u00e4lt eine eindeutige ID, die Google verwendet, um Ihre Einstellungen und andere Informationen zu speichern. Anzeige von Karten \u00fcber die Anwendung Google Maps.<\/td><td>6 Monate<\/td><\/tr><tr><td>.google.com <\/td><td>Analytisch<\/td><td>OGPC<\/td><td>Diese Cookies werden von Google verwendet, um Nutzerpr\u00e4ferenzen und Informationen w\u00e4hrend der Anzeige von Google Maps-Seiten zu speichern<\/td><td>2 Monate<\/td><\/tr><tr><td>.google.com<\/td><td>Analytisch<\/td><td>DV<\/td><td>Zur Bereitstellung von Diensten und zur Gewinnung anonymer Informationen \u00fcber die Navigation.<\/td><td>24 Stunden<\/td><\/tr><tr><td>.google.com<\/td><td>Werbung<\/td><td>OTZ<\/td><td>Erm\u00f6glicht das Optimieren und Personalisieren der beim Surfen angezeigten Werbung. Wird zum Analysieren von Webverkehrsmustern und der Dauer von Browser-Sitzungen verwendet. Steht im Zusammenhang mit der personalisierten Werbung von Google Adwords.<\/td><td>1 Monat<\/td><\/tr><tr><td>colegioaleman.com<\/td><td>Analytisch<\/td><td>_gid<\/td><td>Speichert Informationen \u00fcber die Webseitennutzung vonseiten der Besucher und hilft bei der Erstellung eines analytischen Berichts \u00fcber die Leistung der Webseite. Die gesammelten Daten, einschlie\u00dflich der Anzahl der Besucher, der Quelle, von der sie kamen, und der Seiten, werden anonymisiert angezeigt.<\/td><td>1 Tag<\/td><\/tr><tr><td>colegioaleman.com<\/td><td>Analytisch<\/td><td>_gat<\/td><td>Zur Drosselung der Anfragerate und Begrenzung der Datenerfassung auf Webseiten mit hohem Datenverkehr<\/td><td>10 Minuten<\/td><\/tr><tr><td>colegioaleman.com<\/td><td>Analytisch<\/td><td>_gat_gtag_UA_<\/td><td>Analysiert, wie die Nutzer mit unserer Webseite interagieren.<\/td><td>Sitzung<\/td><\/tr><tr><td>colegioaleman.com<\/td><td>Analytisch<\/td><td>_evCoLT<\/td><td>Wird bei Anfragen verwendet, um den Nutzer, die Chatsitzung und den Operator zu kennen.<\/td><td>15 Tage<\/td><\/tr><tr><td>colegioaleman.com<\/td><td>Analytisch<\/td><td>_evCo<\/td><td>Erinnert daran, ob die Einladung von Kontakten automatisch erfolgt ist.<\/td><td>Sitzung<\/td><\/tr><tr><td>colegioaleman.com<\/td><td>Technisch<\/td><td>moove_gdpr_popup<\/td><td>Speichert f\u00fcr 12 Monate die Zustimmung des Nutzers zur Verwendung von Cookies auf unserer Webseite.<\/td><td>1 Jahr<\/td><\/tr><tr><td>.nr-data.net<\/td><td>Technisch<\/td><td>JSESSIONID<\/td><td>Identifizierung der Sitzung des Nutzers im Webbrowser<\/td><td>Sitzung<\/td><\/tr><\/tbody><\/table><\/figure>\n\n\n\n<p>Wenn Cookies von Drittanbietern akzeptiert werden, m\u00fcssen diese in den Browseroptionen, wie unter Punkt 5 dieser Richtlinie beschrieben, oder in dem von dem Drittanbieter angebotenen System gel\u00f6scht werden.<\/p>\n\n\n\n<p><strong>WIDERRUF UND L\u00d6SCHEN VON COOKIES<\/strong><\/p>\n\n\n\n<p>Greift ein Nutzer zum ersten Mal auf unsere Webseite zu, kann er die Verwendung aller unserer Cookies akzeptieren oder ablehnen oder, wenn er es vorzieht, unter Einstellungen Cookies je nach ihrer Art akzeptieren, mit Ausnahme von technischen Cookies, f\u00fcr die keine Zustimmung des Benutzers erforderlich ist. Die Cookie-Einstellungen k\u00f6nnen jederzeit \u00fcber unser Konfigurationspanel ge\u00e4ndert werden.<\/p>\n\n\n\n<p>Dar\u00fcber hinaus kann der Nutzer auf die Einstellungen seines Browsers zugreifen, um Cookies einzuschr\u00e4nken, zu blockieren oder zu l\u00f6schen, indem er je nach dem von ihm verwendeten Browser den diesbez\u00fcglichen Anleitungen folgt:<\/p>\n\n\n\n<p><strong>Google Chrome<\/strong> <\/p>\n\n\n\n<p><a href=\"https:\/\/support.google.com\/chrome\/answer\/95647?hl=es\" target=\"_blank\" rel=\"noopener\">https:\/\/support.google.com\/chrome\/answer\/95647?hl=es<\/a><\/p>\n\n\n\n<p><strong>Microsoft Internet Explorer<\/strong> <\/p>\n\n\n\n<p><a href=\"http:\/\/windows.microsoft.com\/es-es\/internet-explorer\/delete-manage-cookies#ie=ie-9\" target=\"_blank\" rel=\"noreferrer noopener\">http:\/\/windows.microsoft.com\/es-es\/internet-explorer\/delete-manage-cookies#ie=ie-9<\/a><\/p>\n\n\n\n<p><strong>Firefox<\/strong><br\/><a href=\"http:\/\/support.mozilla.org\/es\/kb\/habilitar-y-deshabilitar-cookies-que-los-sitios-we\" target=\"_blank\" rel=\"noreferrer noopener\">http:\/\/support.mozilla.org\/es\/kb\/habilitar-y-deshabilitar-cookies-que-los-sitios-we <\/a><\/p>\n\n\n\n<p><strong>Safari , iPad und iPhone<\/strong><br\/><a href=\"https:\/\/support.apple.com\/es-es\/HT201265\" target=\"_blank\" rel=\"noreferrer noopener\">https:\/\/support.apple.com\/es-es\/HT201265<\/a><\/p>\n\n\n\n<p><strong>Opera<\/strong><br\/><a href=\"http:\/\/help.opera.com\/Linux\/10.60\/es-ES\/cookies.html\" target=\"_blank\" rel=\"noreferrer noopener\">http:\/\/help.opera.com\/Linux\/10.60\/es-ES\/cookies.html <\/a><\/p>\n<\/div>\n<\/div>\n","protected":false},"excerpt":{"rendered":"<p>EINF\u00dcHRUNG In \u00dcbereinstimmung mit den spanischen Vorschriften \u00fcber die Verwendung von Cookies informieren wir Sie \u00fcber die auf dieser Webseite verwendeten Cookies. Was SIND COOKIES? Cookies sind Dateien, die beim Zugriff auf bestimmte Webseiten auf den Computer des Nutzers heruntergeladen werden, um Informationen zu speichern und abzurufen. Cookies erm\u00f6glichen es unter anderem, einen Nutzer zu [&hellip;]<\/p>\n","protected":false},"author":1,"featured_media":0,"parent":0,"menu_order":0,"comment_status":"closed","ping_status":"closed","template":"","meta":{"_acf_changed":false,"inline_featured_image":false,"footnotes":""},"class_list":["post-25019","page","type-page","status-publish","hentry"],"acf":[],"_links":{"self":[{"href":"https:\/\/colegioaleman.com\/de\/wp-json\/wp\/v2\/pages\/25019","targetHints":{"allow":["GET"]}}],"collection":[{"href":"https:\/\/colegioaleman.com\/de\/wp-json\/wp\/v2\/pages"}],"about":[{"href":"https:\/\/colegioaleman.com\/de\/wp-json\/wp\/v2\/types\/page"}],"author":[{"embeddable":true,"href":"https:\/\/colegioaleman.com\/de\/wp-json\/wp\/v2\/users\/1"}],"replies":[{"embeddable":true,"href":"https:\/\/colegioaleman.com\/de\/wp-json\/wp\/v2\/comments?post=25019"}],"version-history":[{"count":3,"href":"https:\/\/colegioaleman.com\/de\/wp-json\/wp\/v2\/pages\/25019\/revisions"}],"predecessor-version":[{"id":25022,"href":"https:\/\/colegioaleman.com\/de\/wp-json\/wp\/v2\/pages\/25019\/revisions\/25022"}],"wp:attachment":[{"href":"https:\/\/colegioaleman.com\/de\/wp-json\/wp\/v2\/media?parent=25019"}],"curies":[{"name":"wp","href":"https:\/\/api.w.org\/{rel}","templated":true}]}}