{"id":25023,"date":"2022-09-01T12:15:04","date_gmt":"2022-09-01T12:15:04","guid":{"rendered":"https:\/\/colegioaleman.com\/gebuehren\/"},"modified":"2025-12-10T08:06:33","modified_gmt":"2025-12-10T08:06:33","slug":"gebuehren","status":"publish","type":"page","link":"https:\/\/colegioaleman.com\/de\/gebuehren\/","title":{"rendered":"Geb\u00fchren"},"content":{"rendered":"\n<div style=\"height:80px\" aria-hidden=\"true\" class=\"wp-block-spacer\"><\/div>\n\n\n\n<div class=\"wp-block-columns alignfull is-layout-flex wp-container-core-columns-is-layout-9d6595d7 wp-block-columns-is-layout-flex\">\n<div class=\"wp-block-column dnone-tablet is-layout-flow wp-block-column-is-layout-flow\" style=\"flex-basis:8.33%\"><\/div>\n\n\n\n<div class=\"wp-block-column  pr-3 pl-3 is-layout-flow wp-block-column-is-layout-flow\">\n<p><strong>Geb\u00fchren Schuljahr 2025\/26<\/strong><\/p>\n\n\n\n<h2 class=\"wp-block-heading\">Die g\u00fcltigen Jahresgeb\u00fchren der Deutsche Schule von Zaragoza<\/h2>\n\n\n\n<p>In dem Dokument, das heruntergeladen werden kann, sind die von der ordentlichen Mitgliederversammlung genehmigten Geb\u00fchren f\u00fcr das akademische Jahr 2025-2026 aufgef\u00fchrt.<\/p>\n\n\n\n<p>Sie k\u00f6nnen die Schulgeb\u00fchren wie Schulgeld, Essensgeld, Schulbus, Vereinsbeitrag pro Familie, Kindergarten usw. sowie die Schulgeb\u00fchren f\u00fcr Sch\u00fcler, die f\u00fcr einen bestimmten Zeitraum im Ausland zur Schule gehen, einsehen.<\/p>\n\n\n\n<p>Bei Fragen k\u00f6nnen Sie sich jederzeit an uns wenden.<\/p>\n\n\n\n<div style=\"height:40px\" aria-hidden=\"true\" class=\"wp-block-spacer\"><\/div>\n\n\n\n<div class=\"wp-block-buttons is-layout-flex wp-block-buttons-is-layout-flex\">\n<div class=\"wp-block-button is-style-theme-link\"><a class=\"wp-block-button__link wp-element-button\" href=\"https:\/\/colegioaleman.com\/wp-content\/uploads\/2025\/12\/Tarifas-2025-2026-1.pdf\">GEB\u00dcHREN ALS PDF HERUNTERLADEN<\/a><\/div>\n<\/div>\n<\/div>\n\n\n\n<div class=\"wp-block-column is-layout-flow wp-block-column-is-layout-flow\" style=\"flex-basis:44.6%\"><div class=\"wp-block-image\">\n<figure class=\"alignright size-full\"><img decoding=\"async\" src=\"https:\/\/colegioaleman.com\/wp-content\/uploads\/2022\/09\/tarifas-hero-sibling.jpg\" alt=\"\" class=\"wp-image-23361\"\/><\/figure>\n<\/div><\/div>\n<\/div>\n\n\n\n<div style=\"height:80px\" aria-hidden=\"true\" class=\"wp-block-spacer dnone-mobile\"><\/div>\n\n\n\n<div class=\"wp-block-group alignfull animate has-body-white-color has-primary-100-background-color has-text-color has-background\" id=\"cta-form\"><div class=\"wp-block-group__inner-container is-layout-flow wp-block-group-is-layout-flow\">\n<div class=\"wp-block-columns has-white-color has-text-color is-layout-flex wp-container-core-columns-is-layout-9d6595d7 wp-block-columns-is-layout-flex\">\n<div class=\"wp-block-column dnone-tablet is-layout-flow wp-block-column-is-layout-flow\" style=\"flex-basis:4.33%\"><\/div>\n\n\n\n<div class=\"wp-block-column is-layout-flow wp-block-column-is-layout-flow\">\n<p><strong>Anmeldung und neue Sch\u00fcler<\/strong><\/p>\n\n\n\n<h2 class=\"wp-block-heading has-body-white-color has-text-color\">M\u00f6chten Sie Teil unserer gro\u00dfen Familie werden?<\/h2>\n\n\n\n<p>Erkundigen Sie sich f\u00fcr das n\u00e4chste Schuljahr und sichern Sie sich einen Platz an unserer Schule. Vereinbaren Sie einen Besuch an unserer Schule, bei dem Sie die Einrichtungen sehen und ein Gespr\u00e4ch mit den Lehrkr\u00e4ften f\u00fchren k\u00f6nnen.<\/p>\n<\/div>\n\n\n\n<div class=\"wp-block-column is-vertically-aligned-center is-layout-flow wp-block-column-is-layout-flow\" style=\"flex-basis:48.6%\"><div class=\"wp-block-image\">\n<figure class=\"aligncenter size-full\"><img decoding=\"async\" width=\"108\" height=\"78\" src=\"https:\/\/colegioaleman.com\/wp-content\/uploads\/2022\/07\/Isotipo.png\" alt=\"Deutsche Schule\" class=\"wp-image-19\"\/><\/figure>\n<\/div>\n\n\n<div class=\"wp-block-buttons is-content-justification-center is-layout-flex wp-container-core-buttons-is-layout-16018d1d wp-block-buttons-is-layout-flex\">\n<div class=\"wp-block-button is-style-outline is-style-outline--1\"><a class=\"wp-block-button__link wp-element-button\" href=\"https:\/\/colegioaleman.com\/de\/anmeldung\/informationsformular\/\" style=\"border-radius:100px\" target=\"_blank\" rel=\"noreferrer noopener\">Gehen Sie zum Informationsformular<\/a><\/div>\n<\/div>\n<\/div>\n<\/div>\n<\/div><\/div>\n\n\n\n<div style=\"height:80px\" aria-hidden=\"true\" class=\"wp-block-spacer\"><\/div>\n\n\n\n<div class=\"wp-block-columns is-layout-flex wp-container-core-columns-is-layout-9d6595d7 wp-block-columns-is-layout-flex\">\n<div class=\"wp-block-column is-vertically-aligned-top dnone-tablet is-layout-flow wp-block-column-is-layout-flow\" style=\"flex-basis:4.3%\"><\/div>\n\n\n\n<div class=\"wp-block-column is-layout-flow wp-block-column-is-layout-flow\">\n<h2 class=\"has-text-align-center wp-block-heading\">Noticias relacionadas<\/h2>\n\n\n\n<div class=\"wp-block-query is-layout-flow wp-block-query-is-layout-flow\">\n\n<div class=\"wp-block-query-no-results\">\n\n<p><\/p>\n\n<\/div><\/div>\n<\/div>\n<\/div>\n","protected":false},"excerpt":{"rendered":"<p>Geb\u00fchren Schuljahr 2025\/26 Die g\u00fcltigen Jahresgeb\u00fchren der Deutsche Schule von Zaragoza In dem Dokument, das heruntergeladen werden kann, sind die von der ordentlichen Mitgliederversammlung genehmigten Geb\u00fchren f\u00fcr das akademische Jahr 2025-2026 aufgef\u00fchrt. Sie k\u00f6nnen die Schulgeb\u00fchren wie Schulgeld, Essensgeld, Schulbus, Vereinsbeitrag pro Familie, Kindergarten usw. sowie die Schulgeb\u00fchren f\u00fcr Sch\u00fcler, die f\u00fcr einen bestimmten Zeitraum [&hellip;]<\/p>\n","protected":false},"author":1,"featured_media":0,"parent":0,"menu_order":0,"comment_status":"closed","ping_status":"closed","template":"","meta":{"_acf_changed":false,"inline_featured_image":false,"footnotes":""},"class_list":["post-25023","page","type-page","status-publish","hentry"],"acf":[],"_links":{"self":[{"href":"https:\/\/colegioaleman.com\/de\/wp-json\/wp\/v2\/pages\/25023","targetHints":{"allow":["GET"]}}],"collection":[{"href":"https:\/\/colegioaleman.com\/de\/wp-json\/wp\/v2\/pages"}],"about":[{"href":"https:\/\/colegioaleman.com\/de\/wp-json\/wp\/v2\/types\/page"}],"author":[{"embeddable":true,"href":"https:\/\/colegioaleman.com\/de\/wp-json\/wp\/v2\/users\/1"}],"replies":[{"embeddable":true,"href":"https:\/\/colegioaleman.com\/de\/wp-json\/wp\/v2\/comments?post=25023"}],"version-history":[{"count":19,"href":"https:\/\/colegioaleman.com\/de\/wp-json\/wp\/v2\/pages\/25023\/revisions"}],"predecessor-version":[{"id":45720,"href":"https:\/\/colegioaleman.com\/de\/wp-json\/wp\/v2\/pages\/25023\/revisions\/45720"}],"wp:attachment":[{"href":"https:\/\/colegioaleman.com\/de\/wp-json\/wp\/v2\/media?parent=25023"}],"curies":[{"name":"wp","href":"https:\/\/api.w.org\/{rel}","templated":true}]}}