{"id":30615,"date":"2024-02-14T21:45:33","date_gmt":"2024-02-14T21:45:33","guid":{"rendered":"https:\/\/colegioaleman.com\/bildungsprojekt\/colegio-del-futuro\/"},"modified":"2025-07-23T12:02:24","modified_gmt":"2025-07-23T12:02:24","slug":"colegio-del-futuro","status":"publish","type":"page","link":"https:\/\/colegioaleman.com\/de\/bildungsprojekt\/colegio-del-futuro\/","title":{"rendered":"Colegio del Futuro"},"content":{"rendered":"\n<div style=\"height:80px\" aria-hidden=\"true\" class=\"wp-block-spacer\"><\/div>\n\n\n\n<div class=\"wp-block-columns alignfull is-layout-flex wp-container-core-columns-is-layout-9d6595d7 wp-block-columns-is-layout-flex\">\n<div class=\"wp-block-column is-layout-flow wp-block-column-is-layout-flow\" style=\"flex-basis:8.33%\"><\/div>\n\n\n\n<div class=\"wp-block-column  pr-3 pl-3 is-layout-flow wp-block-column-is-layout-flow\">\n<p><strong>Colegio del Futuro<\/strong><\/p>\n\n\n\n<h2 class=\"wp-block-heading\">Bienvenidos al que ser\u00e1 el nuevo escenario donde nuestros alumnos so\u00f1ar\u00e1n su futuro a lo grande.<\/h2>\n\n\n\n<p><strong>Nuevos espacios de trabajo e instalaciones especializadas<\/strong> que contribuyen a generar las mejores escenas de aprendizaje y adquisici\u00f3n de competencias claves para su futuro, as\u00ed como a anticiparse y adaptarse a todas las novedades que surgen cada d\u00eda en el entorno educativo y social.<\/p>\n<\/div>\n\n\n\n<div class=\"wp-block-column is-layout-flow wp-block-column-is-layout-flow\" style=\"flex-basis:44.6%\">\n<figure class=\"wp-block-embed is-type-video is-provider-youtube wp-block-embed-youtube wp-embed-aspect-16-9 wp-has-aspect-ratio\"><div class=\"wp-block-embed__wrapper\">\n<iframe title=\"Un escenario para so\u00f1ar a lo grande\" width=\"640\" height=\"360\" src=\"https:\/\/www.youtube.com\/embed\/PH8XxBN2OEk?feature=oembed\" frameborder=\"0\" allow=\"accelerometer; autoplay; clipboard-write; encrypted-media; gyroscope; picture-in-picture; web-share\" referrerpolicy=\"strict-origin-when-cross-origin\" allowfullscreen><\/iframe>\n<\/div><\/figure>\n\n\n\n<div style=\"height:32px\" aria-hidden=\"true\" class=\"wp-block-spacer\"><\/div>\n\n\n\n<div class=\"wp-block-group pl-5 pr-5\"><div class=\"wp-block-group__inner-container is-layout-flow wp-block-group-is-layout-flow\"><\/div><\/div>\n<\/div>\n<\/div>\n\n\n\n<div style=\"height:80px\" aria-hidden=\"true\" class=\"wp-block-spacer\"><\/div>\n\n\n\n<div class=\"wp-block-columns is-layout-flex wp-container-core-columns-is-layout-9d6595d7 wp-block-columns-is-layout-flex\">\n<div class=\"wp-block-column is-layout-flow wp-block-column-is-layout-flow\" style=\"flex-basis:4.33%\"><\/div>\n\n\n\n<div class=\"wp-block-column is-layout-flow wp-block-column-is-layout-flow\">\n<h2 class=\"wp-block-heading\" id=\"el-espacio\">Nuevas estancias<\/h2>\n\n\n\n\n    <div id=\"swiper-block_3d2b78e6dca26255c298fc3878b75360\" class=\"swiper swiper-container-block slider-image-block\">\n        <div class=\"swiper-wrapper\">\n                            <div class=\"swiper-slide\">\n                                            <figure>\n                            <img decoding=\"async\" src=\"https:\/\/colegioaleman.com\/wp-content\/uploads\/2025\/07\/Colegio-privado-Zaragoza-Colegio-Aleman-Zaragoza.png\" alt=\"Nuevas instalaciones de Primaria Colegio Alem\u00e1n de Zaragoza\" \/>\n                            \n                        <\/figure>\n                                    <\/div>\n                            <div class=\"swiper-slide\">\n                                            <figure>\n                            <img decoding=\"async\" src=\"https:\/\/colegioaleman.com\/wp-content\/uploads\/2025\/07\/Colegio-Aleman-Zaragoza-infantil-Colegio-Privado.png\" alt=\"\" \/>\n                            \n                        <\/figure>\n                                    <\/div>\n                    <\/div>\n        <!-- Add Pagination --> \n        <div class=\"swiper-pagination\"><\/div> \n        \n        <!-- Add Arrows -->\n        <div class=\"swiper-button-next\"><\/div>\n        <div class=\"swiper-button-prev\"><\/div>\n        \n    <\/div>\n\n\n\n<!-- Swiper JS -->\n<script src=\"https:\/\/cdn.jsdelivr.net\/npm\/swiper@8\/swiper-bundle.min.js\"><\/script>\n\n<!-- Initialize Swiper -->\n<script>\n\tvar swiper = new Swiper('#swiper-block_3d2b78e6dca26255c298fc3878b75360', {\n\tslidesPerView: 1,\n    autoHeight: true,\n\tnavigation: {\n        nextEl: '.swiper-button-next',\n        prevEl: '.swiper-button-prev',\n    },\n    pagination: {\n\t\tel: '.swiper-pagination',\n\t\tclickable: true,\n\t},\n\t});\n<\/script><\/div>\n<\/div>\n\n\n\n<div style=\"height:40px\" aria-hidden=\"true\" class=\"wp-block-spacer dnone-mobile\"><\/div>\n\n\n\n<div class=\"wp-block-columns is-layout-flex wp-container-core-columns-is-layout-9d6595d7 wp-block-columns-is-layout-flex\">\n<div class=\"wp-block-column dnone-mobile is-layout-flow wp-block-column-is-layout-flow\" style=\"flex-basis:4.33%\"><\/div>\n\n\n\n<div class=\"wp-block-column dnone-mobile is-layout-flow wp-block-column-is-layout-flow\" style=\"flex-basis:4.33%\"><\/div>\n\n\n\n<div class=\"wp-block-column is-layout-flow wp-block-column-is-layout-flow\">\n<h2 class=\"wp-block-heading\">Un cambio que nos sit\u00faa a la vanguardia<\/h2>\n<\/div>\n\n\n\n<div class=\"wp-block-column is-layout-flow wp-block-column-is-layout-flow\">\n<p>Un cambio en el presente pensando en su ma\u00f1ana,&nbsp; donde peque\u00f1os y mayores podr\u00e1n trabajar en conjunto, continuar aprendiendo de manera internivelar, con los mejores recursos y herramientas pensadas para cada uno de ellos.<\/p>\n\n\n\n<p>Una transformaci\u00f3n con la que nos adaptamos al nuevo modelo educativo que ya <strong>se contempla en diferentes centros de referencia <\/strong><strong>del mundo.<\/strong><\/p>\n<\/div>\n<\/div>\n\n\n\n<div style=\"height:80px\" aria-hidden=\"true\" class=\"wp-block-spacer\"><\/div>\n\n\n\n<div class=\"wp-block-columns is-layout-flex wp-container-core-columns-is-layout-9d6595d7 wp-block-columns-is-layout-flex\">\n<div class=\"wp-block-column dnone-mobile is-layout-flow wp-block-column-is-layout-flow\" style=\"flex-basis:4.33%\"><\/div>\n\n\n\n<div class=\"wp-block-column is-layout-flow wp-block-column-is-layout-flow\" style=\"flex-basis:48.6%\">\n<h2 class=\"wp-block-heading\" id=\"equipo-docente\">Un lugar que crecer\u00e1 junto a nuestros alumnos, acompa\u00f1\u00e1ndoles a lo largo de toda su etapa escolar.<\/h2>\n\n\n\n<p>Un escenario donde so\u00f1ar de manera sostenible, teniendo presente el cuidado del medioambiente, la buena alimentaci\u00f3n y la importancia de la vida activa y saludable, con espacios donde continuar practicando ejercicio f\u00edsico.<\/p>\n<\/div>\n\n\n\n<div class=\"wp-block-column is-layout-flow wp-block-column-is-layout-flow\">\n<figure class=\"wp-block-image size-full\"><img fetchpriority=\"high\" decoding=\"async\" width=\"1920\" height=\"1080\" src=\"https:\/\/colegioaleman.com\/wp-content\/uploads\/2025\/07\/Nuevas-instalaciones-Colegio-Aleman-de-Zaragoza.png\" alt=\"\" class=\"wp-image-43402\" srcset=\"https:\/\/colegioaleman.com\/wp-content\/uploads\/2025\/07\/Nuevas-instalaciones-Colegio-Aleman-de-Zaragoza.png 1920w, https:\/\/colegioaleman.com\/wp-content\/uploads\/2025\/07\/Nuevas-instalaciones-Colegio-Aleman-de-Zaragoza-300x169.png 300w, https:\/\/colegioaleman.com\/wp-content\/uploads\/2025\/07\/Nuevas-instalaciones-Colegio-Aleman-de-Zaragoza-1024x576.png 1024w, https:\/\/colegioaleman.com\/wp-content\/uploads\/2025\/07\/Nuevas-instalaciones-Colegio-Aleman-de-Zaragoza-768x432.png 768w, https:\/\/colegioaleman.com\/wp-content\/uploads\/2025\/07\/Nuevas-instalaciones-Colegio-Aleman-de-Zaragoza-1536x864.png 1536w\" sizes=\"(max-width: 1920px) 100vw, 1920px\" \/><\/figure>\n<\/div>\n<\/div>\n\n\n\n<div style=\"height:80px\" aria-hidden=\"true\" class=\"wp-block-spacer\"><\/div>\n\n\n\n<h2 class=\"wp-block-heading has-text-align-right has-body-main-color has-text-color\" id=\"bilinguismo\">El proyecto<\/h2>\n\n\n\n<div style=\"height:40px\" aria-hidden=\"true\" class=\"wp-block-spacer\"><\/div>\n\n\n\n<div class=\"wp-block-group\"><div class=\"wp-block-group__inner-container is-layout-flow wp-block-group-is-layout-flow\">\n<div class=\"wp-block-columns is-layout-flex wp-container-core-columns-is-layout-9d6595d7 wp-block-columns-is-layout-flex\">\n<div class=\"wp-block-column is-layout-flow wp-block-column-is-layout-flow\" style=\"flex-basis:4.33%\"><\/div>\n\n\n\n<div class=\"wp-block-column z-index-1 has-white-color has-primary-background-color has-text-color has-background is-layout-flow wp-block-column-is-layout-flow\" style=\"flex-basis:33.3%\">\n<p class=\"has-text-align-center has-accent-yellow-color has-text-color has-x-large-font-size\"><strong>6M\u20ac de inversi\u00f3n<\/strong><\/p>\n<\/div>\n<\/div>\n\n\n\n<div class=\"wp-block-columns is-style-move-up is-layout-flex wp-container-core-columns-is-layout-9d6595d7 wp-block-columns-is-layout-flex\">\n<div class=\"wp-block-column is-layout-flow wp-block-column-is-layout-flow\" style=\"flex-basis:16.7%\"><\/div>\n\n\n\n<div class=\"wp-block-column is-layout-flow wp-block-column-is-layout-flow\">\n<figure class=\"wp-block-image size-large\"><img decoding=\"async\" width=\"1024\" height=\"576\" src=\"https:\/\/colegioaleman.com\/wp-content\/uploads\/2025\/07\/Colegio-Aleman-de-Zaragoza-reforma-1024x576.png\" alt=\"\" class=\"wp-image-43413\" srcset=\"https:\/\/colegioaleman.com\/wp-content\/uploads\/2025\/07\/Colegio-Aleman-de-Zaragoza-reforma-1024x576.png 1024w, https:\/\/colegioaleman.com\/wp-content\/uploads\/2025\/07\/Colegio-Aleman-de-Zaragoza-reforma-300x169.png 300w, https:\/\/colegioaleman.com\/wp-content\/uploads\/2025\/07\/Colegio-Aleman-de-Zaragoza-reforma-768x432.png 768w, https:\/\/colegioaleman.com\/wp-content\/uploads\/2025\/07\/Colegio-Aleman-de-Zaragoza-reforma-1536x864.png 1536w, https:\/\/colegioaleman.com\/wp-content\/uploads\/2025\/07\/Colegio-Aleman-de-Zaragoza-reforma.png 1920w\" sizes=\"(max-width: 1024px) 100vw, 1024px\" \/><\/figure>\n<\/div>\n\n\n\n<div class=\"wp-block-column is-layout-flow wp-block-column-is-layout-flow\" style=\"flex-basis:4.33%\"><\/div>\n<\/div>\n\n\n\n<div class=\"wp-block-columns are-vertically-aligned-bottom z-index-1 is-layout-flex wp-container-core-columns-is-layout-9d6595d7 wp-block-columns-is-layout-flex\">\n<div class=\"wp-block-column is-vertically-aligned-bottom dnone-mobile is-layout-flow wp-block-column-is-layout-flow\" style=\"flex-basis:16.7%\"><\/div>\n\n\n\n<div class=\"wp-block-column is-vertically-aligned-bottom dnone-mobile is-layout-flow wp-block-column-is-layout-flow\" style=\"flex-basis:46.3%\">\n<p>Una inversi\u00f3n en las infraestructuras con las que se persigue continuar obteniendo los buenos resultados acad\u00e9micos a los que acostumbra este centro zaragozano que registra excelentes notas en la EVAU, donde se posiciona desde hace doce a\u00f1os consecutivos en los primeros puestos del ranking de notas de ingl\u00e9s, en el cual este a\u00f1o obtuvo el primer puesto en las calificaciones de dicho idioma en Arag\u00f3n.<\/p>\n<\/div>\n\n\n\n<div class=\"wp-block-column is-vertically-aligned-bottom is-style-move-up pl-4 has-accent-yellow-background-color has-background is-layout-flow wp-block-column-is-layout-flow\">\n<p class=\"has-body-main-color has-text-color has-medium-font-size\"><strong>Un cambio para acercarnos al futuro<\/strong><\/p>\n\n\n\n<p>Esta gran transformaci\u00f3n, que contar\u00e1 con una inversi\u00f3n de seis millones de euros, llevar\u00e1 el sello y el trabajo conjunto de prestigiosos profesionales como el arquitecto, Ignacio Barrios Garc\u00eda-Mart\u00edn, y los arquitectos t\u00e9cnicos de Estudio 11, Alberto<br>Fuertes, Victor Mill\u00e1n y Alejandro Ferrer, estos dos \u00faltimos exalumnos del Colegio Alem\u00e1n de Zaragoza.<\/p>\n<\/div>\n<\/div>\n\n\n\n<div style=\"height:80px\" aria-hidden=\"true\" class=\"wp-block-spacer\"><\/div>\n\n\n\n\n    <div id=\"swiper-block_cdddfe02db96a16d8aa3bde6edfca3ce\" class=\"swiper swiper-container-block slider-image-block\">\n        <div class=\"swiper-wrapper\">\n                            <div class=\"swiper-slide\">\n                                            <figure>\n                            <img decoding=\"async\" src=\"https:\/\/colegioaleman.com\/wp-content\/uploads\/2024\/02\/colegio-futuro-Colegio-Aleman-6.jpg\" alt=\"\" \/>\n                            \n                        <\/figure>\n                                    <\/div>\n                            <div class=\"swiper-slide\">\n                                            <figure>\n                            <img decoding=\"async\" src=\"https:\/\/colegioaleman.com\/wp-content\/uploads\/2024\/02\/colegio-futuro-Colegio-Aleman-2.jpg\" alt=\"\" \/>\n                            \n                        <\/figure>\n                                    <\/div>\n                    <\/div>\n        <!-- Add Pagination --> \n        <div class=\"swiper-pagination\"><\/div> \n        \n        <!-- Add Arrows -->\n        <div class=\"swiper-button-next\"><\/div>\n        <div class=\"swiper-button-prev\"><\/div>\n        \n    <\/div>\n\n\n\n<!-- Swiper JS -->\n<script src=\"https:\/\/cdn.jsdelivr.net\/npm\/swiper@8\/swiper-bundle.min.js\"><\/script>\n\n<!-- Initialize Swiper -->\n<script>\n\tvar swiper = new Swiper('#swiper-block_cdddfe02db96a16d8aa3bde6edfca3ce', {\n\tslidesPerView: 1,\n    autoHeight: true,\n\tnavigation: {\n        nextEl: '.swiper-button-next',\n        prevEl: '.swiper-button-prev',\n    },\n    pagination: {\n\t\tel: '.swiper-pagination',\n\t\tclickable: true,\n\t},\n\t});\n<\/script>\n\n\n<div style=\"height:80px\" aria-hidden=\"true\" class=\"wp-block-spacer\"><\/div>\n<\/div><\/div>\n","protected":false},"excerpt":{"rendered":"<p>Colegio del Futuro Bienvenidos al que ser\u00e1 el nuevo escenario donde nuestros alumnos so\u00f1ar\u00e1n su futuro a lo grande. Nuevos espacios de trabajo e instalaciones especializadas que contribuyen a generar las mejores escenas de aprendizaje y adquisici\u00f3n de competencias claves para su futuro, as\u00ed como a anticiparse y adaptarse a todas las novedades que surgen [&hellip;]<\/p>\n","protected":false},"author":31,"featured_media":38746,"parent":24876,"menu_order":5,"comment_status":"closed","ping_status":"closed","template":"","meta":{"_acf_changed":false,"inline_featured_image":false,"footnotes":""},"class_list":["post-30615","page","type-page","status-publish","has-post-thumbnail","hentry"],"acf":[],"_links":{"self":[{"href":"https:\/\/colegioaleman.com\/de\/wp-json\/wp\/v2\/pages\/30615","targetHints":{"allow":["GET"]}}],"collection":[{"href":"https:\/\/colegioaleman.com\/de\/wp-json\/wp\/v2\/pages"}],"about":[{"href":"https:\/\/colegioaleman.com\/de\/wp-json\/wp\/v2\/types\/page"}],"author":[{"embeddable":true,"href":"https:\/\/colegioaleman.com\/de\/wp-json\/wp\/v2\/users\/31"}],"replies":[{"embeddable":true,"href":"https:\/\/colegioaleman.com\/de\/wp-json\/wp\/v2\/comments?post=30615"}],"version-history":[{"count":6,"href":"https:\/\/colegioaleman.com\/de\/wp-json\/wp\/v2\/pages\/30615\/revisions"}],"predecessor-version":[{"id":43418,"href":"https:\/\/colegioaleman.com\/de\/wp-json\/wp\/v2\/pages\/30615\/revisions\/43418"}],"up":[{"embeddable":true,"href":"https:\/\/colegioaleman.com\/de\/wp-json\/wp\/v2\/pages\/24876"}],"wp:featuredmedia":[{"embeddable":true,"href":"https:\/\/colegioaleman.com\/de\/wp-json\/wp\/v2\/media\/38746"}],"wp:attachment":[{"href":"https:\/\/colegioaleman.com\/de\/wp-json\/wp\/v2\/media?parent=30615"}],"curies":[{"name":"wp","href":"https:\/\/api.w.org\/{rel}","templated":true}]}}