{"id":31077,"date":"2024-02-27T23:13:50","date_gmt":"2024-02-27T23:13:50","guid":{"rendered":"https:\/\/colegioaleman.com\/anmeldung\/zulassungsformular\/"},"modified":"2024-03-13T13:50:41","modified_gmt":"2024-03-13T13:50:41","slug":"informationsformular","status":"publish","type":"page","link":"https:\/\/colegioaleman.com\/de\/anmeldung\/informationsformular\/","title":{"rendered":"Informationsformular"},"content":{"rendered":"\n<div class=\"wp-block-contact-form-7-contact-form-selector\">\n<div class=\"wpcf7 no-js\" id=\"wpcf7-f31060-o1\" lang=\"de-DE\" dir=\"ltr\" data-wpcf7-id=\"31060\">\n<div class=\"screen-reader-response\"><p role=\"status\" aria-live=\"polite\" aria-atomic=\"true\"><\/p> <ul><\/ul><\/div>\n<form action=\"\/de\/wp-json\/wp\/v2\/pages\/31077#wpcf7-f31060-o1\" method=\"post\" class=\"wpcf7-form init\" aria-label=\"Kontaktformular\" novalidate=\"novalidate\" data-status=\"init\">\n<fieldset class=\"hidden-fields-container\"><input type=\"hidden\" name=\"_wpcf7\" value=\"31060\" \/><input type=\"hidden\" name=\"_wpcf7_version\" value=\"6.1.5\" \/><input type=\"hidden\" name=\"_wpcf7_locale\" value=\"de_DE\" \/><input type=\"hidden\" name=\"_wpcf7_unit_tag\" value=\"wpcf7-f31060-o1\" \/><input type=\"hidden\" name=\"_wpcf7_container_post\" value=\"0\" \/><input type=\"hidden\" name=\"_wpcf7_posted_data_hash\" value=\"\" \/><input type=\"hidden\" name=\"_wpcf7cf_hidden_group_fields\" value=\"[]\" \/><input type=\"hidden\" name=\"_wpcf7cf_hidden_groups\" value=\"[]\" \/><input type=\"hidden\" name=\"_wpcf7cf_visible_groups\" value=\"[]\" \/><input type=\"hidden\" name=\"_wpcf7cf_repeaters\" value=\"[]\" \/><input type=\"hidden\" name=\"_wpcf7cf_steps\" value=\"{}\" \/><input type=\"hidden\" name=\"_wpcf7cf_options\" value=\"{&quot;form_id&quot;:31060,&quot;conditions&quot;:[{&quot;then_field&quot;:&quot;progenitor-como-nos-ha-conocido-otros-group&quot;,&quot;and_rules&quot;:[{&quot;if_field&quot;:&quot;progenitor-como-nos-ha-conocido&quot;,&quot;operator&quot;:&quot;equals&quot;,&quot;if_value&quot;:&quot;Sonstiges&quot;}]},{&quot;then_field&quot;:&quot;progenitor-como-nos-ha-conocido-rrss-group&quot;,&quot;and_rules&quot;:[{&quot;if_field&quot;:&quot;progenitor-como-nos-ha-conocido&quot;,&quot;operator&quot;:&quot;equals&quot;,&quot;if_value&quot;:&quot;Soziale Netzwerke&quot;}]}],&quot;settings&quot;:{&quot;animation&quot;:&quot;yes&quot;,&quot;animation_intime&quot;:200,&quot;animation_outtime&quot;:200,&quot;conditions_ui&quot;:&quot;normal&quot;,&quot;notice_dismissed&quot;:false,&quot;notice_dismissed_rollback-cf7-5.9.3&quot;:true}}\" \/>\n<\/fieldset>\n<p><span id=\"wpcf7-69dec2a71e64a-wrapper\" class=\"wpcf7-form-control-wrap customer-email-wrap\" ><input type=\"hidden\" name=\"customer-email-time-start\" value=\"1776206503\"><input type=\"hidden\" name=\"customer-email-time-check\" value=\"4\"><label for=\"wpcf7-69dec2a71e64a-field\" class=\"hp-message\">Bitte lasse dieses Feld leer.<\/label><input id=\"wpcf7-69dec2a71e64a-field\"  placeholder=\"Customer email\"  class=\"wpcf7-form-control wpcf7-text\" type=\"text\" name=\"customer-email\" value=\"\" size=\"40\" tabindex=\"-1\" autocomplete=\"new-password\" \/><\/span>\n<\/p>\n<h4 style=\"margin-bottom:0;\">Sch\u00fclerdaten\n<\/h4>\n<p>Bitte f\u00fcllen Sie die folgenden Fragen aus. Um Geschwister hinzuzuf\u00fcgen, senden Sie das Formular mit den Informationen zu jedem Kind so oft wie n\u00f6tig ab.\n<\/p>\n<div class=\"row\">\n\t<div class=\"col-md-6\">\n\t\t<p><label> Vorname*<br \/>\n<span class=\"wpcf7-form-control-wrap\" data-name=\"alumno-nombre\"><input size=\"40\" maxlength=\"400\" class=\"wpcf7-form-control wpcf7-text wpcf7-validates-as-required\" aria-required=\"true\" aria-invalid=\"false\" value=\"\" type=\"text\" name=\"alumno-nombre\" \/><\/span> <\/label>\n\t\t<\/p>\n\t<\/div>\n\t<div class=\"col-md-6\">\n\t\t<p><label> Nachname(n)*<br \/>\n<span class=\"wpcf7-form-control-wrap\" data-name=\"alumno-apellidos\"><input size=\"40\" maxlength=\"400\" class=\"wpcf7-form-control wpcf7-text wpcf7-validates-as-required\" aria-required=\"true\" aria-invalid=\"false\" value=\"\" type=\"text\" name=\"alumno-apellidos\" \/><\/span> <\/label>\n\t\t<\/p>\n\t<\/div>\n<\/div>\n<p><label> Geburtsdatum*<br \/>\n<span class=\"wpcf7-form-control-wrap\" data-name=\"alumno-fecha-nacimiento\"><input class=\"wpcf7-form-control wpcf7-date wpcf7-validates-as-required wpcf7-validates-as-date\" aria-required=\"true\" aria-invalid=\"false\" value=\"\" type=\"date\" name=\"alumno-fecha-nacimiento\" \/><\/span> <\/label>\n<\/p>\n<p><label> Geschlecht* <\/label><br \/>\n<span class=\"wpcf7-form-control-wrap\" data-name=\"alumno-genero\"><span class=\"wpcf7-form-control wpcf7-radio\"><span class=\"wpcf7-list-item first\"><label><input type=\"radio\" name=\"alumno-genero\" value=\"Junge\" checked=\"checked\" \/><span class=\"wpcf7-list-item-label\">Junge<\/span><\/label><\/span><span class=\"wpcf7-list-item\"><label><input type=\"radio\" name=\"alumno-genero\" value=\"M\u00e4dchen\" \/><span class=\"wpcf7-list-item-label\">M\u00e4dchen<\/span><\/label><\/span><span class=\"wpcf7-list-item last\"><label><input type=\"radio\" name=\"alumno-genero\" value=\"Divers\" \/><span class=\"wpcf7-list-item-label\">Divers<\/span><\/label><\/span><\/span><\/span>\n<\/p>\n<div class=\"row\">\n\t<div class=\"col-md-6\">\n\t\t<p><label> An welcher Klasse sind Sie interessiert? * <\/label><br \/>\n<span class=\"wpcf7-form-control-wrap\" data-name=\"alumno-curso-deseado\"><select class=\"wpcf7-form-control wpcf7-select wpcf7-validates-as-required\" aria-required=\"true\" aria-invalid=\"false\" name=\"alumno-curso-deseado\"><option value=\"\">&#8211; Bitte ausw\u00e4hlen &#8211;<\/option><option value=\"Kingergarten 0 (Kita)\">Kingergarten 0 (Kita)<\/option><option value=\"Kindergarten 1(Kindergarten 3 Jahre)\">Kindergarten 1(Kindergarten 3 Jahre)<\/option><option value=\"Kindergarten 2 (Kindergarten 4 Jahre)\">Kindergarten 2 (Kindergarten 4 Jahre)<\/option><option value=\"Kindergarten 3 (Kindergarten 5 Jahre)\">Kindergarten 3 (Kindergarten 5 Jahre)<\/option><option value=\"1\u00ba de primaria (1. Klasse Grundschule\">1\u00ba de primaria (1. Klasse Grundschule<\/option><option value=\"2\u00ba de primaria (2. Klasse Grundschule\">2\u00ba de primaria (2. Klasse Grundschule<\/option><option value=\"3\u00ba de primaria (3. . Klasse Grundschule)\">3\u00ba de primaria (3. . Klasse Grundschule)<\/option><option value=\"4\u00ba de primaria (4. . Klasse Grundschule)\">4\u00ba de primaria (4. . Klasse Grundschule)<\/option><option value=\"5\u00ba de primaria (5.. Klasse Grundschule)\">5\u00ba de primaria (5.. Klasse Grundschule)<\/option><option value=\"6\u00ba de primaria (6. . Klasse Grundschule)\">6\u00ba de primaria (6. . Klasse Grundschule)<\/option><option value=\"1\u00ba de secundaria (7.Klasse)\">1\u00ba de secundaria (7.Klasse)<\/option><option value=\"2\u00ba de secundaria (8. Klasse)\">2\u00ba de secundaria (8. Klasse)<\/option><option value=\"3\u00ba de secundaria (9. Klase)\">3\u00ba de secundaria (9. Klase)<\/option><option value=\"4\u00ba de secundaria (10. Klasse)\">4\u00ba de secundaria (10. Klasse)<\/option><option value=\"1\u00ba de bachillerato (11. Klasse)\">1\u00ba de bachillerato (11. Klasse)<\/option><option value=\"2\u00ba de bachillerato (12. Klasse)\">2\u00ba de bachillerato (12. Klasse)<\/option><\/select><\/span>\n\t\t<\/p>\n\t<\/div>\n\t<div class=\"col-md-6\">\n\t\t<p><label> Einschreibungsjahr <\/label><br \/>\n<span class=\"wpcf7-form-control-wrap\" data-name=\"alumno-ano-inscripcion\"><select class=\"wpcf7-form-control wpcf7-select wpcf7-validates-as-required\" aria-required=\"true\" aria-invalid=\"false\" name=\"alumno-ano-inscripcion\"><option value=\"\">&#8211; Bitte ausw\u00e4hlen &#8211;<\/option><option value=\"2024\/2025\">2024\/2025<\/option><option value=\"2025\/2026\">2025\/2026<\/option><option value=\"2026\/2027\">2026\/2027<\/option><\/select><\/span>\n\t\t<\/p>\n\t<\/div>\n<\/div>\n<h4 style=\"margin-top:2rem;margin-bottom:0;\">Vater\/Mutter\/Gesetzl. Vormund\n<\/h4>\n<p>Bitte geben Sie Ihre Daten an\n<\/p>\n<div class=\"row\">\n\t<div class=\"col-md-6\">\n\t\t<p><label> Name*<br \/>\n<span class=\"wpcf7-form-control-wrap\" data-name=\"progenitor-nombre\"><input size=\"40\" maxlength=\"400\" class=\"wpcf7-form-control wpcf7-text wpcf7-validates-as-required\" aria-required=\"true\" aria-invalid=\"false\" value=\"\" type=\"text\" name=\"progenitor-nombre\" \/><\/span> <\/label>\n\t\t<\/p>\n\t<\/div>\n\t<div class=\"col-md-6\">\n\t\t<p><label> Nachname(n)*<br \/>\n<span class=\"wpcf7-form-control-wrap\" data-name=\"progenitor-apellidos\"><input size=\"40\" maxlength=\"400\" class=\"wpcf7-form-control wpcf7-text wpcf7-validates-as-required\" aria-required=\"true\" aria-invalid=\"false\" value=\"\" type=\"text\" name=\"progenitor-apellidos\" \/><\/span> <\/label>\n\t\t<\/p>\n\t<\/div>\n\t<div class=\"col-md-6\">\n\t\t<p><label> Emailadresse*<br \/>\n<span class=\"wpcf7-form-control-wrap\" data-name=\"progenitor-email\"><input size=\"40\" maxlength=\"400\" class=\"wpcf7-form-control wpcf7-email wpcf7-validates-as-required wpcf7-text wpcf7-validates-as-email\" aria-required=\"true\" aria-invalid=\"false\" value=\"\" type=\"email\" name=\"progenitor-email\" \/><\/span> <\/label>\n\t\t<\/p>\n\t<\/div>\n\t<div class=\"col-md-6\">\n\t\t<p><label> Kontaktnummer*<br \/>\n<span class=\"wpcf7-form-control-wrap\" data-name=\"progenitor-telefono\"><input size=\"40\" maxlength=\"400\" class=\"wpcf7-form-control wpcf7-tel wpcf7-validates-as-required wpcf7-text wpcf7-validates-as-tel\" aria-required=\"true\" aria-invalid=\"false\" value=\"\" type=\"tel\" name=\"progenitor-telefono\" \/><\/span> <\/label>\n\t\t<\/p>\n\t<\/div>\n\t<div class=\"col-md-6\">\n\t\t<p><label> Kontaktsprache* <\/label><br \/>\n<span class=\"wpcf7-form-control-wrap\" data-name=\"progenitor-idioma-contacto\"><span class=\"wpcf7-form-control wpcf7-checkbox wpcf7-validates-as-required\"><span class=\"wpcf7-list-item first\"><label><input type=\"checkbox\" name=\"progenitor-idioma-contacto[]\" value=\"Spanisch\" \/><span class=\"wpcf7-list-item-label\">Spanisch<\/span><\/label><\/span><span class=\"wpcf7-list-item\"><label><input type=\"checkbox\" name=\"progenitor-idioma-contacto[]\" value=\"Deutsch\" \/><span class=\"wpcf7-list-item-label\">Deutsch<\/span><\/label><\/span><span class=\"wpcf7-list-item last\"><label><input type=\"checkbox\" name=\"progenitor-idioma-contacto[]\" value=\"Englsch\" \/><span class=\"wpcf7-list-item-label\">Englsch<\/span><\/label><\/span><\/span><\/span>\n\t\t<\/p>\n\t<\/div>\n\t<div class=\"col-md-6\">\n\t\t<p><label> Wie haben Sie die Deutsche Schule Saragossa kennengelernt? <\/label><br \/>\n<span class=\"wpcf7-form-control-wrap\" data-name=\"progenitor-como-nos-ha-conocido\"><span class=\"wpcf7-form-control wpcf7-checkbox wpcf7-validates-as-required\"><span class=\"wpcf7-list-item first\"><label><input type=\"checkbox\" name=\"progenitor-como-nos-ha-conocido[]\" value=\"Bekannte oder Freunde\" \/><span class=\"wpcf7-list-item-label\">Bekannte oder Freunde<\/span><\/label><\/span><span class=\"wpcf7-list-item\"><label><input type=\"checkbox\" name=\"progenitor-como-nos-ha-conocido[]\" value=\"Mitarbeiter der Schule\" \/><span class=\"wpcf7-list-item-label\">Mitarbeiter der Schule<\/span><\/label><\/span><span class=\"wpcf7-list-item\"><label><input type=\"checkbox\" name=\"progenitor-como-nos-ha-conocido[]\" value=\"Familie\" \/><span class=\"wpcf7-list-item-label\">Familie<\/span><\/label><\/span><span class=\"wpcf7-list-item\"><label><input type=\"checkbox\" name=\"progenitor-como-nos-ha-conocido[]\" value=\"Soziale Netzwerke\" \/><span class=\"wpcf7-list-item-label\">Soziale Netzwerke<\/span><\/label><\/span><span class=\"wpcf7-list-item last\"><label><input type=\"checkbox\" name=\"progenitor-como-nos-ha-conocido[]\" value=\"Sonstiges\" \/><span class=\"wpcf7-list-item-label\">Sonstiges<\/span><\/label><\/span><\/span><\/span>\n\t\t<\/p>\n\t\t<div data-id=\"progenitor-como-nos-ha-conocido-otros-group\" data-orig_data_id=\"progenitor-como-nos-ha-conocido-otros-group\" data-clear_on_hide data-class=\"wpcf7cf_group\">\n\t\t\t<p><label> Bitte erz\u00e4hlen Sie uns, wie es war:*<br \/>\n<span class=\"wpcf7-form-control-wrap\" data-name=\"progenitor-como-nos-ha-conocido-otros\"><input size=\"40\" maxlength=\"400\" class=\"wpcf7-form-control wpcf7-text wpcf7-validates-as-required\" aria-required=\"true\" aria-invalid=\"false\" value=\"\" type=\"text\" name=\"progenitor-como-nos-ha-conocido-otros\" \/><\/span> <\/label>\n\t\t\t<\/p>\n\t\t<\/div>\n\t\t<div data-id=\"progenitor-como-nos-ha-conocido-rrss-group\" data-orig_data_id=\"progenitor-como-nos-ha-conocido-rrss-group\" data-clear_on_hide data-class=\"wpcf7cf_group\">\n\t\t\t<p><label> Bitte geben Sie an, \u00fcber welche Netzwerke* <\/label><br \/>\n<span class=\"wpcf7-form-control-wrap\" data-name=\"progenitor-como-nos-ha-conocido-rrss\"><span class=\"wpcf7-form-control wpcf7-checkbox wpcf7-validates-as-required\"><span class=\"wpcf7-list-item first\"><label><input type=\"checkbox\" name=\"progenitor-como-nos-ha-conocido-rrss[]\" value=\"Instagram\" \/><span class=\"wpcf7-list-item-label\">Instagram<\/span><\/label><\/span><span class=\"wpcf7-list-item\"><label><input type=\"checkbox\" name=\"progenitor-como-nos-ha-conocido-rrss[]\" value=\"Facebook\" \/><span class=\"wpcf7-list-item-label\">Facebook<\/span><\/label><\/span><span class=\"wpcf7-list-item last\"><label><input type=\"checkbox\" name=\"progenitor-como-nos-ha-conocido-rrss[]\" value=\"LinkedIn\" \/><span class=\"wpcf7-list-item-label\">LinkedIn<\/span><\/label><\/span><\/span><\/span>\n\t\t\t<\/p>\n\t\t<\/div>\n\t<\/div>\n<\/div>\n<p><label> Weitere Informationen\/Kommentare<br \/>\n<span class=\"wpcf7-form-control-wrap\" data-name=\"progenitor-comentarios\"><textarea cols=\"40\" rows=\"4\" maxlength=\"2000\" class=\"wpcf7-form-control wpcf7-textarea\" aria-invalid=\"false\" name=\"progenitor-comentarios\"><\/textarea><\/span> <\/label>\n<\/p>\n<p><span class=\"wpcf7-form-control-wrap\" data-name=\"aceptacion-privacidad\"><span class=\"wpcf7-form-control wpcf7-acceptance\"><span class=\"wpcf7-list-item\"><label><input type=\"checkbox\" name=\"aceptacion-privacidad\" value=\"1\" aria-invalid=\"false\" \/><span class=\"wpcf7-list-item-label\">Ich habe die <a href=\"https:\/\/colegioaleman.com\/de\/datenschutzrichtlinie\/\" target=\"_blank\" rel=\"noopener noreferrer\">Datenschutzerkl\u00e4rung<\/a> gelesen und akzeptiere sie<\/span><\/label><\/span><\/span><\/span>\n<\/p>\n<p><small><br \/>\nInformationen zur Verarbeitung Ihrer personenbezogenen Daten gem\u00e4\u00df den Bestimmungen der Allgemeinen Verordnung (EU) 2016\/679, Datenschutz (RGPD) und der L.O. 3\/2018, zum Datenschutz und zur Gew\u00e4hrleistung digitaler Rechte (LOPDGDD).<br \/>\nVerantwortlich: COLEGIO ALEM\u00c1N DE ZARAGOZA Zweck: Beantwortung Ihrer Anfragen und Informationsanfragen und, sofern autorisiert, Versenden kommerzieller Mitteilungen. Rechte: Sie haben das Recht auf Zugriff, Berichtigung, Widerspruch und L\u00f6schung Ihrer Daten sowie auf die Einschr\u00e4nkung und \u00dcbertragbarkeit Ihrer Daten, indem Sie eine Mitteilung an manager@colegioaleman.com richten. Weitere Informationen: Lesen Sie unsere <a href=\"https:\/\/colegioaleman.com\/de\/datenschutzrichtlinie\/\" target=\"_blank\" rel=\"noopener noreferrer\">Datenschutzrichtlinie<\/a>.<br \/>\n<\/small>\n<\/p>\n<p><input class=\"wpcf7-form-control wpcf7-submit has-spinner\" type=\"submit\" value=\"Senden\" \/>\n<\/p><input type='hidden' class='wpcf7-pum' value='{\"closepopup\":false,\"closedelay\":0,\"openpopup\":false,\"openpopup_id\":0}' \/><div class=\"wpcf7-response-output\" aria-hidden=\"true\"><\/div>\n<\/form>\n<\/div>\n<\/div>\n","protected":false},"excerpt":{"rendered":"","protected":false},"author":31,"featured_media":0,"parent":24871,"menu_order":0,"comment_status":"closed","ping_status":"closed","template":"","meta":{"_acf_changed":false,"inline_featured_image":false,"footnotes":""},"class_list":["post-31077","page","type-page","status-publish","hentry"],"acf":[],"_links":{"self":[{"href":"https:\/\/colegioaleman.com\/de\/wp-json\/wp\/v2\/pages\/31077","targetHints":{"allow":["GET"]}}],"collection":[{"href":"https:\/\/colegioaleman.com\/de\/wp-json\/wp\/v2\/pages"}],"about":[{"href":"https:\/\/colegioaleman.com\/de\/wp-json\/wp\/v2\/types\/page"}],"author":[{"embeddable":true,"href":"https:\/\/colegioaleman.com\/de\/wp-json\/wp\/v2\/users\/31"}],"replies":[{"embeddable":true,"href":"https:\/\/colegioaleman.com\/de\/wp-json\/wp\/v2\/comments?post=31077"}],"version-history":[{"count":9,"href":"https:\/\/colegioaleman.com\/de\/wp-json\/wp\/v2\/pages\/31077\/revisions"}],"predecessor-version":[{"id":31498,"href":"https:\/\/colegioaleman.com\/de\/wp-json\/wp\/v2\/pages\/31077\/revisions\/31498"}],"up":[{"embeddable":true,"href":"https:\/\/colegioaleman.com\/de\/wp-json\/wp\/v2\/pages\/24871"}],"wp:attachment":[{"href":"https:\/\/colegioaleman.com\/de\/wp-json\/wp\/v2\/media?parent=31077"}],"curies":[{"name":"wp","href":"https:\/\/api.w.org\/{rel}","templated":true}]}}