{"id":24427,"date":"2022-08-09T16:39:06","date_gmt":"2022-08-09T16:39:06","guid":{"rendered":"https:\/\/colegioaleman.com\/technology-in-the-classrooms\/"},"modified":"2022-11-25T06:47:43","modified_gmt":"2022-11-25T06:47:43","slug":"technology-in-the-classrooms","status":"publish","type":"page","link":"https:\/\/colegioaleman.com\/en\/educational-project\/technology-in-the-classrooms\/","title":{"rendered":"Technology in the classrooms"},"content":{"rendered":"\n<div style=\"height:80px\" aria-hidden=\"true\" class=\"wp-block-spacer\"><\/div>\n\n\n\n<div class=\"wp-block-columns alignfull is-layout-flex wp-container-core-columns-is-layout-9d6595d7 wp-block-columns-is-layout-flex\">\n<div class=\"wp-block-column dnone-tablet is-layout-flow wp-block-column-is-layout-flow\" style=\"flex-basis:8.33%\"><\/div>\n\n\n\n<div class=\"wp-block-column pr-3 pl-3 is-layout-flow wp-block-column-is-layout-flow\">\n<p><strong>Technology in the classrooms<\/strong><\/p>\n\n\n\n<h2 class=\"wp-block-heading\">For a more effective and fun education<\/h2>\n\n\n\n<p>Colegio Alem\u00e1n in Zaragoza has a wide variety of applications and devices that facilitate the implementation of technological tools within the educational methodologies.<\/p>\n\n\n\n<p>The use of technology in the classrooms makes educational tools more interactive, which keeps students&#8217; attention for longer and makes them more enthusiastic about learning.<\/p>\n\n\n\n<div style=\"height:40px\" aria-hidden=\"true\" class=\"wp-block-spacer\"><\/div>\n\n\n\n<ul class=\"is-style-separator-list wp-block-list\">\n<li><a href=\"#steam\">STEAM Skills<\/a><\/li>\n\n\n\n<li><a href=\"#en-primaria\">In Primary School<\/a><\/li>\n\n\n\n<li><a href=\"#en-secundaria\">In Secondary School<\/a><\/li>\n<\/ul>\n<\/div>\n\n\n\n<div class=\"wp-block-column is-layout-flow wp-block-column-is-layout-flow\" style=\"flex-basis:44.6%\"><div class=\"wp-block-image\">\n<figure class=\"alignright size-full\"><img fetchpriority=\"high\" decoding=\"async\" width=\"800\" height=\"582\" src=\"https:\/\/colegioaleman.com\/wp-content\/uploads\/2022\/09\/tecnologia-hero-siblings.jpg\" alt=\"Technology in the classrooms at Colegio Alem\u00e1n in Zaragoza\" class=\"wp-image-21979\" srcset=\"https:\/\/colegioaleman.com\/wp-content\/uploads\/2022\/09\/tecnologia-hero-siblings.jpg 800w, https:\/\/colegioaleman.com\/wp-content\/uploads\/2022\/09\/tecnologia-hero-siblings-300x218.jpg 300w, https:\/\/colegioaleman.com\/wp-content\/uploads\/2022\/09\/tecnologia-hero-siblings-768x559.jpg 768w\" sizes=\"(max-width: 800px) 100vw, 800px\" \/><\/figure>\n<\/div><\/div>\n<\/div>\n\n\n\n<div style=\"height:80px\" aria-hidden=\"true\" class=\"wp-block-spacer\"><\/div>\n\n\n\n<div class=\"wp-block-columns is-layout-flex wp-container-core-columns-is-layout-9d6595d7 wp-block-columns-is-layout-flex\">\n<div class=\"wp-block-column dnone-tablet is-layout-flow wp-block-column-is-layout-flow\" style=\"flex-basis:4.33%\"><\/div>\n\n\n\n<div class=\"wp-block-column is-layout-flow wp-block-column-is-layout-flow\">\n<h2 class=\"wp-block-heading\" id=\"steam\">STEAM Skills<\/h2>\n\n\n\n\n    <div id=\"swiper-block_724619b8ebca90811770e47569c49e14\" class=\"swiper swiper-container-block slider-image-block\">\n        <div class=\"swiper-wrapper\">\n                            <div class=\"swiper-slide\">\n                                    <\/div>\n                            <div class=\"swiper-slide\">\n                                            <figure>\n                            <img decoding=\"async\" src=\"https:\/\/colegioaleman.com\/wp-content\/uploads\/2022\/09\/steam-slider-2.jpg\" alt=\"Steam Skills\" \/>\n                            \n                        <\/figure>\n                                    <\/div>\n                    <\/div>\n        <!-- Add Pagination --> \n        <div class=\"swiper-pagination\"><\/div> \n        \n        <!-- Add Arrows -->\n        <div class=\"swiper-button-next\"><\/div>\n        <div class=\"swiper-button-prev\"><\/div>\n        \n    <\/div>\n\n\n\n<!-- Swiper JS -->\n<script src=\"https:\/\/cdn.jsdelivr.net\/npm\/swiper@8\/swiper-bundle.min.js\"><\/script>\n\n<!-- Initialize Swiper -->\n<script>\n\tvar swiper = new Swiper('#swiper-block_724619b8ebca90811770e47569c49e14', {\n\tslidesPerView: 1,\n    autoHeight: true,\n\tnavigation: {\n        nextEl: '.swiper-button-next',\n        prevEl: '.swiper-button-prev',\n    },\n    pagination: {\n\t\tel: '.swiper-pagination',\n\t\tclickable: true,\n\t},\n\t});\n<\/script><\/div>\n<\/div>\n\n\n\n<div style=\"height:80px\" aria-hidden=\"true\" class=\"wp-block-spacer\"><\/div>\n\n\n\n<div class=\"wp-block-columns is-layout-flex wp-container-core-columns-is-layout-9d6595d7 wp-block-columns-is-layout-flex\">\n<div class=\"wp-block-column dnone-tablet is-layout-flow wp-block-column-is-layout-flow\" style=\"flex-basis:4.3%\"><\/div>\n\n\n\n<div class=\"wp-block-column is-layout-flow wp-block-column-is-layout-flow\">\n<div class=\"wp-block-cover\"><span aria-hidden=\"true\" class=\"wp-block-cover__background has-background-dim wp-block-cover__gradient-background has-background-gradient has-gradient-warm-gradient-background\"><\/span><img decoding=\"async\" width=\"400\" height=\"364\" class=\"wp-block-cover__image-background wp-image-21966\" alt=\"Escornabot del colegio Alem\u00e1n\" src=\"https:\/\/colegioaleman.com\/wp-content\/uploads\/2022\/09\/Escornabot-grid-1.jpg\" data-object-fit=\"cover\" srcset=\"https:\/\/colegioaleman.com\/wp-content\/uploads\/2022\/09\/Escornabot-grid-1.jpg 400w, https:\/\/colegioaleman.com\/wp-content\/uploads\/2022\/09\/Escornabot-grid-1-300x273.jpg 300w\" sizes=\"(max-width: 400px) 100vw, 400px\" \/><div class=\"wp-block-cover__inner-container is-layout-flow wp-block-cover-is-layout-flow\">\n<p class=\"has-text-align-center has-large-font-size\"><\/p>\n<\/div><\/div>\n\n\n\n<p class=\"has-body-main-color has-text-color\"><strong><strong>Escornabot<\/strong><\/strong><\/p>\n\n\n\n<p>3D printing and design, welding, assembly and programming.<\/p>\n<\/div>\n\n\n\n<div class=\"wp-block-column is-layout-flow wp-block-column-is-layout-flow\">\n<div class=\"wp-block-cover is-light\"><span aria-hidden=\"true\" class=\"wp-block-cover__background has-background-dim wp-block-cover__gradient-background has-background-gradient has-gradient-warm-gradient-background\"><\/span><img decoding=\"async\" width=\"400\" height=\"364\" class=\"wp-block-cover__image-background wp-image-21955\" alt=\"El rat\u00f3n explorador en el Colegio Alem\u00e1n de Zaragoza\" src=\"https:\/\/colegioaleman.com\/wp-content\/uploads\/2022\/09\/jack-el-raton-explorador-grid.jpg\" data-object-fit=\"cover\" srcset=\"https:\/\/colegioaleman.com\/wp-content\/uploads\/2022\/09\/jack-el-raton-explorador-grid.jpg 400w, https:\/\/colegioaleman.com\/wp-content\/uploads\/2022\/09\/jack-el-raton-explorador-grid-300x273.jpg 300w\" sizes=\"(max-width: 400px) 100vw, 400px\" \/><div class=\"wp-block-cover__inner-container is-layout-flow wp-block-cover-is-layout-flow\">\n<p class=\"has-text-align-center has-large-font-size\"><\/p>\n<\/div><\/div>\n\n\n\n<p class=\"has-body-main-color has-text-color\"><strong><strong>Jack, the explorer mouse<\/strong><\/strong><\/p>\n\n\n\n<p>For Pre-School and Primary School, concepts of logic, teamwork, problem solving.<\/p>\n<\/div>\n\n\n\n<div class=\"wp-block-column is-layout-flow wp-block-column-is-layout-flow\">\n<div class=\"wp-block-cover is-light\"><span aria-hidden=\"true\" class=\"wp-block-cover__background has-background-dim wp-block-cover__gradient-background has-background-gradient has-gradient-warm-gradient-background\"><\/span><img loading=\"lazy\" decoding=\"async\" width=\"400\" height=\"364\" class=\"wp-block-cover__image-background wp-image-22036\" alt=\"Lego. Tecnolog\u00eda en las aulas del Colegio Alem\u00e1n\" src=\"https:\/\/colegioaleman.com\/wp-content\/uploads\/2022\/09\/lego-grid.jpg\" data-object-fit=\"cover\" srcset=\"https:\/\/colegioaleman.com\/wp-content\/uploads\/2022\/09\/lego-grid.jpg 400w, https:\/\/colegioaleman.com\/wp-content\/uploads\/2022\/09\/lego-grid-300x273.jpg 300w\" sizes=\"(max-width: 400px) 100vw, 400px\" \/><div class=\"wp-block-cover__inner-container is-layout-flow wp-block-cover-is-layout-flow\">\n<p class=\"has-text-align-center has-large-font-size\"><\/p>\n<\/div><\/div>\n\n\n\n<p class=\"has-body-main-color has-text-color\"><strong><strong>Lego<\/strong><\/strong><\/p>\n\n\n\n<p>Mechanical creativity, application of actuators and sensors, basic programming and its application.<\/p>\n<\/div>\n<\/div>\n\n\n\n<div class=\"wp-block-columns is-layout-flex wp-container-core-columns-is-layout-9d6595d7 wp-block-columns-is-layout-flex\">\n<div class=\"wp-block-column dnone-tablet is-layout-flow wp-block-column-is-layout-flow\" style=\"flex-basis:4.3%\"><\/div>\n\n\n\n<div class=\"wp-block-column is-layout-flow wp-block-column-is-layout-flow\">\n<div class=\"wp-block-cover is-light\"><span aria-hidden=\"true\" class=\"wp-block-cover__background has-background-dim wp-block-cover__gradient-background has-background-gradient has-gradient-warm-gradient-background\"><\/span><img loading=\"lazy\" decoding=\"async\" width=\"400\" height=\"364\" class=\"wp-block-cover__image-background wp-image-21958\" alt=\"Micro bit. Ordenador utilizado en el Colegio Alem\u00e1n de Zaragoza\" src=\"https:\/\/colegioaleman.com\/wp-content\/uploads\/2022\/09\/microbit-grid.jpg\" data-object-fit=\"cover\" srcset=\"https:\/\/colegioaleman.com\/wp-content\/uploads\/2022\/09\/microbit-grid.jpg 400w, https:\/\/colegioaleman.com\/wp-content\/uploads\/2022\/09\/microbit-grid-300x273.jpg 300w\" sizes=\"(max-width: 400px) 100vw, 400px\" \/><div class=\"wp-block-cover__inner-container is-layout-flow wp-block-cover-is-layout-flow\">\n<p class=\"has-text-align-center has-large-font-size\"><\/p>\n<\/div><\/div>\n\n\n\n<p class=\"has-body-main-color has-text-color\"><strong><strong>Micro bit<\/strong><\/strong><\/p>\n\n\n\n<p>Fundamentals of programming and electronics. This little brain allows us to work on programming and robotics from the most basic levels to solving mathematical problems or creating video games.<\/p>\n<\/div>\n\n\n\n<div class=\"wp-block-column is-layout-flow wp-block-column-is-layout-flow\">\n<div class=\"wp-block-cover is-light\"><span aria-hidden=\"true\" class=\"wp-block-cover__background has-background-dim wp-block-cover__gradient-background has-background-gradient has-gradient-warm-gradient-background\"><\/span><img loading=\"lazy\" decoding=\"async\" width=\"400\" height=\"364\" class=\"wp-block-cover__image-background wp-image-21962\" alt=\"Tecnolog\u00eda: maqueta dom\u00f3tica en Colegio Alem\u00e1n de Zaragoza\" src=\"https:\/\/colegioaleman.com\/wp-content\/uploads\/2022\/09\/maqueta-domo\u0301tica-grid-1.jpg\" data-object-fit=\"cover\" srcset=\"https:\/\/colegioaleman.com\/wp-content\/uploads\/2022\/09\/maqueta-domo\u0301tica-grid-1.jpg 400w, https:\/\/colegioaleman.com\/wp-content\/uploads\/2022\/09\/maqueta-domo\u0301tica-grid-1-300x273.jpg 300w\" sizes=\"(max-width: 400px) 100vw, 400px\" \/><div class=\"wp-block-cover__inner-container is-layout-flow wp-block-cover-is-layout-flow\">\n<p class=\"has-text-align-center has-large-font-size\"><\/p>\n<\/div><\/div>\n\n\n\n<p class=\"has-body-main-color has-text-color\"><strong><strong>Home-automation model<\/strong><\/strong><\/p>\n\n\n\n<p>Welding, architecture, applied home automation, sensors and actuators. A classic tool that allows us to apply curricular concepts that are better understood by putting them into practice.<\/p>\n<\/div>\n\n\n\n<div class=\"wp-block-column is-layout-flow wp-block-column-is-layout-flow\">\n<div class=\"wp-block-cover\"><span aria-hidden=\"true\" class=\"wp-block-cover__background has-background-dim wp-block-cover__gradient-background has-background-gradient has-gradient-warm-gradient-background\"><\/span><img loading=\"lazy\" decoding=\"async\" width=\"400\" height=\"364\" class=\"wp-block-cover__image-background wp-image-22048\" alt=\"Rooma Robot. Tecnolog\u00eda en las aulas del Colegio Alem\u00e1n\" src=\"https:\/\/colegioaleman.com\/wp-content\/uploads\/2022\/09\/roomba-robot-grid-1.jpg\" data-object-fit=\"cover\" srcset=\"https:\/\/colegioaleman.com\/wp-content\/uploads\/2022\/09\/roomba-robot-grid-1.jpg 400w, https:\/\/colegioaleman.com\/wp-content\/uploads\/2022\/09\/roomba-robot-grid-1-300x273.jpg 300w\" sizes=\"(max-width: 400px) 100vw, 400px\" \/><div class=\"wp-block-cover__inner-container is-layout-flow wp-block-cover-is-layout-flow\">\n<p class=\"has-text-align-center has-large-font-size\"><\/p>\n<\/div><\/div>\n\n\n\n<p class=\"has-body-main-color has-text-color\"><strong><strong>Roomba robot<\/strong><\/strong><\/p>\n\n\n\n<p>Product creation, design, 3D printing, advanced programming, etc. A global project to facilitate the creative independence and the &#8220;maker&#8221; spirit of our students.<\/p>\n<\/div>\n<\/div>\n\n\n\n<div style=\"height:80px\" aria-hidden=\"true\" class=\"wp-block-spacer\"><\/div>\n\n\n\n<div class=\"wp-block-columns is-layout-flex wp-container-core-columns-is-layout-9d6595d7 wp-block-columns-is-layout-flex\">\n<div class=\"wp-block-column dnone-tablet is-layout-flow wp-block-column-is-layout-flow\" style=\"flex-basis:4.33%\"><\/div>\n\n\n\n<div class=\"wp-block-column is-layout-flow wp-block-column-is-layout-flow\">\n<h2 class=\"wp-block-heading\" id=\"en-primaria\">In primary school<\/h2>\n\n\n\n<p><strong>Introduction to robotics<\/strong><\/p>\n\n\n\n<p>The most natural way to do this is through soft and creative skills, which allow students to associate with previous activities, such as arts and crafts or creative drawing.<\/p>\n\n\n\n<p><strong>3D printer opens up new opportunities and fields to explore<\/strong><\/p>\n\n\n\n<p>Students begin training in virtual environments for 3D manipulation and design and print educational robots such as Escornabot.<\/p>\n<\/div>\n\n\n\n<div class=\"wp-block-column is-layout-flow wp-block-column-is-layout-flow\" style=\"flex-basis:48.6%\">\n<figure class=\"wp-block-embed is-type-video is-provider-youtube wp-block-embed-youtube wp-embed-aspect-16-9 wp-has-aspect-ratio\"><div class=\"wp-block-embed__wrapper\">\n<iframe title=\"TALLER DE ROB\u00d3TICA EN 3\u00ba DE PRIMARIA\" width=\"640\" height=\"360\" src=\"https:\/\/www.youtube.com\/embed\/nOrBczNrYLs?feature=oembed\" frameborder=\"0\" allow=\"accelerometer; autoplay; clipboard-write; encrypted-media; gyroscope; picture-in-picture; web-share\" referrerpolicy=\"strict-origin-when-cross-origin\" allowfullscreen><\/iframe>\n<\/div><\/figure>\n<\/div>\n<\/div>\n\n\n\n<div style=\"height:80px\" aria-hidden=\"true\" class=\"wp-block-spacer\"><\/div>\n\n\n\n<div class=\"wp-block-columns is-layout-flex wp-container-core-columns-is-layout-9d6595d7 wp-block-columns-is-layout-flex\">\n<div class=\"wp-block-column dnone-tablet is-layout-flow wp-block-column-is-layout-flow\" style=\"flex-basis:4.33%\"><\/div>\n\n\n\n<div class=\"wp-block-column is-layout-flow wp-block-column-is-layout-flow\" style=\"flex-basis:48.6%\">\n<h2 class=\"wp-block-heading\" id=\"en-secundaria\">In Secondary School<\/h2>\n\n\n\n<p><strong>They have innovative welding equipment and work on the creation of mechatronic products, from home-automation models to autonomous robots.<\/strong><\/p>\n<\/div>\n\n\n\n<div class=\"wp-block-column is-layout-flow wp-block-column-is-layout-flow\">\n<p>With Lego robotic kits we simplify the stages of ideation, creation, construction and programming. Its value lies in the fact that it allows them to learn the basics and the use of tools, making them familiar to them on a daily basis.<\/p>\n\n\n\n<div class=\"wp-block-buttons is-content-justification-right is-layout-flex wp-container-core-buttons-is-layout-765c4724 wp-block-buttons-is-layout-flex\">\n<div class=\"wp-block-button is-style-theme-link\"><a class=\"wp-block-button__link wp-element-button\" href=\"https:\/\/colegioaleman.com\/en\/stages\/secondary-school\/\">GO TO SECONDARY SCHOOL<\/a><\/div>\n<\/div>\n<\/div>\n<\/div>\n\n\n\n<div style=\"height:80px\" aria-hidden=\"true\" class=\"wp-block-spacer\"><\/div>\n\n\n\n<div class=\"wp-block-group alignfull animate has-body-white-color has-primary-100-background-color has-text-color has-background\" id=\"cta-form\"><div class=\"wp-block-group__inner-container is-layout-flow wp-block-group-is-layout-flow\">\n<div class=\"wp-block-columns has-white-color has-text-color is-layout-flex wp-container-core-columns-is-layout-9d6595d7 wp-block-columns-is-layout-flex\">\n<div class=\"wp-block-column dnone-tablet is-layout-flow wp-block-column-is-layout-flow\" style=\"flex-basis:4.33%\"><\/div>\n\n\n\n<div class=\"wp-block-column is-layout-flow wp-block-column-is-layout-flow\">\n<p><strong>Admissions and new students<\/strong><\/p>\n\n\n\n<h2 class=\"wp-block-heading has-body-white-color has-text-color\">Do you want to be part of our big Family?<\/h2>\n\n\n\n<p>Request information for the next academic year and secure your place at our school. Arrange a guided tour and a meeting with our teaching staff.<\/p>\n<\/div>\n\n\n\n<div class=\"wp-block-column is-vertically-aligned-center is-layout-flow wp-block-column-is-layout-flow\" style=\"flex-basis:48.6%\"><div class=\"wp-block-image\">\n<figure class=\"aligncenter size-full\"><img loading=\"lazy\" decoding=\"async\" width=\"108\" height=\"78\" src=\"https:\/\/colegioaleman.com\/wp-content\/uploads\/2022\/07\/Isotipo.png\" alt=\"Colegio Alem\u00e1n\" class=\"wp-image-19\"\/><\/figure>\n<\/div>\n\n\n<div class=\"wp-block-buttons is-content-justification-center is-layout-flex wp-container-core-buttons-is-layout-16018d1d wp-block-buttons-is-layout-flex\">\n<div class=\"wp-block-button is-style-outline is-style-outline--1\"><a class=\"wp-block-button__link wp-element-button\" href=\"https:\/\/colegioaleman.com\/en\/admissions\/enquiry-form\/\" style=\"border-radius:100px\" target=\"_blank\" rel=\"noreferrer noopener\">Go to the application form<\/a><\/div>\n<\/div>\n<\/div>\n<\/div>\n<\/div><\/div>\n\n\n\n<div class=\"wp-block-group\"><div class=\"wp-block-group__inner-container is-layout-flow wp-block-group-is-layout-flow\">\n<div style=\"height:80px\" aria-hidden=\"true\" class=\"wp-block-spacer\"><\/div>\n<\/div><\/div>\n\n\n\n<div class=\"wp-block-columns is-layout-flex wp-container-core-columns-is-layout-9d6595d7 wp-block-columns-is-layout-flex\">\n<div class=\"wp-block-column is-vertically-aligned-top dnone-tablet is-layout-flow wp-block-column-is-layout-flow\" style=\"flex-basis:4.3%\"><\/div>\n\n\n\n<div class=\"wp-block-column is-layout-flow wp-block-column-is-layout-flow\">\n<h2 class=\"has-text-align-center wp-block-heading\">Noticias relacionadas<\/h2>\n\n\n\n<div class=\"wp-block-query is-layout-flow wp-block-query-is-layout-flow\">\n\n<div class=\"wp-block-query-no-results\">\n\n<p><\/p>\n\n<\/div><\/div>\n<\/div>\n<\/div>\n","protected":false},"excerpt":{"rendered":"<p>Technology in the classrooms For a more effective and fun education Colegio Alem\u00e1n in Zaragoza has a wide variety of applications and devices that facilitate the implementation of technological tools within the educational methodologies. The use of technology in the classrooms makes educational tools more interactive, which keeps students&#8217; attention for longer and makes them [&hellip;]<\/p>\n","protected":false},"author":1,"featured_media":0,"parent":24641,"menu_order":0,"comment_status":"closed","ping_status":"closed","template":"","meta":{"_acf_changed":false,"inline_featured_image":false,"footnotes":""},"class_list":["post-24427","page","type-page","status-publish","hentry"],"acf":[],"_links":{"self":[{"href":"https:\/\/colegioaleman.com\/en\/wp-json\/wp\/v2\/pages\/24427","targetHints":{"allow":["GET"]}}],"collection":[{"href":"https:\/\/colegioaleman.com\/en\/wp-json\/wp\/v2\/pages"}],"about":[{"href":"https:\/\/colegioaleman.com\/en\/wp-json\/wp\/v2\/types\/page"}],"author":[{"embeddable":true,"href":"https:\/\/colegioaleman.com\/en\/wp-json\/wp\/v2\/users\/1"}],"replies":[{"embeddable":true,"href":"https:\/\/colegioaleman.com\/en\/wp-json\/wp\/v2\/comments?post=24427"}],"version-history":[{"count":8,"href":"https:\/\/colegioaleman.com\/en\/wp-json\/wp\/v2\/pages\/24427\/revisions"}],"predecessor-version":[{"id":25034,"href":"https:\/\/colegioaleman.com\/en\/wp-json\/wp\/v2\/pages\/24427\/revisions\/25034"}],"up":[{"embeddable":true,"href":"https:\/\/colegioaleman.com\/en\/wp-json\/wp\/v2\/pages\/24641"}],"wp:attachment":[{"href":"https:\/\/colegioaleman.com\/en\/wp-json\/wp\/v2\/media?parent=24427"}],"curies":[{"name":"wp","href":"https:\/\/api.w.org\/{rel}","templated":true}]}}