{"id":24512,"date":"2022-09-01T12:12:41","date_gmt":"2022-09-01T12:12:41","guid":{"rendered":"https:\/\/colegioaleman.com\/admissions\/"},"modified":"2024-02-27T23:24:05","modified_gmt":"2024-02-27T23:24:05","slug":"admissions","status":"publish","type":"page","link":"https:\/\/colegioaleman.com\/en\/admissions\/","title":{"rendered":"Admissions"},"content":{"rendered":"\n<div style=\"height:80px\" aria-hidden=\"true\" class=\"wp-block-spacer\"><\/div>\n\n<div class=\"wp-block-columns is-layout-flex wp-container-core-columns-is-layout-9d6595d7 wp-block-columns-is-layout-flex\">\n<div class=\"wp-block-column dnone-tablet is-layout-flow wp-block-column-is-layout-flow\" style=\"flex-basis:4.3%\"><\/div>\n\n\n\n<div class=\"wp-block-column is-layout-flow wp-block-column-is-layout-flow\">\n<h2 class=\"wp-block-heading\" style=\"font-size:16px\"><strong>Admissions at Colegio Alem\u00e1n<\/strong><\/h2>\n\n\n\n<h2 class=\"wp-block-heading has-body-main-color has-text-color\">Would you like to make an appointment to visit Colegio Alem\u00e1n?<\/h2>\n\n\n\n<p>Colegio Alem\u00e1n is the only private school in Zaragoza with German as a vehicular language and which covers all ages of education, from 2 years old to University.<\/p>\n\n\n\n<p>We offer an educational setting where students learn to function in Spanish and German simultaneously from the age of 2 through our own teaching methodology which has proven success.<\/p>\n\n\n\n<p>It has been proven that once the German language is mastered, English is learned more quickly.<\/p>\n<\/div>\n\n\n\n<div class=\"wp-block-column is-layout-flow wp-block-column-is-layout-flow\"><div class=\"wp-block-image hide-mobile\">\n<figure class=\"alignright size-full\"><img decoding=\"async\" width=\"89\" height=\"447\" src=\"https:\/\/colegioaleman.com\/wp-content\/uploads\/2022\/08\/etapas-simbolos-todos.png\" alt=\"\" class=\"wp-image-384\" srcset=\"https:\/\/colegioaleman.com\/wp-content\/uploads\/2022\/08\/etapas-simbolos-todos.png 89w, https:\/\/colegioaleman.com\/wp-content\/uploads\/2022\/08\/etapas-simbolos-todos-60x300.png 60w\" sizes=\"(max-width: 89px) 100vw, 89px\" \/><\/figure>\n<\/div><\/div>\n<\/div>\n\n<div style=\"height:80px\" aria-hidden=\"true\" class=\"wp-block-spacer\"><\/div>\n\n<div class=\"wp-block-group alignfull animate has-body-white-color has-primary-100-background-color has-text-color has-background\" id=\"cta-form\"><div class=\"wp-block-group__inner-container is-layout-flow wp-block-group-is-layout-flow\">\n<div class=\"wp-block-columns has-white-color has-text-color is-layout-flex wp-container-core-columns-is-layout-9d6595d7 wp-block-columns-is-layout-flex\">\n<div class=\"wp-block-column dnone-tablet is-layout-flow wp-block-column-is-layout-flow\" style=\"flex-basis:4.33%\"><\/div>\n\n\n\n<div class=\"wp-block-column is-layout-flow wp-block-column-is-layout-flow\">\n<p><strong>Admissions and new students<\/strong><\/p>\n\n\n\n<h2 class=\"wp-block-heading has-body-white-color has-text-color\">Do you want to be part of our big Family?<\/h2>\n\n\n\n<p>Request information for the next academic year and secure your place at our school. Arrange a guided tour and a meeting with our teaching staff.<\/p>\n<\/div>\n\n\n\n<div class=\"wp-block-column is-vertically-aligned-center is-layout-flow wp-block-column-is-layout-flow\" style=\"flex-basis:48.6%\"><div class=\"wp-block-image\">\n<figure class=\"aligncenter size-full\"><img decoding=\"async\" width=\"108\" height=\"78\" src=\"https:\/\/colegioaleman.com\/wp-content\/uploads\/2022\/07\/Isotipo.png\" alt=\"Colegio Alem\u00e1n\" class=\"wp-image-19\"\/><\/figure>\n<\/div>\n\n\n<div class=\"wp-block-buttons is-content-justification-center is-layout-flex wp-container-core-buttons-is-layout-16018d1d wp-block-buttons-is-layout-flex\">\n<div class=\"wp-block-button is-style-outline is-style-outline--1\"><a class=\"wp-block-button__link wp-element-button\" href=\"https:\/\/colegioaleman.com\/en\/admissions\/enquiry-form\/\" style=\"border-radius:100px\" target=\"_blank\" rel=\"noreferrer noopener\">Go to the application form<\/a><\/div>\n<\/div>\n<\/div>\n<\/div>\n<\/div><\/div>\n\n<div style=\"height:80px\" aria-hidden=\"true\" class=\"wp-block-spacer\"><\/div>\n\n<div style=\"height:40px\" aria-hidden=\"true\" class=\"wp-block-spacer\"><\/div>\n\n<div class=\"wp-block-columns is-layout-flex wp-container-core-columns-is-layout-9d6595d7 wp-block-columns-is-layout-flex\">\n<div class=\"wp-block-column dnone-tablet is-layout-flow wp-block-column-is-layout-flow\" style=\"flex-basis:4.3%\"><\/div>\n\n\n\n<div class=\"wp-block-column is-layout-flow wp-block-column-is-layout-flow\">\n<ul class=\"wp-block-list\">\n<li><a href=\"https:\/\/colegioaleman.com\/en\/school-life\/school-guidance\/\" data-type=\"page\" data-id=\"602\">School guidance<\/a><\/li>\n\n\n\n<li><a href=\"https:\/\/colegioaleman.com\/en\/school-life\/school-calendar\/\" data-type=\"page\" data-id=\"609\">School calendar<\/a><\/li>\n\n\n\n<li><a href=\"https:\/\/colegioaleman.com\/en\/school-life\/parenting-school\/\" data-type=\"page\" data-id=\"604\">Parenting school<\/a><\/li>\n<\/ul>\n<\/div>\n\n\n\n<div class=\"wp-block-column is-layout-flow wp-block-column-is-layout-flow\">\n<ul class=\"wp-block-list\">\n<li><a href=\"https:\/\/colegioaleman.com\/en\/colegio-aleman-2\/management-team\/\" data-type=\"page\" data-id=\"625\">Management team<\/a><\/li>\n\n\n\n<li><a href=\"https:\/\/colegioaleman.com\/en\/school-life\/alumni\/\" data-type=\"page\" data-id=\"619\">Alumni<\/a><\/li>\n\n\n\n<li><a href=\"https:\/\/colegioaleman.com\/en\/admissions\/\" data-type=\"page\" data-id=\"21530\">Admissions<\/a><\/li>\n<\/ul>\n<\/div>\n\n\n\n<div class=\"wp-block-column is-layout-flow wp-block-column-is-layout-flow\">\n<ul class=\"wp-block-list\">\n<li><a href=\"https:\/\/colegioaleman.com\/en\/stages\/\" data-type=\"page\" data-id=\"46\">Stages<\/a><\/li>\n\n\n\n<li><a href=\"https:\/\/colegioaleman.com\/en\/educational-project\/\" data-type=\"page\" data-id=\"44\">Educational project<\/a><\/li>\n\n\n\n<li><a href=\"https:\/\/colegioaleman.com\/en\/erasmus-2\/\" data-type=\"page\" data-id=\"83\">Erasmus<\/a><\/li>\n<\/ul>\n<\/div>\n<\/div>\n\n<div style=\"height:80px\" aria-hidden=\"true\" class=\"wp-block-spacer\"><\/div>\n\n<div class=\"wp-block-columns is-layout-flex wp-container-core-columns-is-layout-9d6595d7 wp-block-columns-is-layout-flex\">\n<div class=\"wp-block-column is-vertically-aligned-top dnone-tablet is-layout-flow wp-block-column-is-layout-flow\" style=\"flex-basis:4.3%\"><\/div>\n\n\n\n<div class=\"wp-block-column is-layout-flow wp-block-column-is-layout-flow\">\n<h2 class=\"has-text-align-center wp-block-heading\">Noticias relacionadas<\/h2>\n\n\n\n<div class=\"wp-block-query is-layout-flow wp-block-query-is-layout-flow\">\n\n<div class=\"wp-block-query-no-results\">\n\n<p><\/p>\n\n<\/div><\/div>\n<\/div>\n<\/div>\n\n<div style=\"height:80px\" aria-hidden=\"true\" class=\"wp-block-spacer\"><\/div>\n\n<div style=\"height:80px\" aria-hidden=\"true\" class=\"wp-block-spacer\"><\/div>\n","protected":false},"excerpt":{"rendered":"<p>Admissions at Colegio Alem\u00e1n Would you like to make an appointment to visit Colegio Alem\u00e1n? Colegio Alem\u00e1n is the only private school in Zaragoza with German as a vehicular language and which covers all ages of education, from 2 years old to University. We offer an educational setting where students learn to function in Spanish [&hellip;]<\/p>\n","protected":false},"author":1,"featured_media":0,"parent":0,"menu_order":0,"comment_status":"closed","ping_status":"closed","template":"","meta":{"_acf_changed":false,"inline_featured_image":false,"footnotes":""},"class_list":["post-24512","page","type-page","status-publish","hentry"],"acf":[],"_links":{"self":[{"href":"https:\/\/colegioaleman.com\/en\/wp-json\/wp\/v2\/pages\/24512","targetHints":{"allow":["GET"]}}],"collection":[{"href":"https:\/\/colegioaleman.com\/en\/wp-json\/wp\/v2\/pages"}],"about":[{"href":"https:\/\/colegioaleman.com\/en\/wp-json\/wp\/v2\/types\/page"}],"author":[{"embeddable":true,"href":"https:\/\/colegioaleman.com\/en\/wp-json\/wp\/v2\/users\/1"}],"replies":[{"embeddable":true,"href":"https:\/\/colegioaleman.com\/en\/wp-json\/wp\/v2\/comments?post=24512"}],"version-history":[{"count":12,"href":"https:\/\/colegioaleman.com\/en\/wp-json\/wp\/v2\/pages\/24512\/revisions"}],"predecessor-version":[{"id":31087,"href":"https:\/\/colegioaleman.com\/en\/wp-json\/wp\/v2\/pages\/24512\/revisions\/31087"}],"wp:attachment":[{"href":"https:\/\/colegioaleman.com\/en\/wp-json\/wp\/v2\/media?parent=24512"}],"curies":[{"name":"wp","href":"https:\/\/api.w.org\/{rel}","templated":true}]}}