{"id":24645,"date":"2022-09-06T16:09:46","date_gmt":"2022-09-06T16:09:46","guid":{"rendered":"https:\/\/colegioaleman.com\/colegio-aleman-2\/sustainable-development-goals\/"},"modified":"2022-11-22T16:08:28","modified_gmt":"2022-11-22T16:08:28","slug":"sustainable-development-goals","status":"publish","type":"page","link":"https:\/\/colegioaleman.com\/en\/colegio-aleman-2\/sustainable-development-goals\/","title":{"rendered":"Sustainable Development Goals"},"content":{"rendered":"\n<div style=\"height:80px\" aria-hidden=\"true\" class=\"wp-block-spacer\"><\/div>\n\n<div class=\"wp-block-columns alignfull is-layout-flex wp-container-core-columns-is-layout-9d6595d7 wp-block-columns-is-layout-flex\">\n<div class=\"wp-block-column dnone-tablet is-layout-flow wp-block-column-is-layout-flow\" style=\"flex-basis:8.33%\"><\/div>\n\n\n\n<div class=\"wp-block-column pr-3 pl-3 is-layout-flow wp-block-column-is-layout-flow\">\n<p><strong>ODS<\/strong><\/p>\n\n\n\n<h2 class=\"wp-block-heading\">Colegio Alem\u00e1n in Zaragoza is a responsible entity with an RSA (Aragon\u2019s Social Responsibility) seal of approval<\/h2>\n\n\n\n<p>In 2018, the German School Cultural Association had long had the desire and latent need for Social Responsibility to have an increasing weight in its organisation and management.<\/p>\n\n\n\n<p>This concern led to working on the School&#8217;s strategy from the field of Social Responsibility so that, in the same year, the school decided to opt for membership in the Plan of Social Responsibility in Aragon of the Government of Aragon, obtaining the RSA Seal as a Responsible Entity.<\/p>\n\n\n\n<div class=\"wp-block-columns are-vertically-aligned-center is-layout-flex wp-container-core-columns-is-layout-9d6595d7 wp-block-columns-is-layout-flex\">\n<div class=\"wp-block-column is-vertically-aligned-center is-layout-flow wp-block-column-is-layout-flow\">\n<figure class=\"wp-block-image size-full is-resized\"><img decoding=\"async\" src=\"https:\/\/colegioaleman.com\/wp-content\/uploads\/2022\/09\/S_SDG_logo_UN_emblem_square_trans_WEB-400x318-1.png\" alt=\"\" class=\"wp-image-23159\" width=\"200\" srcset=\"https:\/\/colegioaleman.com\/wp-content\/uploads\/2022\/09\/S_SDG_logo_UN_emblem_square_trans_WEB-400x318-1.png 400w, https:\/\/colegioaleman.com\/wp-content\/uploads\/2022\/09\/S_SDG_logo_UN_emblem_square_trans_WEB-400x318-1-300x239.png 300w\" sizes=\"(max-width: 400px) 100vw, 400px\" \/><\/figure>\n<\/div>\n\n\n\n<div class=\"wp-block-column is-vertically-aligned-center is-layout-flow wp-block-column-is-layout-flow\"><div class=\"wp-block-image\">\n<figure class=\"alignleft size-large is-resized\"><img decoding=\"async\" src=\"https:\/\/colegioaleman.com\/wp-content\/uploads\/2022\/09\/logo-agenda-2030.jpg\" alt=\"\" class=\"wp-image-23484\" width=\"260\" srcset=\"https:\/\/colegioaleman.com\/wp-content\/uploads\/2022\/09\/logo-agenda-2030.jpg 530w, https:\/\/colegioaleman.com\/wp-content\/uploads\/2022\/09\/logo-agenda-2030-300x217.jpg 300w\" sizes=\"(max-width: 530px) 100vw, 530px\" \/><\/figure>\n<\/div><\/div>\n<\/div>\n\n\n\n<div style=\"height:24px\" aria-hidden=\"true\" class=\"wp-block-spacer\"><\/div>\n\n\n\n<div class=\"wp-block-buttons is-layout-flex wp-block-buttons-is-layout-flex\">\n<div class=\"wp-block-button is-style-theme-link\"><a class=\"wp-block-button__link wp-element-button\" href=\"#lorem\">FIND OUT MORE<\/a><\/div>\n<\/div>\n<\/div>\n\n\n\n<div class=\"wp-block-column is-layout-flow wp-block-column-is-layout-flow\" style=\"flex-basis:44.6%\"><div class=\"wp-block-image\">\n<figure class=\"alignright size-full\"><img decoding=\"async\" src=\"https:\/\/colegioaleman.com\/wp-content\/uploads\/2022\/09\/ODS-hero-siblings.jpg\" alt=\"Children in the organic vegetable patch at Colegio Alem&#xE1;n\" class=\"wp-image-22651\"\/><\/figure>\n<\/div><\/div>\n<\/div>\n\n<div style=\"height:80px\" aria-hidden=\"true\" class=\"wp-block-spacer\"><\/div>\n\n<div class=\"wp-block-columns are-vertically-aligned-top is-layout-flex wp-container-core-columns-is-layout-9d6595d7 wp-block-columns-is-layout-flex\">\n<div class=\"wp-block-column is-vertically-aligned-top dnone-tablet is-layout-flow wp-block-column-is-layout-flow\" style=\"flex-basis:4.33%\"><\/div>\n\n\n\n<div class=\"wp-block-column is-vertically-aligned-top is-layout-flow wp-block-column-is-layout-flow\" style=\"flex-basis:41.66%\">\n<h2 class=\"wp-block-heading\" id=\"lorem\">We joined the master plan to achieve a sustainable future for everyone<\/h2>\n\n\n\n<p class=\"has-medium-font-size\">Since then, the Association has decided to draw up its first Responsibility Report, which it has not failed to do in any given year (last Responsibility Report)<\/p>\n<\/div>\n\n\n\n<div class=\"wp-block-column is-vertically-aligned-top is-layout-flow wp-block-column-is-layout-flow\">\n<p>Given the importance of Social Responsibility in the Association&#8217;s Strategic Plan, it was a logical step for the Association to be concerned about the inclusion of the Sustainable Development Goals (SDGs) in its day-to-day activities. As stated by the United Nations, promoter of the SDGs: &#8220;<em>The<\/em> <a href=\"https:\/\/www.un.org\/sustainabledevelopment\/es\/sustainable-development-goals\/\" target=\"_blank\" rel=\"noopener\"><em>Sustainable Development Goals (SDGs)<\/em><\/a> a<em>re a universal call to end poverty, protect the planet and improve the lives and prospects of people all around the world.&#8221;<\/em><\/p>\n\n\n\n<p>Therefore, the Association advocated linking the activities carried out with the SDGs, thus collaborating to promote communication, training and the impact of companies on the SDGs, as proposed by the Spanish Global Compact Network. The relationship between the SDGs and the activities carried out by the Association during the last academic year is shown below.<\/p>\n<\/div>\n<\/div>\n\n<div style=\"height:80px\" aria-hidden=\"true\" class=\"wp-block-spacer\"><\/div>\n\n<div class=\"wp-block-columns is-style-default is-layout-flex wp-container-core-columns-is-layout-9d6595d7 wp-block-columns-is-layout-flex\">\n<div class=\"wp-block-column dnone-tablet is-layout-flow wp-block-column-is-layout-flow\" style=\"flex-basis:4.33%\"><\/div>\n\n\n\n<div class=\"wp-block-column is-layout-flow wp-block-column-is-layout-flow\">\n<h2 class=\"has-text-align-center wp-block-heading\">Colegio Alem\u00e1n\u2019s initiatives on the sustainable development goals<\/h2>\n<\/div>\n<\/div>\n\n<div class=\"wp-block-columns is-style-default is-layout-flex wp-container-core-columns-is-layout-9d6595d7 wp-block-columns-is-layout-flex\">\n<div class=\"wp-block-column dnone-mobile is-layout-flow wp-block-column-is-layout-flow\" style=\"flex-basis:4.33%\"><\/div>\n\n\n\n<div class=\"wp-block-column is-layout-flow wp-block-column-is-layout-flow\" style=\"flex-basis:200px\">\n<figure class=\"wp-block-image size-full\"><img fetchpriority=\"high\" decoding=\"async\" width=\"300\" height=\"300\" src=\"https:\/\/colegioaleman.com\/wp-content\/uploads\/2022\/09\/ODS-01.jpg\" alt=\"\" class=\"wp-image-22577\" srcset=\"https:\/\/colegioaleman.com\/wp-content\/uploads\/2022\/09\/ODS-01.jpg 300w, https:\/\/colegioaleman.com\/wp-content\/uploads\/2022\/09\/ODS-01-150x150.jpg 150w, https:\/\/colegioaleman.com\/wp-content\/uploads\/2022\/09\/ODS-01-80x80.jpg 80w\" sizes=\"(max-width: 300px) 100vw, 300px\" \/><\/figure>\n<\/div>\n\n\n\n<div class=\"wp-block-column is-layout-flow wp-block-column-is-layout-flow\">\n<p><strong>Objective 1 Ending poverty in all its forms around the world<\/strong><\/p>\n\n\n\n<p>School initiatives:<\/p>\n\n\n\n<ul class=\"wp-block-list\">\n<li>Christmas Collection<\/li>\n\n\n\n<li>Weihnachtsmarkt Christmas jumble sale<\/li>\n<\/ul>\n<\/div>\n<\/div>\n\n<div class=\"wp-block-columns is-style-default is-layout-flex wp-container-core-columns-is-layout-9d6595d7 wp-block-columns-is-layout-flex\">\n<div class=\"wp-block-column dnone-mobile is-layout-flow wp-block-column-is-layout-flow\" style=\"flex-basis:4.33%\"><\/div>\n\n\n\n<div class=\"wp-block-column is-layout-flow wp-block-column-is-layout-flow\" style=\"flex-basis:200px\">\n<figure class=\"wp-block-image size-full\"><img decoding=\"async\" width=\"300\" height=\"300\" src=\"https:\/\/colegioaleman.com\/wp-content\/uploads\/2022\/09\/ODS-02.jpg\" alt=\"Zero hunger\" class=\"wp-image-22595\" srcset=\"https:\/\/colegioaleman.com\/wp-content\/uploads\/2022\/09\/ODS-02.jpg 300w, https:\/\/colegioaleman.com\/wp-content\/uploads\/2022\/09\/ODS-02-150x150.jpg 150w, https:\/\/colegioaleman.com\/wp-content\/uploads\/2022\/09\/ODS-02-80x80.jpg 80w\" sizes=\"(max-width: 300px) 100vw, 300px\" \/><\/figure>\n<\/div>\n\n\n\n<div class=\"wp-block-column is-layout-flow wp-block-column-is-layout-flow\">\n<p><strong>Objective 2: To end hunger, achieve food security and improved nutrition, and promote sustainable agriculture<\/strong><\/p>\n\n\n\n<p>School initiatives:<\/p>\n\n\n\n<ul class=\"wp-block-list\">\n<li>Food collection for the Fundaci\u00f3n Banco de Alimentos de Arag\u00f3n (Food Bank Foundation of Arag\u00f3n)<\/li>\n<\/ul>\n<\/div>\n<\/div>\n\n<div class=\"wp-block-columns is-style-default is-layout-flex wp-container-core-columns-is-layout-9d6595d7 wp-block-columns-is-layout-flex\">\n<div class=\"wp-block-column dnone-mobile is-layout-flow wp-block-column-is-layout-flow\" style=\"flex-basis:4.33%\"><\/div>\n\n\n\n<div class=\"wp-block-column is-layout-flow wp-block-column-is-layout-flow\" style=\"flex-basis:200px\">\n<figure class=\"wp-block-image size-full\"><img decoding=\"async\" width=\"300\" height=\"300\" src=\"https:\/\/colegioaleman.com\/wp-content\/uploads\/2022\/09\/ODS-03.jpg\" alt=\"Health and wellbeing\" class=\"wp-image-22596\" srcset=\"https:\/\/colegioaleman.com\/wp-content\/uploads\/2022\/09\/ODS-03.jpg 300w, https:\/\/colegioaleman.com\/wp-content\/uploads\/2022\/09\/ODS-03-150x150.jpg 150w, https:\/\/colegioaleman.com\/wp-content\/uploads\/2022\/09\/ODS-03-80x80.jpg 80w\" sizes=\"(max-width: 300px) 100vw, 300px\" \/><\/figure>\n<\/div>\n\n\n\n<div class=\"wp-block-column is-layout-flow wp-block-column-is-layout-flow\">\n<p><strong>Objective 3: Ensure healthy living and promote well-being for all ages<\/strong><\/p>\n\n\n\n<p>School initiatives:<\/p>\n\n\n\n<ul class=\"wp-block-list\">\n<li>Affective-Sexual Education Programme<\/li>\n\n\n\n<li>Childhood Cancer Day<\/li>\n\n\n\n<li>We fight back against cancer<\/li>\n\n\n\n<li>National Police Citizen Protection Talks<\/li>\n\n\n\n<li>National Police Citizen Protection Talks<\/li>\n\n\n\n<li>Programmes from the Addiction Prevention Centre of the Zaragoza City Council<\/li>\n\n\n\n<li>Talk on Prevention of Behavioural Eating Disorders<\/li>\n\n\n\n<li>Positive Thinking Programme<\/li>\n\n\n\n<li>Stress and Anxiety Management Workshop<\/li>\n\n\n\n<li>Emotional Education Programme<\/li>\n\n\n\n<li>Parent School talks on eating disorders and the risks of the Internet and social networks.<\/li>\n<\/ul>\n<\/div>\n<\/div>\n\n<div class=\"wp-block-columns is-style-default is-layout-flex wp-container-core-columns-is-layout-9d6595d7 wp-block-columns-is-layout-flex\">\n<div class=\"wp-block-column dnone-mobile is-layout-flow wp-block-column-is-layout-flow\" style=\"flex-basis:4.33%\"><\/div>\n\n\n\n<div class=\"wp-block-column is-layout-flow wp-block-column-is-layout-flow\" style=\"flex-basis:200px\">\n<figure class=\"wp-block-image size-full\"><img loading=\"lazy\" decoding=\"async\" width=\"300\" height=\"300\" src=\"https:\/\/colegioaleman.com\/wp-content\/uploads\/2022\/09\/ODS-04.jpg\" alt=\"Quality education\" class=\"wp-image-22597\" srcset=\"https:\/\/colegioaleman.com\/wp-content\/uploads\/2022\/09\/ODS-04.jpg 300w, https:\/\/colegioaleman.com\/wp-content\/uploads\/2022\/09\/ODS-04-150x150.jpg 150w, https:\/\/colegioaleman.com\/wp-content\/uploads\/2022\/09\/ODS-04-80x80.jpg 80w\" sizes=\"(max-width: 300px) 100vw, 300px\" \/><\/figure>\n<\/div>\n\n\n\n<div class=\"wp-block-column is-layout-flow wp-block-column-is-layout-flow\">\n<p><strong>Objective 4: Ensure inclusive and fair quality education and promote lifelong learning opportunities for everyone<\/strong><\/p>\n\n\n\n<p>School initiatives:<\/p>\n\n\n\n<ul class=\"wp-block-list\">\n<li>&#8220;Study Techniques and Emotional Aptitudes towards Study\u201d Programme<\/li>\n\n\n\n<li>Addiction prevention programme in the educational environment<\/li>\n\n\n\n<li>Vocational Orientation Talks<\/li>\n\n\n\n<li>Sponsorship of a school in India through Friends of Odisha NGO<\/li>\n\n\n\n<li>Pre-School Volunteering<\/li>\n\n\n\n<li>&#8220;Digital Bildung\u201d Erasmus + programme<\/li>\n\n\n\n<li>University Orientation Site with all the information about the university choices in Spain<\/li>\n\n\n\n<li>4th University Conference on Vocational Guidance<\/li>\n\n\n\n<li>Visit to UNITOUR University Orientation Event<\/li>\n<\/ul>\n<\/div>\n<\/div>\n\n<div class=\"wp-block-columns is-style-default is-layout-flex wp-container-core-columns-is-layout-9d6595d7 wp-block-columns-is-layout-flex\">\n<div class=\"wp-block-column dnone-mobile is-layout-flow wp-block-column-is-layout-flow\" style=\"flex-basis:4.33%\"><\/div>\n\n\n\n<div class=\"wp-block-column is-layout-flow wp-block-column-is-layout-flow\" style=\"flex-basis:200px\">\n<figure class=\"wp-block-image size-full\"><img loading=\"lazy\" decoding=\"async\" width=\"300\" height=\"300\" src=\"https:\/\/colegioaleman.com\/wp-content\/uploads\/2022\/09\/ODS-12.jpg\" alt=\"\" class=\"wp-image-22599\" srcset=\"https:\/\/colegioaleman.com\/wp-content\/uploads\/2022\/09\/ODS-12.jpg 300w, https:\/\/colegioaleman.com\/wp-content\/uploads\/2022\/09\/ODS-12-150x150.jpg 150w, https:\/\/colegioaleman.com\/wp-content\/uploads\/2022\/09\/ODS-12-80x80.jpg 80w\" sizes=\"(max-width: 300px) 100vw, 300px\" \/><\/figure>\n<\/div>\n\n\n\n<div class=\"wp-block-column is-layout-flow wp-block-column-is-layout-flow\">\n<p><strong>Objective 12: Ensuring sustainable consumption and production patterns<\/strong><\/p>\n\n\n\n<p>School initiatives:<\/p>\n\n\n\n<ul class=\"wp-block-list\">\n<li>Combi Catering. School lunch service using local, organic and seasonal food products<\/li>\n\n\n\n<li>Zero Waste Recreation Project. Use of bottles and flasks reducing the use of single-use plastic bottles<\/li>\n<\/ul>\n<\/div>\n<\/div>\n\n<div class=\"wp-block-columns is-style-default is-layout-flex wp-container-core-columns-is-layout-9d6595d7 wp-block-columns-is-layout-flex\">\n<div class=\"wp-block-column dnone-mobile is-layout-flow wp-block-column-is-layout-flow\" style=\"flex-basis:4.33%\"><\/div>\n\n\n\n<div class=\"wp-block-column is-layout-flow wp-block-column-is-layout-flow\" style=\"flex-basis:200px\">\n<figure class=\"wp-block-image size-full\"><img loading=\"lazy\" decoding=\"async\" width=\"300\" height=\"300\" src=\"https:\/\/colegioaleman.com\/wp-content\/uploads\/2022\/09\/ODS-13.jpg\" alt=\"Climate action\" class=\"wp-image-22600\" srcset=\"https:\/\/colegioaleman.com\/wp-content\/uploads\/2022\/09\/ODS-13.jpg 300w, https:\/\/colegioaleman.com\/wp-content\/uploads\/2022\/09\/ODS-13-150x150.jpg 150w, https:\/\/colegioaleman.com\/wp-content\/uploads\/2022\/09\/ODS-13-80x80.jpg 80w\" sizes=\"(max-width: 300px) 100vw, 300px\" \/><\/figure>\n<\/div>\n\n\n\n<div class=\"wp-block-column is-layout-flow wp-block-column-is-layout-flow\">\n<p><strong>Objective 13: Taking urgent action to combat climate change and its effects<\/strong><\/p>\n\n\n\n<p>School initiatives:<\/p>\n\n\n\n<ul class=\"wp-block-list\">\n<li>EducaenEco<\/li>\n\n\n\n<li>Recycling Patrol<\/li>\n\n\n\n<li>Environmental project &#8211; \u201cEl Bosque de los Zaragozanos\u201d<\/li>\n<\/ul>\n<\/div>\n<\/div>\n\n<div class=\"wp-block-columns is-style-default is-layout-flex wp-container-core-columns-is-layout-9d6595d7 wp-block-columns-is-layout-flex\">\n<div class=\"wp-block-column dnone-mobile is-layout-flow wp-block-column-is-layout-flow\" style=\"flex-basis:4.33%\"><\/div>\n\n\n\n<div class=\"wp-block-column is-layout-flow wp-block-column-is-layout-flow\" style=\"flex-basis:200px\">\n<figure class=\"wp-block-image size-full\"><img loading=\"lazy\" decoding=\"async\" width=\"300\" height=\"300\" src=\"https:\/\/colegioaleman.com\/wp-content\/uploads\/2022\/09\/ODS-16.jpg\" alt=\"Peace, justice\" class=\"wp-image-22602\" srcset=\"https:\/\/colegioaleman.com\/wp-content\/uploads\/2022\/09\/ODS-16.jpg 300w, https:\/\/colegioaleman.com\/wp-content\/uploads\/2022\/09\/ODS-16-150x150.jpg 150w, https:\/\/colegioaleman.com\/wp-content\/uploads\/2022\/09\/ODS-16-80x80.jpg 80w\" sizes=\"(max-width: 300px) 100vw, 300px\" \/><\/figure>\n<\/div>\n\n\n\n<div class=\"wp-block-column is-layout-flow wp-block-column-is-layout-flow\">\n<p><strong>Objective 16. Promote peaceful and inclusive societies for sustainable development, provide access to justice for everyone and build effective, accountable and inclusive institutions at all levels<\/strong><\/p>\n\n\n\n<p>School initiatives:<\/p>\n\n\n\n<ul class=\"wp-block-list\">\n<li>Parenting School promoting emotional education<\/li>\n\n\n\n<li>Gender Sensitivity Workshop<\/li>\n\n\n\n<li>Presentation: Women in science &#8211; young and old<\/li>\n\n\n\n<li>Positive Thinking Programme<\/li>\n\n\n\n<li>Stress and Anxiety Management Workshop<\/li>\n\n\n\n<li>Gender Sensitivity Workshop<\/li>\n\n\n\n<li>National Police Citizen Protection Talks<\/li>\n\n\n\n<li>DIGITALE BILDUNG Erasmus + Programme<\/li>\n<\/ul>\n<\/div>\n<\/div>\n\n<div style=\"height:80px\" aria-hidden=\"true\" class=\"wp-block-spacer dnone-mobile\"><\/div>\n\n<div class=\"wp-block-group alignfull animate has-body-white-color has-primary-100-background-color has-text-color has-background\" id=\"cta-form\"><div class=\"wp-block-group__inner-container is-layout-flow wp-block-group-is-layout-flow\">\n<div class=\"wp-block-columns has-white-color has-text-color is-layout-flex wp-container-core-columns-is-layout-9d6595d7 wp-block-columns-is-layout-flex\">\n<div class=\"wp-block-column dnone-tablet is-layout-flow wp-block-column-is-layout-flow\" style=\"flex-basis:4.33%\"><\/div>\n\n\n\n<div class=\"wp-block-column is-layout-flow wp-block-column-is-layout-flow\">\n<p><strong>Admissions and new students<\/strong><\/p>\n\n\n\n<h2 class=\"wp-block-heading has-body-white-color has-text-color\">Do you want to be part of our big Family?<\/h2>\n\n\n\n<p>Request information for the next academic year and secure your place at our school. Arrange a guided tour and a meeting with our teaching staff.<\/p>\n<\/div>\n\n\n\n<div class=\"wp-block-column is-vertically-aligned-center is-layout-flow wp-block-column-is-layout-flow\" style=\"flex-basis:48.6%\"><div class=\"wp-block-image\">\n<figure class=\"aligncenter size-full\"><img loading=\"lazy\" decoding=\"async\" width=\"108\" height=\"78\" src=\"https:\/\/colegioaleman.com\/wp-content\/uploads\/2022\/07\/Isotipo.png\" alt=\"Colegio Alem\u00e1n\" class=\"wp-image-19\"\/><\/figure>\n<\/div>\n\n\n<div class=\"wp-block-buttons is-content-justification-center is-layout-flex wp-container-core-buttons-is-layout-16018d1d wp-block-buttons-is-layout-flex\">\n<div class=\"wp-block-button is-style-outline is-style-outline--1\"><a class=\"wp-block-button__link wp-element-button\" href=\"https:\/\/colegioaleman.com\/en\/admissions\/enquiry-form\/\" style=\"border-radius:100px\" target=\"_blank\" rel=\"noreferrer noopener\">Go to the application form<\/a><\/div>\n<\/div>\n<\/div>\n<\/div>\n<\/div><\/div>\n\n<div style=\"height:80px\" aria-hidden=\"true\" class=\"wp-block-spacer\"><\/div>\n\n<div class=\"wp-block-columns is-layout-flex wp-container-core-columns-is-layout-9d6595d7 wp-block-columns-is-layout-flex\">\n<div class=\"wp-block-column is-vertically-aligned-top dnone-tablet is-layout-flow wp-block-column-is-layout-flow\" style=\"flex-basis:4.3%\"><\/div>\n\n\n\n<div class=\"wp-block-column is-layout-flow wp-block-column-is-layout-flow\">\n<h2 class=\"has-text-align-center wp-block-heading\">Noticias relacionadas<\/h2>\n\n\n\n<div class=\"wp-block-query is-layout-flow wp-block-query-is-layout-flow\">\n\n<div class=\"wp-block-query-no-results\">\n\n<p><\/p>\n\n<\/div><\/div>\n<\/div>\n<\/div>\n","protected":false},"excerpt":{"rendered":"<p>ODS Colegio Alem\u00e1n in Zaragoza is a responsible entity with an RSA (Aragon\u2019s Social Responsibility) seal of approval In 2018, the German School Cultural Association had long had the desire and latent need for Social Responsibility to have an increasing weight in its organisation and management. This concern led to working on the School&#8217;s strategy [&hellip;]<\/p>\n","protected":false},"author":1,"featured_media":0,"parent":24485,"menu_order":0,"comment_status":"closed","ping_status":"closed","template":"","meta":{"_acf_changed":false,"inline_featured_image":false,"footnotes":""},"class_list":["post-24645","page","type-page","status-publish","hentry"],"acf":[],"_links":{"self":[{"href":"https:\/\/colegioaleman.com\/en\/wp-json\/wp\/v2\/pages\/24645","targetHints":{"allow":["GET"]}}],"collection":[{"href":"https:\/\/colegioaleman.com\/en\/wp-json\/wp\/v2\/pages"}],"about":[{"href":"https:\/\/colegioaleman.com\/en\/wp-json\/wp\/v2\/types\/page"}],"author":[{"embeddable":true,"href":"https:\/\/colegioaleman.com\/en\/wp-json\/wp\/v2\/users\/1"}],"replies":[{"embeddable":true,"href":"https:\/\/colegioaleman.com\/en\/wp-json\/wp\/v2\/comments?post=24645"}],"version-history":[{"count":4,"href":"https:\/\/colegioaleman.com\/en\/wp-json\/wp\/v2\/pages\/24645\/revisions"}],"predecessor-version":[{"id":24758,"href":"https:\/\/colegioaleman.com\/en\/wp-json\/wp\/v2\/pages\/24645\/revisions\/24758"}],"up":[{"embeddable":true,"href":"https:\/\/colegioaleman.com\/en\/wp-json\/wp\/v2\/pages\/24485"}],"wp:attachment":[{"href":"https:\/\/colegioaleman.com\/en\/wp-json\/wp\/v2\/media?parent=24645"}],"curies":[{"name":"wp","href":"https:\/\/api.w.org\/{rel}","templated":true}]}}